{"id":68779,"date":"2024-05-22T13:37:13","date_gmt":"2024-05-22T11:37:13","guid":{"rendered":"https:\/\/brioultrasonics.com\/producto\/br-10-wt\/"},"modified":"2024-05-22T13:37:13","modified_gmt":"2024-05-22T11:37:13","slug":"br-10-wt","status":"publish","type":"product","link":"https:\/\/brioultrasonics.com\/pt-pt\/produto\/br-10-wt\/","title":{"rendered":"BR-10 WT"},"content":{"rendered":"<p>BR-10 WT &#8211; MAQUINA DE LIMPIEZA POR ULTRASONIDOS.<\/p>\n<table>\n<tbody>\n<tr>\n<strong><\/p>\n<td>Medi\u00e7\u00f5es externas da m\u00e1quina<\/td>\n<p><\/strong><\/p>\n<td> 490 x 405 x 445 mm<\/td>\n<\/tr>\n<tr>\n<strong><\/p>\n<td>Medidas internas do dep\u00f3sito<\/td>\n<p><\/strong><\/p>\n<td> 300 x 230 x 150 mm<\/td>\n<\/tr>\n<tr>\n<strong><\/p>\n<td>Medidas \u00fateis do cesto de trabalho<\/td>\n<p><\/strong><\/p>\n<td> 270 x 180 x 120 mm<\/td>\n<\/tr>\n<tr>\n<strong><\/p>\n<td>Altura do banco<\/td>\n<p><\/strong><\/p>\n<td> 360 mm<\/td>\n<\/tr>\n<tr>\n<strong><\/p>\n<td>Capacidade do dep\u00f3sito<\/td>\n<p><\/strong><\/p>\n<td> 10 L<\/td>\n<\/tr>\n<tr>\n<strong><\/p>\n<td>Pot\u00eancia do gerador ultrass\u00f3nico<\/td>\n<p><\/strong><\/p>\n<td> 300 W (600 W p-p)<\/td>\n<\/tr>\n<tr>\n<strong><\/p>\n<td>Frequ\u00eancia de trabalho ultrass\u00f3nica<\/td>\n<p><\/strong><\/p>\n<td> 28\/40 kHz<\/td>\n<\/tr>\n<tr>\n<strong><\/p>\n<td>Resist\u00eancia ao calor<\/td>\n<p><\/strong><\/p>\n<td> 0,5 kW<\/td>\n<\/tr>\n<tr>\n<td colspan=\"2\"><strong>Painel de controlo anal\u00f3gico com term\u00f3stato digital para controlo de temperatura<\/strong><\/td>\n<\/tr>\n<tr>\n<td colspan=\"2\"><strong>Tampa manual com isolamento t\u00e9rmico opcional<\/strong><\/td>\n<\/tr>\n<tr>\n<td colspan=\"2\"><strong>Constru\u00e7\u00e3o em a\u00e7o INOX AISI 304\/316<\/strong><\/td>\n<\/tr>\n<\/tbody>\n<\/table>\n<p>&nbsp;<\/p>\n<p><strong>Descarregue a ficha t\u00e9cnica completa:<\/strong><\/p>\n<p><a href=\"https:\/\/brioultrasonics.com\/\/wp-content\/uploads\/2024\/06\/FICHA-TECNICA-BR-10-WT.pdf\" target=\"_blank\" rel=\"noopener\"><img decoding=\"async\" class=\"alignnone wp-image-1322 size-full\" src=\"https:\/\/brioultrasonics.com\/\/wp-content\/uploads\/2024\/05\/imagen-de-descarga.png\" alt=\"\" width=\"115\" height=\"150\" title=\"\"><\/a><\/p>\n","protected":false},"excerpt":{"rendered":"<p>Equipamento manual de limpeza ultrass\u00f3nica de secret\u00e1ria. Capacidade de 10L. Tecnologia exclusiva BRIO tr\u00eas vezes mais eficiente que os sistemas convencionais.  <\/p>\n<p>&nbsp;<\/p>\n<h3>EQUIPAMENTO OPCIONAL BR-10 WT<\/h3>\n<ul>\n<li>Elevador com cremalheira de carga.<\/li>\n<li>Quedas de elevador. Movimento para cima e para baixo que ajuda na limpeza.<\/li>\n<li>Sistema <a href=\"https:\/\/es.wikipedia.org\/wiki\/Operations_Support_Systems\">OPS<\/a> para elimina\u00e7\u00e3o de decanta\u00e7\u00e3o de \u00f3leo com tanque auxiliar.<\/li>\n<li>Controlo da satura\u00e7\u00e3o do banho.<\/li>\n<li>Enchimento com dosagem autom\u00e1tica de detergente.<\/li>\n<li>Sistema de extra\u00e7\u00e3o de vapor<\/li>\n<\/ul>\n","protected":false},"featured_media":59943,"comment_status":"open","ping_status":"closed","template":"","meta":{"_joinchat":[]},"product_brand":[],"product_cat":[100],"product_tag":[],"class_list":{"0":"post-68779","1":"product","2":"type-product","3":"status-publish","4":"has-post-thumbnail","6":"product_cat-serie-de-mesa-de-trabalho","8":"first","9":"instock","10":"shipping-taxable","11":"product-type-simple"},"_links":{"self":[{"href":"https:\/\/brioultrasonics.com\/pt-pt\/wp-json\/wp\/v2\/product\/68779","targetHints":{"allow":["GET"]}}],"collection":[{"href":"https:\/\/brioultrasonics.com\/pt-pt\/wp-json\/wp\/v2\/product"}],"about":[{"href":"https:\/\/brioultrasonics.com\/pt-pt\/wp-json\/wp\/v2\/types\/product"}],"replies":[{"embeddable":true,"href":"https:\/\/brioultrasonics.com\/pt-pt\/wp-json\/wp\/v2\/comments?post=68779"}],"version-history":[{"count":0,"href":"https:\/\/brioultrasonics.com\/pt-pt\/wp-json\/wp\/v2\/product\/68779\/revisions"}],"wp:featuredmedia":[{"embeddable":true,"href":"https:\/\/brioultrasonics.com\/pt-pt\/wp-json\/wp\/v2\/media\/59943"}],"wp:attachment":[{"href":"https:\/\/brioultrasonics.com\/pt-pt\/wp-json\/wp\/v2\/media?parent=68779"}],"wp:term":[{"taxonomy":"product_brand","embeddable":true,"href":"https:\/\/brioultrasonics.com\/pt-pt\/wp-json\/wp\/v2\/product_brand?post=68779"},{"taxonomy":"product_cat","embeddable":true,"href":"https:\/\/brioultrasonics.com\/pt-pt\/wp-json\/wp\/v2\/product_cat?post=68779"},{"taxonomy":"product_tag","embeddable":true,"href":"https:\/\/brioultrasonics.com\/pt-pt\/wp-json\/wp\/v2\/product_tag?post=68779"}],"curies":[{"name":"wp","href":"https:\/\/api.w.org\/{rel}","templated":true}]}}