{"id":60417,"date":"2024-05-21T10:12:28","date_gmt":"2024-05-21T08:12:28","guid":{"rendered":"https:\/\/quizzical-gagarin.31-170-100-185.plesk.page\/producto\/br-450-pro\/"},"modified":"2025-04-07T11:10:33","modified_gmt":"2025-04-07T09:10:33","slug":"br-450-pro","status":"publish","type":"product","link":"https:\/\/brioultrasonics.com\/pt-pt\/produto\/br-450-pro\/","title":{"rendered":"BR-450 PRO"},"content":{"rendered":"<table>\n<tbody>\n<tr>\n<td><strong>Medi\u00e7\u00f5es externas da m\u00e1quina<\/strong><\/td>\n<td> 2.055\u00d71.260\u00d71.670 mm<\/td>\n<\/tr>\n<tr>\n<strong><\/p>\n<td>Medidas internas do dep\u00f3sito<\/td>\n<p><\/strong><\/p>\n<td> 1.110x645x650 mm<\/td>\n<\/tr>\n<tr>\n<strong><\/p>\n<td>Dimens\u00f5es \u00fateis do bastidor de carga<\/td>\n<p><\/strong><\/p>\n<td> 1.080x560x435 mm<\/td>\n<\/tr>\n<tr>\n<strong><\/p>\n<td>Altura do banco<\/td>\n<p><\/strong><\/p>\n<td> 970 mm<\/td>\n<\/tr>\n<tr>\n<strong><\/p>\n<td>Capacidade do dep\u00f3sito<\/td>\n<p><\/strong><\/p>\n<td> 465 L<\/td>\n<\/tr>\n<tr>\n<td><strong>Pot\u00eancia do gerador de ultrassons<br \/>\n<\/strong><\/td>\n<td>3.000 W (6.000 W p-p)<\/td>\n<\/tr>\n<tr>\n<strong><\/p>\n<td>Frequ\u00eancia de trabalho ultrass\u00f3nica<\/td>\n<p><\/strong><\/p>\n<td> 28\/40 kHz<\/td>\n<\/tr>\n<tr>\n<strong><\/p>\n<td>Resist\u00eancia ao calor<\/td>\n<p><\/strong><\/p>\n<td> 9 kW<\/td>\n<\/tr>\n<tr>\n<strong><\/p>\n<td>Carga m\u00e1xima de eleva\u00e7\u00e3o<\/td>\n<p><\/strong><\/p>\n<td> 300 kg<\/td>\n<\/tr>\n<tr>\n<strong><\/p>\n<td>Capacidade do dep\u00f3sito auxiliar<\/td>\n<p><\/strong><\/p>\n<td> 53 L<\/td>\n<\/tr>\n<tr>\n<td colspan=\"2\"><strong>Painel t\u00e1ctil a cores intuitivo de 4,3 polegadas. <\/strong>Controlo e programa\u00e7\u00e3o do ciclo de lavagem e intervalos de tempo. Sistema com aut\u00f3mato e m\u00f3dulo de temperatura.  <\/td>\n<\/tr>\n<tr>\n<td colspan=\"2\"><strong>Sistema de impulso de \u00f3leo.<\/strong> Exclusivo sistema de decanta\u00e7\u00e3o de \u00f3leo por varrimento laminar. Prolonga a vida \u00fatil do fluido contra a satura\u00e7\u00e3o.  <\/td>\n<\/tr>\n<tr>\n<td colspan=\"2\"><strong>Quedas de elevador.<\/strong> Movimento para a frente e para tr\u00e1s para separar a sujidade libertada da superf\u00edcie da pe\u00e7a.<\/td>\n<\/tr>\n<tr>\n<td colspan=\"2\"><strong>Tampa manual<\/strong> com isolamento t\u00e9rmico opcional.<\/td>\n<\/tr>\n<tr>\n<td colspan=\"2\">Constru\u00e7\u00e3o em a\u00e7o INOX AISI 304\/316<\/td>\n<\/tr>\n<\/tbody>\n<\/table>\n<p>&nbsp;<\/p>\n<p><strong>Descarregue a ficha t\u00e9cnica completa:<\/strong><\/p>\n<p><a href=\"https:\/\/brioultrasonics.com\/\/wp-content\/uploads\/2024\/06\/Maquina-limpieza-ultrasonidos-BRIO-Ultrasonics-Ficha-tecnica-BR-450-PRO.pdf\" target=\"_blank\" rel=\"noopener\"><img decoding=\"async\" class=\"alignnone wp-image-1322 size-full\" src=\"https:\/\/brioultrasonics.com\/\/wp-content\/uploads\/2024\/05\/imagen-de-descarga.png\" alt=\"\" width=\"115\" height=\"150\" title=\"\"><\/a><\/p>\n","protected":false},"excerpt":{"rendered":"<p>Equipamento de limpeza autom\u00e1tica ultrass\u00f3nica com capacidade de 450 L. Tecnologia exclusiva BRIO tr\u00eas vezes mais eficiente que os sistemas convencionais. <\/p>\n","protected":false},"featured_media":59981,"comment_status":"open","ping_status":"closed","template":"","meta":{"_joinchat":[]},"product_brand":[],"product_cat":[117],"product_tag":[],"class_list":{"0":"post-60417","1":"product","2":"type-product","3":"status-publish","4":"has-post-thumbnail","6":"product_cat-serie-pro-pt-pt","8":"first","9":"instock","10":"shipping-taxable","11":"product-type-simple"},"_links":{"self":[{"href":"https:\/\/brioultrasonics.com\/pt-pt\/wp-json\/wp\/v2\/product\/60417","targetHints":{"allow":["GET"]}}],"collection":[{"href":"https:\/\/brioultrasonics.com\/pt-pt\/wp-json\/wp\/v2\/product"}],"about":[{"href":"https:\/\/brioultrasonics.com\/pt-pt\/wp-json\/wp\/v2\/types\/product"}],"replies":[{"embeddable":true,"href":"https:\/\/brioultrasonics.com\/pt-pt\/wp-json\/wp\/v2\/comments?post=60417"}],"version-history":[{"count":1,"href":"https:\/\/brioultrasonics.com\/pt-pt\/wp-json\/wp\/v2\/product\/60417\/revisions"}],"predecessor-version":[{"id":68160,"href":"https:\/\/brioultrasonics.com\/pt-pt\/wp-json\/wp\/v2\/product\/60417\/revisions\/68160"}],"wp:featuredmedia":[{"embeddable":true,"href":"https:\/\/brioultrasonics.com\/pt-pt\/wp-json\/wp\/v2\/media\/59981"}],"wp:attachment":[{"href":"https:\/\/brioultrasonics.com\/pt-pt\/wp-json\/wp\/v2\/media?parent=60417"}],"wp:term":[{"taxonomy":"product_brand","embeddable":true,"href":"https:\/\/brioultrasonics.com\/pt-pt\/wp-json\/wp\/v2\/product_brand?post=60417"},{"taxonomy":"product_cat","embeddable":true,"href":"https:\/\/brioultrasonics.com\/pt-pt\/wp-json\/wp\/v2\/product_cat?post=60417"},{"taxonomy":"product_tag","embeddable":true,"href":"https:\/\/brioultrasonics.com\/pt-pt\/wp-json\/wp\/v2\/product_tag?post=60417"}],"curies":[{"name":"wp","href":"https:\/\/api.w.org\/{rel}","templated":true}]}}