{"id":60402,"date":"2024-05-21T10:29:56","date_gmt":"2024-05-21T08:29:56","guid":{"rendered":"https:\/\/quizzical-gagarin.31-170-100-185.plesk.page\/producto\/br-2000-pro\/"},"modified":"2024-05-21T10:29:56","modified_gmt":"2024-05-21T08:29:56","slug":"br-2000-pro","status":"publish","type":"product","link":"https:\/\/brioultrasonics.com\/pt-pt\/produto\/br-2000-pro\/","title":{"rendered":"BR-2000 PRO"},"content":{"rendered":"<table>\n<tbody>\n<tr>\n<strong><\/p>\n<td>Medi\u00e7\u00f5es externas da m\u00e1quina<\/td>\n<p><\/strong><\/p>\n<td>2.950 x 1.900 x 2.520 mm<\/td>\n<\/tr>\n<tr>\n<strong><\/p>\n<td>Medidas internas do dep\u00f3sito<\/td>\n<p><\/strong><\/p>\n<td> 1.760 x 1.195 x 1.170 mm<\/td>\n<\/tr>\n<tr>\n<strong><\/p>\n<td>Dimens\u00f5es \u00fateis do bastidor de carga<\/td>\n<p><\/strong><\/p>\n<td> 1.700 x 1.050 x 885 mm<\/td>\n<\/tr>\n<tr>\n<strong><\/p>\n<td>Altura da bancada<\/td>\n<p><\/strong><\/p>\n<td> 1.455 mm<\/td>\n<\/tr>\n<tr>\n<strong><\/p>\n<td>Capacidade do dep\u00f3sito<\/td>\n<p><\/strong><\/p>\n<td> 2.228 L<\/td>\n<\/tr>\n<tr>\n<strong><\/p>\n<td>Pot\u00eancia do gerador ultrass\u00f3nico<\/td>\n<p><\/strong><\/p>\n<td> 10.000 W (20.000 W p-p)<\/td>\n<\/tr>\n<tr>\n<strong><\/p>\n<td>Frequ\u00eancia de trabalho ultrass\u00f3nica<\/td>\n<p><\/strong><\/p>\n<td> 28\/40 kHz<\/td>\n<\/tr>\n<tr>\n<strong><\/p>\n<td>Resist\u00eancia ao calor<\/td>\n<p><\/strong><\/p>\n<td> 27 kW<\/td>\n<\/tr>\n<tr>\n<strong><\/p>\n<td>Carga m\u00e1xima de eleva\u00e7\u00e3o<\/td>\n<p><\/strong><\/p>\n<td> 1.100 kg<\/td>\n<\/tr>\n<tr>\n<strong><\/p>\n<td>Capacidade do dep\u00f3sito auxiliar<\/td>\n<p><\/strong><\/p>\n<td> 204 L<\/td>\n<\/tr>\n<tr>\n<td colspan=\"2\"><strong>Painel t\u00e1ctil a cores intuitivo de 7 polegadas.<\/strong> Controlo e programa\u00e7\u00e3o do ciclo de lavagem e intervalos de tempo. Sistema com aut\u00f3mato e m\u00f3dulo de temperatura.  <\/td>\n<\/tr>\n<tr>\n<td colspan=\"2\"><strong>Sistema de impulso de \u00f3leo.<\/strong> Exclusivo sistema de decanta\u00e7\u00e3o de \u00f3leo por varrimento laminar. Prolonga a vida \u00fatil do fluido contra a satura\u00e7\u00e3o.  <\/td>\n<\/tr>\n<tr>\n<td colspan=\"2\"><strong>Quedas de elevador.<\/strong> Movimento para a frente e para tr\u00e1s para separar a sujidade libertada da superf\u00edcie da pe\u00e7a.<\/td>\n<\/tr>\n<tr>\n<td colspan=\"2\"><strong>Tampa autom\u00e1tica<\/strong> com isolamento t\u00e9rmico opcional.<\/td>\n<\/tr>\n<tr>\n<td colspan=\"2\">Constru\u00e7\u00e3o em a\u00e7o INOX AISI 304\/316<\/td>\n<\/tr>\n<\/tbody>\n<\/table>\n<p>&nbsp;<\/p>\n<p><strong>Descarregue a ficha t\u00e9cnica completa:<\/strong><\/p>\n<p><a href=\"https:\/\/brioultrasonics.com\/\/wp-content\/uploads\/2024\/06\/Maquina-limpieza-ultrasonidos-BRIO-Ultrasonics-Ficha-tecnica-BR-2000-PRO.pdf\" target=\"_blank\" rel=\"noopener\"><img decoding=\"async\" class=\"alignnone wp-image-1322 size-full\" src=\"https:\/\/brioultrasonics.com\/\/wp-content\/uploads\/2024\/05\/imagen-de-descarga.png\" alt=\"\" width=\"115\" height=\"150\" title=\"\"><\/a><\/p>\n","protected":false},"excerpt":{"rendered":"<p>Equipamento autom\u00e1tico de limpeza ultrass\u00f3nica com capacidade de 2.000 L. Tecnologia exclusiva BRIO tr\u00eas vezes mais eficiente que os sistemas convencionais. <\/p>\n","protected":false},"featured_media":59978,"comment_status":"open","ping_status":"closed","template":"","meta":{"_joinchat":[]},"product_brand":[],"product_cat":[117],"product_tag":[],"class_list":{"0":"post-60402","1":"product","2":"type-product","3":"status-publish","4":"has-post-thumbnail","6":"product_cat-serie-pro-pt-pt","8":"first","9":"instock","10":"shipping-taxable","11":"product-type-simple"},"_links":{"self":[{"href":"https:\/\/brioultrasonics.com\/pt-pt\/wp-json\/wp\/v2\/product\/60402","targetHints":{"allow":["GET"]}}],"collection":[{"href":"https:\/\/brioultrasonics.com\/pt-pt\/wp-json\/wp\/v2\/product"}],"about":[{"href":"https:\/\/brioultrasonics.com\/pt-pt\/wp-json\/wp\/v2\/types\/product"}],"replies":[{"embeddable":true,"href":"https:\/\/brioultrasonics.com\/pt-pt\/wp-json\/wp\/v2\/comments?post=60402"}],"version-history":[{"count":0,"href":"https:\/\/brioultrasonics.com\/pt-pt\/wp-json\/wp\/v2\/product\/60402\/revisions"}],"wp:featuredmedia":[{"embeddable":true,"href":"https:\/\/brioultrasonics.com\/pt-pt\/wp-json\/wp\/v2\/media\/59978"}],"wp:attachment":[{"href":"https:\/\/brioultrasonics.com\/pt-pt\/wp-json\/wp\/v2\/media?parent=60402"}],"wp:term":[{"taxonomy":"product_brand","embeddable":true,"href":"https:\/\/brioultrasonics.com\/pt-pt\/wp-json\/wp\/v2\/product_brand?post=60402"},{"taxonomy":"product_cat","embeddable":true,"href":"https:\/\/brioultrasonics.com\/pt-pt\/wp-json\/wp\/v2\/product_cat?post=60402"},{"taxonomy":"product_tag","embeddable":true,"href":"https:\/\/brioultrasonics.com\/pt-pt\/wp-json\/wp\/v2\/product_tag?post=60402"}],"curies":[{"name":"wp","href":"https:\/\/api.w.org\/{rel}","templated":true}]}}