{"id":60392,"date":"2024-05-21T10:39:22","date_gmt":"2024-05-21T08:39:22","guid":{"rendered":"https:\/\/quizzical-gagarin.31-170-100-185.plesk.page\/producto\/br-4000-pro\/"},"modified":"2026-02-12T11:08:14","modified_gmt":"2026-02-12T10:08:14","slug":"br-4000-pro","status":"publish","type":"product","link":"https:\/\/brioultrasonics.com\/pt-pt\/produto\/br-4000-pro\/","title":{"rendered":"BR-4000 PRO"},"content":{"rendered":"<p>BR-4000 PRO \u2013 Limpeza ultrass\u00f3nica.<\/p>\n<table>\n<tbody>\n<tr>\n<td><strong>Dimens\u00f5es externas da m\u00e1quina<\/strong><\/td>\n<td>3.530 x 2.380 x 3.407 mm<\/td>\n<\/tr>\n<tr>\n<strong><\/p>\n<td>Medidas internas do dep\u00f3sito<\/td>\n<p><\/strong><\/p>\n<td>2.120 x 1.445 x 1.523 mm<\/td>\n<\/tr>\n<tr>\n<strong><\/p>\n<td>Medidas \u00fateis do cesto de trabalho<\/td>\n<p><\/strong><\/p>\n<td>2.070 x 1.290 x 1.215 mm<\/td>\n<\/tr>\n<tr>\n<td><strong>Altura da bancada<\/strong><\/td>\n<td>1.860 mm<\/td>\n<\/tr>\n<tr>\n<td><strong>Capacidade do tanque de limpeza<\/strong><\/td>\n<td>4.665 L<\/td>\n<\/tr>\n<tr>\n<td><strong>Pot\u00eancia ultrass\u00f3nica instalada<\/strong><\/td>\n<td> 16.000 W (32.000 W p-p)<\/td>\n<\/tr>\n<tr>\n<strong><\/p>\n<td>Frequ\u00eancia de trabalho do ultrassom<\/td>\n<p><\/strong><\/p>\n<td> 28\/40 kHz<\/td>\n<\/tr>\n<tr>\n<strong><\/p>\n<td>Pot\u00eancia de aquecimento instalada<\/td>\n<p><\/strong><\/p>\n<td>36 kW<\/td>\n<\/tr>\n<tr>\n<td colspan=\"2\"><strong>Painel de controlo de toque ou bot\u00e3o e term\u00f3stato digital<\/strong><\/td>\n<\/tr>\n<tr>\n<td colspan=\"2\"><strong>Tampa manual com isolamento t\u00e9rmico opcional<\/strong><\/td>\n<\/tr>\n<tr>\n<td colspan=\"2\"><strong>Constru\u00e7\u00e3o em a\u00e7o INOX AISI 304\/316<\/strong><\/td>\n<\/tr>\n<\/tbody>\n<\/table>\n<p>&nbsp;<\/p>\n<p><strong>Descarregue a ficha t\u00e9cnica completa:<\/strong><\/p>\n<p><a href=\"https:\/\/brioultrasonics.com\/\/wp-content\/uploads\/2024\/06\/BR-4000-PRO_ES.pdf\" target=\"_blank\" rel=\"noopener\"><img decoding=\"async\" class=\"alignnone wp-image-1322 size-full\" src=\"https:\/\/brioultrasonics.com\/\/wp-content\/uploads\/2024\/05\/imagen-de-descarga.png\" alt=\"\" width=\"115\" height=\"150\" title=\"\"><\/a><\/p>\n","protected":false},"excerpt":{"rendered":"<p>Equipamento de limpeza manual ultrass\u00f3nico BR-4000 PRO com capacidade de 4000 L. Tecnologia exclusiva BRIO tr\u00eas vezes mais eficiente que os sistemas convencionais. <\/p>\n<p>&nbsp;<\/p>\n<h3>BR-4000 PRO \u2013 Limpeza ultrass\u00f3nica.<\/h3>\n","protected":false},"featured_media":59972,"comment_status":"open","ping_status":"closed","template":"","meta":{"_joinchat":[]},"product_brand":[],"product_cat":[117],"product_tag":[],"class_list":{"0":"post-60392","1":"product","2":"type-product","3":"status-publish","4":"has-post-thumbnail","6":"product_cat-serie-pro-pt-pt","8":"first","9":"instock","10":"shipping-taxable","11":"product-type-simple"},"_links":{"self":[{"href":"https:\/\/brioultrasonics.com\/pt-pt\/wp-json\/wp\/v2\/product\/60392","targetHints":{"allow":["GET"]}}],"collection":[{"href":"https:\/\/brioultrasonics.com\/pt-pt\/wp-json\/wp\/v2\/product"}],"about":[{"href":"https:\/\/brioultrasonics.com\/pt-pt\/wp-json\/wp\/v2\/types\/product"}],"replies":[{"embeddable":true,"href":"https:\/\/brioultrasonics.com\/pt-pt\/wp-json\/wp\/v2\/comments?post=60392"}],"version-history":[{"count":4,"href":"https:\/\/brioultrasonics.com\/pt-pt\/wp-json\/wp\/v2\/product\/60392\/revisions"}],"predecessor-version":[{"id":69305,"href":"https:\/\/brioultrasonics.com\/pt-pt\/wp-json\/wp\/v2\/product\/60392\/revisions\/69305"}],"wp:featuredmedia":[{"embeddable":true,"href":"https:\/\/brioultrasonics.com\/pt-pt\/wp-json\/wp\/v2\/media\/59972"}],"wp:attachment":[{"href":"https:\/\/brioultrasonics.com\/pt-pt\/wp-json\/wp\/v2\/media?parent=60392"}],"wp:term":[{"taxonomy":"product_brand","embeddable":true,"href":"https:\/\/brioultrasonics.com\/pt-pt\/wp-json\/wp\/v2\/product_brand?post=60392"},{"taxonomy":"product_cat","embeddable":true,"href":"https:\/\/brioultrasonics.com\/pt-pt\/wp-json\/wp\/v2\/product_cat?post=60392"},{"taxonomy":"product_tag","embeddable":true,"href":"https:\/\/brioultrasonics.com\/pt-pt\/wp-json\/wp\/v2\/product_tag?post=60392"}],"curies":[{"name":"wp","href":"https:\/\/api.w.org\/{rel}","templated":true}]}}