{"id":60282,"date":"2024-05-21T12:05:27","date_gmt":"2024-05-21T10:05:27","guid":{"rendered":"https:\/\/quizzical-gagarin.31-170-100-185.plesk.page\/producto\/br-450\/"},"modified":"2025-08-29T10:35:23","modified_gmt":"2025-08-29T08:35:23","slug":"br-450","status":"publish","type":"product","link":"https:\/\/brioultrasonics.com\/pt-pt\/produto\/br-450\/","title":{"rendered":"BR-450"},"content":{"rendered":"<table>\n<tbody>\n<tr>\n<strong><\/p>\n<td>Dimens\u00f5es externas da m\u00e1quina<\/td>\n<p><\/strong><\/p>\n<td> 1.680 x 900 x 970 mm<\/td>\n<\/tr>\n<tr>\n<td><strong>Medidas internas do dep\u00f3sito<\/strong><\/td>\n<td>1.110 x 645 x 650 mm<\/td>\n<\/tr>\n<tr>\n<strong><\/p>\n<td>Medidas \u00fateis do cesto de trabalho<\/td>\n<p><\/strong><\/p>\n<td> 1.080 x 560 x 435 mm<\/td>\n<\/tr>\n<tr>\n<strong><\/p>\n<td>Altura do banco<\/td>\n<p><\/strong><\/p>\n<td> 970 mm<\/td>\n<\/tr>\n<tr>\n<td><strong>Capacidade do tanque de limpeza<br \/>\n<\/strong><\/td>\n<td>465 L<\/td>\n<\/tr>\n<tr>\n<td><strong>Pot\u00eancia ultrass\u00f3nica instalada<br \/>\n<\/strong><\/td>\n<td>3.000 W (6.000 W p-p)<\/td>\n<\/tr>\n<tr>\n<td><strong>Frequ\u00eancia de trabalho do ultrassom<br \/>\n<\/strong><\/td>\n<td>28\/40 kHz<\/td>\n<\/tr>\n<tr>\n<td><strong>Pot\u00eancia de aquecimento instalada<\/strong><\/td>\n<td> 9 kW<\/td>\n<\/tr>\n<tr>\n<td colspan=\"2\"><strong>Painel de controlo de toque ou bot\u00e3o e term\u00f3stato digital<\/strong><\/td>\n<\/tr>\n<tr>\n<td colspan=\"2\"><strong>Tampa manual com isolamento t\u00e9rmico opcional<\/strong><\/td>\n<\/tr>\n<tr>\n<td colspan=\"2\"><strong>Constru\u00e7\u00e3o em a\u00e7o INOX AISI 304\/316<\/strong><\/td>\n<\/tr>\n<\/tbody>\n<\/table>\n<p><strong>Descarregue a ficha t\u00e9cnica completa:<\/strong><\/p>\n<p><a href=\"https:\/\/brioultrasonics.com\/\/wp-content\/uploads\/2024\/06\/BR-450_Ficha-Tecnica-maquinas-de-limpieza-por-ultrasonidos-manual.pdf\" target=\"_blank\" rel=\"noopener\"><img decoding=\"async\" class=\"alignnone wp-image-1322 size-full\" src=\"https:\/\/brioultrasonics.com\/\/wp-content\/uploads\/2024\/05\/imagen-de-descarga.png\" alt=\"\" width=\"115\" height=\"150\" title=\"\"><\/a><\/p>\n","protected":false},"excerpt":{"rendered":"<p>Equipamento de limpeza manual ultrass\u00f3nico BR-450 com capacidade de 450 L. Tecnologia exclusiva <a href=\"https:\/\/www.europages.es\/es\/company\/brio-ultrasonics-20049838\">BRIO<\/a> tr\u00eas vezes mais eficiente que os sistemas convencionais. <\/p>\n<p>&nbsp;<\/p>\n<h3>Equipamento de limpeza ultrass\u00f3nica BR-450<\/h3>\n","protected":false},"featured_media":59965,"comment_status":"open","ping_status":"closed","template":"","meta":{"_joinchat":[]},"product_brand":[],"product_cat":[105],"product_tag":[],"class_list":{"0":"post-60282","1":"product","2":"type-product","3":"status-publish","4":"has-post-thumbnail","6":"product_cat-serie-manual-pt-pt","8":"first","9":"instock","10":"shipping-taxable","11":"product-type-simple"},"_links":{"self":[{"href":"https:\/\/brioultrasonics.com\/pt-pt\/wp-json\/wp\/v2\/product\/60282","targetHints":{"allow":["GET"]}}],"collection":[{"href":"https:\/\/brioultrasonics.com\/pt-pt\/wp-json\/wp\/v2\/product"}],"about":[{"href":"https:\/\/brioultrasonics.com\/pt-pt\/wp-json\/wp\/v2\/types\/product"}],"replies":[{"embeddable":true,"href":"https:\/\/brioultrasonics.com\/pt-pt\/wp-json\/wp\/v2\/comments?post=60282"}],"version-history":[{"count":4,"href":"https:\/\/brioultrasonics.com\/pt-pt\/wp-json\/wp\/v2\/product\/60282\/revisions"}],"predecessor-version":[{"id":69110,"href":"https:\/\/brioultrasonics.com\/pt-pt\/wp-json\/wp\/v2\/product\/60282\/revisions\/69110"}],"wp:featuredmedia":[{"embeddable":true,"href":"https:\/\/brioultrasonics.com\/pt-pt\/wp-json\/wp\/v2\/media\/59965"}],"wp:attachment":[{"href":"https:\/\/brioultrasonics.com\/pt-pt\/wp-json\/wp\/v2\/media?parent=60282"}],"wp:term":[{"taxonomy":"product_brand","embeddable":true,"href":"https:\/\/brioultrasonics.com\/pt-pt\/wp-json\/wp\/v2\/product_brand?post=60282"},{"taxonomy":"product_cat","embeddable":true,"href":"https:\/\/brioultrasonics.com\/pt-pt\/wp-json\/wp\/v2\/product_cat?post=60282"},{"taxonomy":"product_tag","embeddable":true,"href":"https:\/\/brioultrasonics.com\/pt-pt\/wp-json\/wp\/v2\/product_tag?post=60282"}],"curies":[{"name":"wp","href":"https:\/\/api.w.org\/{rel}","templated":true}]}}