{"id":60262,"date":"2024-05-21T12:25:41","date_gmt":"2024-05-21T10:25:41","guid":{"rendered":"https:\/\/quizzical-gagarin.31-170-100-185.plesk.page\/producto\/br-3000\/"},"modified":"2025-08-29T10:34:24","modified_gmt":"2025-08-29T08:34:24","slug":"br-3000","status":"publish","type":"product","link":"https:\/\/brioultrasonics.com\/pt-pt\/produto\/br-3000\/","title":{"rendered":"BR-3000"},"content":{"rendered":"<table>\n<tbody>\n<tr>\n<strong><\/p>\n<td>Dimens\u00f5es externas da m\u00e1quina<\/td>\n<p><\/strong><\/p>\n<td> 2.970 x 1.750 x 1.660 mm<\/td>\n<\/tr>\n<tr>\n<td><strong>Medidas internas do dep\u00f3sito<\/strong><\/td>\n<td> 2.120 x 1.250 x 1.425 mm<\/td>\n<\/tr>\n<tr>\n<strong><\/p>\n<td>Medidas \u00fateis do cesto de trabalho<\/td>\n<p><\/strong><\/p>\n<td> 2.070 x 1.190 x 1.135 mm<\/td>\n<\/tr>\n<tr>\n<strong><\/p>\n<td>Altura da bancada<\/td>\n<p><\/strong><\/p>\n<td> 1.660 mm<\/td>\n<\/tr>\n<tr>\n<strong><\/p>\n<td>Capacidade do tanque de limpeza<\/td>\n<p><\/strong><\/p>\n<td> 3.776 L<\/td>\n<\/tr>\n<tr>\n<td><strong>Pot\u00eancia ultrass\u00f3nica instalada<br \/>\n<\/strong><\/td>\n<td>14.000 W (28.000 W p-p)<\/td>\n<\/tr>\n<tr>\n<strong><\/p>\n<td>Frequ\u00eancia de trabalho do ultrassom<\/td>\n<p><\/strong><\/p>\n<td> 28\/40 kHz<\/td>\n<\/tr>\n<tr>\n<td><strong>Pot\u00eancia de aquecimento instalada<\/strong><\/td>\n<td> 36 kW<\/td>\n<\/tr>\n<tr>\n<td colspan=\"2\"><strong>Painel de controlo de toque ou bot\u00e3o e term\u00f3stato digital<\/strong><\/td>\n<\/tr>\n<tr>\n<td colspan=\"2\"><strong>Tampa manual com isolamento t\u00e9rmico opcional<\/strong><\/td>\n<\/tr>\n<tr>\n<td colspan=\"2\"><strong>Constru\u00e7\u00e3o em a\u00e7o INOX AISI 304\/316<\/strong><\/td>\n<\/tr>\n<\/tbody>\n<\/table>\n<p>&nbsp;<\/p>\n<p><strong>Descarregue a ficha t\u00e9cnica completa:<\/strong><\/p>\n<p><a href=\"https:\/\/brioultrasonics.com\/\/wp-content\/uploads\/2024\/06\/BR-3000_Ficha-Tecnica-maquinas-de-limpieza-por-ultrasonidos-manual.pdf\" target=\"_blank\" rel=\"noopener\"><img decoding=\"async\" class=\"alignnone wp-image-1322 size-full\" src=\"https:\/\/brioultrasonics.com\/\/wp-content\/uploads\/2024\/05\/imagen-de-descarga.png\" alt=\"\" width=\"115\" height=\"150\" title=\"\"><\/a><\/p>\n","protected":false},"excerpt":{"rendered":"<p>BR-3000 Equipamento manual de limpeza ultrass\u00f3nica com capacidade de 3000 L. Tecnologia exclusiva <a href=\"https:\/\/www.machinetools.com\/es\/companies\/359701-brio-ultrasonics\">BRIO <\/a>tr\u00eas vezes mais eficiente que os sistemas convencionais. M\u00e1quinas de controlo manual para limpeza ou decapagem com a nossa tecnologia exclusiva de elevado poder de limpeza e m\u00e1xima efici\u00eancia energ\u00e9tica. Com painel de controlo touch ou anal\u00f3gico com controlo dos tempos de limpeza e temperatura. As caracter\u00edsticas da s\u00e9rie PRO podem ser adicionadas opcionalmente. Modelos padronizados e designs personalizados para atender \u00e0s necessidades de cada cliente.     <\/p>\n<p>&nbsp;<\/p>\n<h3>M\u00e1quina de limpeza ultrass\u00f3nica BR-3000.<\/h3>\n","protected":false},"featured_media":59961,"comment_status":"open","ping_status":"closed","template":"","meta":{"_joinchat":[]},"product_brand":[],"product_cat":[105],"product_tag":[],"class_list":{"0":"post-60262","1":"product","2":"type-product","3":"status-publish","4":"has-post-thumbnail","6":"product_cat-serie-manual-pt-pt","8":"first","9":"instock","10":"shipping-taxable","11":"product-type-simple"},"_links":{"self":[{"href":"https:\/\/brioultrasonics.com\/pt-pt\/wp-json\/wp\/v2\/product\/60262","targetHints":{"allow":["GET"]}}],"collection":[{"href":"https:\/\/brioultrasonics.com\/pt-pt\/wp-json\/wp\/v2\/product"}],"about":[{"href":"https:\/\/brioultrasonics.com\/pt-pt\/wp-json\/wp\/v2\/types\/product"}],"replies":[{"embeddable":true,"href":"https:\/\/brioultrasonics.com\/pt-pt\/wp-json\/wp\/v2\/comments?post=60262"}],"version-history":[{"count":4,"href":"https:\/\/brioultrasonics.com\/pt-pt\/wp-json\/wp\/v2\/product\/60262\/revisions"}],"predecessor-version":[{"id":69073,"href":"https:\/\/brioultrasonics.com\/pt-pt\/wp-json\/wp\/v2\/product\/60262\/revisions\/69073"}],"wp:featuredmedia":[{"embeddable":true,"href":"https:\/\/brioultrasonics.com\/pt-pt\/wp-json\/wp\/v2\/media\/59961"}],"wp:attachment":[{"href":"https:\/\/brioultrasonics.com\/pt-pt\/wp-json\/wp\/v2\/media?parent=60262"}],"wp:term":[{"taxonomy":"product_brand","embeddable":true,"href":"https:\/\/brioultrasonics.com\/pt-pt\/wp-json\/wp\/v2\/product_brand?post=60262"},{"taxonomy":"product_cat","embeddable":true,"href":"https:\/\/brioultrasonics.com\/pt-pt\/wp-json\/wp\/v2\/product_cat?post=60262"},{"taxonomy":"product_tag","embeddable":true,"href":"https:\/\/brioultrasonics.com\/pt-pt\/wp-json\/wp\/v2\/product_tag?post=60262"}],"curies":[{"name":"wp","href":"https:\/\/api.w.org\/{rel}","templated":true}]}}