{"id":60252,"date":"2024-05-21T12:31:34","date_gmt":"2024-05-21T10:31:34","guid":{"rendered":"https:\/\/quizzical-gagarin.31-170-100-185.plesk.page\/producto\/br-6000\/"},"modified":"2025-08-29T10:34:44","modified_gmt":"2025-08-29T08:34:44","slug":"br-6000","status":"publish","type":"product","link":"https:\/\/brioultrasonics.com\/pt-pt\/produto\/br-6000\/","title":{"rendered":"BR-6000"},"content":{"rendered":"<table>\n<tbody>\n<tr>\n<strong><\/p>\n<td>Dimens\u00f5es externas da m\u00e1quina<\/td>\n<p><\/strong><\/p>\n<td> 3.280 x 2.192 x 1.833 mm<\/td>\n<\/tr>\n<tr>\n<strong><\/p>\n<td>Medidas internas do dep\u00f3sito<\/td>\n<p><\/strong><\/p>\n<td>2.430 x 1.692 x 1.623 mm<\/td>\n<\/tr>\n<tr>\n<strong><\/p>\n<td>Medidas \u00fateis do cesto de trabalho<\/td>\n<p><\/strong><\/p>\n<td> 2.380 x 1.512 x 1.335 mm<\/td>\n<\/tr>\n<tr>\n<strong><\/p>\n<td>Altura do banco<\/td>\n<p><\/strong><\/p>\n<td> 1.833 mm<\/td>\n<\/tr>\n<tr>\n<strong><\/p>\n<td>Capacidade do tanque de limpeza<\/td>\n<p><\/strong><\/p>\n<td> 6.673 L<\/td>\n<\/tr>\n<tr>\n<td><strong>Pot\u00eancia ultrass\u00f3nica instalada<br \/>\n<\/strong><\/td>\n<td>18.000 W (36.000 W p-p)<\/td>\n<\/tr>\n<tr>\n<strong><\/p>\n<td>Frequ\u00eancia de trabalho do ultrassom<\/td>\n<p><\/strong><\/p>\n<td> 28\/40 kHz<\/td>\n<\/tr>\n<tr>\n<td><strong>Pot\u00eancia de aquecimento instalada<\/strong><\/td>\n<td> 45 kW<\/td>\n<\/tr>\n<tr>\n<td colspan=\"2\"><strong>Painel de controlo de toque ou bot\u00e3o e term\u00f3stato digital<\/strong><\/td>\n<\/tr>\n<tr>\n<td colspan=\"2\"><strong>Tampa manual com isolamento t\u00e9rmico opcional<\/strong><\/td>\n<\/tr>\n<tr>\n<td colspan=\"2\"><strong>Constru\u00e7\u00e3o em a\u00e7o INOX AISI 304\/316<\/strong><\/td>\n<\/tr>\n<\/tbody>\n<\/table>\n<p>&nbsp;<\/p>\n<p><strong>Descarregue a ficha t\u00e9cnica completa:<\/strong><\/p>\n<p><a href=\"https:\/\/brioultrasonics.com\/\/wp-content\/uploads\/2024\/06\/BR-6000_Ficha-Tecnica-maquinas-de-limpieza-por-ultrasonidos-manual.pdf\" target=\"_blank\" rel=\"noopener\"><img decoding=\"async\" class=\"alignnone wp-image-1322 size-full\" src=\"https:\/\/brioultrasonics.com\/\/wp-content\/uploads\/2024\/05\/imagen-de-descarga.png\" alt=\"\" width=\"115\" height=\"150\" title=\"\"><\/a><\/p>\n","protected":false},"excerpt":{"rendered":"<p>Equipamento de limpeza ultrass\u00f3nica manual com capacidade de 6000 L, ideal para limpeza industrial. Tecnologia exclusiva <a href=\"https:\/\/www.machinetools.com\/es\/companies\/359701-brio-ultrasonics\">BRIO <\/a>tr\u00eas vezes mais eficiente que os sistemas convencionais. O seu design permite a sua fixa\u00e7\u00e3o no dep\u00f3sito, deixando as pe\u00e7as em posi\u00e7\u00e3o de drenagem. Al\u00e9m disso, esta fixa\u00e7\u00e3o \u00e0 altura da bancada permite o carregamento das pe\u00e7as com maior conforto.   <\/p>\n<p>&nbsp;<\/p>\n<h3>M\u00e1quina de limpeza ultrass\u00f3nica industrial.<\/h3>\n","protected":false},"featured_media":59959,"comment_status":"open","ping_status":"closed","template":"","meta":{"_joinchat":[]},"product_brand":[],"product_cat":[105],"product_tag":[],"class_list":{"0":"post-60252","1":"product","2":"type-product","3":"status-publish","4":"has-post-thumbnail","6":"product_cat-serie-manual-pt-pt","8":"first","9":"instock","10":"shipping-taxable","11":"product-type-simple"},"_links":{"self":[{"href":"https:\/\/brioultrasonics.com\/pt-pt\/wp-json\/wp\/v2\/product\/60252","targetHints":{"allow":["GET"]}}],"collection":[{"href":"https:\/\/brioultrasonics.com\/pt-pt\/wp-json\/wp\/v2\/product"}],"about":[{"href":"https:\/\/brioultrasonics.com\/pt-pt\/wp-json\/wp\/v2\/types\/product"}],"replies":[{"embeddable":true,"href":"https:\/\/brioultrasonics.com\/pt-pt\/wp-json\/wp\/v2\/comments?post=60252"}],"version-history":[{"count":4,"href":"https:\/\/brioultrasonics.com\/pt-pt\/wp-json\/wp\/v2\/product\/60252\/revisions"}],"predecessor-version":[{"id":69086,"href":"https:\/\/brioultrasonics.com\/pt-pt\/wp-json\/wp\/v2\/product\/60252\/revisions\/69086"}],"wp:featuredmedia":[{"embeddable":true,"href":"https:\/\/brioultrasonics.com\/pt-pt\/wp-json\/wp\/v2\/media\/59959"}],"wp:attachment":[{"href":"https:\/\/brioultrasonics.com\/pt-pt\/wp-json\/wp\/v2\/media?parent=60252"}],"wp:term":[{"taxonomy":"product_brand","embeddable":true,"href":"https:\/\/brioultrasonics.com\/pt-pt\/wp-json\/wp\/v2\/product_brand?post=60252"},{"taxonomy":"product_cat","embeddable":true,"href":"https:\/\/brioultrasonics.com\/pt-pt\/wp-json\/wp\/v2\/product_cat?post=60252"},{"taxonomy":"product_tag","embeddable":true,"href":"https:\/\/brioultrasonics.com\/pt-pt\/wp-json\/wp\/v2\/product_tag?post=60252"}],"curies":[{"name":"wp","href":"https:\/\/api.w.org\/{rel}","templated":true}]}}