{"id":60081,"date":"2024-05-22T13:32:19","date_gmt":"2024-05-22T11:32:19","guid":{"rendered":"https:\/\/quizzical-gagarin.31-170-100-185.plesk.page\/producto\/br-30-wt\/"},"modified":"2024-11-14T08:53:24","modified_gmt":"2024-11-14T07:53:24","slug":"br-30-wt","status":"publish","type":"product","link":"https:\/\/brioultrasonics.com\/pt-pt\/produto\/br-30-wt\/","title":{"rendered":"BR-30 WT"},"content":{"rendered":"<p>BR-30 WT &#8211; LIMPEZA DE PEQUENAS PE\u00c7AS<\/p>\n<table>\n<tbody>\n<tr>\n<strong><\/p>\n<td>Medi\u00e7\u00f5es externas da m\u00e1quina<\/td>\n<p><\/strong><\/p>\n<td> 690 x 480 x 500 mm<\/td>\n<\/tr>\n<tr>\n<strong><\/p>\n<td>Medidas internas do dep\u00f3sito<\/td>\n<p><\/strong><\/p>\n<td> 400 x 300 x 230 mm<\/td>\n<\/tr>\n<tr>\n<strong><\/p>\n<td>Medidas \u00fateis do cesto de trabalho<\/td>\n<p><\/strong><\/p>\n<td> 370 x 270 x 200 mm<\/td>\n<\/tr>\n<tr>\n<strong><\/p>\n<td>Altura da bancada<\/td>\n<p><\/strong><\/p>\n<td> 410 mm<\/td>\n<\/tr>\n<tr>\n<strong><\/p>\n<td>Capacidade do dep\u00f3sito<\/td>\n<p><\/strong><\/p>\n<td> 30 L<\/td>\n<\/tr>\n<tr>\n<strong><\/p>\n<td>Pot\u00eancia do gerador ultrass\u00f3nico<\/td>\n<p><\/strong><\/p>\n<td> 600 W (1.200 W p-p)<\/td>\n<\/tr>\n<tr>\n<strong><\/p>\n<td>Frequ\u00eancia de trabalho ultrass\u00f3nica<\/td>\n<p><\/strong><\/p>\n<td> 28\/40 kHz<\/td>\n<\/tr>\n<tr>\n<strong><\/p>\n<td>Resist\u00eancia ao calor<\/td>\n<p><\/strong><\/p>\n<td> 1 kW<\/td>\n<\/tr>\n<tr>\n<td colspan=\"2\"><strong>Painel de controlo anal\u00f3gico com term\u00f3stato digital para controlo de temperatura<\/strong><\/td>\n<\/tr>\n<tr>\n<td colspan=\"2\"><strong>Tampa manual com isolamento t\u00e9rmico opcional<\/strong><\/td>\n<\/tr>\n<tr>\n<td colspan=\"2\"><strong>Constru\u00e7\u00e3o em a\u00e7o INOX AISI 304\/316<\/strong><\/td>\n<\/tr>\n<\/tbody>\n<\/table>\n<p>&nbsp;<\/p>\n<p><strong>Descarregue a ficha t\u00e9cnica completa:<\/strong><\/p>\n<p><a href=\"https:\/\/brioultrasonics.com\/\/wp-content\/uploads\/2024\/06\/FICHA-TECNICA-BR-30-WT.pdf\" target=\"_blank\" rel=\"noopener\"><img decoding=\"async\" class=\"alignnone wp-image-1322 size-full\" src=\"https:\/\/brioultrasonics.com\/\/wp-content\/uploads\/2024\/05\/imagen-de-descarga.png\" alt=\"\" width=\"115\" height=\"150\" title=\"\"><\/a><\/p>\n","protected":false},"excerpt":{"rendered":"<p>Limpeza de pe\u00e7as pequenas. BR-30 WT, equipamento manual de limpeza ultrass\u00f3nica de mesas. Capacidade de 30 litros. Tecnologia exclusiva <a href=\"https:\/\/aspromec.org\/Mecanizadores\/brio-ultrasonics\/\">BRIO<\/a> tr\u00eas vezes mais eficiente que os sistemas convencionais. Limpeza de pe\u00e7as de pequena e m\u00e9dia dimens\u00e3o.     O design e a pot\u00eancia dos emissores ultrass\u00f3nicos s\u00e3o \u00fanicos para cada modelo, garantindo o m\u00e1ximo desempenho. Controlo simples e intuitivo. Com interruptor principal, bot\u00e3o de in\u00edcio do ultrassom, setas para o ajuste do tempo de trabalho, in\u00edcio do aquecimento e setas para o ajuste da temperatura de trabalho.  <\/p>\n<p>&nbsp;<\/p>\n<h4>Limpeza ultrass\u00f3nica para pe\u00e7as pequenas<\/h4>\n","protected":false},"featured_media":59950,"comment_status":"open","ping_status":"closed","template":"","meta":{"_joinchat":[]},"product_brand":[],"product_cat":[100],"product_tag":[],"class_list":{"0":"post-60081","1":"product","2":"type-product","3":"status-publish","4":"has-post-thumbnail","6":"product_cat-serie-de-mesa-de-trabalho","8":"first","9":"instock","10":"shipping-taxable","11":"product-type-simple"},"_links":{"self":[{"href":"https:\/\/brioultrasonics.com\/pt-pt\/wp-json\/wp\/v2\/product\/60081","targetHints":{"allow":["GET"]}}],"collection":[{"href":"https:\/\/brioultrasonics.com\/pt-pt\/wp-json\/wp\/v2\/product"}],"about":[{"href":"https:\/\/brioultrasonics.com\/pt-pt\/wp-json\/wp\/v2\/types\/product"}],"replies":[{"embeddable":true,"href":"https:\/\/brioultrasonics.com\/pt-pt\/wp-json\/wp\/v2\/comments?post=60081"}],"version-history":[{"count":2,"href":"https:\/\/brioultrasonics.com\/pt-pt\/wp-json\/wp\/v2\/product\/60081\/revisions"}],"predecessor-version":[{"id":64249,"href":"https:\/\/brioultrasonics.com\/pt-pt\/wp-json\/wp\/v2\/product\/60081\/revisions\/64249"}],"wp:featuredmedia":[{"embeddable":true,"href":"https:\/\/brioultrasonics.com\/pt-pt\/wp-json\/wp\/v2\/media\/59950"}],"wp:attachment":[{"href":"https:\/\/brioultrasonics.com\/pt-pt\/wp-json\/wp\/v2\/media?parent=60081"}],"wp:term":[{"taxonomy":"product_brand","embeddable":true,"href":"https:\/\/brioultrasonics.com\/pt-pt\/wp-json\/wp\/v2\/product_brand?post=60081"},{"taxonomy":"product_cat","embeddable":true,"href":"https:\/\/brioultrasonics.com\/pt-pt\/wp-json\/wp\/v2\/product_cat?post=60081"},{"taxonomy":"product_tag","embeddable":true,"href":"https:\/\/brioultrasonics.com\/pt-pt\/wp-json\/wp\/v2\/product_tag?post=60081"}],"curies":[{"name":"wp","href":"https:\/\/api.w.org\/{rel}","templated":true}]}}