{"id":60076,"date":"2024-05-22T13:35:18","date_gmt":"2024-05-22T11:35:18","guid":{"rendered":"https:\/\/quizzical-gagarin.31-170-100-185.plesk.page\/producto\/br-20-wt\/"},"modified":"2024-11-11T11:44:58","modified_gmt":"2024-11-11T10:44:58","slug":"br-20-wt","status":"publish","type":"product","link":"https:\/\/brioultrasonics.com\/pt-pt\/produto\/br-20-wt\/","title":{"rendered":"BR-20 WT"},"content":{"rendered":"<p>BR-20 WT &#8211; M\u00c1QUINA DE LIMPEZA POR ULTRASSONOGRAFIA<\/p>\n<p>Medi\u00e7\u00f5es externas da m\u00e1quina<br \/>\nMedidas internas do dep\u00f3sito<br \/>\nMedidas \u00fateis do cesto de trabalho<br \/>\nAltura do banco<br \/>\nCapacidade do dep\u00f3sito<br \/>\nPot\u00eancia do gerador ultrass\u00f3nico<br \/>\nFrequ\u00eancia de trabalho ultrass\u00f3nica<br \/>\nResist\u00eancia ao calor<\/p>\n<table>\n<tbody>\n<tr>\n<td>690 x 480 x 445 mm<\/td>\n<\/tr>\n<tr>\n<td>400 x 300 x 150 mm<\/td>\n<\/tr>\n<tr>\n<td>370 x 270 x 120 mm<\/td>\n<\/tr>\n<tr>\n<td>360 mm<\/td>\n<\/tr>\n<tr>\n<td>20 L<\/td>\n<\/tr>\n<tr>\n<td>500 W (1.000 W p-p)<\/td>\n<\/tr>\n<tr>\n<td>28\/40 kHz<\/td>\n<\/tr>\n<tr>\n<td>1 kW<\/td>\n<\/tr>\n<tr>\n<td colspan=\"2\"><strong>Painel de controlo anal\u00f3gico com term\u00f3stato digital para controlo de temperatura<\/strong><\/td>\n<\/tr>\n<tr>\n<td colspan=\"2\"><strong>Tampa manual com isolamento t\u00e9rmico opcional<\/strong><\/td>\n<\/tr>\n<tr>\n<td colspan=\"2\"><strong>Constru\u00e7\u00e3o em a\u00e7o INOX AISI 304\/316<\/strong><\/td>\n<\/tr>\n<\/tbody>\n<\/table>\n<p>&nbsp;<\/p>\n<p><strong>Descarregue a ficha t\u00e9cnica completa:<\/strong><\/p>\n<p><a href=\"https:\/\/brioultrasonics.com\/\/wp-content\/uploads\/2024\/06\/FICHA-TECNICA-BR-20-WT.pdf\" target=\"_blank\" rel=\"noopener\"><img decoding=\"async\" class=\"alignnone wp-image-1322 size-full\" src=\"https:\/\/brioultrasonics.com\/\/wp-content\/uploads\/2024\/05\/imagen-de-descarga.png\" alt=\"\" width=\"115\" height=\"150\" title=\"\"><\/a><\/p>\n","protected":false},"excerpt":{"rendered":"<p>BR-20 WT, equipamento manual de limpeza ultrass\u00f3nica de mesas. Capacidade de 20 litros. Tecnologia exclusiva <a href=\"https:\/\/www.metalia.es\/empresa.asp?id=1340&amp;empresa=Brio%20Ultrasonics%20-%20A&amp;J%20Tecno%20Innovacions,%20S.L.\">BRIO<\/a> tr\u00eas vezes mais eficiente que os sistemas convencionais.<\/p>\n","protected":false},"featured_media":59948,"comment_status":"open","ping_status":"closed","template":"","meta":{"_joinchat":[]},"product_brand":[],"product_cat":[100],"product_tag":[],"class_list":{"0":"post-60076","1":"product","2":"type-product","3":"status-publish","4":"has-post-thumbnail","6":"product_cat-serie-de-mesa-de-trabalho","8":"first","9":"instock","10":"shipping-taxable","11":"product-type-simple"},"_links":{"self":[{"href":"https:\/\/brioultrasonics.com\/pt-pt\/wp-json\/wp\/v2\/product\/60076","targetHints":{"allow":["GET"]}}],"collection":[{"href":"https:\/\/brioultrasonics.com\/pt-pt\/wp-json\/wp\/v2\/product"}],"about":[{"href":"https:\/\/brioultrasonics.com\/pt-pt\/wp-json\/wp\/v2\/types\/product"}],"replies":[{"embeddable":true,"href":"https:\/\/brioultrasonics.com\/pt-pt\/wp-json\/wp\/v2\/comments?post=60076"}],"version-history":[{"count":1,"href":"https:\/\/brioultrasonics.com\/pt-pt\/wp-json\/wp\/v2\/product\/60076\/revisions"}],"predecessor-version":[{"id":63555,"href":"https:\/\/brioultrasonics.com\/pt-pt\/wp-json\/wp\/v2\/product\/60076\/revisions\/63555"}],"wp:featuredmedia":[{"embeddable":true,"href":"https:\/\/brioultrasonics.com\/pt-pt\/wp-json\/wp\/v2\/media\/59948"}],"wp:attachment":[{"href":"https:\/\/brioultrasonics.com\/pt-pt\/wp-json\/wp\/v2\/media?parent=60076"}],"wp:term":[{"taxonomy":"product_brand","embeddable":true,"href":"https:\/\/brioultrasonics.com\/pt-pt\/wp-json\/wp\/v2\/product_brand?post=60076"},{"taxonomy":"product_cat","embeddable":true,"href":"https:\/\/brioultrasonics.com\/pt-pt\/wp-json\/wp\/v2\/product_cat?post=60076"},{"taxonomy":"product_tag","embeddable":true,"href":"https:\/\/brioultrasonics.com\/pt-pt\/wp-json\/wp\/v2\/product_tag?post=60076"}],"curies":[{"name":"wp","href":"https:\/\/api.w.org\/{rel}","templated":true}]}}