{"id":60065,"date":"2024-05-22T13:38:56","date_gmt":"2024-05-22T11:38:56","guid":{"rendered":"https:\/\/quizzical-gagarin.31-170-100-185.plesk.page\/producto\/br-6-wt\/"},"modified":"2024-11-27T08:21:46","modified_gmt":"2024-11-27T07:21:46","slug":"br-6-wt","status":"publish","type":"product","link":"https:\/\/brioultrasonics.com\/pt-pt\/produto\/br-6-wt\/","title":{"rendered":"BR-6 WT"},"content":{"rendered":"<p>BR-6 WT &#8211; SISTEMAS DE ULTRA-SONS.<\/p>\n<table>\n<tbody>\n<tr>\n<strong><\/p>\n<td>Medi\u00e7\u00f5es externas da m\u00e1quina<\/td>\n<p><\/strong><\/p>\n<td> 440 x 345 x 445 mm<\/td>\n<\/tr>\n<tr>\n<strong><\/p>\n<td>Medidas internas do dep\u00f3sito<\/td>\n<p><\/strong><\/p>\n<td> 250 x 170 x 150 mm<\/td>\n<\/tr>\n<tr>\n<td><strong>Medidas \u00fateis do cesto de trabalho<\/strong><\/td>\n<td> 220 x 140 x 120 mm<\/td>\n<\/tr>\n<tr>\n<strong><\/p>\n<td>Altura do banco<\/td>\n<p><\/strong><\/p>\n<td> 360 mm<\/td>\n<\/tr>\n<tr>\n<strong><\/p>\n<td>Capacidade do dep\u00f3sito<\/td>\n<p><\/strong><\/p>\n<td> 6 L<\/td>\n<\/tr>\n<tr>\n<strong><\/p>\n<td>Pot\u00eancia do gerador ultrass\u00f3nico<\/td>\n<p><\/strong><\/p>\n<td> 200 W (400 W p-p)<\/td>\n<\/tr>\n<tr>\n<strong><\/p>\n<td>Frequ\u00eancia de trabalho ultrass\u00f3nica<\/td>\n<p><\/strong><\/p>\n<td> 28\/40 kHz<\/td>\n<\/tr>\n<tr>\n<strong><\/p>\n<td>Resist\u00eancia ao calor<\/td>\n<p><\/strong><\/p>\n<td> 0,3 kW<\/td>\n<\/tr>\n<tr>\n<td colspan=\"2\"><strong>Painel de controlo anal\u00f3gico com term\u00f3stato digital para controlo de temperatura<\/strong><\/td>\n<\/tr>\n<tr>\n<td colspan=\"2\"><strong>Tampa manual com isolamento t\u00e9rmico opcional<\/strong><\/td>\n<\/tr>\n<tr>\n<td colspan=\"2\"><strong>Constru\u00e7\u00e3o em a\u00e7o INOX AISI 304\/316<\/strong><\/td>\n<\/tr>\n<\/tbody>\n<\/table>\n<p>&nbsp;<\/p>\n<p><strong>Descarregue a ficha t\u00e9cnica completa:<\/strong><\/p>\n<p><a href=\"https:\/\/brioultrasonics.com\/wp-content\/uploads\/2024\/06\/FICHA-TECNICA-BR-6-WT.pdf\" target=\"_blank\" rel=\"noopener\"><img decoding=\"async\" class=\"alignnone wp-image-1322 size-full\" src=\"https:\/\/brioultrasonics.com\/wp-content\/uploads\/2024\/05\/imagen-de-descarga.png\" alt=\"\" width=\"115\" height=\"150\" title=\"\"><\/a><\/p>\n","protected":false},"excerpt":{"rendered":"<p>Equipamento manual de limpeza ultrass\u00f3nica de secret\u00e1ria. Capacidade de 6 litros. Tecnologia exclusiva BRIO tr\u00eas vezes mais eficiente que os sistemas convencionais.  <\/p>\n<p>&nbsp;<\/p>\n<h3>EQUIPAMENTOS DE SEGURAN\u00c7A &#8211; SISTEMAS DE LIMPEZA POR ULTRASSONOGRAFIA<\/h3>\n<ul>\n<li>Interruptor principal.<\/li>\n<li>M\u00f3dulo de paragem de emerg\u00eancia.<\/li>\n<li><a href=\"https:\/\/automatismoindustrial.com\/curso-carnet-instalador-baja-tension\/oficinas-industria-comercio\/b-5-instalacion-de-locales-con-fines-especiales\/instalaciones-a-muy-baja-tension-de-seguridad\/\">MBTS<\/a> para o circuito de manobra.<\/li>\n<li>Isolamento t\u00e9rmico.<\/li>\n<li>Termostato digital.<\/li>\n<\/ul>\n","protected":false},"featured_media":59942,"comment_status":"open","ping_status":"closed","template":"","meta":{"_joinchat":[]},"product_brand":[],"product_cat":[100],"product_tag":[],"class_list":{"0":"post-60065","1":"product","2":"type-product","3":"status-publish","4":"has-post-thumbnail","6":"product_cat-serie-de-mesa-de-trabalho","8":"first","9":"instock","10":"shipping-taxable","11":"product-type-simple"},"_links":{"self":[{"href":"https:\/\/brioultrasonics.com\/pt-pt\/wp-json\/wp\/v2\/product\/60065","targetHints":{"allow":["GET"]}}],"collection":[{"href":"https:\/\/brioultrasonics.com\/pt-pt\/wp-json\/wp\/v2\/product"}],"about":[{"href":"https:\/\/brioultrasonics.com\/pt-pt\/wp-json\/wp\/v2\/types\/product"}],"replies":[{"embeddable":true,"href":"https:\/\/brioultrasonics.com\/pt-pt\/wp-json\/wp\/v2\/comments?post=60065"}],"version-history":[{"count":2,"href":"https:\/\/brioultrasonics.com\/pt-pt\/wp-json\/wp\/v2\/product\/60065\/revisions"}],"predecessor-version":[{"id":65287,"href":"https:\/\/brioultrasonics.com\/pt-pt\/wp-json\/wp\/v2\/product\/60065\/revisions\/65287"}],"wp:featuredmedia":[{"embeddable":true,"href":"https:\/\/brioultrasonics.com\/pt-pt\/wp-json\/wp\/v2\/media\/59942"}],"wp:attachment":[{"href":"https:\/\/brioultrasonics.com\/pt-pt\/wp-json\/wp\/v2\/media?parent=60065"}],"wp:term":[{"taxonomy":"product_brand","embeddable":true,"href":"https:\/\/brioultrasonics.com\/pt-pt\/wp-json\/wp\/v2\/product_brand?post=60065"},{"taxonomy":"product_cat","embeddable":true,"href":"https:\/\/brioultrasonics.com\/pt-pt\/wp-json\/wp\/v2\/product_cat?post=60065"},{"taxonomy":"product_tag","embeddable":true,"href":"https:\/\/brioultrasonics.com\/pt-pt\/wp-json\/wp\/v2\/product_tag?post=60065"}],"curies":[{"name":"wp","href":"https:\/\/api.w.org\/{rel}","templated":true}]}}