{"id":59871,"date":"2024-05-22T13:52:02","date_gmt":"2024-05-22T11:52:02","guid":{"rendered":"https:\/\/quizzical-gagarin.31-170-100-185.plesk.page\/producto\/br-10-lab-plus\/"},"modified":"2024-11-14T08:32:53","modified_gmt":"2024-11-14T07:32:53","slug":"br-10-lab-plus","status":"publish","type":"product","link":"https:\/\/brioultrasonics.com\/pt-pt\/produto\/br-10-lab-plus\/","title":{"rendered":"BR-10 Lab Plus"},"content":{"rendered":"<p>BR-10 Lab Plus &#8211; Limpeza ultrass\u00f3nica.<\/p>\n<table>\n<tbody>\n<tr>\n<strong><\/p>\n<td>Medi\u00e7\u00f5es externas da m\u00e1quina<\/td>\n<p><\/strong><\/p>\n<td> 330 x 270 x 310 mm<\/td>\n<\/tr>\n<tr>\n<strong><\/p>\n<td>Medidas internas do dep\u00f3sito<\/td>\n<p><\/strong><\/p>\n<td> 300 x 240 x 150 mm<\/td>\n<\/tr>\n<tr>\n<strong><\/p>\n<td>Medidas \u00fateis do cesto de trabalho<\/td>\n<p><\/strong><\/p>\n<td> 260 x 200 x 100 mm<\/td>\n<\/tr>\n<tr>\n<strong><\/p>\n<td>Capacidade do dep\u00f3sito<\/td>\n<p><\/strong><\/p>\n<td> 10 L<\/td>\n<\/tr>\n<tr>\n<strong><\/p>\n<td>Pot\u00eancia do gerador ultrass\u00f3nico<\/td>\n<p><\/strong><\/p>\n<td> 240 W (480 W p-p)<\/td>\n<\/tr>\n<tr>\n<strong><\/p>\n<td>Frequ\u00eancias de trabalho ultrass\u00f3nicas<\/td>\n<p><\/strong><\/p>\n<td> 40\/33 kHz<\/td>\n<\/tr>\n<tr>\n<strong><\/p>\n<td>Pot\u00eancia de aquecimento<\/td>\n<p><\/strong><\/p>\n<td> 300 W<\/td>\n<\/tr>\n<tr>\n<td colspan=\"2\"><strong>Painel de controlo anal\u00f3gico com term\u00f3stato digital para controlo de temperatura<\/strong><\/td>\n<\/tr>\n<tr>\n<td colspan=\"2\"><strong>Cobertura em AISI 304 \u201cfim do dia\u201d.<\/strong><\/td>\n<\/tr>\n<tr>\n<td colspan=\"2\"><strong>V\u00e1lvula de drenagem em a\u00e7o inoxid\u00e1vel.<\/strong><\/td>\n<\/tr>\n<tr>\n<td colspan=\"2\"><strong>Cesta de trabalho inclu\u00edda. Constru\u00eddo em a\u00e7o inoxid\u00e1vel AISI 304. <\/strong><\/td>\n<\/tr>\n<tr>\n<td colspan=\"2\"><strong>Constru\u00e7\u00e3o em a\u00e7o INOX AISI 304\/316<\/strong><\/td>\n<\/tr>\n<\/tbody>\n<\/table>\n<p>&nbsp;<\/p>\n<p>&nbsp;<\/p>\n<p><strong>Descarregue a ficha t\u00e9cnica completa:<\/strong><\/p>\n<p><a href=\"https:\/\/brioultrasonics.com\/\/wp-content\/uploads\/2024\/06\/FICHA-TECNICA-BR-10-LAB-PlUS.pdf\" target=\"_blank\" rel=\"noopener\"><img decoding=\"async\" class=\"alignnone wp-image-1322 size-full\" src=\"https:\/\/brioultrasonics.com\/\/wp-content\/uploads\/2024\/05\/imagen-de-descarga.png\" alt=\"\" width=\"115\" height=\"150\" title=\"\"><\/a><\/p>\n","protected":false},"excerpt":{"rendered":"<p>Equipamento manual de limpeza ultrass\u00f3nica de secret\u00e1ria. Capacidade de 10<a href=\"https:\/\/es.wikipedia.org\/wiki\/Litro#:~:text=Definici%C3%B3n,-Ma%C3%9Fkr%C3%BCge%2C%20jarras%20de&amp;text=Un%20litro%20se%20define%20como,volumen)%20es%20exactamente%201000%20L.\">L<\/a>. Tecnologia exclusiva BRIO com bifrequ\u00eancia e fun\u00e7\u00f5es que potenciam o ciclo de limpeza. M\u00e1quina concebida para os setores de investiga\u00e7\u00e3o, medicina, veterin\u00e1ria, joalharia, etc.   <\/p>\n<p>&nbsp;<\/p>\n<h4>FUN\u00c7\u00d5ES DE LIMPEZA POR ULTRASSONOGRAFIA<\/h4>\n<table>\n<tbody>\n<tr>\n<td><strong>Trabalhe a 40 e 33 kHz.<\/strong><\/td>\n<td> 1. 40 Khz: Frequ\u00eancia mais adequada para sujidades ligeiras, com aplica\u00e7\u00f5es nos sectores laboratorial, m\u00e9dico, \u00f3ptico, relojoeiro, etc. 2. 33 kHz: Esta frequ\u00eancia proporciona uma maior intensidade de limpeza, sendo mais indicada para remover sujidades fortemente aderidas \u00e0s pe\u00e7as. <\/p>\n<\/td>\n<\/tr>\n<tr>\n<td><strong>Stop &amp; Go bifrequ\u00eancia.<\/strong><\/td>\n<td>Funcionamento intermitente a 40\/33 kHz com pausas interm\u00e9dias. Esta fun\u00e7\u00e3o submete as pe\u00e7as a impulsos vari\u00e1veis de vibra\u00e7\u00e3o ultrass\u00f3nica, permitindo uma melhor remo\u00e7\u00e3o da sujidade presente em cavidades e outros pontos de dif\u00edcil acesso. <\/td>\n<\/tr>\n<tr>\n<td><strong>Fun\u00e7\u00e3o de varrimento de frequ\u00eancia.<\/strong><\/td>\n<td>Varia\u00e7\u00e3o progressiva de uma frequ\u00eancia para outra. Esta varia\u00e7\u00e3o permite uma altera\u00e7\u00e3o progressiva da intensidade da limpeza que favorece a remo\u00e7\u00e3o da sujidade. <\/td>\n<\/tr>\n<tr>\n<td><strong>Temporizador de trabalho ultrass\u00f3nico.<\/strong><\/td>\n<td>Permite definir um tempo de trabalho entre 1 e 99 minutos.<\/td>\n<\/tr>\n<tr>\n<td><strong>Termostato digital integrado.<\/strong><\/td>\n<td>Permite definir a temperatura de trabalho do equipamento at\u00e9 80 \u00baC. O R <\/td>\n<\/tr>\n<\/tbody>\n<\/table>\n<p>&nbsp;<\/p>\n<p>O painel de controlo \u00e9 simples e intuitivo. A partir dele \u00e9 poss\u00edvel selecionar a frequ\u00eancia de trabalho, as fun\u00e7\u00f5es de bifrequ\u00eancia para potenciar o efeito do banho, controlo da temperatura e iniciar\/parar os ultrassons. Limpeza ultrass\u00f3nica. Equipamento concebido para uma f\u00e1cil manobrabilidade e transporte. Adaptam-se a qualquer espa\u00e7o de trabalho como laborat\u00f3rios ou oficinas. As pegas laterais integradas permitem que sejam deslocados sem perigo de tombar. Possuem p\u00e9s de borracha antiderrapantes.      <\/p>\n<p>&nbsp;<\/p>\n<p>Ecografias BRIO em equipamentos de laborat\u00f3rio compactos. Equipamento de secret\u00e1ria perfeito para higienizar e tratar pe\u00e7as de rel\u00f3gios, \u00f3ticas, joias, ferramentas m\u00e9dicas e dent\u00e1rias e muito mais. Com tecnologia bifrequ\u00eancia e fun\u00e7\u00f5es exclusivas para potenciar o efeito de limpeza e adaptar-se a todos os tipos de sujidade e exig\u00eancias de cada setor. F\u00e1cil de transportar. Dispon\u00edvel em volumes de 3 L a 30 L. Limpeza ultrass\u00f3nica.   <\/p>\n","protected":false},"featured_media":59872,"comment_status":"open","ping_status":"closed","template":"","meta":{"_joinchat":[]},"product_brand":[],"product_cat":[95],"product_tag":[],"class_list":{"0":"post-59871","1":"product","2":"type-product","3":"status-publish","4":"has-post-thumbnail","6":"product_cat-serie-labplus-pt-pt","8":"first","9":"instock","10":"shipping-taxable","11":"product-type-simple"},"_links":{"self":[{"href":"https:\/\/brioultrasonics.com\/pt-pt\/wp-json\/wp\/v2\/product\/59871","targetHints":{"allow":["GET"]}}],"collection":[{"href":"https:\/\/brioultrasonics.com\/pt-pt\/wp-json\/wp\/v2\/product"}],"about":[{"href":"https:\/\/brioultrasonics.com\/pt-pt\/wp-json\/wp\/v2\/types\/product"}],"replies":[{"embeddable":true,"href":"https:\/\/brioultrasonics.com\/pt-pt\/wp-json\/wp\/v2\/comments?post=59871"}],"version-history":[{"count":2,"href":"https:\/\/brioultrasonics.com\/pt-pt\/wp-json\/wp\/v2\/product\/59871\/revisions"}],"predecessor-version":[{"id":64239,"href":"https:\/\/brioultrasonics.com\/pt-pt\/wp-json\/wp\/v2\/product\/59871\/revisions\/64239"}],"wp:featuredmedia":[{"embeddable":true,"href":"https:\/\/brioultrasonics.com\/pt-pt\/wp-json\/wp\/v2\/media\/59872"}],"wp:attachment":[{"href":"https:\/\/brioultrasonics.com\/pt-pt\/wp-json\/wp\/v2\/media?parent=59871"}],"wp:term":[{"taxonomy":"product_brand","embeddable":true,"href":"https:\/\/brioultrasonics.com\/pt-pt\/wp-json\/wp\/v2\/product_brand?post=59871"},{"taxonomy":"product_cat","embeddable":true,"href":"https:\/\/brioultrasonics.com\/pt-pt\/wp-json\/wp\/v2\/product_cat?post=59871"},{"taxonomy":"product_tag","embeddable":true,"href":"https:\/\/brioultrasonics.com\/pt-pt\/wp-json\/wp\/v2\/product_tag?post=59871"}],"curies":[{"name":"wp","href":"https:\/\/api.w.org\/{rel}","templated":true}]}}