{"id":59613,"date":"2024-05-22T10:05:54","date_gmt":"2024-05-22T08:05:54","guid":{"rendered":"https:\/\/quizzical-gagarin.31-170-100-185.plesk.page\/setores-e-aplicacoes\/industria-alimentar\/"},"modified":"2024-11-22T08:40:29","modified_gmt":"2024-11-22T07:40:29","slug":"industria-alimentar","status":"publish","type":"page","link":"https:\/\/brioultrasonics.com\/pt-pt\/setores-e-aplicacoes\/industria-alimentar\/","title":{"rendered":"Ind\u00fastria alimentar"},"content":{"rendered":"\t\t<div data-elementor-type=\"wp-page\" data-elementor-id=\"59613\" class=\"elementor elementor-59613 elementor-1763\" data-elementor-post-type=\"page\">\n\t\t\t\t<div class=\"elementor-element elementor-element-5e89fc7 e-flex e-con-boxed e-con e-parent\" data-id=\"5e89fc7\" data-element_type=\"container\" data-e-type=\"container\" data-settings=\"{&quot;background_background&quot;:&quot;classic&quot;}\">\n\t\t\t\t\t<div class=\"e-con-inner\">\n\t\t\t\t<div class=\"elementor-element elementor-element-f43458f elementor-widget elementor-widget-heading\" data-id=\"f43458f\" data-element_type=\"widget\" data-e-type=\"widget\" data-widget_type=\"heading.default\">\n\t\t\t\t<div class=\"elementor-widget-container\">\n\t\t\t\t\t<h2 class=\"elementor-heading-title elementor-size-default\">Ind\u00fastria alimentar<\/h2>\t\t\t\t<\/div>\n\t\t\t\t<\/div>\n\t\t\t\t\t<\/div>\n\t\t\t\t<\/div>\n\t\t<div class=\"elementor-element elementor-element-04cc2fa e-flex e-con-boxed e-con e-parent\" data-id=\"04cc2fa\" data-element_type=\"container\" data-e-type=\"container\">\n\t\t\t\t\t<div class=\"e-con-inner\">\n\t\t<div class=\"elementor-element elementor-element-c2e8cb3 e-con-full e-flex e-con e-child\" data-id=\"c2e8cb3\" data-element_type=\"container\" data-e-type=\"container\">\n\t\t\t\t<div class=\"elementor-element elementor-element-c59b902 elementor-widget elementor-widget-template\" data-id=\"c59b902\" data-element_type=\"widget\" data-e-type=\"widget\" data-widget_type=\"template.default\">\n\t\t\t\t<div class=\"elementor-widget-container\">\n\t\t\t\t\t\t\t<div class=\"elementor-template\">\n\t\t\t\t\t<div data-elementor-type=\"container\" data-elementor-id=\"60340\" class=\"elementor elementor-60340 elementor-56900 elementor-56900\" data-elementor-post-type=\"elementor_library\">\n\t\t\t\t<div class=\"elementor-element elementor-element-501d555 e-flex e-con-boxed e-con e-child\" data-id=\"501d555\" data-element_type=\"container\" data-e-type=\"container\" data-settings=\"{&quot;background_background&quot;:&quot;classic&quot;}\">\n\t\t\t\t\t<div class=\"e-con-inner\">\n\t\t\t\t<div class=\"elementor-element elementor-element-ad22995 elementor-widget elementor-widget-heading\" data-id=\"ad22995\" data-element_type=\"widget\" data-e-type=\"widget\" data-widget_type=\"heading.default\">\n\t\t\t\t<div class=\"elementor-widget-container\">\n\t\t\t\t\t<p class=\"elementor-heading-title elementor-size-default\">Cat\u00e1logo<\/p>\t\t\t\t<\/div>\n\t\t\t\t<\/div>\n\t\t\t\t<div class=\"elementor-element elementor-element-8fbe9e3 elementor-widget elementor-widget-text-editor\" data-id=\"8fbe9e3\" data-element_type=\"widget\" data-e-type=\"widget\" data-widget_type=\"text-editor.default\">\n\t\t\t\t<div class=\"elementor-widget-container\">\n\t\t\t\t\t\t\t\t\t<p>Descarregue o nosso cat\u00e1logo com todas as informa\u00e7\u00f5es sobre a nossa tecnologia, equipamentos e aplica\u00e7\u00f5es.<\/p>\t\t\t\t\t\t\t\t<\/div>\n\t\t\t\t<\/div>\n\t\t\t\t<div class=\"elementor-element elementor-element-13a1c18 elementor-align-center elementor-widget elementor-widget-button\" data-id=\"13a1c18\" data-element_type=\"widget\" data-e-type=\"widget\" data-widget_type=\"button.default\">\n\t\t\t\t<div class=\"elementor-widget-container\">\n\t\t\t\t\t\t\t\t\t<div class=\"elementor-button-wrapper\">\n\t\t\t\t\t<a class=\"elementor-button elementor-button-link elementor-size-sm\" href=\"https:\/\/brioultrasonics.com\/wp-content\/uploads\/2024\/06\/Catalogo-BRIO-Ultrasonics-2024-.pdf\" target=\"_blank\">\n\t\t\t\t\t\t<span class=\"elementor-button-content-wrapper\">\n\t\t\t\t\t\t\t\t\t<span class=\"elementor-button-text\">Baixar PDF<\/span>\n\t\t\t\t\t<\/span>\n\t\t\t\t\t<\/a>\n\t\t\t\t<\/div>\n\t\t\t\t\t\t\t\t<\/div>\n\t\t\t\t<\/div>\n\t\t\t\t\t<\/div>\n\t\t\t\t<\/div>\n\t\t\t\t<\/div>\n\t\t\t\t<\/div>\n\t\t\t\t\t\t<\/div>\n\t\t\t\t<\/div>\n\t\t\t\t<div class=\"elementor-element elementor-element-916f2c3 elementor-widget elementor-widget-template\" data-id=\"916f2c3\" data-element_type=\"widget\" data-e-type=\"widget\" data-widget_type=\"template.default\">\n\t\t\t\t<div class=\"elementor-widget-container\">\n\t\t\t\t\t\t\t<div class=\"elementor-template\">\n\t\t\t\t\t<div data-elementor-type=\"container\" data-elementor-id=\"60330\" class=\"elementor elementor-60330 elementor-56903 elementor-56903\" data-elementor-post-type=\"elementor_library\">\n\t\t\t\t<div class=\"elementor-element elementor-element-c0aebd9 e-flex e-con-boxed e-con e-child\" data-id=\"c0aebd9\" data-element_type=\"container\" data-e-type=\"container\" data-settings=\"{&quot;background_background&quot;:&quot;classic&quot;}\">\n\t\t\t\t\t<div class=\"e-con-inner\">\n\t\t\t\t<div class=\"elementor-element elementor-element-7669a04 elementor-widget elementor-widget-heading\" data-id=\"7669a04\" data-element_type=\"widget\" data-e-type=\"widget\" data-widget_type=\"heading.default\">\n\t\t\t\t<div class=\"elementor-widget-container\">\n\t\t\t\t\t<p class=\"elementor-heading-title elementor-size-default\">O que precisa?<\/p>\t\t\t\t<\/div>\n\t\t\t\t<\/div>\n\t\t\t\t<div class=\"elementor-element elementor-element-540f1ca elementor-widget elementor-widget-text-editor\" data-id=\"540f1ca\" data-element_type=\"widget\" data-e-type=\"widget\" data-widget_type=\"text-editor.default\">\n\t\t\t\t<div class=\"elementor-widget-container\">\n\t\t\t\t\t\t\t\t\t<p style=\"margin: 0px 0px 1em; padding: 0px; border: 0px; font-variant-numeric: inherit; font-variant-east-asian: inherit; font-variant-alternates: inherit; font-variant-position: inherit; font-stretch: inherit; line-height: inherit; font-family: Rubik; font-optical-sizing: inherit; font-kerning: inherit; font-feature-settings: inherit; font-variation-settings: inherit; vertical-align: baseline; background-color: #00b1aa;\">ligue-nos sem compromisso<br \/><strong style=\"margin: 0px; padding: 0px; border: 0px; font-style: inherit; font-variant: inherit; font-weight: bold; font-stretch: inherit; font-size: inherit; line-height: inherit; font-family: inherit; font-optical-sizing: inherit; font-kerning: inherit; font-feature-settings: inherit; font-variation-settings: inherit; vertical-align: baseline;\"><span style=\"margin: 0px; padding: 0px; border: 0px; font-style: inherit; font-variant: inherit; font-weight: inherit; font-stretch: inherit; font-size: 22px; line-height: inherit; font-family: inherit; font-optical-sizing: inherit; font-kerning: inherit; font-feature-settings: inherit; font-variation-settings: inherit; vertical-align: baseline;\"><a style=\"color: #ffffff; transition: all 0.3s ease 0s; border-bottom: 1px solid transparent; font-size: inherit; font-weight: inherit;\" href=\"tel:+34961341109\">+ (34) 961-341-109<\/a><\/span><\/strong><\/p>\n<p style=\"margin: 0px 0px 1em; padding: 0px; border: 0px; font-variant-numeric: inherit; font-variant-east-asian: inherit; font-variant-alternates: inherit; font-variant-position: inherit; font-stretch: inherit; line-height: inherit; font-family: Rubik; font-optical-sizing: inherit; font-kerning: inherit; font-feature-settings: inherit; font-variation-settings: inherit; vertical-align: baseline; background-color: #00b1aa;\"><a style=\"color: #ffffff; transition: all 0.3s ease 0s; border-bottom: 1px solid transparent;\" href=\"mailto:info@brioultrasonics.com\">Escreva-nos para <strong style=\"margin: 0px; padding: 0px; border: 0px; font-style: inherit; font-variant: inherit; font-weight: bold; font-stretch: inherit; font-size: inherit; line-height: inherit; font-family: inherit; font-optical-sizing: inherit; font-kerning: inherit; font-feature-settings: inherit; font-variation-settings: inherit; vertical-align: baseline;\">info@brioultrasonics.com<\/strong><\/a><\/p>\n<p><span style=\"background-color: #00b1aa; font-family: Rubik; color: var( --e-global-color-b59310b ); font-weight: var( --e-global-typography-text-font-weight ); font-size: 1rem;\">Ou preencha o formul\u00e1rio<\/span> <span style=\"background-color: var( --e-global-color-e0fbf92 ); color: var( --e-global-color-b59310b ); font-family: var( --e-global-typography-text-font-family ), Sans-serif; font-size: 1rem; font-weight: var( --e-global-typography-text-font-weight );\">o<\/span><\/p>\n\t\t\t\t\t\t\t\t<\/div>\n\t\t\t\t<\/div>\n\t\t\t\t<div class=\"elementor-element elementor-element-01665c7 elementor-align-center elementor-widget elementor-widget-button\" data-id=\"01665c7\" data-element_type=\"widget\" data-e-type=\"widget\" data-widget_type=\"button.default\">\n\t\t\t\t<div class=\"elementor-widget-container\">\n\t\t\t\t\t\t\t\t\t<div class=\"elementor-button-wrapper\">\n\t\t\t\t\t<a class=\"elementor-button elementor-button-link elementor-size-sm\" href=\"https:\/\/brioultrasonics.com\/pt-pt\/contato\/\">\n\t\t\t\t\t\t<span class=\"elementor-button-content-wrapper\">\n\t\t\t\t\t\t\t\t\t<span class=\"elementor-button-text\">Contate-nos<\/span>\n\t\t\t\t\t<\/span>\n\t\t\t\t\t<\/a>\n\t\t\t\t<\/div>\n\t\t\t\t\t\t\t\t<\/div>\n\t\t\t\t<\/div>\n\t\t\t\t\t<\/div>\n\t\t\t\t<\/div>\n\t\t\t\t<\/div>\n\t\t\t\t<\/div>\n\t\t\t\t\t\t<\/div>\n\t\t\t\t<\/div>\n\t\t\t\t<\/div>\n\t\t<div class=\"elementor-element elementor-element-03622d3 e-con-full e-flex e-con e-child\" data-id=\"03622d3\" data-element_type=\"container\" data-e-type=\"container\">\n\t\t\t\t<div class=\"elementor-element elementor-element-acf059d elementor-widget elementor-widget-heading\" data-id=\"acf059d\" data-element_type=\"widget\" data-e-type=\"widget\" data-widget_type=\"heading.default\">\n\t\t\t\t<div class=\"elementor-widget-container\">\n\t\t\t\t\t<h2 class=\"elementor-heading-title elementor-size-default\">Solu\u00e7\u00f5es abrangentes<br><b>para a ind\u00fastria alimentar<\/b><\/h2>\t\t\t\t<\/div>\n\t\t\t\t<\/div>\n\t\t\t\t<div class=\"elementor-element elementor-element-8b11f04 elementor-widget__width-initial elementor-widget elementor-widget-text-editor\" data-id=\"8b11f04\" data-element_type=\"widget\" data-e-type=\"widget\" data-widget_type=\"text-editor.default\">\n\t\t\t\t<div class=\"elementor-widget-container\">\n\t\t\t\t\t\t\t\t\t<p><strong>Ind\u00fastria alimentar. A nossa linha BR FOOD \u00e9 desenvolvida exclusivamente para cumprir as normas de limpeza, higieniza\u00e7\u00e3o e desinfe\u00e7\u00e3o do setor alimentar. <\/strong> Proporcionamos resultados de <strong>higiene superiores na elimina\u00e7\u00e3o de gorduras, \u00f3leos, res\u00edduos, marcas de queimado, calc\u00e1rio e outros tipos de sujidades t\u00edpicas do setor. <\/strong>Tudo isto em qualquer tipo de material, incluindo os mais comuns:  <strong>A\u00e7o INOX e pl\u00e1sticos. As nossas m\u00e1quinas cumprem elevados padr\u00f5es de seguran\u00e7a e limpeza alimentar.  <\/strong>Colaboramos tamb\u00e9m com a<b> Betelgeux para ter os melhores detergentes aplicados no setor alimentar.<\/b> <\/p>\n<p>Desenvolvemos <strong>equipamentos BR FOOD espec\u00edficos para abate, tostagem, eviscera\u00e7\u00e3o, corte e outras<\/strong> linhas relacionadas com a produ\u00e7\u00e3o de carne de aves. Fabricamos tamb\u00e9m equipamentos integrados em <strong>linhas de transporte de carne de porco e de bovino e para a limpeza de formas e cabides de alimentos<\/strong>. Dependendo das necessidades do cliente, desenvolvemos sistemas modulares multicelulares com <strong>etapas de limpeza, enxaguamento e secagem.<\/strong>  <\/p>\n<p>As nossas m\u00e1quinas podem ser continuamente integradas nas linhas de processo de qualquer instala\u00e7\u00e3o, com um <strong>design e fabrico personalizados<\/strong>. Dispomos tamb\u00e9m de equipamentos standard da nossa <strong><a href=\"https:\/\/brioultrasonics.com\/equipos-de-limpieza-ultrasonica\/serie-manual\/\">s\u00e9rie Manual <\/a>ou <a href=\"https:\/\/brioultrasonics.com\/equipos-de-limpieza-ultrasonica\/serie-pro\/\">PRO <\/a>(equipamentos autom\u00e1ticos), adaptados \u00e0s necessidades do sector alimentar. <\/strong>Todos eles contam com a nossa exclusiva tecnologia de limpeza ultrass\u00f3nica com a qual conseguimos grandes <strong>resultados na limpeza de paletes, tabuleiros, suportes, ganchos, processos cont\u00ednuos, etc.<\/strong><\/p>\n<p>O valor diferencial dos nossos equipamentos est\u00e1 na rela\u00e7\u00e3o entre <strong>desempenho, qualidade e fiabilidade<\/strong>, muito superior aos sistemas atualmente dispon\u00edveis no mercado. Tudo isto se traduz em <strong>elevadas poupan\u00e7as de consumo, tempo, m\u00e3o-de-obra, energia e optimiza\u00e7\u00e3o de custos.<\/strong> Estas vantagens s\u00e3o poss\u00edveis gra\u00e7as \u00e0 nossa tecnologia \u00fanica, com <strong>otimiza\u00e7\u00f5es exclusivas para o setor alimentar, resultado de mais de 10 anos de I+D+i e de escuta dos nossos clientes.<\/strong>  <\/p>\n<p>Para mais informa\u00e7\u00f5es sobre os nossos equipamentos <strong>BR FOOD<\/strong> para a ind\u00fastria alimentar, e qualquer estudo de viabilidade e redu\u00e7\u00e3o de custos, por favor <a href=\"https:\/\/brioultrasonics.com\/contacto\/\"><em>contacte o nosso departamento comercial sem compromisso.<\/em><\/a><\/p>\n\t\t\t\t\t\t\t\t<\/div>\n\t\t\t\t<\/div>\n\t\t<div class=\"elementor-element elementor-element-716d9cb e-flex e-con-boxed e-con e-child\" data-id=\"716d9cb\" data-element_type=\"container\" data-e-type=\"container\">\n\t\t\t\t\t<div class=\"e-con-inner\">\n\t\t<div class=\"elementor-element elementor-element-cc98e9f e-flex e-con-boxed e-con e-child\" data-id=\"cc98e9f\" data-element_type=\"container\" data-e-type=\"container\">\n\t\t\t\t\t<div class=\"e-con-inner\">\n\t\t<div class=\"elementor-element elementor-element-a56f285 e-con-full e-flex e-con e-child\" data-id=\"a56f285\" data-element_type=\"container\" data-e-type=\"container\">\n\t\t\t\t<div class=\"elementor-element elementor-element-1be1a4e elementor-widget elementor-widget-heading\" data-id=\"1be1a4e\" data-element_type=\"widget\" data-e-type=\"widget\" data-widget_type=\"heading.default\">\n\t\t\t\t<div class=\"elementor-widget-container\">\n\t\t\t\t\t<h2 class=\"elementor-heading-title elementor-size-default\">Relat\u00f3rio de desinfe\u00e7\u00e3o BR-FOOD<\/h2>\t\t\t\t<\/div>\n\t\t\t\t<\/div>\n\t\t\t\t<div class=\"elementor-element elementor-element-4f3e57e elementor-widget elementor-widget-text-editor\" data-id=\"4f3e57e\" data-element_type=\"widget\" data-e-type=\"widget\" data-widget_type=\"text-editor.default\">\n\t\t\t\t<div class=\"elementor-widget-container\">\n\t\t\t\t\t\t\t\t\t<p>Descubra as nossas m\u00e1quinas padr\u00e3o, resultados de limpeza e produtos qu\u00edmicos.<\/p>\n\t\t\t\t\t\t\t\t<\/div>\n\t\t\t\t<\/div>\n\t\t\t\t<\/div>\n\t\t<div class=\"elementor-element elementor-element-3c6a18d e-con-full e-flex e-con e-child\" data-id=\"3c6a18d\" data-element_type=\"container\" data-e-type=\"container\">\n\t\t\t\t<div class=\"elementor-element elementor-element-8c1dd5f elementor-align-right elementor-widget elementor-widget-button\" data-id=\"8c1dd5f\" data-element_type=\"widget\" data-e-type=\"widget\" data-widget_type=\"button.default\">\n\t\t\t\t<div class=\"elementor-widget-container\">\n\t\t\t\t\t\t\t\t\t<div class=\"elementor-button-wrapper\">\n\t\t\t\t\t<a class=\"elementor-button elementor-button-link elementor-size-sm\" href=\"#\">\n\t\t\t\t\t\t<span class=\"elementor-button-content-wrapper\">\n\t\t\t\t\t\t<span class=\"elementor-button-icon\">\n\t\t\t\t<svg aria-hidden=\"true\" class=\"e-font-icon-svg e-fas-arrow-right\" viewBox=\"0 0 448 512\" xmlns=\"http:\/\/www.w3.org\/2000\/svg\"><path d=\"M190.5 66.9l22.2-22.2c9.4-9.4 24.6-9.4 33.9 0L441 239c9.4 9.4 9.4 24.6 0 33.9L246.6 467.3c-9.4 9.4-24.6 9.4-33.9 0l-22.2-22.2c-9.5-9.5-9.3-25 .4-34.3L311.4 296H24c-13.3 0-24-10.7-24-24v-32c0-13.3 10.7-24 24-24h287.4L190.9 101.2c-9.8-9.3-10-24.8-.4-34.3z\"><\/path><\/svg>\t\t\t<\/span>\n\t\t\t\t\t\t\t\t\t<span class=\"elementor-button-text\">Ver mais<\/span>\n\t\t\t\t\t<\/span>\n\t\t\t\t\t<\/a>\n\t\t\t\t<\/div>\n\t\t\t\t\t\t\t\t<\/div>\n\t\t\t\t<\/div>\n\t\t\t\t<\/div>\n\t\t\t\t\t<\/div>\n\t\t\t\t<\/div>\n\t\t\t\t\t<\/div>\n\t\t\t\t<\/div>\n\t\t\t\t<div class=\"elementor-element elementor-element-d91e750 elementor-widget elementor-widget-video\" data-id=\"d91e750\" data-element_type=\"widget\" data-e-type=\"widget\" data-settings=\"{&quot;youtube_url&quot;:&quot;https:\\\/\\\/youtu.be\\\/ezoRef3_ZbY&quot;,&quot;video_type&quot;:&quot;youtube&quot;,&quot;controls&quot;:&quot;yes&quot;}\" data-widget_type=\"video.default\">\n\t\t\t\t<div class=\"elementor-widget-container\">\n\t\t\t\t\t\t\t<div class=\"elementor-wrapper elementor-open-inline\">\n\t\t\t<div class=\"elementor-video\"><\/div>\t\t<\/div>\n\t\t\t\t\t\t<\/div>\n\t\t\t\t<\/div>\n\t\t\t\t<div class=\"elementor-element elementor-element-fe9861a elementor-widget elementor-widget-video\" data-id=\"fe9861a\" data-element_type=\"widget\" data-e-type=\"widget\" data-settings=\"{&quot;youtube_url&quot;:&quot;https:\\\/\\\/youtu.be\\\/i7QgfuLE2PI&quot;,&quot;video_type&quot;:&quot;youtube&quot;,&quot;controls&quot;:&quot;yes&quot;}\" data-widget_type=\"video.default\">\n\t\t\t\t<div class=\"elementor-widget-container\">\n\t\t\t\t\t\t\t<div class=\"elementor-wrapper elementor-open-inline\">\n\t\t\t<div class=\"elementor-video\"><\/div>\t\t<\/div>\n\t\t\t\t\t\t<\/div>\n\t\t\t\t<\/div>\n\t\t\t\t<div class=\"elementor-element elementor-element-79f796d elementor-widget elementor-widget-image\" data-id=\"79f796d\" data-element_type=\"widget\" data-e-type=\"widget\" data-widget_type=\"image.default\">\n\t\t\t\t<div class=\"elementor-widget-container\">\n\t\t\t\t\t\t\t\t\t\t\t\t\t\t\t<img decoding=\"async\" src=\"https:\/\/brioultrasonics.com\/wp-content\/uploads\/2024\/05\/BR-FOOD-PO-6K.jpg\" title=\"BR-FOOD-PO-6K\" alt=\"m\u00e1quina de limpeza de alimentos\" loading=\"lazy\" \/>\t\t\t\t\t\t\t\t\t\t\t\t\t\t\t<\/div>\n\t\t\t\t<\/div>\n\t\t\t\t<div class=\"elementor-element elementor-element-e41fc1e elementor-widget elementor-widget-image\" data-id=\"e41fc1e\" data-element_type=\"widget\" data-e-type=\"widget\" data-widget_type=\"image.default\">\n\t\t\t\t<div class=\"elementor-widget-container\">\n\t\t\t\t\t\t\t\t\t\t\t\t\t\t\t<img fetchpriority=\"high\" decoding=\"async\" width=\"1000\" height=\"646\" src=\"https:\/\/brioultrasonics.com\/wp-content\/uploads\/2024\/05\/BRIO-BR-FOOD-maquina-ganchos-pollos-oreo.jpg\" class=\"attachment-full size-full wp-image-59616\" alt=\"ind\u00fastria alimentar\" srcset=\"https:\/\/brioultrasonics.com\/wp-content\/uploads\/2024\/05\/BRIO-BR-FOOD-maquina-ganchos-pollos-oreo.jpg 1000w, https:\/\/brioultrasonics.com\/wp-content\/uploads\/2024\/05\/BRIO-BR-FOOD-maquina-ganchos-pollos-oreo-600x388.jpg 600w, https:\/\/brioultrasonics.com\/wp-content\/uploads\/2024\/05\/BRIO-BR-FOOD-maquina-ganchos-pollos-oreo-300x194.jpg 300w, https:\/\/brioultrasonics.com\/wp-content\/uploads\/2024\/05\/BRIO-BR-FOOD-maquina-ganchos-pollos-oreo-768x496.jpg 768w\" sizes=\"(max-width: 1000px) 100vw, 1000px\" title=\"\">\t\t\t\t\t\t\t\t\t\t\t\t\t\t\t<\/div>\n\t\t\t\t<\/div>\n\t\t\t\t<\/div>\n\t\t\t\t\t<\/div>\n\t\t\t\t<\/div>\n\t\t\t\t<\/div>\n\t\t","protected":false},"excerpt":{"rendered":"<p>Ind\u00fastria alimentar Solu\u00e7\u00f5es abrangentespara a ind\u00fastria alimentar Ind\u00fastria alimentar. A nossa linha BR FOOD \u00e9 desenvolvida exclusivamente para cumprir as normas de limpeza, higieniza\u00e7\u00e3o e desinfe\u00e7\u00e3o do setor alimentar. Proporcionamos resultados de higiene superiores na elimina\u00e7\u00e3o de gorduras, \u00f3leos, res\u00edduos, marcas de queimado, calc\u00e1rio e outros tipos de sujidades t\u00edpicas do setor. Tudo isto em [&hellip;]<\/p>\n","protected":false},"author":1,"featured_media":0,"parent":59574,"menu_order":0,"comment_status":"closed","ping_status":"closed","template":"","meta":{"_joinchat":[],"footnotes":""},"class_list":["post-59613","page","type-page","status-publish","hentry"],"_links":{"self":[{"href":"https:\/\/brioultrasonics.com\/pt-pt\/wp-json\/wp\/v2\/pages\/59613","targetHints":{"allow":["GET"]}}],"collection":[{"href":"https:\/\/brioultrasonics.com\/pt-pt\/wp-json\/wp\/v2\/pages"}],"about":[{"href":"https:\/\/brioultrasonics.com\/pt-pt\/wp-json\/wp\/v2\/types\/page"}],"author":[{"embeddable":true,"href":"https:\/\/brioultrasonics.com\/pt-pt\/wp-json\/wp\/v2\/users\/1"}],"replies":[{"embeddable":true,"href":"https:\/\/brioultrasonics.com\/pt-pt\/wp-json\/wp\/v2\/comments?post=59613"}],"version-history":[{"count":2,"href":"https:\/\/brioultrasonics.com\/pt-pt\/wp-json\/wp\/v2\/pages\/59613\/revisions"}],"predecessor-version":[{"id":64644,"href":"https:\/\/brioultrasonics.com\/pt-pt\/wp-json\/wp\/v2\/pages\/59613\/revisions\/64644"}],"up":[{"embeddable":true,"href":"https:\/\/brioultrasonics.com\/pt-pt\/wp-json\/wp\/v2\/pages\/59574"}],"wp:attachment":[{"href":"https:\/\/brioultrasonics.com\/pt-pt\/wp-json\/wp\/v2\/media?parent=59613"}],"curies":[{"name":"wp","href":"https:\/\/api.w.org\/{rel}","templated":true}]}}