{"id":59604,"date":"2024-06-03T11:05:34","date_gmt":"2024-06-03T09:05:34","guid":{"rendered":"https:\/\/quizzical-gagarin.31-170-100-185.plesk.page\/subsidios-fundos-ivace-e-feder\/"},"modified":"2025-04-11T11:23:14","modified_gmt":"2025-04-11T09:23:14","slug":"subsidios-fundos-ivace-e-feder","status":"publish","type":"page","link":"https:\/\/brioultrasonics.com\/pt-pt\/subsidios-fundos-ivace-e-feder\/","title":{"rendered":"Subs\u00eddios, fundos IVACE e FEDER"},"content":{"rendered":"\t\t<div data-elementor-type=\"wp-page\" data-elementor-id=\"59604\" class=\"elementor elementor-59604 elementor-2491\" data-elementor-post-type=\"page\">\n\t\t\t\t<div class=\"elementor-element elementor-element-9bc3bee e-flex e-con-boxed e-con e-parent\" data-id=\"9bc3bee\" data-element_type=\"container\" data-e-type=\"container\">\n\t\t\t\t\t<div class=\"e-con-inner\">\n\t\t<div class=\"elementor-element elementor-element-9073d7c e-flex e-con-boxed e-con e-child\" data-id=\"9073d7c\" data-element_type=\"container\" data-e-type=\"container\">\n\t\t\t\t\t<div class=\"e-con-inner\">\n\t\t\t\t<div class=\"elementor-element elementor-element-501b8e5 elementor-widget elementor-widget-heading\" data-id=\"501b8e5\" data-element_type=\"widget\" data-e-type=\"widget\" data-widget_type=\"heading.default\">\n\t\t\t\t<div class=\"elementor-widget-container\">\n\t\t\t\t\t<h2 class=\"elementor-heading-title elementor-size-default\"><b>Subven\u00e7\u00f5es e aux\u00edlios. Internacionaliza\u00e7\u00e3o, fundos IVACE e FEDER <\/b><\/h2>\t\t\t\t<\/div>\n\t\t\t\t<\/div>\n\t\t\t\t<div class=\"elementor-element elementor-element-b7fb50e elementor-widget elementor-widget-text-editor\" data-id=\"b7fb50e\" data-element_type=\"widget\" data-e-type=\"widget\" data-widget_type=\"text-editor.default\">\n\t\t\t\t<div class=\"elementor-widget-container\">\n\t\t\t\t\t\t\t\t\t<p>A&amp;J Tecno Innovacions S.L. tem sido benefici\u00e1rio do Fundo Europeu de Desenvolvimento Regional cujo objetivo \u00e9 melhorar a competitividade das PME e gra\u00e7as ao qual lan\u00e7ou um Plano de Internacionaliza\u00e7\u00e3o com o objetivo de melhorar o seu posicionamento competitivo no estrangeiro. O projeto de internacionaliza\u00e7\u00e3o foi selecionado no \u00e2mbito do Programa Operacional FEDER da Comunidade Valenciana 2014-2020 e 2021-2027 e foi refor\u00e7ado atrav\u00e9s de diversas iniciativas e programas. <\/p>\n<p>Gra\u00e7as ao Fundo Europeu de Desenvolvimento Regional, a A&amp;J Tecno Innovacions SL lan\u00e7ou tamb\u00e9m um Plano Internacional de Marketing Digital com o objetivo de melhorar o seu posicionamento online nos mercados estrangeiros durante os anos de 2019, 2020, 2021 e 2022. Para isso, teve o apoio do Programa XPANDE DIGITAL da C\u00e2mara de Com\u00e9rcio de Val\u00eancia. <\/p>\n<p>Al\u00e9m disso, foram propostos e desenvolvidos programas de mentoria e apoio do IVACE (Instituto Valenciano de Competitividade Empresarial) para a internacionaliza\u00e7\u00e3o das PME de 2017 a 2022 inclusive. <span style=\"color: var( --e-global-color-text ); font-family: var( --e-global-typography-text-font-family ), Sans-serif; font-size: 1rem; font-weight: var( --e-global-typography-text-font-weight ); text-align: var(--text-align);\"> <\/span><\/p>\n<p>Como resultado destes tutoriais e com a colabora\u00e7\u00e3o das referidas ajudas e fundos, conseguimos desenvolver a nossa nova marca, BRIO Ultrasonics, orientada para o mercado externo. Posteriormente, desenvolvemos as nossas principais ferramentas de comunica\u00e7\u00e3o: o nosso site e um novo cat\u00e1logo. Traduzimos estes materiais para v\u00e1rias l\u00ednguas europeias, desenvolvemos e implement\u00e1mos o nosso plano de exporta\u00e7\u00e3o. Com estes materiais come\u00e7\u00e1mos a realizar prospe\u00e7\u00f5es, inclu\u00edmos os nossos produtos em portais e plataformas online e pass\u00e1mos a participar em feiras no estrangeiro. Tudo isto visando conquistar novos clientes e distribuidores.    <\/p>\n<p>Em 2021, gra\u00e7as ao programa de apoio ao acompanhamento de tutoriais IVACE, continuamos a refor\u00e7ar as a\u00e7\u00f5es dos planos de marketing e exporta\u00e7\u00e3o desenvolvidos gra\u00e7as aos apoios e tutorias anteriores. Entre as a\u00e7\u00f5es desenvolvidas est\u00e3o a tradu\u00e7\u00e3o do site para italiano e a participa\u00e7\u00e3o em plataformas digitais industriais que demonstraram maior efic\u00e1cia para o nosso tipo de produto ap\u00f3s a experi\u00eancia adquirida nos anos anteriores. <\/p>\n<p>Gra\u00e7as a estes programas e fundos FEDER temos sido assessorados em imagem de marca, comunica\u00e7\u00e3o internacional, in\u00edcio de exporta\u00e7\u00f5es e adapta\u00e7\u00e3o dos nossos meios digitais e estrat\u00e9gias de marketing online para o mercado internacional atrav\u00e9s da mentoria EXPORNET. Por outro lado, o programa Xpande Digital da C\u00e2mara de Com\u00e9rcio de Val\u00eancia ajudou-nos a refor\u00e7ar a nossa presen\u00e7a nos mercados franc\u00eas, alem\u00e3o e belga gra\u00e7as ao aconselhamento e ajuda financeira para a realiza\u00e7\u00e3o de diversas a\u00e7\u00f5es de marketing digital nestes mercados. <\/p>\n<p><span style=\"color: var( --e-global-color-text ); font-family: var( --e-global-typography-text-font-family ), Sans-serif; font-weight: var( --e-global-typography-text-font-weight ); text-align: var(--text-align); font-size: 1rem;\">Em 2023, recebemos subs\u00eddios para apoiar a promo\u00e7\u00e3o internacional da Comunidade Valenciana. O nosso processo INTPRM\/2023\/1124 recebeu 14.785,78 \u20ac. <\/span><\/p>\n<p>Em 2024, <span style=\"text-align: var(--text-align);\">fomos contemplados com 2 bolsas:<\/span><\/p>\n<p>-Expediente N\u00ba: INTPRM\/2024\/1158. Ayudas al Impulso a la internacionalizaci\u00f3n de pymes exportadoras de la Comunidad Valenciana para el ejercicio 2024. El expediente ha sido beneficiado con<span style=\"color: var( --e-global-color-text ); font-family: var( --e-global-typography-text-font-family ), Sans-serif; font-weight: var( --e-global-typography-text-font-weight ); text-align: var(--text-align); font-size: 1rem;\"> 11.904,17\u20ac.<\/span>  <\/p>\n<p>-Financiamento do projeto <strong>SOUNDSFOOD<\/strong>, limpeza ultrass\u00f3nica para grandes superf\u00edcies de processamento de elementos. Pela Dire\u00e7\u00e3o Geral do CDTI no \u00e2mbito da concess\u00e3o de subs\u00eddios de 2024 para projetos de I&amp;D selecionados no \u00e2mbito dos Programas <strong>Interempresariais Internacionais Eurostars-3<\/strong>, Associa\u00e7\u00f5es Cofinanciadas e do Programa Estrat\u00e9gico Coreia-Espanha. O processo foi premiado com 270.326,18\u20ac.  <\/p>\n\t\t\t\t\t\t\t\t<\/div>\n\t\t\t\t<\/div>\n\t\t<div class=\"elementor-element elementor-element-9ca189d e-grid e-con-full e-con e-child\" data-id=\"9ca189d\" data-element_type=\"container\" data-e-type=\"container\">\n\t\t\t\t<div class=\"elementor-element elementor-element-acd94e5 elementor-widget elementor-widget-image\" data-id=\"acd94e5\" data-element_type=\"widget\" data-e-type=\"widget\" data-widget_type=\"image.default\">\n\t\t\t\t<div class=\"elementor-widget-container\">\n\t\t\t\t\t\t\t\t\t\t\t\t\t\t\t<img decoding=\"async\" width=\"300\" height=\"160\" src=\"https:\/\/brioultrasonics.com\/wp-content\/uploads\/2025\/03\/GVA-conselleria-industria-300x160.png\" class=\"attachment-medium size-medium wp-image-67979\" alt=\"\" srcset=\"https:\/\/brioultrasonics.com\/wp-content\/uploads\/2025\/03\/GVA-conselleria-industria-300x160.png 300w, https:\/\/brioultrasonics.com\/wp-content\/uploads\/2025\/03\/GVA-conselleria-industria-1024x545.png 1024w, https:\/\/brioultrasonics.com\/wp-content\/uploads\/2025\/03\/GVA-conselleria-industria-768x409.png 768w, https:\/\/brioultrasonics.com\/wp-content\/uploads\/2025\/03\/GVA-conselleria-industria-600x319.png 600w, https:\/\/brioultrasonics.com\/wp-content\/uploads\/2025\/03\/GVA-conselleria-industria.png 1052w\" sizes=\"(max-width: 300px) 100vw, 300px\" title=\"\">\t\t\t\t\t\t\t\t\t\t\t\t\t\t\t<\/div>\n\t\t\t\t<\/div>\n\t\t\t\t<div class=\"elementor-element elementor-element-611b847 elementor-widget elementor-widget-text-editor\" data-id=\"611b847\" data-element_type=\"widget\" data-e-type=\"widget\" data-widget_type=\"text-editor.default\">\n\t\t\t\t<div class=\"elementor-widget-container\">\n\t\t\t\t\t\t\t\t\t<p><strong>AJUDA PARA IMPULSIONAR A INTERNACIONALIZA\u00c7\u00c3O DAS PME EXPORTADORAS NA COMUNIDADE VALENCIANA 2024.<br \/><\/strong>Valor recebido: <span style=\"color: var( --e-global-color-text ); font-family: var( --e-global-typography-text-font-family ), Sans-serif; font-weight: var( --e-global-typography-text-font-weight ); text-align: var(--text-align); font-size: 1rem;\">11.904,17\u20ac.<\/span><\/p>\n\t\t\t\t\t\t\t\t<\/div>\n\t\t\t\t<\/div>\n\t\t\t\t<\/div>\n\t\t\t\t\t<\/div>\n\t\t\t\t<\/div>\n\t\t<div class=\"elementor-element elementor-element-b170ce6 e-grid e-con-full e-con e-child\" data-id=\"b170ce6\" data-element_type=\"container\" data-e-type=\"container\">\n\t\t\t\t<div class=\"elementor-element elementor-element-c0ae103 elementor-widget elementor-widget-image\" data-id=\"c0ae103\" data-element_type=\"widget\" data-e-type=\"widget\" data-widget_type=\"image.default\">\n\t\t\t\t<div class=\"elementor-widget-container\">\n\t\t\t\t\t\t\t\t\t\t\t\t\t\t\t<img decoding=\"async\" width=\"300\" height=\"141\" src=\"https:\/\/brioultrasonics.com\/wp-content\/uploads\/2025\/03\/CDTI-1200x565-1-300x141.png\" class=\"attachment-medium size-medium wp-image-67996\" alt=\"\" srcset=\"https:\/\/brioultrasonics.com\/wp-content\/uploads\/2025\/03\/CDTI-1200x565-1-300x141.png 300w, https:\/\/brioultrasonics.com\/wp-content\/uploads\/2025\/03\/CDTI-1200x565-1-1024x482.png 1024w, https:\/\/brioultrasonics.com\/wp-content\/uploads\/2025\/03\/CDTI-1200x565-1-768x362.png 768w, https:\/\/brioultrasonics.com\/wp-content\/uploads\/2025\/03\/CDTI-1200x565-1-600x283.png 600w, https:\/\/brioultrasonics.com\/wp-content\/uploads\/2025\/03\/CDTI-1200x565-1.png 1200w\" sizes=\"(max-width: 300px) 100vw, 300px\" title=\"\">\t\t\t\t\t\t\t\t\t\t\t\t\t\t\t<\/div>\n\t\t\t\t<\/div>\n\t\t\t\t<div class=\"elementor-element elementor-element-60239b5 elementor-widget elementor-widget-text-editor\" data-id=\"60239b5\" data-element_type=\"widget\" data-e-type=\"widget\" data-widget_type=\"text-editor.default\">\n\t\t\t\t<div class=\"elementor-widget-container\">\n\t\t\t\t\t\t\t\t\t<p><strong>APOIO AO PROJETO DE I&amp;D SOUNDFOOD, LIMPEZA ULTRASSONICAS DE SUPERF\u00cdCIES DE PROCESSAMENTO DE GRANDES ELEMENTOS.<br \/><\/strong>Montante recebido: \u20ac 270.326,18.<\/p>\n\t\t\t\t\t\t\t\t<\/div>\n\t\t\t\t<\/div>\n\t\t\t\t<\/div>\n\t\t\t\t\t<\/div>\n\t\t\t\t<\/div>\n\t\t<div class=\"elementor-element elementor-element-df177f2 e-flex e-con-boxed e-con e-parent\" data-id=\"df177f2\" data-element_type=\"container\" data-e-type=\"container\">\n\t\t\t\t\t<div class=\"e-con-inner\">\n\t\t\t\t<div class=\"elementor-element elementor-element-021b97b elementor-widget elementor-widget-image\" data-id=\"021b97b\" data-element_type=\"widget\" data-e-type=\"widget\" data-widget_type=\"image.default\">\n\t\t\t\t<div class=\"elementor-widget-container\">\n\t\t\t\t\t\t\t\t\t\t\t\t\t\t\t<img fetchpriority=\"high\" decoding=\"async\" width=\"1498\" height=\"680\" src=\"https:\/\/brioultrasonics.com\/wp-content\/uploads\/2024\/06\/FEDER2-declaracion-IVACE-proyectos.png\" class=\"attachment-full size-full wp-image-59605\" alt=\"Subs\u00eddios da Uni\u00e3o Europeia\" srcset=\"https:\/\/brioultrasonics.com\/wp-content\/uploads\/2024\/06\/FEDER2-declaracion-IVACE-proyectos.png 1498w, https:\/\/brioultrasonics.com\/wp-content\/uploads\/2024\/06\/FEDER2-declaracion-IVACE-proyectos-300x136.png 300w, https:\/\/brioultrasonics.com\/wp-content\/uploads\/2024\/06\/FEDER2-declaracion-IVACE-proyectos-1024x465.png 1024w, https:\/\/brioultrasonics.com\/wp-content\/uploads\/2024\/06\/FEDER2-declaracion-IVACE-proyectos-768x349.png 768w, https:\/\/brioultrasonics.com\/wp-content\/uploads\/2024\/06\/FEDER2-declaracion-IVACE-proyectos-600x272.png 600w\" sizes=\"(max-width: 1498px) 100vw, 1498px\" title=\"\">\t\t\t\t\t\t\t\t\t\t\t\t\t\t\t<\/div>\n\t\t\t\t<\/div>\n\t\t\t\t\t<\/div>\n\t\t\t\t<\/div>\n\t\t<div class=\"elementor-element elementor-element-02af323 e-flex e-con-boxed e-con e-parent\" data-id=\"02af323\" data-element_type=\"container\" data-e-type=\"container\">\n\t\t\t\t\t<div class=\"e-con-inner\">\n\t\t<div class=\"elementor-element elementor-element-4ac6b0f e-con-full e-flex e-con e-child\" data-id=\"4ac6b0f\" data-element_type=\"container\" data-e-type=\"container\">\n\t\t\t\t<div class=\"elementor-element elementor-element-8ba158c elementor-widget elementor-widget-image\" data-id=\"8ba158c\" data-element_type=\"widget\" data-e-type=\"widget\" data-widget_type=\"image.default\">\n\t\t\t\t<div class=\"elementor-widget-container\">\n\t\t\t\t\t\t\t\t\t\t\t\t\t\t\t<img loading=\"lazy\" decoding=\"async\" width=\"768\" height=\"476\" src=\"https:\/\/brioultrasonics.com\/wp-content\/uploads\/2024\/06\/INTASVAL_AJ_-BRIO_IVACE_FEDER-768x476-1.png\" class=\"attachment-large size-large wp-image-59607\" alt=\"Fundos FEDER\" srcset=\"https:\/\/brioultrasonics.com\/wp-content\/uploads\/2024\/06\/INTASVAL_AJ_-BRIO_IVACE_FEDER-768x476-1.png 768w, https:\/\/brioultrasonics.com\/wp-content\/uploads\/2024\/06\/INTASVAL_AJ_-BRIO_IVACE_FEDER-768x476-1-300x186.png 300w, https:\/\/brioultrasonics.com\/wp-content\/uploads\/2024\/06\/INTASVAL_AJ_-BRIO_IVACE_FEDER-768x476-1-600x372.png 600w\" sizes=\"(max-width: 768px) 100vw, 768px\" title=\"\">\t\t\t\t\t\t\t\t\t\t\t\t\t\t\t<\/div>\n\t\t\t\t<\/div>\n\t\t\t\t<div class=\"elementor-element elementor-element-7c81942 elementor-widget elementor-widget-text-editor\" data-id=\"7c81942\" data-element_type=\"widget\" data-e-type=\"widget\" data-widget_type=\"text-editor.default\">\n\t\t\t\t<div class=\"elementor-widget-container\">\n\t\t\t\t\t\t\t\t\t<p>INTASVAL e AJ TECNO &#8211; BRIO. Tutoria de inicia\u00e7\u00e3o \u00e0 exporta\u00e7\u00e3o subsidiada pelo FEDER. <\/p>\n\t\t\t\t\t\t\t\t<\/div>\n\t\t\t\t<\/div>\n\t\t\t\t<\/div>\n\t\t<div class=\"elementor-element elementor-element-14eaccb e-con-full e-flex e-con e-child\" data-id=\"14eaccb\" data-element_type=\"container\" data-e-type=\"container\">\n\t\t\t\t<div class=\"elementor-element elementor-element-b259122 elementor-widget elementor-widget-image\" data-id=\"b259122\" data-element_type=\"widget\" data-e-type=\"widget\" data-widget_type=\"image.default\">\n\t\t\t\t<div class=\"elementor-widget-container\">\n\t\t\t\t\t\t\t\t\t\t\t\t\t\t\t<img loading=\"lazy\" decoding=\"async\" width=\"768\" height=\"475\" src=\"https:\/\/brioultrasonics.com\/wp-content\/uploads\/2024\/06\/IVACE_FEDER_oficinas_AJ-768x475-1.jpg\" class=\"attachment-large size-large wp-image-59606\" alt=\"Subs\u00eddios\" srcset=\"https:\/\/brioultrasonics.com\/wp-content\/uploads\/2024\/06\/IVACE_FEDER_oficinas_AJ-768x475-1.jpg 768w, https:\/\/brioultrasonics.com\/wp-content\/uploads\/2024\/06\/IVACE_FEDER_oficinas_AJ-768x475-1-300x186.jpg 300w, https:\/\/brioultrasonics.com\/wp-content\/uploads\/2024\/06\/IVACE_FEDER_oficinas_AJ-768x475-1-600x371.jpg 600w\" sizes=\"(max-width: 768px) 100vw, 768px\" title=\"\">\t\t\t\t\t\t\t\t\t\t\t\t\t\t\t<\/div>\n\t\t\t\t<\/div>\n\t\t\t\t<div class=\"elementor-element elementor-element-b834820 elementor-widget elementor-widget-text-editor\" data-id=\"b834820\" data-element_type=\"widget\" data-e-type=\"widget\" data-widget_type=\"text-editor.default\">\n\t\t\t\t<div class=\"elementor-widget-container\">\n\t\t\t\t\t\t\t\t\t<p>Escrit\u00f3rios AJ TECNO com quadro representativo dos aux\u00edlios dos fundos IVACE e FEDER<\/p>\n\t\t\t\t\t\t\t\t<\/div>\n\t\t\t\t<\/div>\n\t\t\t\t<\/div>\n\t\t\t\t\t<\/div>\n\t\t\t\t<\/div>\n\t\t<div class=\"elementor-element elementor-element-88e3bf5 e-flex e-con-boxed e-con e-parent\" data-id=\"88e3bf5\" data-element_type=\"container\" data-e-type=\"container\">\n\t\t\t\t\t<div class=\"e-con-inner\">\n\t\t\t\t<div class=\"elementor-element elementor-element-3cb6ec4 elementor-widget elementor-widget-image\" data-id=\"3cb6ec4\" data-element_type=\"widget\" data-e-type=\"widget\" data-widget_type=\"image.default\">\n\t\t\t\t<div class=\"elementor-widget-container\">\n\t\t\t\t\t\t\t\t\t\t\t\t\t\t\t<img loading=\"lazy\" decoding=\"async\" width=\"1536\" height=\"166\" src=\"https:\/\/brioultrasonics.com\/wp-content\/uploads\/2024\/06\/Cofinanciado-UE-IVACE-1536x166-1.jpg\" class=\"attachment-full size-full wp-image-59608\" alt=\"Subs\u00eddios IVACE\" srcset=\"https:\/\/brioultrasonics.com\/wp-content\/uploads\/2024\/06\/Cofinanciado-UE-IVACE-1536x166-1.jpg 1536w, https:\/\/brioultrasonics.com\/wp-content\/uploads\/2024\/06\/Cofinanciado-UE-IVACE-1536x166-1-300x32.jpg 300w, https:\/\/brioultrasonics.com\/wp-content\/uploads\/2024\/06\/Cofinanciado-UE-IVACE-1536x166-1-1024x111.jpg 1024w, https:\/\/brioultrasonics.com\/wp-content\/uploads\/2024\/06\/Cofinanciado-UE-IVACE-1536x166-1-768x83.jpg 768w, https:\/\/brioultrasonics.com\/wp-content\/uploads\/2024\/06\/Cofinanciado-UE-IVACE-1536x166-1-600x65.jpg 600w\" sizes=\"(max-width: 1536px) 100vw, 1536px\" title=\"\">\t\t\t\t\t\t\t\t\t\t\t\t\t\t\t<\/div>\n\t\t\t\t<\/div>\n\t\t\t\t\t<\/div>\n\t\t\t\t<\/div>\n\t\t<div class=\"elementor-element elementor-element-d94d4be e-flex e-con-boxed e-con e-parent\" data-id=\"d94d4be\" data-element_type=\"container\" data-e-type=\"container\">\n\t\t\t\t\t<div class=\"e-con-inner\">\n\t\t<div class=\"elementor-element elementor-element-eaae678 e-con-full e-flex e-con e-child\" data-id=\"eaae678\" data-element_type=\"container\" data-e-type=\"container\">\n\t\t\t\t<div class=\"elementor-element elementor-element-5e6004e elementor-widget elementor-widget-image\" data-id=\"5e6004e\" data-element_type=\"widget\" data-e-type=\"widget\" data-widget_type=\"image.default\">\n\t\t\t\t<div class=\"elementor-widget-container\">\n\t\t\t\t\t\t\t\t\t\t\t\t\t\t\t<img loading=\"lazy\" decoding=\"async\" width=\"630\" height=\"200\" src=\"https:\/\/brioultrasonics.com\/wp-content\/uploads\/2024\/06\/Camara-de-Espana_Color-630x200-1.png\" class=\"attachment-large size-large wp-image-59609\" alt=\"a red text on a black background\" srcset=\"https:\/\/brioultrasonics.com\/wp-content\/uploads\/2024\/06\/Camara-de-Espana_Color-630x200-1.png 630w, https:\/\/brioultrasonics.com\/wp-content\/uploads\/2024\/06\/Camara-de-Espana_Color-630x200-1-300x95.png 300w, https:\/\/brioultrasonics.com\/wp-content\/uploads\/2024\/06\/Camara-de-Espana_Color-630x200-1-600x190.png 600w\" sizes=\"(max-width: 630px) 100vw, 630px\" title=\"\">\t\t\t\t\t\t\t\t\t\t\t\t\t\t\t<\/div>\n\t\t\t\t<\/div>\n\t\t\t\t<\/div>\n\t\t<div class=\"elementor-element elementor-element-79e0189 e-con-full e-flex e-con e-child\" data-id=\"79e0189\" data-element_type=\"container\" data-e-type=\"container\">\n\t\t\t\t<div class=\"elementor-element elementor-element-509a105 elementor-widget elementor-widget-image\" data-id=\"509a105\" data-element_type=\"widget\" data-e-type=\"widget\" data-widget_type=\"image.default\">\n\t\t\t\t<div class=\"elementor-widget-container\">\n\t\t\t\t\t\t\t\t\t\t\t\t\t\t\t<img loading=\"lazy\" decoding=\"async\" width=\"420\" height=\"131\" src=\"https:\/\/brioultrasonics.com\/wp-content\/uploads\/2024\/06\/logo-camara-420x131-1.png\" class=\"attachment-large size-large wp-image-59610\" alt=\"c\u00e2mera val\u00eancia\" srcset=\"https:\/\/brioultrasonics.com\/wp-content\/uploads\/2024\/06\/logo-camara-420x131-1.png 420w, https:\/\/brioultrasonics.com\/wp-content\/uploads\/2024\/06\/logo-camara-420x131-1-300x94.png 300w\" sizes=\"(max-width: 420px) 100vw, 420px\" title=\"\">\t\t\t\t\t\t\t\t\t\t\t\t\t\t\t<\/div>\n\t\t\t\t<\/div>\n\t\t\t\t<\/div>\n\t\t<div class=\"elementor-element elementor-element-7c9839d e-con-full e-flex e-con e-child\" data-id=\"7c9839d\" data-element_type=\"container\" data-e-type=\"container\">\n\t\t\t\t<div class=\"elementor-element elementor-element-4509362 elementor-widget elementor-widget-image\" data-id=\"4509362\" data-element_type=\"widget\" data-e-type=\"widget\" data-widget_type=\"image.default\">\n\t\t\t\t<div class=\"elementor-widget-container\">\n\t\t\t\t\t\t\t\t\t\t\t\t\t\t\t<img loading=\"lazy\" decoding=\"async\" width=\"630\" height=\"201\" src=\"https:\/\/brioultrasonics.com\/wp-content\/uploads\/2024\/06\/Programa_XpandeDigital-630x201-1.png\" class=\"attachment-large size-large wp-image-59611\" alt=\"IVACE FEDER\" srcset=\"https:\/\/brioultrasonics.com\/wp-content\/uploads\/2024\/06\/Programa_XpandeDigital-630x201-1.png 630w, https:\/\/brioultrasonics.com\/wp-content\/uploads\/2024\/06\/Programa_XpandeDigital-630x201-1-300x96.png 300w, https:\/\/brioultrasonics.com\/wp-content\/uploads\/2024\/06\/Programa_XpandeDigital-630x201-1-600x191.png 600w\" sizes=\"(max-width: 630px) 100vw, 630px\" title=\"\">\t\t\t\t\t\t\t\t\t\t\t\t\t\t\t<\/div>\n\t\t\t\t<\/div>\n\t\t\t\t<\/div>\n\t\t\t\t\t<\/div>\n\t\t\t\t<\/div>\n\t\t\t\t<\/div>\n\t\t","protected":false},"excerpt":{"rendered":"<p>Subven\u00e7\u00f5es e aux\u00edlios. Internacionaliza\u00e7\u00e3o, fundos IVACE e FEDER A&amp;J Tecno Innovacions S.L. tem sido benefici\u00e1rio do Fundo Europeu de Desenvolvimento Regional cujo objetivo \u00e9 melhorar a competitividade das PME e gra\u00e7as ao qual lan\u00e7ou um Plano de Internacionaliza\u00e7\u00e3o com o objetivo de melhorar o seu posicionamento competitivo no estrangeiro. O projeto de internacionaliza\u00e7\u00e3o foi selecionado [&hellip;]<\/p>\n","protected":false},"author":1,"featured_media":0,"parent":0,"menu_order":0,"comment_status":"closed","ping_status":"closed","template":"","meta":{"_joinchat":[],"footnotes":""},"class_list":["post-59604","page","type-page","status-publish","hentry"],"_links":{"self":[{"href":"https:\/\/brioultrasonics.com\/pt-pt\/wp-json\/wp\/v2\/pages\/59604","targetHints":{"allow":["GET"]}}],"collection":[{"href":"https:\/\/brioultrasonics.com\/pt-pt\/wp-json\/wp\/v2\/pages"}],"about":[{"href":"https:\/\/brioultrasonics.com\/pt-pt\/wp-json\/wp\/v2\/types\/page"}],"author":[{"embeddable":true,"href":"https:\/\/brioultrasonics.com\/pt-pt\/wp-json\/wp\/v2\/users\/1"}],"replies":[{"embeddable":true,"href":"https:\/\/brioultrasonics.com\/pt-pt\/wp-json\/wp\/v2\/comments?post=59604"}],"version-history":[{"count":2,"href":"https:\/\/brioultrasonics.com\/pt-pt\/wp-json\/wp\/v2\/pages\/59604\/revisions"}],"predecessor-version":[{"id":68354,"href":"https:\/\/brioultrasonics.com\/pt-pt\/wp-json\/wp\/v2\/pages\/59604\/revisions\/68354"}],"wp:attachment":[{"href":"https:\/\/brioultrasonics.com\/pt-pt\/wp-json\/wp\/v2\/media?parent=59604"}],"curies":[{"name":"wp","href":"https:\/\/api.w.org\/{rel}","templated":true}]}}