{"id":59557,"date":"2024-04-18T00:51:14","date_gmt":"2024-04-17T22:51:14","guid":{"rendered":"https:\/\/quizzical-gagarin.31-170-100-185.plesk.page\/projetos\/"},"modified":"2024-11-26T14:42:48","modified_gmt":"2024-11-26T13:42:48","slug":"projetos","status":"publish","type":"page","link":"https:\/\/brioultrasonics.com\/pt-pt\/projetos\/","title":{"rendered":"Projetos"},"content":{"rendered":"\t\t<div data-elementor-type=\"wp-page\" data-elementor-id=\"59557\" class=\"elementor elementor-59557 elementor-29\" data-elementor-post-type=\"page\">\n\t\t\t\t<div class=\"elementor-element elementor-element-59634e76 e-flex e-con-boxed e-con e-parent\" data-id=\"59634e76\" data-element_type=\"container\" data-e-type=\"container\" data-settings=\"{&quot;background_background&quot;:&quot;classic&quot;}\">\n\t\t\t\t\t<div class=\"e-con-inner\">\n\t\t\t\t<div class=\"elementor-element elementor-element-4a18f94 elementor-widget elementor-widget-heading\" data-id=\"4a18f94\" data-element_type=\"widget\" data-e-type=\"widget\" data-widget_type=\"heading.default\">\n\t\t\t\t<div class=\"elementor-widget-container\">\n\t\t\t\t\t<h2 class=\"elementor-heading-title elementor-size-default\">Os nossos projetos<\/h2>\t\t\t\t<\/div>\n\t\t\t\t<\/div>\n\t\t\t\t\t<\/div>\n\t\t\t\t<\/div>\n\t\t<div class=\"elementor-element elementor-element-540b2153 e-flex e-con-boxed e-con e-parent\" data-id=\"540b2153\" data-element_type=\"container\" data-e-type=\"container\">\n\t\t\t\t\t<div class=\"e-con-inner\">\n\t\t<div class=\"elementor-element elementor-element-3a9ccc9e e-con-full e-flex e-con e-child\" data-id=\"3a9ccc9e\" data-element_type=\"container\" data-e-type=\"container\">\n\t\t\t\t<div class=\"elementor-element elementor-element-9430c45 elementor-widget elementor-widget-template\" data-id=\"9430c45\" data-element_type=\"widget\" data-e-type=\"widget\" data-widget_type=\"template.default\">\n\t\t\t\t<div class=\"elementor-widget-container\">\n\t\t\t\t\t\t\t<div class=\"elementor-template\">\n\t\t\t\t\t<div data-elementor-type=\"container\" data-elementor-id=\"60340\" class=\"elementor elementor-60340 elementor-56900 elementor-56900\" data-elementor-post-type=\"elementor_library\">\n\t\t\t\t<div class=\"elementor-element elementor-element-501d555 e-flex e-con-boxed e-con e-child\" data-id=\"501d555\" data-element_type=\"container\" data-e-type=\"container\" data-settings=\"{&quot;background_background&quot;:&quot;classic&quot;}\">\n\t\t\t\t\t<div class=\"e-con-inner\">\n\t\t\t\t<div class=\"elementor-element elementor-element-ad22995 elementor-widget elementor-widget-heading\" data-id=\"ad22995\" data-element_type=\"widget\" data-e-type=\"widget\" data-widget_type=\"heading.default\">\n\t\t\t\t<div class=\"elementor-widget-container\">\n\t\t\t\t\t<p class=\"elementor-heading-title elementor-size-default\">Cat\u00e1logo<\/p>\t\t\t\t<\/div>\n\t\t\t\t<\/div>\n\t\t\t\t<div class=\"elementor-element elementor-element-8fbe9e3 elementor-widget elementor-widget-text-editor\" data-id=\"8fbe9e3\" data-element_type=\"widget\" data-e-type=\"widget\" data-widget_type=\"text-editor.default\">\n\t\t\t\t<div class=\"elementor-widget-container\">\n\t\t\t\t\t\t\t\t\t<p>Descarregue o nosso cat\u00e1logo com todas as informa\u00e7\u00f5es sobre a nossa tecnologia, equipamentos e aplica\u00e7\u00f5es.<\/p>\t\t\t\t\t\t\t\t<\/div>\n\t\t\t\t<\/div>\n\t\t\t\t<div class=\"elementor-element elementor-element-13a1c18 elementor-align-center elementor-widget elementor-widget-button\" data-id=\"13a1c18\" data-element_type=\"widget\" data-e-type=\"widget\" data-widget_type=\"button.default\">\n\t\t\t\t<div class=\"elementor-widget-container\">\n\t\t\t\t\t\t\t\t\t<div class=\"elementor-button-wrapper\">\n\t\t\t\t\t<a class=\"elementor-button elementor-button-link elementor-size-sm\" href=\"https:\/\/brioultrasonics.com\/wp-content\/uploads\/2024\/06\/Catalogo-BRIO-Ultrasonics-2024-.pdf\" target=\"_blank\">\n\t\t\t\t\t\t<span class=\"elementor-button-content-wrapper\">\n\t\t\t\t\t\t\t\t\t<span class=\"elementor-button-text\">Baixar PDF<\/span>\n\t\t\t\t\t<\/span>\n\t\t\t\t\t<\/a>\n\t\t\t\t<\/div>\n\t\t\t\t\t\t\t\t<\/div>\n\t\t\t\t<\/div>\n\t\t\t\t\t<\/div>\n\t\t\t\t<\/div>\n\t\t\t\t<\/div>\n\t\t\t\t<\/div>\n\t\t\t\t\t\t<\/div>\n\t\t\t\t<\/div>\n\t\t\t\t<div class=\"elementor-element elementor-element-1691298 elementor-widget elementor-widget-template\" data-id=\"1691298\" data-element_type=\"widget\" data-e-type=\"widget\" data-widget_type=\"template.default\">\n\t\t\t\t<div class=\"elementor-widget-container\">\n\t\t\t\t\t\t\t<div class=\"elementor-template\">\n\t\t\t\t\t<div data-elementor-type=\"container\" data-elementor-id=\"60330\" class=\"elementor elementor-60330 elementor-56903 elementor-56903\" data-elementor-post-type=\"elementor_library\">\n\t\t\t\t<div class=\"elementor-element elementor-element-c0aebd9 e-flex e-con-boxed e-con e-child\" data-id=\"c0aebd9\" data-element_type=\"container\" data-e-type=\"container\" data-settings=\"{&quot;background_background&quot;:&quot;classic&quot;}\">\n\t\t\t\t\t<div class=\"e-con-inner\">\n\t\t\t\t<div class=\"elementor-element elementor-element-7669a04 elementor-widget elementor-widget-heading\" data-id=\"7669a04\" data-element_type=\"widget\" data-e-type=\"widget\" data-widget_type=\"heading.default\">\n\t\t\t\t<div class=\"elementor-widget-container\">\n\t\t\t\t\t<p class=\"elementor-heading-title elementor-size-default\">O que precisa?<\/p>\t\t\t\t<\/div>\n\t\t\t\t<\/div>\n\t\t\t\t<div class=\"elementor-element elementor-element-540f1ca elementor-widget elementor-widget-text-editor\" data-id=\"540f1ca\" data-element_type=\"widget\" data-e-type=\"widget\" data-widget_type=\"text-editor.default\">\n\t\t\t\t<div class=\"elementor-widget-container\">\n\t\t\t\t\t\t\t\t\t<p style=\"margin: 0px 0px 1em; padding: 0px; border: 0px; font-variant-numeric: inherit; font-variant-east-asian: inherit; font-variant-alternates: inherit; font-variant-position: inherit; font-stretch: inherit; line-height: inherit; font-family: Rubik; font-optical-sizing: inherit; font-kerning: inherit; font-feature-settings: inherit; font-variation-settings: inherit; vertical-align: baseline; background-color: #00b1aa;\">ligue-nos sem compromisso<br \/><strong style=\"margin: 0px; padding: 0px; border: 0px; font-style: inherit; font-variant: inherit; font-weight: bold; font-stretch: inherit; font-size: inherit; line-height: inherit; font-family: inherit; font-optical-sizing: inherit; font-kerning: inherit; font-feature-settings: inherit; font-variation-settings: inherit; vertical-align: baseline;\"><span style=\"margin: 0px; padding: 0px; border: 0px; font-style: inherit; font-variant: inherit; font-weight: inherit; font-stretch: inherit; font-size: 22px; line-height: inherit; font-family: inherit; font-optical-sizing: inherit; font-kerning: inherit; font-feature-settings: inherit; font-variation-settings: inherit; vertical-align: baseline;\"><a style=\"color: #ffffff; transition: all 0.3s ease 0s; border-bottom: 1px solid transparent; font-size: inherit; font-weight: inherit;\" href=\"tel:+34961341109\">+ (34) 961-341-109<\/a><\/span><\/strong><\/p>\n<p style=\"margin: 0px 0px 1em; padding: 0px; border: 0px; font-variant-numeric: inherit; font-variant-east-asian: inherit; font-variant-alternates: inherit; font-variant-position: inherit; font-stretch: inherit; line-height: inherit; font-family: Rubik; font-optical-sizing: inherit; font-kerning: inherit; font-feature-settings: inherit; font-variation-settings: inherit; vertical-align: baseline; background-color: #00b1aa;\"><a style=\"color: #ffffff; transition: all 0.3s ease 0s; border-bottom: 1px solid transparent;\" href=\"mailto:info@brioultrasonics.com\">Escreva-nos para <strong style=\"margin: 0px; padding: 0px; border: 0px; font-style: inherit; font-variant: inherit; font-weight: bold; font-stretch: inherit; font-size: inherit; line-height: inherit; font-family: inherit; font-optical-sizing: inherit; font-kerning: inherit; font-feature-settings: inherit; font-variation-settings: inherit; vertical-align: baseline;\">info@brioultrasonics.com<\/strong><\/a><\/p>\n<p><span style=\"background-color: #00b1aa; font-family: Rubik; color: var( --e-global-color-b59310b ); font-weight: var( --e-global-typography-text-font-weight ); font-size: 1rem;\">Ou preencha o formul\u00e1rio<\/span> <span style=\"background-color: var( --e-global-color-e0fbf92 ); color: var( --e-global-color-b59310b ); font-family: var( --e-global-typography-text-font-family ), Sans-serif; font-size: 1rem; font-weight: var( --e-global-typography-text-font-weight );\">o<\/span><\/p>\n\t\t\t\t\t\t\t\t<\/div>\n\t\t\t\t<\/div>\n\t\t\t\t<div class=\"elementor-element elementor-element-01665c7 elementor-align-center elementor-widget elementor-widget-button\" data-id=\"01665c7\" data-element_type=\"widget\" data-e-type=\"widget\" data-widget_type=\"button.default\">\n\t\t\t\t<div class=\"elementor-widget-container\">\n\t\t\t\t\t\t\t\t\t<div class=\"elementor-button-wrapper\">\n\t\t\t\t\t<a class=\"elementor-button elementor-button-link elementor-size-sm\" href=\"https:\/\/brioultrasonics.com\/pt-pt\/contato\/\">\n\t\t\t\t\t\t<span class=\"elementor-button-content-wrapper\">\n\t\t\t\t\t\t\t\t\t<span class=\"elementor-button-text\">Contate-nos<\/span>\n\t\t\t\t\t<\/span>\n\t\t\t\t\t<\/a>\n\t\t\t\t<\/div>\n\t\t\t\t\t\t\t\t<\/div>\n\t\t\t\t<\/div>\n\t\t\t\t\t<\/div>\n\t\t\t\t<\/div>\n\t\t\t\t<\/div>\n\t\t\t\t<\/div>\n\t\t\t\t\t\t<\/div>\n\t\t\t\t<\/div>\n\t\t\t\t<\/div>\n\t\t<div class=\"elementor-element elementor-element-fc8c531 e-con-full e-flex e-con e-child\" data-id=\"fc8c531\" data-element_type=\"container\" data-e-type=\"container\">\n\t\t\t\t<div class=\"elementor-element elementor-element-6b66dcf3 elementor-widget elementor-widget-heading\" data-id=\"6b66dcf3\" data-element_type=\"widget\" data-e-type=\"widget\" data-widget_type=\"heading.default\">\n\t\t\t\t<div class=\"elementor-widget-container\">\n\t\t\t\t\t<h2 class=\"elementor-heading-title elementor-size-default\"><b>Programas de m\u00e1quinas personalizados para polimento ultralimpo<\/b><\/h2>\t\t\t\t<\/div>\n\t\t\t\t<\/div>\n\t\t\t\t<div class=\"elementor-element elementor-element-baad71a elementor-widget__width-initial elementor-widget elementor-widget-text-editor\" data-id=\"baad71a\" data-element_type=\"widget\" data-e-type=\"widget\" data-widget_type=\"text-editor.default\">\n\t\t\t\t<div class=\"elementor-widget-container\">\n\t\t\t\t\t\t\t\t\t<p>Na <strong><a href=\"https:\/\/ghpnews.digital\/winners\/brio-ultrasonics\/\" rel=\"noopener\">BRIO <\/a>Ultrasonics <\/strong>sabemos que cada cliente tem necessidades \u00fanicas e por isso especializamo-nos em desenvolver projetos personalizados para atender a essas necessidades espec\u00edficas.<\/p>\n<p>Gra\u00e7as \u00e0 nossa vasta experi\u00eancia na \u00e1rea da limpeza ultrass\u00f3nica, realizamos<strong> in\u00fameros projetos personalizados para diferentes ind\u00fastrias, desde a limpeza <\/strong>de pe\u00e7as mec\u00e2nicas na ind\u00fastria autom\u00f3vel at\u00e9 \u00e0 limpeza de componentes eletr\u00f3nicos na ind\u00fastria aeroespacial.<\/p>\n<p>Em cada projeto, <strong>a nossa equipa de especialistas trabalha em estreita colabora\u00e7\u00e3o com o cliente para compreender as suas necessidades e desenvolver a melhor solu\u00e7\u00e3o<\/strong> de limpeza ultrass\u00f3nica para as satisfazer. Utilizamos tecnologias de \u00faltima gera\u00e7\u00e3o e processos avan\u00e7ados para garantir a m\u00e1xima efic\u00e1cia e efici\u00eancia na limpeza. <\/p>\n<p><strong>Encontre todos os nossos programas de m\u00e1quinas personalizadas <\/strong>para ultralimpeza e n\u00e3o precisa de nos contactar para obter as melhores solu\u00e7\u00f5es de ultralimpeza para as suas necessidades.<\/p>\n\t\t\t\t\t\t\t\t<\/div>\n\t\t\t\t<\/div>\n\t\t<div class=\"elementor-element elementor-element-60d0271a e-con-full e-flex e-con e-child\" data-id=\"60d0271a\" data-element_type=\"container\" data-e-type=\"container\">\n\t\t\t\t<div class=\"elementor-element elementor-element-370e9144 elementor-widget elementor-widget-heading\" data-id=\"370e9144\" data-element_type=\"widget\" data-e-type=\"widget\" data-widget_type=\"heading.default\">\n\t\t\t\t<div class=\"elementor-widget-container\">\n\t\t\t\t\t<h2 class=\"elementor-heading-title elementor-size-default\">Os Nossos <b>Projetos<\/b><\/h2>\t\t\t\t<\/div>\n\t\t\t\t<\/div>\n\t\t\t\t<div class=\"elementor-element elementor-element-08df33b elementor-grid-3 elementor-grid-tablet-2 elementor-grid-mobile-1 elementor-widget elementor-widget-portfolio\" data-id=\"08df33b\" data-element_type=\"widget\" data-e-type=\"widget\" data-settings=\"{&quot;item_ratio&quot;:{&quot;unit&quot;:&quot;px&quot;,&quot;size&quot;:0.75,&quot;sizes&quot;:[]},&quot;row_gap&quot;:{&quot;unit&quot;:&quot;px&quot;,&quot;size&quot;:32,&quot;sizes&quot;:[]},&quot;columns&quot;:&quot;3&quot;,&quot;columns_tablet&quot;:&quot;2&quot;,&quot;columns_mobile&quot;:&quot;1&quot;,&quot;item_gap&quot;:{&quot;unit&quot;:&quot;px&quot;,&quot;size&quot;:&quot;&quot;,&quot;sizes&quot;:[]}}\" data-widget_type=\"portfolio.default\">\n\t\t\t\t<div class=\"elementor-widget-container\">\n\t\t\t\t\t\t\t<div class=\"elementor-portfolio elementor-grid elementor-posts-container\" role=\"list\">\n\t\t\t\t<article class=\"elementor-portfolio-item elementor-post  post-60567 portfolio type-portfolio status-publish has-post-thumbnail hentry tipo-proyecto-maquina-personalizada\" role=\"listitem\">\n\t\t\t<a class=\"elementor-post__thumbnail__link\" href=\"https:\/\/brioultrasonics.com\/pt-pt\/portfolio\/limpador-de-molde-br-600\/\">\n\t\t\t\t<div class=\"elementor-portfolio-item__img elementor-post__thumbnail\">\n\t\t\t<img fetchpriority=\"high\" decoding=\"async\" width=\"1440\" height=\"1080\" src=\"https:\/\/brioultrasonics.com\/wp-content\/uploads\/2024\/05\/BR-600-MOLD-ultrasonic-cleaning-equipment-injection-mould-cleaning-WEB.jpg\" class=\"attachment-full size-full wp-image-59940\" alt=\"limpar moldes de a\u00e7o\" srcset=\"https:\/\/brioultrasonics.com\/wp-content\/uploads\/2024\/05\/BR-600-MOLD-ultrasonic-cleaning-equipment-injection-mould-cleaning-WEB.jpg 1440w, https:\/\/brioultrasonics.com\/wp-content\/uploads\/2024\/05\/BR-600-MOLD-ultrasonic-cleaning-equipment-injection-mould-cleaning-WEB-300x225.jpg 300w, https:\/\/brioultrasonics.com\/wp-content\/uploads\/2024\/05\/BR-600-MOLD-ultrasonic-cleaning-equipment-injection-mould-cleaning-WEB-1024x768.jpg 1024w, https:\/\/brioultrasonics.com\/wp-content\/uploads\/2024\/05\/BR-600-MOLD-ultrasonic-cleaning-equipment-injection-mould-cleaning-WEB-768x576.jpg 768w, https:\/\/brioultrasonics.com\/wp-content\/uploads\/2024\/05\/BR-600-MOLD-ultrasonic-cleaning-equipment-injection-mould-cleaning-WEB-600x450.jpg 600w\" sizes=\"(max-width: 1440px) 100vw, 1440px\" title=\"\">\t\t<\/div>\n\t\t\t\t<div class=\"elementor-portfolio-item__overlay\">\n\t\t\t\t<h3 class=\"elementor-portfolio-item__title\">\n\t\tLimpador de MOLDE BR-600\t\t<\/h3>\n\t\t\t\t<\/div>\n\t\t\t\t<\/a>\n\t\t<\/article>\n\t\t\t\t<article class=\"elementor-portfolio-item elementor-post  post-60557 portfolio type-portfolio status-publish has-post-thumbnail hentry tipo-proyecto-projetos-de-limpeza-ultrassonica-para-moldes-de-injecao\" role=\"listitem\">\n\t\t\t<a class=\"elementor-post__thumbnail__link\" href=\"https:\/\/brioultrasonics.com\/pt-pt\/portfolio\/limpador-de-moldes-br-800\/\">\n\t\t\t\t<div class=\"elementor-portfolio-item__img elementor-post__thumbnail\">\n\t\t\t<img decoding=\"async\" width=\"1200\" height=\"800\" src=\"https:\/\/brioultrasonics.com\/wp-content\/uploads\/2024\/05\/br-800-pp-02.jpg\" class=\"attachment-full size-full wp-image-59939\" alt=\"Brio ultrasonics\" srcset=\"https:\/\/brioultrasonics.com\/wp-content\/uploads\/2024\/05\/br-800-pp-02.jpg 1200w, https:\/\/brioultrasonics.com\/wp-content\/uploads\/2024\/05\/br-800-pp-02-300x200.jpg 300w, https:\/\/brioultrasonics.com\/wp-content\/uploads\/2024\/05\/br-800-pp-02-1024x683.jpg 1024w, https:\/\/brioultrasonics.com\/wp-content\/uploads\/2024\/05\/br-800-pp-02-768x512.jpg 768w, https:\/\/brioultrasonics.com\/wp-content\/uploads\/2024\/05\/br-800-pp-02-600x400.jpg 600w\" sizes=\"(max-width: 1200px) 100vw, 1200px\" title=\"\">\t\t<\/div>\n\t\t\t\t<div class=\"elementor-portfolio-item__overlay\">\n\t\t\t\t<h3 class=\"elementor-portfolio-item__title\">\n\t\tLimpador de moldes BR-800\t\t<\/h3>\n\t\t\t\t<\/div>\n\t\t\t\t<\/a>\n\t\t<\/article>\n\t\t\t\t<article class=\"elementor-portfolio-item elementor-post  post-60547 portfolio type-portfolio status-publish has-post-thumbnail hentry tipo-proyecto-maquina-personalizada tipo-proyecto-maquinas-multiestagios\" role=\"listitem\">\n\t\t\t<a class=\"elementor-post__thumbnail__link\" href=\"https:\/\/brioultrasonics.com\/pt-pt\/portfolio\/br-6-ams\/\">\n\t\t\t\t<div class=\"elementor-portfolio-item__img elementor-post__thumbnail\">\n\t\t\t<img decoding=\"async\" width=\"1536\" height=\"1152\" src=\"https:\/\/brioultrasonics.com\/wp-content\/uploads\/2024\/05\/BR-6-AMS-7-1536x1152-1.jpg\" class=\"attachment-full size-full wp-image-59924\" alt=\"sistema ultrass\u00f3nico\" srcset=\"https:\/\/brioultrasonics.com\/wp-content\/uploads\/2024\/05\/BR-6-AMS-7-1536x1152-1.jpg 1536w, https:\/\/brioultrasonics.com\/wp-content\/uploads\/2024\/05\/BR-6-AMS-7-1536x1152-1-300x225.jpg 300w, https:\/\/brioultrasonics.com\/wp-content\/uploads\/2024\/05\/BR-6-AMS-7-1536x1152-1-1024x768.jpg 1024w, https:\/\/brioultrasonics.com\/wp-content\/uploads\/2024\/05\/BR-6-AMS-7-1536x1152-1-768x576.jpg 768w, https:\/\/brioultrasonics.com\/wp-content\/uploads\/2024\/05\/BR-6-AMS-7-1536x1152-1-600x450.jpg 600w\" sizes=\"(max-width: 1536px) 100vw, 1536px\" title=\"\">\t\t<\/div>\n\t\t\t\t<div class=\"elementor-portfolio-item__overlay\">\n\t\t\t\t<h3 class=\"elementor-portfolio-item__title\">\n\t\tBR-6 AMS\t\t<\/h3>\n\t\t\t\t<\/div>\n\t\t\t\t<\/a>\n\t\t<\/article>\n\t\t\t\t<article class=\"elementor-portfolio-item elementor-post  post-60537 portfolio type-portfolio status-publish has-post-thumbnail hentry tipo-proyecto-automotive-pt-pt tipo-proyecto-maquina-personalizada\" role=\"listitem\">\n\t\t\t<a class=\"elementor-post__thumbnail__link\" href=\"https:\/\/brioultrasonics.com\/pt-pt\/portfolio\/br-50-ams\/\">\n\t\t\t\t<div class=\"elementor-portfolio-item__img elementor-post__thumbnail\">\n\t\t\t<img loading=\"lazy\" decoding=\"async\" width=\"2048\" height=\"1536\" src=\"https:\/\/brioultrasonics.com\/wp-content\/uploads\/2024\/08\/BR-50-AMS_2-2048x1536-2.jpg\" class=\"attachment-full size-full wp-image-59808\" alt=\"m\u00e1quina ultrass\u00f3nica\" srcset=\"https:\/\/brioultrasonics.com\/wp-content\/uploads\/2024\/08\/BR-50-AMS_2-2048x1536-2.jpg 2048w, https:\/\/brioultrasonics.com\/wp-content\/uploads\/2024\/08\/BR-50-AMS_2-2048x1536-2-300x225.jpg 300w, https:\/\/brioultrasonics.com\/wp-content\/uploads\/2024\/08\/BR-50-AMS_2-2048x1536-2-1024x768.jpg 1024w, https:\/\/brioultrasonics.com\/wp-content\/uploads\/2024\/08\/BR-50-AMS_2-2048x1536-2-768x576.jpg 768w, https:\/\/brioultrasonics.com\/wp-content\/uploads\/2024\/08\/BR-50-AMS_2-2048x1536-2-1536x1152.jpg 1536w, https:\/\/brioultrasonics.com\/wp-content\/uploads\/2024\/08\/BR-50-AMS_2-2048x1536-2-600x450.jpg 600w\" sizes=\"(max-width: 2048px) 100vw, 2048px\" title=\"\">\t\t<\/div>\n\t\t\t\t<div class=\"elementor-portfolio-item__overlay\">\n\t\t\t\t<h3 class=\"elementor-portfolio-item__title\">\n\t\tBR- 50 AMS\t\t<\/h3>\n\t\t\t\t<\/div>\n\t\t\t\t<\/a>\n\t\t<\/article>\n\t\t\t\t<article class=\"elementor-portfolio-item elementor-post  post-60527 portfolio type-portfolio status-publish has-post-thumbnail hentry tipo-proyecto-maquina-personalizada tipo-proyecto-maquinas-multiestagios tipo-proyecto-setor-automotivo\" role=\"listitem\">\n\t\t\t<a class=\"elementor-post__thumbnail__link\" href=\"https:\/\/brioultrasonics.com\/pt-pt\/portfolio\/br-450ms\/\">\n\t\t\t\t<div class=\"elementor-portfolio-item__img elementor-post__thumbnail\">\n\t\t\t<img loading=\"lazy\" decoding=\"async\" width=\"1219\" height=\"900\" src=\"https:\/\/brioultrasonics.com\/wp-content\/uploads\/2024\/05\/BR-450-MS.jpg\" class=\"attachment-full size-full wp-image-59930\" alt=\"Brio ultrasonics\" srcset=\"https:\/\/brioultrasonics.com\/wp-content\/uploads\/2024\/05\/BR-450-MS.jpg 1219w, https:\/\/brioultrasonics.com\/wp-content\/uploads\/2024\/05\/BR-450-MS-300x221.jpg 300w, https:\/\/brioultrasonics.com\/wp-content\/uploads\/2024\/05\/BR-450-MS-1024x756.jpg 1024w, https:\/\/brioultrasonics.com\/wp-content\/uploads\/2024\/05\/BR-450-MS-768x567.jpg 768w, https:\/\/brioultrasonics.com\/wp-content\/uploads\/2024\/05\/BR-450-MS-600x443.jpg 600w\" sizes=\"(max-width: 1219px) 100vw, 1219px\" title=\"\">\t\t<\/div>\n\t\t\t\t<div class=\"elementor-portfolio-item__overlay\">\n\t\t\t\t<h3 class=\"elementor-portfolio-item__title\">\n\t\tBR-450MS\t\t<\/h3>\n\t\t\t\t<\/div>\n\t\t\t\t<\/a>\n\t\t<\/article>\n\t\t\t\t<article class=\"elementor-portfolio-item elementor-post  post-60485 portfolio type-portfolio status-publish has-post-thumbnail hentry tipo-proyecto-automotive-pt-pt tipo-proyecto-maquina-personalizada\" role=\"listitem\">\n\t\t\t<a class=\"elementor-post__thumbnail__link\" href=\"https:\/\/brioultrasonics.com\/pt-pt\/portfolio\/br-200-ams\/\">\n\t\t\t\t<div class=\"elementor-portfolio-item__img elementor-post__thumbnail\">\n\t\t\t<img loading=\"lazy\" decoding=\"async\" width=\"1440\" height=\"1080\" src=\"https:\/\/brioultrasonics.com\/wp-content\/uploads\/2024\/05\/1.-BR-200-AMS-Recorte-cargando-pieza-1.jpg\" class=\"attachment-full size-full wp-image-59998\" alt=\"Brio technologies\" srcset=\"https:\/\/brioultrasonics.com\/wp-content\/uploads\/2024\/05\/1.-BR-200-AMS-Recorte-cargando-pieza-1.jpg 1440w, https:\/\/brioultrasonics.com\/wp-content\/uploads\/2024\/05\/1.-BR-200-AMS-Recorte-cargando-pieza-1-600x450.jpg 600w, https:\/\/brioultrasonics.com\/wp-content\/uploads\/2024\/05\/1.-BR-200-AMS-Recorte-cargando-pieza-1-300x225.jpg 300w, https:\/\/brioultrasonics.com\/wp-content\/uploads\/2024\/05\/1.-BR-200-AMS-Recorte-cargando-pieza-1-1024x768.jpg 1024w, https:\/\/brioultrasonics.com\/wp-content\/uploads\/2024\/05\/1.-BR-200-AMS-Recorte-cargando-pieza-1-768x576.jpg 768w\" sizes=\"(max-width: 1440px) 100vw, 1440px\" title=\"\">\t\t<\/div>\n\t\t\t\t<div class=\"elementor-portfolio-item__overlay\">\n\t\t\t\t<h3 class=\"elementor-portfolio-item__title\">\n\t\tBR- 200 AMS\t\t<\/h3>\n\t\t\t\t<\/div>\n\t\t\t\t<\/a>\n\t\t<\/article>\n\t\t\t\t<\/div>\n\t\t\t\t\t\t<\/div>\n\t\t\t\t<\/div>\n\t\t\t\t<\/div>\n\t\t\t\t<\/div>\n\t\t\t\t\t<\/div>\n\t\t\t\t<\/div>\n\t\t\t\t<\/div>\n\t\t","protected":false},"excerpt":{"rendered":"<p>Os nossos projetos Programas de m\u00e1quinas personalizados para polimento ultralimpo Na BRIO Ultrasonics sabemos que cada cliente tem necessidades \u00fanicas e por isso especializamo-nos em desenvolver projetos personalizados para atender a essas necessidades espec\u00edficas. Gra\u00e7as \u00e0 nossa vasta experi\u00eancia na \u00e1rea da limpeza ultrass\u00f3nica, realizamos in\u00fameros projetos personalizados para diferentes ind\u00fastrias, desde a limpeza de [&hellip;]<\/p>\n","protected":false},"author":1,"featured_media":0,"parent":0,"menu_order":0,"comment_status":"closed","ping_status":"closed","template":"","meta":{"_joinchat":[],"footnotes":""},"class_list":["post-59557","page","type-page","status-publish","hentry"],"_links":{"self":[{"href":"https:\/\/brioultrasonics.com\/pt-pt\/wp-json\/wp\/v2\/pages\/59557","targetHints":{"allow":["GET"]}}],"collection":[{"href":"https:\/\/brioultrasonics.com\/pt-pt\/wp-json\/wp\/v2\/pages"}],"about":[{"href":"https:\/\/brioultrasonics.com\/pt-pt\/wp-json\/wp\/v2\/types\/page"}],"author":[{"embeddable":true,"href":"https:\/\/brioultrasonics.com\/pt-pt\/wp-json\/wp\/v2\/users\/1"}],"replies":[{"embeddable":true,"href":"https:\/\/brioultrasonics.com\/pt-pt\/wp-json\/wp\/v2\/comments?post=59557"}],"version-history":[{"count":4,"href":"https:\/\/brioultrasonics.com\/pt-pt\/wp-json\/wp\/v2\/pages\/59557\/revisions"}],"predecessor-version":[{"id":65266,"href":"https:\/\/brioultrasonics.com\/pt-pt\/wp-json\/wp\/v2\/pages\/59557\/revisions\/65266"}],"wp:attachment":[{"href":"https:\/\/brioultrasonics.com\/pt-pt\/wp-json\/wp\/v2\/media?parent=59557"}],"curies":[{"name":"wp","href":"https:\/\/api.w.org\/{rel}","templated":true}]}}