{"id":59522,"date":"2024-05-22T12:10:31","date_gmt":"2024-05-22T10:10:31","guid":{"rendered":"https:\/\/quizzical-gagarin.31-170-100-185.plesk.page\/politica-de-qualidade\/"},"modified":"2024-12-03T13:58:38","modified_gmt":"2024-12-03T12:58:38","slug":"politica-de-qualidade","status":"publish","type":"page","link":"https:\/\/brioultrasonics.com\/pt-pt\/politica-de-qualidade\/","title":{"rendered":"Pol\u00edtica de qualidade"},"content":{"rendered":"\t\t<div data-elementor-type=\"wp-page\" data-elementor-id=\"59522\" class=\"elementor elementor-59522 elementor-1858\" data-elementor-post-type=\"page\">\n\t\t\t\t<div class=\"elementor-element elementor-element-8bd5ace e-flex e-con-boxed e-con e-parent\" data-id=\"8bd5ace\" data-element_type=\"container\" data-e-type=\"container\">\n\t\t\t\t\t<div class=\"e-con-inner\">\n\t\t\t\t<div class=\"elementor-element elementor-element-96fcac5 elementor-widget elementor-widget-heading\" data-id=\"96fcac5\" data-element_type=\"widget\" data-e-type=\"widget\" data-widget_type=\"heading.default\">\n\t\t\t\t<div class=\"elementor-widget-container\">\n\t\t\t\t\t<h1 class=\"elementor-heading-title elementor-size-default\"><b>Pol\u00edtica<\/b> de <b>qualidade<\/b> - Limpeza ultrass\u00f3nica<\/h1>\t\t\t\t<\/div>\n\t\t\t\t<\/div>\n\t\t\t\t<div class=\"elementor-element elementor-element-95fd4d9 elementor-widget elementor-widget-text-editor\" data-id=\"95fd4d9\" data-element_type=\"widget\" data-e-type=\"widget\" data-widget_type=\"text-editor.default\">\n\t\t\t\t<div class=\"elementor-widget-container\">\n\t\t\t\t\t\t\t\t\t<p><strong>DATA:<\/strong> 22\/04\/2024 <strong>EDI\u00c7\u00c3O: <\/strong>2<\/p>\n\t\t\t\t\t\t\t\t<\/div>\n\t\t\t\t<\/div>\n\t\t\t\t<div class=\"elementor-element elementor-element-03e1323 elementor-widget elementor-widget-text-editor\" data-id=\"03e1323\" data-element_type=\"widget\" data-e-type=\"widget\" data-widget_type=\"text-editor.default\">\n\t\t\t\t<div class=\"elementor-widget-container\">\n\t\t\t\t\t\t\t\t\t<p>A&amp;J TECNO \u2013 BRIO ULTRASONICS estabeleceu e implementou um sistema de qualidade baseado nos requisitos da norma UNE-EN-ISO 9001 para a atividade de <strong>PROJETO E FABRICA\u00c7\u00c3O DE M\u00c1QUINAS DE LIMPEZA ULTRASSOM E OUTRAS M\u00c1QUINAS INDUSTRIAIS E CONSUM\u00cdVEIS PARA ESTAS M\u00c1QUINAS.<\/strong> O nosso sistema de qualidade \u00e9 certificado e auditado pela entidade certificadora SGS. Desde 2021, a nossa certifica\u00e7\u00e3o de qualidade foi atualizada de acordo com a norma UNE-EN-ISO 9001:2015. Pode descarregar o nosso certificado atrav\u00e9s <a href=\"\" target=\"\" rel=\"\">deste link<\/a>.  <\/p>\n\t\t\t\t\t\t\t\t<\/div>\n\t\t\t\t<\/div>\n\t\t\t\t<div class=\"elementor-element elementor-element-a60c353 elementor-widget elementor-widget-image\" data-id=\"a60c353\" data-element_type=\"widget\" data-e-type=\"widget\" data-widget_type=\"image.default\">\n\t\t\t\t<div class=\"elementor-widget-container\">\n\t\t\t\t\t\t\t\t\t\t\t\t\t\t\t<img decoding=\"async\" src=\"https:\/\/brioultrasonics.com\/wp-content\/uploads\/elementor\/thumbs\/BRIO-Ultrasonics-SGS-ISO-9001.2015-qwdb8q25diu3nrldvgh84k3i437fzamdwjgyx9n21o.png\" title=\"BRIO-Ultrasonics-SGS-ISO-9001.2015\" alt=\"certificado de calidad sgs\" loading=\"lazy\" \/>\t\t\t\t\t\t\t\t\t\t\t\t\t\t\t<\/div>\n\t\t\t\t<\/div>\n\t\t\t\t<div class=\"elementor-element elementor-element-b31cdc4 elementor-widget elementor-widget-text-editor\" data-id=\"b31cdc4\" data-element_type=\"widget\" data-e-type=\"widget\" data-widget_type=\"text-editor.default\">\n\t\t\t\t<div class=\"elementor-widget-container\">\n\t\t\t\t\t\t\t\t\t<p>O objetivo do sistema de qualidade \u00e9 a satisfa\u00e7\u00e3o dos clientes e das restantes partes interessadas. Tudo isto atrav\u00e9s do cumprimento dos requisitos estabelecidos pelos clientes e dos requisitos legais dentro dos prazos e pre\u00e7os estabelecidos. Para tal, o sistema de qualidade tem como objectivos:  <\/p>\n<ul>\n<li>Garantir a Qualidade dos produtos e servi\u00e7os fornecidos, de acordo com a Norma Internacional ISO 9001:2015, prestando especial aten\u00e7\u00e3o em fornecer solu\u00e7\u00f5es aos nossos clientes atrav\u00e9s da concep\u00e7\u00e3o e fabrico de m\u00e1quinas de limpeza ultrass\u00f3nica que satisfa\u00e7am as suas necessidades.<\/li>\n<li>Cumprimento dos requisitos oferecidos aos nossos clientes, consolidando a confian\u00e7a na nossa organiza\u00e7\u00e3o tanto na qualidade como no cumprimento dos prazos acordados.<\/li>\n<li>Continuar a oferecer um produto e servi\u00e7o altamente especializado aos nossos clientes.<\/li>\n<li>Melhoria cont\u00ednua de processos, procedimentos e servi\u00e7os.<\/li>\n<li>A sensibiliza\u00e7\u00e3o e motiva\u00e7\u00e3o dos colaboradores relativamente \u00e0 import\u00e2ncia da implementa\u00e7\u00e3o, desenvolvimento e manuten\u00e7\u00e3o de um sistema de qualidade.<\/li>\n<li>Estabelecimento de objetivos e monitoriza\u00e7\u00e3o do seu cumprimento para garantir a melhoria cont\u00ednua da nossa organiza\u00e7\u00e3o.<\/li>\n<\/ul>\n<p>Garantir que todas as pessoas que influenciam a Qualidade conhecem a pol\u00edtica e os objectivos definidos \u00e9 conseguido gra\u00e7as \u00e0 divulga\u00e7\u00e3o destes pelo Gestor da Qualidade a todos os n\u00edveis da organiza\u00e7\u00e3o e tamb\u00e9m gra\u00e7as \u00e0 distribui\u00e7\u00e3o dos documentos que se aplicam a cada n\u00edvel nos diferentes empregos. Esta divulga\u00e7\u00e3o \u00e9 tamb\u00e9m alargada a outros interessados atrav\u00e9s da sua coloca\u00e7\u00e3o no site corporativo. <\/p>\n<\/p>\n<p>Fdo. Alejandro Cubel Yuste &#8211; CEO <\/p>\n\t\t\t\t\t\t\t\t<\/div>\n\t\t\t\t<\/div>\n\t\t\t\t<div class=\"elementor-element elementor-element-f35ca96 elementor-widget elementor-widget-image\" data-id=\"f35ca96\" data-element_type=\"widget\" data-e-type=\"widget\" data-widget_type=\"image.default\">\n\t\t\t\t<div class=\"elementor-widget-container\">\n\t\t\t\t\t\t\t\t\t\t\t\t\t\t\t<img fetchpriority=\"high\" decoding=\"async\" width=\"500\" height=\"226\" src=\"https:\/\/brioultrasonics.com\/wp-content\/uploads\/2024\/05\/firma-alejandro-red.jpg\" class=\"attachment-full size-full wp-image-59523\" alt=\"alejandro\" srcset=\"https:\/\/brioultrasonics.com\/wp-content\/uploads\/2024\/05\/firma-alejandro-red.jpg 500w, https:\/\/brioultrasonics.com\/wp-content\/uploads\/2024\/05\/firma-alejandro-red-300x136.jpg 300w\" sizes=\"(max-width: 500px) 100vw, 500px\" title=\"\">\t\t\t\t\t\t\t\t\t\t\t\t\t\t\t<\/div>\n\t\t\t\t<\/div>\n\t\t\t\t\t<\/div>\n\t\t\t\t<\/div>\n\t\t\t\t<\/div>\n\t\t","protected":false},"excerpt":{"rendered":"<p>Pol\u00edtica de qualidade &#8211; Limpeza ultrass\u00f3nica DATA: 22\/04\/2024 EDI\u00c7\u00c3O: 2 A&amp;J TECNO \u2013 BRIO ULTRASONICS estabeleceu e implementou um sistema de qualidade baseado nos requisitos da norma UNE-EN-ISO 9001 para a atividade de PROJETO E FABRICA\u00c7\u00c3O DE M\u00c1QUINAS DE LIMPEZA ULTRASSOM E OUTRAS M\u00c1QUINAS INDUSTRIAIS E CONSUM\u00cdVEIS PARA ESTAS M\u00c1QUINAS. O nosso sistema de qualidade [&hellip;]<\/p>\n","protected":false},"author":1,"featured_media":0,"parent":0,"menu_order":0,"comment_status":"closed","ping_status":"closed","template":"","meta":{"_joinchat":[],"footnotes":""},"class_list":["post-59522","page","type-page","status-publish","hentry"],"_links":{"self":[{"href":"https:\/\/brioultrasonics.com\/pt-pt\/wp-json\/wp\/v2\/pages\/59522","targetHints":{"allow":["GET"]}}],"collection":[{"href":"https:\/\/brioultrasonics.com\/pt-pt\/wp-json\/wp\/v2\/pages"}],"about":[{"href":"https:\/\/brioultrasonics.com\/pt-pt\/wp-json\/wp\/v2\/types\/page"}],"author":[{"embeddable":true,"href":"https:\/\/brioultrasonics.com\/pt-pt\/wp-json\/wp\/v2\/users\/1"}],"replies":[{"embeddable":true,"href":"https:\/\/brioultrasonics.com\/pt-pt\/wp-json\/wp\/v2\/comments?post=59522"}],"version-history":[{"count":4,"href":"https:\/\/brioultrasonics.com\/pt-pt\/wp-json\/wp\/v2\/pages\/59522\/revisions"}],"predecessor-version":[{"id":66078,"href":"https:\/\/brioultrasonics.com\/pt-pt\/wp-json\/wp\/v2\/pages\/59522\/revisions\/66078"}],"wp:attachment":[{"href":"https:\/\/brioultrasonics.com\/pt-pt\/wp-json\/wp\/v2\/media?parent=59522"}],"curies":[{"name":"wp","href":"https:\/\/api.w.org\/{rel}","templated":true}]}}