{"id":59370,"date":"2024-04-18T00:50:53","date_gmt":"2024-04-17T22:50:53","guid":{"rendered":"https:\/\/quizzical-gagarin.31-170-100-185.plesk.page\/empresa\/"},"modified":"2024-11-26T08:42:26","modified_gmt":"2024-11-26T07:42:26","slug":"empresa","status":"publish","type":"page","link":"https:\/\/brioultrasonics.com\/pt-pt\/empresa\/","title":{"rendered":"Empresa"},"content":{"rendered":"\t\t<div data-elementor-type=\"wp-page\" data-elementor-id=\"59370\" class=\"elementor elementor-59370 elementor-27\" data-elementor-post-type=\"page\">\n\t\t\t\t<div class=\"elementor-element elementor-element-1569a192 e-flex e-con-boxed e-con e-parent\" data-id=\"1569a192\" data-element_type=\"container\" data-e-type=\"container\" data-settings=\"{&quot;background_background&quot;:&quot;classic&quot;}\">\n\t\t\t\t\t<div class=\"e-con-inner\">\n\t\t\t\t<div class=\"elementor-element elementor-element-2c4f1012 elementor-invisible elementor-widget elementor-widget-heading\" data-id=\"2c4f1012\" data-element_type=\"widget\" data-e-type=\"widget\" data-settings=\"{&quot;_animation&quot;:&quot;fadeIn&quot;}\" data-widget_type=\"heading.default\">\n\t\t\t\t<div class=\"elementor-widget-container\">\n\t\t\t\t\t<h1 class=\"elementor-heading-title elementor-size-default\">A&amp;J TECNO INNOVACIONS - BRIO Ultrasonics<\/h1>\t\t\t\t<\/div>\n\t\t\t\t<\/div>\n\t\t\t\t\t<\/div>\n\t\t\t\t<\/div>\n\t\t<div class=\"elementor-element elementor-element-9e87ed8 e-flex e-con-boxed e-con e-parent\" data-id=\"9e87ed8\" data-element_type=\"container\" data-e-type=\"container\">\n\t\t\t\t\t<div class=\"e-con-inner\">\n\t\t<div class=\"elementor-element elementor-element-5e15d72 e-con-full animated-slow e-flex elementor-invisible e-con e-child\" data-id=\"5e15d72\" data-element_type=\"container\" data-e-type=\"container\" data-settings=\"{&quot;background_background&quot;:&quot;classic&quot;,&quot;animation&quot;:&quot;fadeIn&quot;}\">\n\t\t\t\t<\/div>\n\t\t<div class=\"elementor-element elementor-element-7d303e8 e-con-full e-flex e-con e-child\" data-id=\"7d303e8\" data-element_type=\"container\" data-e-type=\"container\">\n\t\t\t\t<div class=\"elementor-element elementor-element-5d8b851 elementor-widget elementor-widget-heading\" data-id=\"5d8b851\" data-element_type=\"widget\" data-e-type=\"widget\" data-widget_type=\"heading.default\">\n\t\t\t\t<div class=\"elementor-widget-container\">\n\t\t\t\t\t<h2 class=\"elementor-heading-title elementor-size-default\">N\u00f3s<\/h2>\t\t\t\t<\/div>\n\t\t\t\t<\/div>\n\t\t\t\t<div class=\"elementor-element elementor-element-e0468f2 elementor-widget elementor-widget-text-editor\" data-id=\"e0468f2\" data-element_type=\"widget\" data-e-type=\"widget\" data-widget_type=\"text-editor.default\">\n\t\t\t\t<div class=\"elementor-widget-container\">\n\t\t\t\t\t\t\t\t\t<p>H\u00e1 mais de 30 anos que a equipa da A&amp;J Tecno Innovacions S.L. dedica-se \u00e0 concep\u00e7\u00e3o, fabrico e venda nacional e internacional de m\u00e1quinas de limpeza industrial, especialmente limpeza <a href=\"https:\/\/brioultrasonics.com\/pt-pt\/maquinas-e-solucoes\/\">ultrass\u00f3nica<\/a>.<\/p>\n<p>Sempre nos caracteriz\u00e1mos pela nossa forte aposta em I&amp;D&amp;I e pela preocupa\u00e7\u00e3o constante em reduzir o impacto ambiental e o custo energ\u00e9tico de cada aplica\u00e7\u00e3o, mantendo os melhores resultados.<\/p>\n<p>BRIO AJTECNO ULTRASONICS \u00e9 a marca sob a qual recolhemos todos os nossos equipamentos e tecnologia de limpeza ultrass\u00f3nica. BRIO, um nome que representa os nossos valores de fiabilidade, efici\u00eancia energ\u00e9tica e acabamentos limpos de qualidade superior. Fruto de anos de investiga\u00e7\u00e3o e aperfei\u00e7oamento constante nesta \u00e1rea, nos quais conseguimos inova\u00e7\u00f5es exclusivas que as nossas equipas possuem.  <\/p>\n\t\t\t\t\t\t\t\t<\/div>\n\t\t\t\t<\/div>\n\t\t\t\t<\/div>\n\t\t<div class=\"elementor-element elementor-element-9acb674 e-con-full animated-slow e-flex elementor-invisible e-con e-child\" data-id=\"9acb674\" data-element_type=\"container\" data-e-type=\"container\" data-settings=\"{&quot;background_background&quot;:&quot;classic&quot;,&quot;animation&quot;:&quot;fadeIn&quot;}\">\n\t\t\t\t<\/div>\n\t\t<div class=\"elementor-element elementor-element-0b3e13c e-con-full e-flex e-con e-child\" data-id=\"0b3e13c\" data-element_type=\"container\" data-e-type=\"container\">\n\t\t\t\t<div class=\"elementor-element elementor-element-333c0b3 elementor-widget elementor-widget-heading\" data-id=\"333c0b3\" data-element_type=\"widget\" data-e-type=\"widget\" data-widget_type=\"heading.default\">\n\t\t\t\t<div class=\"elementor-widget-container\">\n\t\t\t\t\t<h2 class=\"elementor-heading-title elementor-size-default\">Ecografia BRIO\nno mundo<\/h2>\t\t\t\t<\/div>\n\t\t\t\t<\/div>\n\t\t\t\t<div class=\"elementor-element elementor-element-16663f0 elementor-widget elementor-widget-text-editor\" data-id=\"16663f0\" data-element_type=\"widget\" data-e-type=\"widget\" data-widget_type=\"text-editor.default\">\n\t\t\t\t<div class=\"elementor-widget-container\">\n\t\t\t\t\t\t\t\t\t<p>Fabricamos m\u00e1quinas de limpeza para empresas de todo o mundo. Noruega, Reino Unido, Rep\u00fablica Checa, Col\u00f4mbia, Equador, Chile, Portugal e Marrocos s\u00e3o apenas alguns dos pa\u00edses para onde exportamos os nossos equipamentos. <\/p>\n<p>O nosso objetivo \u00e9 tornarmo-nos conhecidos em todo o mundo para que a nossa tecnologia exclusiva de limpeza ultrass\u00f3nica BRIO possa servir todas as empresas que dela necessitem, independentemente da sua origem ou setor.<\/p>\n\t\t\t\t\t\t\t\t<\/div>\n\t\t\t\t<\/div>\n\t\t\t\t<\/div>\n\t\t\t\t\t<\/div>\n\t\t\t\t<\/div>\n\t\t<div class=\"elementor-element elementor-element-24b022e e-con-full e-flex e-con e-parent\" data-id=\"24b022e\" data-element_type=\"container\" data-e-type=\"container\">\n\t\t<div class=\"elementor-element elementor-element-2d0e107 e-con-full e-flex e-con e-child\" data-id=\"2d0e107\" data-element_type=\"container\" data-e-type=\"container\">\n\t\t\t\t<div class=\"elementor-element elementor-element-4a6930d elementor-widget elementor-widget-heading\" data-id=\"4a6930d\" data-element_type=\"widget\" data-e-type=\"widget\" data-widget_type=\"heading.default\">\n\t\t\t\t<div class=\"elementor-widget-container\">\n\t\t\t\t\t<h2 class=\"elementor-heading-title elementor-size-default\">Valores<\/h2>\t\t\t\t<\/div>\n\t\t\t\t<\/div>\n\t\t\t\t<div class=\"elementor-element elementor-element-4342024 elementor-widget elementor-widget-text-editor\" data-id=\"4342024\" data-element_type=\"widget\" data-e-type=\"widget\" data-widget_type=\"text-editor.default\">\n\t\t\t\t<div class=\"elementor-widget-container\">\n\t\t\t\t\t\t\t\t\t<p>Compromisso. Garantia. Adaptabilidade. Estes s\u00e3o os valores que definem a cultura da BRIO, um guia para o nosso trabalho di\u00e1rio.   <\/p>\n\t\t\t\t\t\t\t\t<\/div>\n\t\t\t\t<\/div>\n\t\t\t\t<\/div>\n\t\t<div class=\"elementor-element elementor-element-85e846f e-con-full e-flex elementor-invisible e-con e-child\" data-id=\"85e846f\" data-element_type=\"container\" data-e-type=\"container\" data-settings=\"{&quot;background_background&quot;:&quot;classic&quot;,&quot;animation&quot;:&quot;fadeIn&quot;,&quot;animation_delay&quot;:50}\">\n\t\t\t\t<\/div>\n\t\t<div class=\"elementor-element elementor-element-ce1b1a2 e-con-full e-flex e-con e-child\" data-id=\"ce1b1a2\" data-element_type=\"container\" data-e-type=\"container\">\n\t\t\t\t<div class=\"elementor-element elementor-element-0cc480d elementor-widget elementor-widget-heading\" data-id=\"0cc480d\" data-element_type=\"widget\" data-e-type=\"widget\" data-widget_type=\"heading.default\">\n\t\t\t\t<div class=\"elementor-widget-container\">\n\t\t\t\t\t<h2 class=\"elementor-heading-title elementor-size-default\">Miss\u00e3o<\/h2>\t\t\t\t<\/div>\n\t\t\t\t<\/div>\n\t\t\t\t<div class=\"elementor-element elementor-element-90b3486 elementor-widget elementor-widget-text-editor\" data-id=\"90b3486\" data-element_type=\"widget\" data-e-type=\"widget\" data-widget_type=\"text-editor.default\">\n\t\t\t\t<div class=\"elementor-widget-container\">\n\t\t\t\t\t\t\t\t\t<p>Disponibilizar equipamentos de limpeza para a ind\u00fastria, com inova\u00e7\u00f5es que melhorem a produtividade, a efici\u00eancia energ\u00e9tica e o respeito <a href=\"https:\/\/european-union.europa.eu\/priorities-and-actions\/actions-topic\/environment_es\" rel=\"noopener\">ambiental<\/a> das empresas.<\/p>\n\t\t\t\t\t\t\t\t<\/div>\n\t\t\t\t<\/div>\n\t\t\t\t<\/div>\n\t\t<div class=\"elementor-element elementor-element-cb75ae4 e-con-full e-flex elementor-invisible e-con e-child\" data-id=\"cb75ae4\" data-element_type=\"container\" data-e-type=\"container\" data-settings=\"{&quot;background_background&quot;:&quot;classic&quot;,&quot;animation&quot;:&quot;fadeIn&quot;,&quot;animation_delay&quot;:50}\">\n\t\t\t\t<\/div>\n\t\t\t\t<\/div>\n\t\t\t\t<\/div>\n\t\t","protected":false},"excerpt":{"rendered":"<p>A&amp;J TECNO INNOVACIONS &#8211; BRIO Ultrasonics N\u00f3s H\u00e1 mais de 30 anos que a equipa da A&amp;J Tecno Innovacions S.L. dedica-se \u00e0 concep\u00e7\u00e3o, fabrico e venda nacional e internacional de m\u00e1quinas de limpeza industrial, especialmente limpeza ultrass\u00f3nica. Sempre nos caracteriz\u00e1mos pela nossa forte aposta em I&amp;D&amp;I e pela preocupa\u00e7\u00e3o constante em reduzir o impacto ambiental [&hellip;]<\/p>\n","protected":false},"author":1,"featured_media":0,"parent":0,"menu_order":0,"comment_status":"closed","ping_status":"closed","template":"","meta":{"_joinchat":[],"footnotes":""},"class_list":["post-59370","page","type-page","status-publish","hentry"],"_links":{"self":[{"href":"https:\/\/brioultrasonics.com\/pt-pt\/wp-json\/wp\/v2\/pages\/59370","targetHints":{"allow":["GET"]}}],"collection":[{"href":"https:\/\/brioultrasonics.com\/pt-pt\/wp-json\/wp\/v2\/pages"}],"about":[{"href":"https:\/\/brioultrasonics.com\/pt-pt\/wp-json\/wp\/v2\/types\/page"}],"author":[{"embeddable":true,"href":"https:\/\/brioultrasonics.com\/pt-pt\/wp-json\/wp\/v2\/users\/1"}],"replies":[{"embeddable":true,"href":"https:\/\/brioultrasonics.com\/pt-pt\/wp-json\/wp\/v2\/comments?post=59370"}],"version-history":[{"count":2,"href":"https:\/\/brioultrasonics.com\/pt-pt\/wp-json\/wp\/v2\/pages\/59370\/revisions"}],"predecessor-version":[{"id":63835,"href":"https:\/\/brioultrasonics.com\/pt-pt\/wp-json\/wp\/v2\/pages\/59370\/revisions\/63835"}],"wp:attachment":[{"href":"https:\/\/brioultrasonics.com\/pt-pt\/wp-json\/wp\/v2\/media?parent=59370"}],"curies":[{"name":"wp","href":"https:\/\/api.w.org\/{rel}","templated":true}]}}