{"id":59262,"date":"2024-05-30T12:13:52","date_gmt":"2024-05-30T10:13:52","guid":{"rendered":"https:\/\/quizzical-gagarin.31-170-100-185.plesk.page\/aviso-legal\/"},"modified":"2024-12-02T11:49:40","modified_gmt":"2024-12-02T10:49:40","slug":"aviso-legal","status":"publish","type":"page","link":"https:\/\/brioultrasonics.com\/pt-pt\/aviso-legal\/","title":{"rendered":"Aviso legal"},"content":{"rendered":"\t\t<div data-elementor-type=\"wp-page\" data-elementor-id=\"59262\" class=\"elementor elementor-59262 elementor-2385\" data-elementor-post-type=\"page\">\n\t\t\t\t<div class=\"elementor-element elementor-element-6ac756c e-flex e-con-boxed e-con e-parent\" data-id=\"6ac756c\" data-element_type=\"container\" data-e-type=\"container\">\n\t\t\t\t\t<div class=\"e-con-inner\">\n\t\t<div class=\"elementor-element elementor-element-370d85f e-con-full e-flex e-con e-child\" data-id=\"370d85f\" data-element_type=\"container\" data-e-type=\"container\">\n\t\t\t\t<div class=\"elementor-element elementor-element-b1a993d elementor-widget elementor-widget-heading\" data-id=\"b1a993d\" data-element_type=\"widget\" data-e-type=\"widget\" data-widget_type=\"heading.default\">\n\t\t\t\t<div class=\"elementor-widget-container\">\n\t\t\t\t\t<h1 class=\"elementor-heading-title elementor-size-default\">Aviso legal<\/h1>\t\t\t\t<\/div>\n\t\t\t\t<\/div>\n\t\t\t\t<\/div>\n\t\t\t\t\t<\/div>\n\t\t\t\t<\/div>\n\t\t<div class=\"elementor-element elementor-element-d391169 e-flex e-con-boxed e-con e-parent\" data-id=\"d391169\" data-element_type=\"container\" data-e-type=\"container\">\n\t\t\t\t\t<div class=\"e-con-inner\">\n\t\t<div class=\"elementor-element elementor-element-a5ae1cc e-con-full e-flex e-con e-child\" data-id=\"a5ae1cc\" data-element_type=\"container\" data-e-type=\"container\">\n\t\t\t\t<div class=\"elementor-element elementor-element-682d763 elementor-widget elementor-widget-heading\" data-id=\"682d763\" data-element_type=\"widget\" data-e-type=\"widget\" data-widget_type=\"heading.default\">\n\t\t\t\t<div class=\"elementor-widget-container\">\n\t\t\t\t\t<h2 class=\"elementor-heading-title elementor-size-default\">Introdu\u00e7\u00e3o - Aviso legal <\/h2>\t\t\t\t<\/div>\n\t\t\t\t<\/div>\n\t\t\t\t<\/div>\n\t\t<div class=\"elementor-element elementor-element-fb89be6 e-con-full e-flex e-con e-child\" data-id=\"fb89be6\" data-element_type=\"container\" data-e-type=\"container\">\n\t\t\t\t<div class=\"elementor-element elementor-element-b6b8ec4 elementor-widget elementor-widget-text-editor\" data-id=\"b6b8ec4\" data-element_type=\"widget\" data-e-type=\"widget\" data-widget_type=\"text-editor.default\">\n\t\t\t\t<div class=\"elementor-widget-container\">\n\t\t\t\t\t\t\t\t\t<div class=\"fl-col fl-node-59ebdc8d08fb8 fl-col-small fl-col-small-custom-width\" data-node=\"59ebdc8d08fb8\">\n<div class=\"fl-col-content fl-node-content vamtam-show-bg-image\">\n<div class=\"fl-module fl-module-rich-text fl-node-59ebdc8d08ff5\" data-node=\"59ebdc8d08ff5\">\n<div class=\"fl-module-content fl-node-content\">\n<div class=\"fl-rich-text\">\n<p>O acesso a este website implica o conhecimento e aceita\u00e7\u00e3o dos seguintes termos e condi\u00e7\u00f5es e atribui a qualidade de utilizador do website e o acesso ao mesmo implica a sua aceita\u00e7\u00e3o sem reservas.<\/p>\n<div class=\"fl-col fl-node-59ebdc8d08fb8 fl-col-small fl-col-small-custom-width\" data-node=\"59ebdc8d08fb8\">\n<div class=\"fl-col-content fl-node-content vamtam-show-bg-image\">\n<div class=\"fl-module fl-module-rich-text fl-node-59ebdc8d08ff5\" data-node=\"59ebdc8d08ff5\">\n<div class=\"fl-module-content fl-node-content\">\n<div class=\"fl-rich-text\">\n<p>Caso n\u00e3o aceite as cl\u00e1usulas estabelecidas no presente Aviso Legal, o utilizador dever\u00e1 abster-se de aceder e\/ou utilizar os servi\u00e7os e\/ou conte\u00fados disponibilizados na p\u00e1gina, procedendo \u00e0 sua sa\u00edda.<\/p>\n<\/div>\n<\/div>\n<\/div>\n<\/div>\n<\/div>\n<div class=\"fl-col fl-node-5b2a587c72a24 fl-col-small\" data-node=\"5b2a587c72a24\">\n<div class=\"fl-col-content fl-node-content vamtam-show-bg-image\">\n<div class=\"fl-module fl-module-rich-text fl-node-5b2a67df15f43\" data-node=\"5b2a67df15f43\">\n<div class=\"fl-module-content fl-node-content\">\n<div class=\"fl-rich-text\">\n<p><strong>Propriedade do site &#8211; Aviso legal<\/strong><\/p>\n<p>AJ TECNO INNOVACIONS, S.L., em cumprimento do disposto no Art. 10.\u00ba da Lei 34\/2002, de 11 de Julho, de Servi\u00e7os da Sociedade da Informa\u00e7\u00e3o e Com\u00e9rcio Electr\u00f3nico (LSSI-CE), informa os identificadores de dados relativos ao s\u00edtio WWW. BRIOULTRASONICS.COM<\/p>\n<p><u><strong>NOME DA EMPRESA:<\/strong><\/u> AJ TECNO INNOVACIONS, S.L.<\/p>\n<p><u><strong>ENDERE\u00c7O REGISTADO:<\/strong><\/u> C\/CIUDAD DE BARCELONA 1 &#8211; POL. FONTE IND JAR &#8211; &#8211; 46980 PATERNA <\/p>\n<p><u><strong>TELEFONE:<\/strong><\/u> +(34) 961341109<\/p>\n<p><strong><u>CIF:<\/u><\/strong> B98166754<\/p>\n<p><u><strong>E-MAIL GERAL:<\/strong><\/u> INFO@AJTECNO.COM<\/p>\n<p><u><strong>DADOS DE INSCRI\u00c7\u00c3O NO REGISTO COMERCIAL:<\/strong><\/u> REGISTO COMERCIAL DE VALEN\u00c7A, VOLUME 9075, F\u00d3LIO 25, SEC\u00c7\u00c3O 8, FOLHA V-135248<\/p>\n<\/div>\n<\/div>\n<\/div>\n<\/div>\n<\/div>\n<\/div>\n<\/div>\n<\/div>\n<\/div>\n<\/div>\n\t\t\t\t\t\t\t\t<\/div>\n\t\t\t\t<\/div>\n\t\t\t\t<\/div>\n\t\t\t\t\t<\/div>\n\t\t\t\t<\/div>\n\t\t<div class=\"elementor-element elementor-element-23f49fd e-flex e-con-boxed e-con e-parent\" data-id=\"23f49fd\" data-element_type=\"container\" data-e-type=\"container\">\n\t\t\t\t\t<div class=\"e-con-inner\">\n\t\t<div class=\"elementor-element elementor-element-6555c47 e-con-full e-flex e-con e-child\" data-id=\"6555c47\" data-element_type=\"container\" data-e-type=\"container\">\n\t\t\t\t<div class=\"elementor-element elementor-element-f5e1996 elementor-widget elementor-widget-heading\" data-id=\"f5e1996\" data-element_type=\"widget\" data-e-type=\"widget\" data-widget_type=\"heading.default\">\n\t\t\t\t<div class=\"elementor-widget-container\">\n\t\t\t\t\t<h2 class=\"elementor-heading-title elementor-size-default\"><h3 class=\"vamtam-heading \" style=\"border: 0px;font-family: Rubik;vertical-align: baseline;align-items: center;justify-content: flex-start;margin: 0px !important;padding: 0px !important\"><span class=\"vamtam-heading-text\" style=\"margin: 0px;padding: 0px;border: 0px;font: inherit;vertical-align: baseline\">Condi\u00e7\u00f5es<br>de uso<\/span><\/h3><\/h2>\t\t\t\t<\/div>\n\t\t\t\t<\/div>\n\t\t\t\t<\/div>\n\t\t<div class=\"elementor-element elementor-element-f56dfcc e-con-full e-flex e-con e-child\" data-id=\"f56dfcc\" data-element_type=\"container\" data-e-type=\"container\">\n\t\t\t\t<div class=\"elementor-element elementor-element-f58aa7e elementor-widget elementor-widget-text-editor\" data-id=\"f58aa7e\" data-element_type=\"widget\" data-e-type=\"widget\" data-widget_type=\"text-editor.default\">\n\t\t\t\t<div class=\"elementor-widget-container\">\n\t\t\t\t\t\t\t\t\t<p><strong><u>UTILIZADORES &#8211; Aviso legal<\/u><\/strong><\/p>\n<p>O acesso e\/ou utiliza\u00e7\u00e3o deste portal da AJ TECNO INNOVACIONS, S.L. atribui a condi\u00e7\u00e3o de UTILIZADOR, que aceita, a partir do referido acesso e\/ou utiliza\u00e7\u00e3o, as Condi\u00e7\u00f5es Gerais de Utiliza\u00e7\u00e3o aqui refletidas. As Condi\u00e7\u00f5es acima referidas aplicar-se-\u00e3o independentemente das Condi\u00e7\u00f5es Gerais de Contrata\u00e7\u00e3o que, se aplic\u00e1veis, sejam obrigat\u00f3rias. <\/p>\n<\/p>\n<p><strong><u>UTILIZA\u00c7\u00c3O DO SITE &#8211; Aviso Legal<\/u><\/strong><\/p>\n<p>WWW.BRIOULTRASONICS.COM fornece acesso a uma infinidade de informa\u00e7\u00f5es, servi\u00e7os ou dados (doravante, \u201cos conte\u00fados\u201d) na Internet pertencentes \u00e0 AJ TECNO INNOVACIONS, S.L. aos quais o UTILIZADOR possa ter acesso. O UTILIZADOR assume a responsabilidade pela utiliza\u00e7\u00e3o do portal. Esta responsabilidade estende-se ao registo que \u00e9 necess\u00e1rio efectuar para aceder a determinados servi\u00e7os ou conte\u00fados.  <\/p>\n<p>Neste registo, o UTILIZADOR ser\u00e1 respons\u00e1vel por fornecer informa\u00e7\u00f5es verdadeiras e l\u00edcitas. Como consequ\u00eancia deste registo, o UTILIZADOR poder\u00e1 receber uma palavra-passe pela qual ser\u00e1 respons\u00e1vel, comprometendo-se a fazer um uso diligente e confidencial da mesma. O UTILIZADOR compromete-se a fazer um uso adequado dos conte\u00fados e servi\u00e7os (como servi\u00e7os de chat, f\u00f3runs de discuss\u00e3o ou grupos de not\u00edcias) que AJ TECNO INNOVACIONS, S.L. oferece atrav\u00e9s do seu portal e a t\u00edtulo de exemplo, mas n\u00e3o limitativo, n\u00e3o os utilizar para (I) praticar atividades il\u00edcitas, ilegais ou contr\u00e1rias \u00e0 boa-f\u00e9 e \u00e0 ordem p\u00fablica; (II) difundir conte\u00fados ou propaganda de car\u00e1cter racista, xen\u00f3fobo, pornogr\u00e1fico-ilegal, que defenda o terrorismo ou violem os direitos humanos; (III) causar danos aos sistemas f\u00edsicos e l\u00f3gicos da AJ TECNO INNOVACIONS, S.L., dos seus fornecedores ou de terceiros, introduzir ou difundir v\u00edrus inform\u00e1ticos na rede ou quaisquer outros sistemas f\u00edsicos ou l\u00f3gicos que possam causar os danos acima mencionados; (IV) tentar aceder e, se for caso disso, utilizar as contas de correio eletr\u00f3nico de outros utilizadores e modific\u00e1-las ou manipular as suas mensagens.       <\/p>\n<p>AJ TECNO INOVA\u00c7\u00d5ES, S.L. reserva-se o direito de retirar todos os coment\u00e1rios e contributos que violem o respeito pela dignidade da pessoa, que sejam discriminat\u00f3rios, xen\u00f3fobos, racistas, pornogr\u00e1ficos, que atentem contra a juventude ou a inf\u00e2ncia, a ordem ou a seguran\u00e7a p\u00fablica ou que, na sua opini\u00e3o, n\u00e3o seriam adequados para publica\u00e7\u00e3o. Em todo o caso, a AJ TECNO INNOVACIONS, S.L. n\u00e3o ser\u00e1 respons\u00e1vel pelas opini\u00f5es expressas pelos utilizadores atrav\u00e9s de f\u00f3runs, chats ou outras ferramentas de participa\u00e7\u00e3o. <\/p>\n<\/p>\n<p><strong><u>PROPRIEDADE INTELECTUAL E INDUSTRIAL &#8211; Aviso Legal<\/u><\/strong><\/p>\n<p>AJ TECNO INOVA\u00c7\u00d5ES, S.L. por si ou enquanto cession\u00e1rio, \u00e9 titular de todos os direitos de propriedade intelectual e industrial do seu site, bem como dos elementos nele contidos (a t\u00edtulo de exemplo, imagens, som, \u00e1udio, v\u00eddeo, software ou textos; marcas ou log\u00f3tipos, combina\u00e7\u00f5es de cores, estrutura e design, selec\u00e7\u00e3o dos materiais utilizados, programas inform\u00e1ticos necess\u00e1rios ao seu funcionamento, acesso e utiliza\u00e7\u00e3o, etc.), <a href=\"https:\/\/cultura.gva.es\/es\/web\/deposito-legal-propiedad-intelectual\/oficina-de-reg.-de-la-propiedad\" rel=\"noopener\">propriedade<\/a> de AJ TECNO INNOVACIONS, S.L. ou dos seus licenciantes.<\/p>\n<p><strong>Todos os direitos reservados: <\/strong>De acordo com o disposto nos artigos 8.\u00ba e 32.1, segundo par\u00e1grafo, da Lei da Propriedade Intelectual, a reprodu\u00e7\u00e3o, distribui\u00e7\u00e3o e comunica\u00e7\u00e3o p\u00fablica, incluindo a forma de disponibiliza\u00e7\u00e3o, s\u00e3o expressamente proibidas, total ou parcialmente, do conte\u00fado. este site, para fins comerciais, em qualquer suporte e por qualquer meio t\u00e9cnico, sem a autoriza\u00e7\u00e3o da AJ TECNO INNOVACIONS, S.L.. <\/p>\n<p>O UTILIZADOR compromete-se a respeitar os direitos de Propriedade Intelectual e Industrial propriedade de AJ TECNO INNOVACIONS, S.L.. Poder\u00e1 visualizar os elementos do portal e inclusive imprimir, copiar e armazen\u00e1-los no disco r\u00edgido do seu computador ou em qualquer outro suporte f\u00edsico, desde que tal como est\u00e1, \u00fanica e exclusivamente, para seu uso pessoal e privado. O UTILIZADOR dever\u00e1 abster-se de eliminar, alterar, evadir ou manipular qualquer dispositivo de prote\u00e7\u00e3o ou sistema de seguran\u00e7a que tenha sido instalado nas p\u00e1ginas da AJ TECNO INNOVACIONS, S.L..  <\/p>\n<\/p>\n<p><strong><u>EXCLUS\u00c3O DE GARANTIAS E RESPONSABILIDADE &#8211; Aviso legal<\/u><\/strong><\/p>\n<p>AJ TECNO INOVA\u00c7\u00d5ES, S.L. n\u00e3o se responsabiliza, em caso algum, pelos danos de qualquer natureza que possam ser causados, a t\u00edtulo de exemplo: erros ou omiss\u00f5es no conte\u00fado, falta de disponibilidade do portal ou transmiss\u00e3o de v\u00edrus ou programas maliciosos ou prejudiciais no conte\u00fado. adotado todas as medidas tecnol\u00f3gicas necess\u00e1rias para o evitar.<\/p>\n<\/p>\n<p><strong><u>MODIFICA\u00c7\u00d5ES &#8211; Aviso legal<\/u><\/strong><\/p>\n<p>AJ TECNO INOVA\u00c7\u00d5ES, S.L. reserva-se o direito de efetuar, sem aviso pr\u00e9vio, as modifica\u00e7\u00f5es que considere oportunas no seu portal, podendo alterar, eliminar ou adicionar tanto os conte\u00fados e servi\u00e7os prestados atrav\u00e9s do mesmo como a forma como aparecem apresentados ou localizados no seu portal.<\/p>\n<\/p>\n<p><strong><u>LINKS &#8211; Aviso legal<\/u><\/strong><\/p>\n<p>Caso WWW.BRIOULTRASONICS.COM contenha liga\u00e7\u00f5es ou hiperliga\u00e7\u00f5es para outros sites da Internet, a AJ TECNO INNOVACIONS, S.L. n\u00e3o exercer\u00e1 qualquer tipo de controlo sobre esses sites e conte\u00fados. Em caso algum a AJ TECNO INNOVACIONS, S.L. n\u00e3o assumir\u00e1 qualquer responsabilidade pelo conte\u00fado de qualquer link pertencente a um site de terceiros, nem garantir\u00e1 a disponibilidade t\u00e9cnica, qualidade, fiabilidade, exatid\u00e3o, amplitude, veracidade, validade e constitucionalidade de qualquer material ou informa\u00e7\u00e3o contida em qualquer um dos referidos hiperlinks. sites da Internet. <\/p>\n<\/p>\n<p>Da mesma forma, a inclus\u00e3o destas liga\u00e7\u00f5es externas n\u00e3o implicar\u00e1 qualquer tipo de associa\u00e7\u00e3o, fus\u00e3o ou participa\u00e7\u00e3o com as entidades ligadas.<\/p>\n<\/p>\n<p><strong><u>DIREITO DE EXCLUS\u00c3O<\/u><\/strong><\/p>\n<p>AJ TECNO INOVA\u00c7\u00d5ES, S.L. reserva-se o direito de negar ou retirar o acesso ao portal e\/ou aos servi\u00e7os oferecidos sem aviso pr\u00e9vio, a pedido pr\u00f3prio ou de terceiros, aos utilizadores que n\u00e3o cumpram as presentes Condi\u00e7\u00f5es Gerais de Utiliza\u00e7\u00e3o.<\/p>\n<\/p>\n<p><strong><u>GENERALIDADES &#8211; Aviso legal<\/u><\/strong><\/p>\n<p>AJ TECNO INOVA\u00c7\u00d5ES, S.L. prosseguir\u00e1 o incumprimento destas condi\u00e7\u00f5es, bem como qualquer utiliza\u00e7\u00e3o indevida do seu portal, exercendo todas as ac\u00e7\u00f5es c\u00edveis e criminais que lhe possam corresponder por lei.<\/p>\n<\/p>\n<p><strong><u>MODIFICA\u00c7\u00c3O DESTAS CONDI\u00c7\u00d5ES E DURA\u00c7\u00c3O &#8211; Aviso legal<\/u><\/strong><\/p>\n<p><a href=\"https:\/\/brioultrasonics.com\/pt-pt\/empresa\/\">AJ TECNO INOVA\u00c7\u00d5ES, S.L.<\/a> poder\u00e1 modificar as condi\u00e7\u00f5es aqui determinadas a qualquer momento, sendo devidamente publicadas tal como aqui aparecem.<\/p>\n<p>A validade das condi\u00e7\u00f5es acima referidas depender\u00e1 da sua exposi\u00e7\u00e3o e vigorar\u00e3o at\u00e9 serem modificadas por outras devidamente publicadas.<\/p>\n<\/p>\n<p><strong><u>LEI APLIC\u00c1VEL E JURISDI\u00c7\u00c3O &#8211; BRIO Ultrasonics<\/u><\/strong><\/p>\n<p>Os termos e condi\u00e7\u00f5es que regem este site, bem como as rela\u00e7\u00f5es que possam surgir, est\u00e3o protegidos e est\u00e3o sujeitos \u00e0 legisla\u00e7\u00e3o espanhola. Para a resolu\u00e7\u00e3o de qualquer tipo de lit\u00edgio, lit\u00edgio ou discrep\u00e2ncia que possa surgir entre o UTILIZADOR e a AJ TECNO INNOVACIONS, S.L. Ao utilizar este site, concorda em submet\u00ea-los aos Tribunais e Tribunais de VALENCIA, Espanha. <\/p>\n\t\t\t\t\t\t\t\t<\/div>\n\t\t\t\t<\/div>\n\t\t\t\t<\/div>\n\t\t\t\t\t<\/div>\n\t\t\t\t<\/div>\n\t\t\t\t<\/div>\n\t\t","protected":false},"excerpt":{"rendered":"<p>Aviso legal Introdu\u00e7\u00e3o &#8211; Aviso legal O acesso a este website implica o conhecimento e aceita\u00e7\u00e3o dos seguintes termos e condi\u00e7\u00f5es e atribui a qualidade de utilizador do website e o acesso ao mesmo implica a sua aceita\u00e7\u00e3o sem reservas. Caso n\u00e3o aceite as cl\u00e1usulas estabelecidas no presente Aviso Legal, o utilizador dever\u00e1 abster-se de [&hellip;]<\/p>\n","protected":false},"author":1,"featured_media":0,"parent":0,"menu_order":0,"comment_status":"closed","ping_status":"closed","template":"","meta":{"_joinchat":[],"footnotes":""},"class_list":["post-59262","page","type-page","status-publish","hentry"],"_links":{"self":[{"href":"https:\/\/brioultrasonics.com\/pt-pt\/wp-json\/wp\/v2\/pages\/59262","targetHints":{"allow":["GET"]}}],"collection":[{"href":"https:\/\/brioultrasonics.com\/pt-pt\/wp-json\/wp\/v2\/pages"}],"about":[{"href":"https:\/\/brioultrasonics.com\/pt-pt\/wp-json\/wp\/v2\/types\/page"}],"author":[{"embeddable":true,"href":"https:\/\/brioultrasonics.com\/pt-pt\/wp-json\/wp\/v2\/users\/1"}],"replies":[{"embeddable":true,"href":"https:\/\/brioultrasonics.com\/pt-pt\/wp-json\/wp\/v2\/comments?post=59262"}],"version-history":[{"count":3,"href":"https:\/\/brioultrasonics.com\/pt-pt\/wp-json\/wp\/v2\/pages\/59262\/revisions"}],"predecessor-version":[{"id":63876,"href":"https:\/\/brioultrasonics.com\/pt-pt\/wp-json\/wp\/v2\/pages\/59262\/revisions\/63876"}],"wp:attachment":[{"href":"https:\/\/brioultrasonics.com\/pt-pt\/wp-json\/wp\/v2\/media?parent=59262"}],"curies":[{"name":"wp","href":"https:\/\/api.w.org\/{rel}","templated":true}]}}