{"id":68781,"date":"2024-05-22T13:37:13","date_gmt":"2024-05-22T11:37:13","guid":{"rendered":"https:\/\/brioultrasonics.com\/producto\/br-10-wt\/"},"modified":"2024-05-22T13:37:13","modified_gmt":"2024-05-22T11:37:13","slug":"br-10-wt","status":"publish","type":"product","link":"https:\/\/brioultrasonics.com\/pl\/producto\/br-10-wt\/","title":{"rendered":"BR-10 WT"},"content":{"rendered":"<p>BR-10 WT &#8211; MASZYNA CZYSZCZ\u0104CA ULTRAD\u0179WI\u0118KOWA.<\/p>\n<table>\n<tbody>\n<tr>\n<strong><\/p>\n<td>Zewn\u0119trzne pomiary maszyny<\/td>\n<p><\/strong><\/p>\n<td>490 x 405 x 445 mm<\/td>\n<\/tr>\n<tr>\n<strong><\/p>\n<td>Pomiary wn\u0119trza zbiornika<\/td>\n<p><\/strong><\/p>\n<td>300 x 230 x 150 mm<\/td>\n<\/tr>\n<tr>\n<strong><\/p>\n<td>Przydatne pomiary kosza roboczego<\/td>\n<p><\/strong><\/p>\n<td>270 x 180 x 120 mm<\/td>\n<\/tr>\n<tr>\n<strong><\/p>\n<td>Wysoko\u015b\u0107 blatu<\/td>\n<p><\/strong><\/p>\n<td>360mm<\/td>\n<\/tr>\n<tr>\n<strong><\/p>\n<td>Pojemno\u015b\u0107 zbiornika<\/td>\n<p><\/strong><\/p>\n<td>10L<\/td>\n<\/tr>\n<tr>\n<strong><\/p>\n<td>Moc generatora ultrad\u017awi\u0119kowego<\/td>\n<p><\/strong><\/p>\n<td>300 W (600 W p-p)<\/td>\n<\/tr>\n<tr>\n<strong><\/p>\n<td>Ultrad\u017awi\u0119kowa cz\u0119stotliwo\u015b\u0107 robocza<\/td>\n<p><\/strong><\/p>\n<td>28\/40 kHz<\/td>\n<\/tr>\n<tr>\n<strong><\/p>\n<td>Odporno\u015b\u0107 na ciep\u0142o<\/td>\n<p><\/strong><\/p>\n<td>0,5 kW<\/td>\n<\/tr>\n<tr>\n<td colspan=\"2\"><strong>Analogowy panel sterowania z cyfrowym termostatem do regulacji temperatury<\/strong><\/td>\n<\/tr>\n<tr>\n<td colspan=\"2\"><strong>Pokrywa r\u0119czna z opcjonaln\u0105 izolacj\u0105 ciepln\u0105<\/strong><\/td>\n<\/tr>\n<tr>\n<td colspan=\"2\"><strong>Konstrukcja ze stali nierdzewnej AISI 304\/316<\/strong><\/td>\n<\/tr>\n<\/tbody>\n<\/table>\n<p>&nbsp;<\/p>\n<p><strong>Pobierz pe\u0142n\u0105 kart\u0119 techniczn\u0105:<\/strong><\/p>\n<p><a href=\"https:\/\/brioultrasonics.com\/wp-content\/uploads\/2024\/10\/BR-10-WT-Data-sheet-Manual-Cleaning-Equipment-Brio-Ultrasonics-1.pdf\" target=\"_blank\" rel=\"noopener\"><img decoding=\"async\" class=\"alignnone wp-image-1322 size-full\" src=\"https:\/\/brioultrasonics.com\/\/wp-content\/uploads\/2024\/05\/imagen-de-descarga.png\" alt=\"\" width=\"115\" height=\"150\" title=\"\"><\/a><\/p>\n","protected":false},"excerpt":{"rendered":"<p>R\u0119czny sprz\u0119t do czyszczenia ultrad\u017awi\u0119kowego komputer\u00f3w stacjonarnych. Pojemno\u015b\u0107 10 litr\u00f3w. Ekskluzywna technologia BRIO trzy razy bardziej wydajna ni\u017c konwencjonalne systemy.  <\/p>\n<p>&nbsp;<\/p>\n<h3>WYPOSA\u017bENIE OPCJONALNE BR-10 WT<\/h3>\n<ul>\n<li>Winda ze stojakiem za\u0142adunkowym.<\/li>\n<li>Uderzanie wind\u0105. Ruch w g\u00f3r\u0119 i w d\u00f3\u0142, kt\u00f3ry pomaga w czyszczeniu.<\/li>\n<li>System <a href=\"https:\/\/es.wikipedia.org\/wiki\/Operations_Support_Systems\">OPS<\/a> do eliminacji dekantacji oleju ze zbiornikiem pomocniczym.<\/li>\n<li>Kontrola nasycenia k\u0105pieli.<\/li>\n<li>Nape\u0142nianie z automatycznym dozowaniem detergentu.<\/li>\n<li>System ekstrakcji opar\u00f3w<\/li>\n<\/ul>\n","protected":false},"featured_media":65688,"comment_status":"open","ping_status":"closed","template":"","meta":{"_joinchat":[]},"product_brand":[],"product_cat":[275],"product_tag":[],"class_list":{"0":"post-68781","1":"product","2":"type-product","3":"status-publish","4":"has-post-thumbnail","6":"product_cat-serie-worktable-pl","8":"first","9":"instock","10":"shipping-taxable","11":"product-type-simple"},"_links":{"self":[{"href":"https:\/\/brioultrasonics.com\/pl\/wp-json\/wp\/v2\/product\/68781","targetHints":{"allow":["GET"]}}],"collection":[{"href":"https:\/\/brioultrasonics.com\/pl\/wp-json\/wp\/v2\/product"}],"about":[{"href":"https:\/\/brioultrasonics.com\/pl\/wp-json\/wp\/v2\/types\/product"}],"replies":[{"embeddable":true,"href":"https:\/\/brioultrasonics.com\/pl\/wp-json\/wp\/v2\/comments?post=68781"}],"version-history":[{"count":0,"href":"https:\/\/brioultrasonics.com\/pl\/wp-json\/wp\/v2\/product\/68781\/revisions"}],"wp:featuredmedia":[{"embeddable":true,"href":"https:\/\/brioultrasonics.com\/pl\/wp-json\/wp\/v2\/media\/65688"}],"wp:attachment":[{"href":"https:\/\/brioultrasonics.com\/pl\/wp-json\/wp\/v2\/media?parent=68781"}],"wp:term":[{"taxonomy":"product_brand","embeddable":true,"href":"https:\/\/brioultrasonics.com\/pl\/wp-json\/wp\/v2\/product_brand?post=68781"},{"taxonomy":"product_cat","embeddable":true,"href":"https:\/\/brioultrasonics.com\/pl\/wp-json\/wp\/v2\/product_cat?post=68781"},{"taxonomy":"product_tag","embeddable":true,"href":"https:\/\/brioultrasonics.com\/pl\/wp-json\/wp\/v2\/product_tag?post=68781"}],"curies":[{"name":"wp","href":"https:\/\/api.w.org\/{rel}","templated":true}]}}