{"id":66273,"date":"2024-05-20T10:48:19","date_gmt":"2024-05-20T08:48:19","guid":{"rendered":"https:\/\/brioultrasonics.com\/producto\/br-150-pro\/"},"modified":"2025-04-07T10:09:34","modified_gmt":"2025-04-07T08:09:34","slug":"br-150-pro","status":"publish","type":"product","link":"https:\/\/brioultrasonics.com\/pl\/producto\/br-150-pro\/","title":{"rendered":"BR-150 PRO"},"content":{"rendered":"<p>BR-150 PRO. Maszyna do czyszczenia ultrad\u017awi\u0119kowego.<\/p>\n<table>\n<tbody>\n<tr>\n<strong><\/p>\n<td>Zewn\u0119trzne pomiary maszyny<\/td>\n<p><\/strong><\/p>\n<td>1500 x 980 x 1510 mm<\/td>\n<\/tr>\n<tr>\n<strong><\/p>\n<td>Pomiary wn\u0119trza zbiornika<\/td>\n<p><\/strong><\/p>\n<td>710 x 500 x 540 mm<\/td>\n<\/tr>\n<tr>\n<strong><\/p>\n<td>Przydatne wymiary baga\u017cnika<\/td>\n<p><\/strong><\/p>\n<td>680 x 435 x 335 mm<\/td>\n<\/tr>\n<tr>\n<strong><\/p>\n<td>Wysoko\u015b\u0107 blatu<\/td>\n<p><\/strong><\/p>\n<td>970 mm<\/td>\n<\/tr>\n<tr>\n<strong><\/p>\n<td>Pojemno\u015b\u0107 zbiornika<\/td>\n<p><\/strong><\/p>\n<td>183L<\/td>\n<\/tr>\n<tr>\n<td><strong>Moc generatora ultrad\u017awi\u0119k\u00f3w<br \/>\n<\/strong><\/td>\n<td>1000 W (2000 W p-p)<\/td>\n<\/tr>\n<tr>\n<strong><\/p>\n<td>Ultrad\u017awi\u0119kowa cz\u0119stotliwo\u015b\u0107 robocza<\/td>\n<p><\/strong><\/p>\n<td>28\/40 kHz<\/td>\n<\/tr>\n<tr>\n<strong><\/p>\n<td>Odporno\u015b\u0107 na ciep\u0142o<\/td>\n<p><\/strong><\/p>\n<td>3,75 kW<\/td>\n<\/tr>\n<tr>\n<strong><\/p>\n<td>Maksymalne obci\u0105\u017cenie podnoszenia<\/td>\n<p><\/strong><\/p>\n<td>80 kg<\/td>\n<\/tr>\n<tr>\n<strong><\/p>\n<td>Pojemno\u015b\u0107 zbiornika pomocniczego<\/td>\n<p><\/strong><\/p>\n<td>28L<\/td>\n<\/tr>\n<tr>\n<td colspan=\"2\"><strong>Intuicyjny, kolorowy panel dotykowy o przek\u0105tnej 4,3 cala<\/strong>. Sterowanie i programowanie cyklu prania i przedzia\u0142\u00f3w czasowych. Uk\u0142ad z automatem i modu\u0142em temperaturowym.  <\/td>\n<\/tr>\n<tr>\n<td colspan=\"2\"><strong>System t\u0142oczenia oleju<\/strong>. Ekskluzywny system dekantacji oleju metod\u0105 laminarn\u0105. Wyd\u0142u\u017ca \u017cywotno\u015b\u0107 p\u0142ynu przed nasyceniem.  <\/td>\n<\/tr>\n<tr>\n<td colspan=\"2\"><strong>Uderzanie wind\u0105.<\/strong> Ruch w prz\u00f3d i w ty\u0142 w celu oddzielenia brudu uwolnionego od powierzchni elementu.<\/td>\n<\/tr>\n<tr>\n<td colspan=\"2\"><strong>Pokrywa r\u0119czna<\/strong> z opcjonaln\u0105 izolacj\u0105 ciepln\u0105.<\/td>\n<\/tr>\n<tr>\n<td colspan=\"2\">Konstrukcja ze stali nierdzewnej AISI 304\/316<\/td>\n<\/tr>\n<\/tbody>\n<\/table>\n<p>&nbsp;<\/p>\n<p><strong>Pobierz pe\u0142n\u0105 kart\u0119 techniczn\u0105:<\/strong><\/p>\n<p><a href=\"https:\/\/brioultrasonics.com\/\/wp-content\/uploads\/2024\/06\/Maquina-limpieza-ultrasonidos-BRIO-Ultrasonics-Ficha-tecnica-BR-150-PRO.pdf\" target=\"_blank\" rel=\"noopener\"><img decoding=\"async\" class=\"alignnone wp-image-1322 size-full\" src=\"https:\/\/brioultrasonics.com\/\/wp-content\/uploads\/2024\/05\/imagen-de-descarga.png\" alt=\"\" width=\"115\" height=\"150\" title=\"\"><\/a><\/p>\n","protected":false},"excerpt":{"rendered":"<p>Automatyczne urz\u0105dzenie do czyszczenia ultrad\u017awi\u0119kowego BR-150 PRO o pojemno\u015bci 150 L. Ekskluzywna technologia <a href=\"https:\/\/aspromec.org\/Mecanizadores\/brio-ultrasonics\/\">BRIO <\/a>trzy razy bardziej wydajna ni\u017c konwencjonalne systemy. <\/p>\n","protected":false},"featured_media":65549,"comment_status":"open","ping_status":"closed","template":"","meta":{"_joinchat":[]},"product_brand":[],"product_cat":[276],"product_tag":[],"class_list":{"0":"post-66273","1":"product","2":"type-product","3":"status-publish","4":"has-post-thumbnail","6":"product_cat-seria-pro","8":"first","9":"instock","10":"downloadable","11":"virtual","12":"product-type-simple"},"_links":{"self":[{"href":"https:\/\/brioultrasonics.com\/pl\/wp-json\/wp\/v2\/product\/66273","targetHints":{"allow":["GET"]}}],"collection":[{"href":"https:\/\/brioultrasonics.com\/pl\/wp-json\/wp\/v2\/product"}],"about":[{"href":"https:\/\/brioultrasonics.com\/pl\/wp-json\/wp\/v2\/types\/product"}],"replies":[{"embeddable":true,"href":"https:\/\/brioultrasonics.com\/pl\/wp-json\/wp\/v2\/comments?post=66273"}],"version-history":[{"count":1,"href":"https:\/\/brioultrasonics.com\/pl\/wp-json\/wp\/v2\/product\/66273\/revisions"}],"predecessor-version":[{"id":68138,"href":"https:\/\/brioultrasonics.com\/pl\/wp-json\/wp\/v2\/product\/66273\/revisions\/68138"}],"wp:featuredmedia":[{"embeddable":true,"href":"https:\/\/brioultrasonics.com\/pl\/wp-json\/wp\/v2\/media\/65549"}],"wp:attachment":[{"href":"https:\/\/brioultrasonics.com\/pl\/wp-json\/wp\/v2\/media?parent=66273"}],"wp:term":[{"taxonomy":"product_brand","embeddable":true,"href":"https:\/\/brioultrasonics.com\/pl\/wp-json\/wp\/v2\/product_brand?post=66273"},{"taxonomy":"product_cat","embeddable":true,"href":"https:\/\/brioultrasonics.com\/pl\/wp-json\/wp\/v2\/product_cat?post=66273"},{"taxonomy":"product_tag","embeddable":true,"href":"https:\/\/brioultrasonics.com\/pl\/wp-json\/wp\/v2\/product_tag?post=66273"}],"curies":[{"name":"wp","href":"https:\/\/api.w.org\/{rel}","templated":true}]}}