{"id":66271,"date":"2024-05-20T12:20:10","date_gmt":"2024-05-20T10:20:10","guid":{"rendered":"https:\/\/brioultrasonics.com\/producto\/br-300-pro\/"},"modified":"2025-04-07T12:35:25","modified_gmt":"2025-04-07T10:35:25","slug":"br-300-pro","status":"publish","type":"product","link":"https:\/\/brioultrasonics.com\/pl\/producto\/br-300-pro\/","title":{"rendered":"BR-300 PRO"},"content":{"rendered":"<p>BR-300 PRO. Maszyna do czyszczenia ultrad\u017awi\u0119kowego.<\/p>\n<table>\n<tbody>\n<tr>\n<strong><\/p>\n<td>Zewn\u0119trzne pomiary maszyny<\/td>\n<p><\/strong><\/p>\n<td>1680 x 1130 x 1720 mm<\/td>\n<\/tr>\n<tr>\n<strong><\/p>\n<td>Pomiary wn\u0119trza zbiornika<\/td>\n<p><\/strong><\/p>\n<td>900 x 600 x 640 mm<\/td>\n<\/tr>\n<tr>\n<strong><\/p>\n<td>Przydatne wymiary baga\u017cnika<\/td>\n<p><\/strong><\/p>\n<td>870 x 525 x 385 mm<\/td>\n<\/tr>\n<tr>\n<strong><\/p>\n<td>Wysoko\u015b\u0107 blatu<\/td>\n<p><\/strong><\/p>\n<td>970 mm<\/td>\n<\/tr>\n<tr>\n<strong><\/p>\n<td>Pojemno\u015b\u0107 zbiornika<\/td>\n<p><\/strong><\/p>\n<td>346L<\/td>\n<\/tr>\n<tr>\n<td><strong>Moc generatora ultrad\u017awi\u0119k\u00f3w<br \/>\n<\/strong><\/td>\n<td>2000 W (4000 W p-p)<\/td>\n<\/tr>\n<tr>\n<strong><\/p>\n<td>Ultrad\u017awi\u0119kowa cz\u0119stotliwo\u015b\u0107 robocza<\/td>\n<p><\/strong><\/p>\n<td>28\/40 kHz<\/td>\n<\/tr>\n<tr>\n<strong><\/p>\n<td>Odporno\u015b\u0107 na ciep\u0142o<\/td>\n<p><\/strong><\/p>\n<td>7,5 kW<\/td>\n<\/tr>\n<tr>\n<strong><\/p>\n<td>Maksymalne obci\u0105\u017cenie podnoszenia<\/td>\n<p><\/strong><\/p>\n<td>250 kg<\/td>\n<\/tr>\n<tr>\n<strong><\/p>\n<td>Pojemno\u015b\u0107 zbiornika pomocniczego<\/td>\n<p><\/strong><\/p>\n<td>36L<\/td>\n<\/tr>\n<tr>\n<td colspan=\"2\"><strong>Intuicyjny, kolorowy panel dotykowy o przek\u0105tnej 4,3 cala<\/strong>. Sterowanie i programowanie cyklu prania i przedzia\u0142\u00f3w czasowych. Uk\u0142ad z automatem i modu\u0142em temperaturowym.  <\/td>\n<\/tr>\n<tr>\n<td colspan=\"2\"><strong>System t\u0142oczenia oleju<\/strong>. Ekskluzywny system dekantacji oleju metod\u0105 laminarn\u0105. Wyd\u0142u\u017ca \u017cywotno\u015b\u0107 p\u0142ynu przed nasyceniem.  <\/td>\n<\/tr>\n<tr>\n<td colspan=\"2\"><strong>Uderzanie wind\u0105.<\/strong> Ruch w prz\u00f3d i w ty\u0142 w celu oddzielenia brudu uwolnionego od powierzchni elementu.<\/td>\n<\/tr>\n<tr>\n<td colspan=\"2\"><strong>Pokrywa r\u0119czna<\/strong> z opcjonaln\u0105 izolacj\u0105 ciepln\u0105.<\/td>\n<\/tr>\n<tr>\n<td colspan=\"2\">Konstrukcja ze stali nierdzewnej AISI 304\/316<\/td>\n<\/tr>\n<\/tbody>\n<\/table>\n<p>&nbsp;<\/p>\n<p><strong>Pobierz pe\u0142n\u0105 kart\u0119 techniczn\u0105:<\/strong><\/p>\n<p><a href=\"https:\/\/brioultrasonics.com\/\/wp-content\/uploads\/2024\/06\/Maquina-limpieza-ultrasonidos-BRIO-Ultrasonics-Ficha-tecnica-BR-300-PRO.pdf\" target=\"_blank\" rel=\"noopener\"><img decoding=\"async\" class=\"alignnone wp-image-1322 size-full\" src=\"https:\/\/brioultrasonics.com\/\/wp-content\/uploads\/2024\/05\/imagen-de-descarga.png\" alt=\"\" width=\"115\" height=\"150\" title=\"\"><\/a><\/p>\n","protected":false},"excerpt":{"rendered":"<p>Myjka ultrad\u017awi\u0119kowa o pojemno\u015bci 300 L. Ekskluzywna technologia <a href=\"https:\/\/www.directindustry.es\/prod\/brio-ultrasonics-210599.html\">BRIO<\/a> trzy razy bardziej wydajna ni\u017c konwencjonalne systemy. <\/p>\n","protected":false},"featured_media":65797,"comment_status":"open","ping_status":"closed","template":"","meta":{"_joinchat":[]},"product_brand":[],"product_cat":[276],"product_tag":[],"class_list":{"0":"post-66271","1":"product","2":"type-product","3":"status-publish","4":"has-post-thumbnail","6":"product_cat-seria-pro","8":"first","9":"instock","10":"shipping-taxable","11":"product-type-simple"},"_links":{"self":[{"href":"https:\/\/brioultrasonics.com\/pl\/wp-json\/wp\/v2\/product\/66271","targetHints":{"allow":["GET"]}}],"collection":[{"href":"https:\/\/brioultrasonics.com\/pl\/wp-json\/wp\/v2\/product"}],"about":[{"href":"https:\/\/brioultrasonics.com\/pl\/wp-json\/wp\/v2\/types\/product"}],"replies":[{"embeddable":true,"href":"https:\/\/brioultrasonics.com\/pl\/wp-json\/wp\/v2\/comments?post=66271"}],"version-history":[{"count":1,"href":"https:\/\/brioultrasonics.com\/pl\/wp-json\/wp\/v2\/product\/66271\/revisions"}],"predecessor-version":[{"id":68215,"href":"https:\/\/brioultrasonics.com\/pl\/wp-json\/wp\/v2\/product\/66271\/revisions\/68215"}],"wp:featuredmedia":[{"embeddable":true,"href":"https:\/\/brioultrasonics.com\/pl\/wp-json\/wp\/v2\/media\/65797"}],"wp:attachment":[{"href":"https:\/\/brioultrasonics.com\/pl\/wp-json\/wp\/v2\/media?parent=66271"}],"wp:term":[{"taxonomy":"product_brand","embeddable":true,"href":"https:\/\/brioultrasonics.com\/pl\/wp-json\/wp\/v2\/product_brand?post=66271"},{"taxonomy":"product_cat","embeddable":true,"href":"https:\/\/brioultrasonics.com\/pl\/wp-json\/wp\/v2\/product_cat?post=66271"},{"taxonomy":"product_tag","embeddable":true,"href":"https:\/\/brioultrasonics.com\/pl\/wp-json\/wp\/v2\/product_tag?post=66271"}],"curies":[{"name":"wp","href":"https:\/\/api.w.org\/{rel}","templated":true}]}}