{"id":66200,"date":"2024-05-21T10:39:22","date_gmt":"2024-05-21T08:39:22","guid":{"rendered":"https:\/\/brioultrasonics.com\/producto\/br-4000-pro\/"},"modified":"2026-02-12T10:59:30","modified_gmt":"2026-02-12T09:59:30","slug":"br-4000-pro","status":"publish","type":"product","link":"https:\/\/brioultrasonics.com\/pl\/producto\/br-4000-pro\/","title":{"rendered":"BR-4000 PRO"},"content":{"rendered":"<p>BR-4000 PRO \u2013 Czyszczenie ultrad\u017awi\u0119kowe.<\/p>\n<table>\n<tbody>\n<tr>\n<td><strong>Wymiary zewn\u0119trzne maszyny<\/strong><\/td>\n<td>3.530 x 2.380 x 3.407 mm<\/td>\n<\/tr>\n<tr>\n<td><strong>Pomiary wn\u0119trza zbiornika<\/strong><\/td>\n<td>2.120 x 1.445 x 1.523 mm<\/td>\n<\/tr>\n<tr>\n<td><strong>Przydatne pomiary kosza roboczego<\/strong><\/td>\n<td>2.070 x 1.290 x 1.215 mm<\/td>\n<\/tr>\n<tr>\n<td><strong>Wysoko\u015b\u0107 blatu<\/strong><\/td>\n<td>1.860 mm<\/td>\n<\/tr>\n<tr>\n<td><strong>Pojemno\u015b\u0107 zbiornika do czyszczenia<\/strong><\/td>\n<td>4665 litr\u00f3w<\/td>\n<\/tr>\n<tr>\n<td><strong>Zainstalowana moc ultrad\u017awi\u0119kowa<\/strong><\/td>\n<td>16.000 W (32.000 W p-p)<\/td>\n<\/tr>\n<tr>\n<strong><\/p>\n<td>Cz\u0119stotliwo\u015b\u0107 praktycznych ultrad\u017awi\u0119k\u00f3w<\/td>\n<p><\/strong><\/p>\n<td>28\/40 kHz<\/td>\n<\/tr>\n<tr>\n<td><strong>Zainstalowana moc grzewcza<\/strong><\/td>\n<td> 36 kW<\/td>\n<\/tr>\n<tr>\n<td colspan=\"2\"><strong>Dotykowy lub przyciskowy panel sterowania i cyfrowy termostat<\/strong><\/td>\n<\/tr>\n<tr>\n<td colspan=\"2\"><strong>Pokrywa r\u0119czna z opcjonaln\u0105 izolacj\u0105 ciepln\u0105<\/strong><\/td>\n<\/tr>\n<tr>\n<td colspan=\"2\"><strong>Konstrukcja ze stali nierdzewnej AISI 304\/316<\/strong><\/td>\n<\/tr>\n<\/tbody>\n<\/table>\n<p>&nbsp;<\/p>\n<p><strong>Pobierz pe\u0142n\u0105 kart\u0119 techniczn\u0105:<\/strong><\/p>\n<p><a href=\"https:\/\/brioultrasonics.com\/\/wp-content\/uploads\/2024\/06\/BR-4000-PRO_ES.pdf\" target=\"_blank\" rel=\"noopener\"><img decoding=\"async\" class=\"alignnone wp-image-1322 size-full\" src=\"https:\/\/brioultrasonics.com\/\/wp-content\/uploads\/2024\/05\/imagen-de-descarga.png\" alt=\"\" width=\"115\" height=\"150\" title=\"\"><\/a><\/p>\n","protected":false},"excerpt":{"rendered":"<p>R\u0119czne urz\u0105dzenie do czyszczenia ultrad\u017awi\u0119kowego BR-4000 PRO o pojemno\u015bci 4000 L. Ekskluzywna technologia BRIO trzy razy bardziej wydajna ni\u017c konwencjonalne systemy. <\/p>\n<p>&nbsp;<\/p>\n<h3>BR-4000 PRO \u2013 Czyszczenie ultrad\u017awi\u0119kowe.<\/h3>\n","protected":false},"featured_media":65754,"comment_status":"open","ping_status":"closed","template":"","meta":{"_joinchat":[]},"product_brand":[],"product_cat":[276],"product_tag":[],"class_list":{"0":"post-66200","1":"product","2":"type-product","3":"status-publish","4":"has-post-thumbnail","6":"product_cat-seria-pro","8":"first","9":"instock","10":"shipping-taxable","11":"product-type-simple"},"_links":{"self":[{"href":"https:\/\/brioultrasonics.com\/pl\/wp-json\/wp\/v2\/product\/66200","targetHints":{"allow":["GET"]}}],"collection":[{"href":"https:\/\/brioultrasonics.com\/pl\/wp-json\/wp\/v2\/product"}],"about":[{"href":"https:\/\/brioultrasonics.com\/pl\/wp-json\/wp\/v2\/types\/product"}],"replies":[{"embeddable":true,"href":"https:\/\/brioultrasonics.com\/pl\/wp-json\/wp\/v2\/comments?post=66200"}],"version-history":[{"count":3,"href":"https:\/\/brioultrasonics.com\/pl\/wp-json\/wp\/v2\/product\/66200\/revisions"}],"predecessor-version":[{"id":69299,"href":"https:\/\/brioultrasonics.com\/pl\/wp-json\/wp\/v2\/product\/66200\/revisions\/69299"}],"wp:featuredmedia":[{"embeddable":true,"href":"https:\/\/brioultrasonics.com\/pl\/wp-json\/wp\/v2\/media\/65754"}],"wp:attachment":[{"href":"https:\/\/brioultrasonics.com\/pl\/wp-json\/wp\/v2\/media?parent=66200"}],"wp:term":[{"taxonomy":"product_brand","embeddable":true,"href":"https:\/\/brioultrasonics.com\/pl\/wp-json\/wp\/v2\/product_brand?post=66200"},{"taxonomy":"product_cat","embeddable":true,"href":"https:\/\/brioultrasonics.com\/pl\/wp-json\/wp\/v2\/product_cat?post=66200"},{"taxonomy":"product_tag","embeddable":true,"href":"https:\/\/brioultrasonics.com\/pl\/wp-json\/wp\/v2\/product_tag?post=66200"}],"curies":[{"name":"wp","href":"https:\/\/api.w.org\/{rel}","templated":true}]}}