{"id":66196,"date":"2024-05-21T10:47:24","date_gmt":"2024-05-21T08:47:24","guid":{"rendered":"https:\/\/brioultrasonics.com\/producto\/br-8000-pro\/"},"modified":"2024-05-21T10:47:24","modified_gmt":"2024-05-21T08:47:24","slug":"br-8000-pro","status":"publish","type":"product","link":"https:\/\/brioultrasonics.com\/pl\/producto\/br-8000-pro\/","title":{"rendered":"BR-8000 PRO"},"content":{"rendered":"<table>\n<tbody>\n<tr>\n<strong><\/p>\n<td>Zewn\u0119trzne pomiary maszyny<\/td>\n<p><\/strong><\/p>\n<td>4120 x 3400 x 3640 mm<\/td>\n<\/tr>\n<tr>\n<strong><\/p>\n<td>Pomiary wn\u0119trza zbiornika<\/td>\n<p><\/strong><\/p>\n<td>2800 x 1900 x 1623 mm<\/td>\n<\/tr>\n<tr>\n<strong><\/p>\n<td>Przydatne wymiary baga\u017cnika<\/td>\n<p><\/strong><\/p>\n<td>2750 x 1800 x 1335 mm<\/td>\n<\/tr>\n<tr>\n<strong><\/p>\n<td>Wysoko\u015b\u0107 blatu<\/td>\n<p><\/strong><\/p>\n<td>1950 mm<\/td>\n<\/tr>\n<tr>\n<strong><\/p>\n<td>Pojemno\u015b\u0107 zbiornika<\/td>\n<p><\/strong><\/p>\n<td>8634 l<\/td>\n<\/tr>\n<tr>\n<strong><\/p>\n<td>Moc generatora ultrad\u017awi\u0119kowego<\/td>\n<p><\/strong><\/p>\n<td>25 000 W (50 000 W p-p)<\/td>\n<\/tr>\n<tr>\n<strong><\/p>\n<td>Ultrad\u017awi\u0119kowa cz\u0119stotliwo\u015b\u0107 robocza<\/td>\n<p><\/strong><\/p>\n<td>28\/40 kHz<\/td>\n<\/tr>\n<tr>\n<strong><\/p>\n<td>Odporno\u015b\u0107 na ciep\u0142o<\/td>\n<p><\/strong><\/p>\n<td>63 kW<\/td>\n<\/tr>\n<tr>\n<strong><\/p>\n<td>Maksymalne obci\u0105\u017cenie podnoszenia<\/td>\n<p><\/strong><\/p>\n<td>2000 \u2013 7500 kg<\/td>\n<\/tr>\n<tr>\n<strong><\/p>\n<td>Pojemno\u015b\u0107 zbiornika pomocniczego<\/td>\n<p><\/strong><\/p>\n<td>425L<\/td>\n<\/tr>\n<tr>\n<td colspan=\"2\"><strong>Intuicyjny, 7-calowy kolorowy panel dotykowy.<\/strong> Sterowanie i programowanie cyklu prania i przedzia\u0142\u00f3w czasowych. Uk\u0142ad z automatem i modu\u0142em temperaturowym.  <\/td>\n<\/tr>\n<tr>\n<td colspan=\"2\"><strong>System t\u0142oczenia oleju<\/strong>. Ekskluzywny system dekantacji oleju metod\u0105 laminarn\u0105. Wyd\u0142u\u017ca \u017cywotno\u015b\u0107 p\u0142ynu przed nasyceniem.  <\/td>\n<\/tr>\n<tr>\n<td colspan=\"2\"><strong>Uderzanie wind\u0105.<\/strong> Ruch w prz\u00f3d i w ty\u0142 w celu oddzielenia brudu uwolnionego od powierzchni elementu.<\/td>\n<\/tr>\n<tr>\n<td colspan=\"2\"><strong>Automatyczna <\/strong>pokrywa z opcjonaln\u0105 izolacj\u0105 ciepln\u0105.<\/td>\n<\/tr>\n<tr>\n<td colspan=\"2\">Konstrukcja ze stali nierdzewnej AISI 304\/316<\/td>\n<\/tr>\n<\/tbody>\n<\/table>\n<p>&nbsp;<\/p>\n<p><strong>Pobierz pe\u0142n\u0105 kart\u0119 techniczn\u0105:<\/strong><\/p>\n<p><a href=\"https:\/\/brioultrasonics.com\/wp-content\/uploads\/2024\/10\/Cleaning-Equipment-Brio-Ultrasonics-Data-sheet-BR-8000-PRO.pdf\" target=\"_blank\" rel=\"noopener\"><img decoding=\"async\" class=\"alignnone wp-image-1322 size-full\" src=\"https:\/\/brioultrasonics.com\/\/wp-content\/uploads\/2024\/05\/imagen-de-descarga.png\" alt=\"\" width=\"115\" height=\"150\" title=\"\"><\/a><\/p>\n","protected":false},"excerpt":{"rendered":"<p>Automatyczne urz\u0105dzenie do czyszczenia ultrad\u017awi\u0119kowego BR-8000 pro o pojemno\u015bci 8000 L. Ekskluzywna technologia BRIO trzy razy bardziej wydajna ni\u017c konwencjonalne systemy. <\/p>\n<p>&nbsp;<\/p>\n<h3>Myjka ultrad\u017awi\u0119kowa BR-8000 pro.<\/h3>\n","protected":false},"featured_media":65752,"comment_status":"open","ping_status":"closed","template":"","meta":{"_joinchat":[]},"product_brand":[],"product_cat":[276],"product_tag":[],"class_list":{"0":"post-66196","1":"product","2":"type-product","3":"status-publish","4":"has-post-thumbnail","6":"product_cat-seria-pro","8":"first","9":"instock","10":"shipping-taxable","11":"product-type-simple"},"_links":{"self":[{"href":"https:\/\/brioultrasonics.com\/pl\/wp-json\/wp\/v2\/product\/66196","targetHints":{"allow":["GET"]}}],"collection":[{"href":"https:\/\/brioultrasonics.com\/pl\/wp-json\/wp\/v2\/product"}],"about":[{"href":"https:\/\/brioultrasonics.com\/pl\/wp-json\/wp\/v2\/types\/product"}],"replies":[{"embeddable":true,"href":"https:\/\/brioultrasonics.com\/pl\/wp-json\/wp\/v2\/comments?post=66196"}],"version-history":[{"count":0,"href":"https:\/\/brioultrasonics.com\/pl\/wp-json\/wp\/v2\/product\/66196\/revisions"}],"wp:featuredmedia":[{"embeddable":true,"href":"https:\/\/brioultrasonics.com\/pl\/wp-json\/wp\/v2\/media\/65752"}],"wp:attachment":[{"href":"https:\/\/brioultrasonics.com\/pl\/wp-json\/wp\/v2\/media?parent=66196"}],"wp:term":[{"taxonomy":"product_brand","embeddable":true,"href":"https:\/\/brioultrasonics.com\/pl\/wp-json\/wp\/v2\/product_brand?post=66196"},{"taxonomy":"product_cat","embeddable":true,"href":"https:\/\/brioultrasonics.com\/pl\/wp-json\/wp\/v2\/product_cat?post=66196"},{"taxonomy":"product_tag","embeddable":true,"href":"https:\/\/brioultrasonics.com\/pl\/wp-json\/wp\/v2\/product_tag?post=66196"}],"curies":[{"name":"wp","href":"https:\/\/api.w.org\/{rel}","templated":true}]}}