{"id":66186,"date":"2024-05-21T11:10:54","date_gmt":"2024-05-21T09:10:54","guid":{"rendered":"https:\/\/brioultrasonics.com\/producto\/br-150\/"},"modified":"2024-05-21T11:10:54","modified_gmt":"2024-05-21T09:10:54","slug":"br-150","status":"publish","type":"product","link":"https:\/\/brioultrasonics.com\/pl\/producto\/br-150\/","title":{"rendered":"BR-150"},"content":{"rendered":"<p>BR-150. Pralka ultrad\u017awi\u0119kowa. <\/p>\n<table>\n<tbody>\n<tr>\n<strong><\/p>\n<td>Wymiary zewn\u0119trzne maszyny<\/td>\n<p><\/strong><\/p>\n<td>1070 x 720 x 970 mm<\/td>\n<\/tr>\n<tr>\n<strong><\/p>\n<td>Pomiary wn\u0119trza zbiornika<\/td>\n<p><\/strong><\/p>\n<td>710 x 500 x 540 mm<\/td>\n<\/tr>\n<tr>\n<strong><\/p>\n<td>Przydatne pomiary kosza roboczego<\/td>\n<p><\/strong><\/p>\n<td>680 x 435 x 400 mm<\/td>\n<\/tr>\n<tr>\n<strong><\/p>\n<td>Wysoko\u015b\u0107 blatu<\/td>\n<p><\/strong><\/p>\n<td>970 mm<\/td>\n<\/tr>\n<tr>\n<strong><\/p>\n<td>Pojemno\u015b\u0107 zbiornika do czyszczenia<\/td>\n<p><\/strong><\/p>\n<td>183L<\/td>\n<\/tr>\n<tr>\n<strong><\/p>\n<td>Zainstalowana moc ultrad\u017awi\u0119kowa<\/td>\n<p><\/strong><\/p>\n<td>1000 W (1200 W p-p)<\/td>\n<\/tr>\n<tr>\n<strong><\/p>\n<td>Cz\u0119stotliwo\u015b\u0107 praktycznych ultrad\u017awi\u0119k\u00f3w<\/td>\n<p><\/strong><\/p>\n<td>28\/40 kHz<\/td>\n<\/tr>\n<tr>\n<strong><\/p>\n<td>Zainstalowana moc grzewcza<\/td>\n<p><\/strong><\/p>\n<td>3,75 kW<\/td>\n<\/tr>\n<tr>\n<td colspan=\"2\"><strong>Dotykowy lub przyciskowy panel sterowania i cyfrowy termostat<\/strong><\/td>\n<\/tr>\n<tr>\n<td colspan=\"2\"><strong>Pokrywa r\u0119czna z opcjonaln\u0105 izolacj\u0105 ciepln\u0105<\/strong><\/td>\n<\/tr>\n<tr>\n<td colspan=\"2\"><strong>Konstrukcja ze stali nierdzewnej AISI 304\/316<\/strong><\/td>\n<\/tr>\n<\/tbody>\n<\/table>\n<p>&nbsp;<\/p>\n<p><strong>Pobierz pe\u0142n\u0105 kart\u0119 techniczn\u0105:<\/strong><\/p>\n<p><a href=\"https:\/\/brioultrasonics.com\/wp-content\/uploads\/2024\/10\/BR-150-Data-sheet-Manual-Cleaning-Equipment-Brio-Ultrasonics-1.pdf\" target=\"_blank\" rel=\"noopener\"><img decoding=\"async\" class=\"alignnone wp-image-1322 size-full\" src=\"https:\/\/brioultrasonics.com\/\/wp-content\/uploads\/2024\/05\/imagen-de-descarga.png\" alt=\"\" width=\"115\" height=\"150\" title=\"\"><\/a><\/p>\n","protected":false},"excerpt":{"rendered":"<p>Pralka ultrad\u017awi\u0119kowa BR-150 o pojemno\u015bci 150 L. Ekskluzywna technologia <a href=\"https:\/\/www.europages.es\/es\/company\/brio-ultrasonics-20049838\">BRIO<\/a> trzy razy bardziej wydajna ni\u017c konwencjonalne systemy. <\/p>\n<p>&nbsp;<\/p>\n<h3>Pralka ultrad\u017awi\u0119kowa.<\/h3>\n","protected":false},"featured_media":65749,"comment_status":"open","ping_status":"closed","template":"","meta":{"_joinchat":[]},"product_brand":[],"product_cat":[274],"product_tag":[],"class_list":{"0":"post-66186","1":"product","2":"type-product","3":"status-publish","4":"has-post-thumbnail","6":"product_cat-seria-podrecznikow","8":"first","9":"instock","10":"shipping-taxable","11":"product-type-simple"},"_links":{"self":[{"href":"https:\/\/brioultrasonics.com\/pl\/wp-json\/wp\/v2\/product\/66186","targetHints":{"allow":["GET"]}}],"collection":[{"href":"https:\/\/brioultrasonics.com\/pl\/wp-json\/wp\/v2\/product"}],"about":[{"href":"https:\/\/brioultrasonics.com\/pl\/wp-json\/wp\/v2\/types\/product"}],"replies":[{"embeddable":true,"href":"https:\/\/brioultrasonics.com\/pl\/wp-json\/wp\/v2\/comments?post=66186"}],"version-history":[{"count":0,"href":"https:\/\/brioultrasonics.com\/pl\/wp-json\/wp\/v2\/product\/66186\/revisions"}],"wp:featuredmedia":[{"embeddable":true,"href":"https:\/\/brioultrasonics.com\/pl\/wp-json\/wp\/v2\/media\/65749"}],"wp:attachment":[{"href":"https:\/\/brioultrasonics.com\/pl\/wp-json\/wp\/v2\/media?parent=66186"}],"wp:term":[{"taxonomy":"product_brand","embeddable":true,"href":"https:\/\/brioultrasonics.com\/pl\/wp-json\/wp\/v2\/product_brand?post=66186"},{"taxonomy":"product_cat","embeddable":true,"href":"https:\/\/brioultrasonics.com\/pl\/wp-json\/wp\/v2\/product_cat?post=66186"},{"taxonomy":"product_tag","embeddable":true,"href":"https:\/\/brioultrasonics.com\/pl\/wp-json\/wp\/v2\/product_tag?post=66186"}],"curies":[{"name":"wp","href":"https:\/\/api.w.org\/{rel}","templated":true}]}}