{"id":66151,"date":"2024-05-21T12:05:27","date_gmt":"2024-05-21T10:05:27","guid":{"rendered":"https:\/\/brioultrasonics.com\/producto\/br-450\/"},"modified":"2025-08-29T10:35:21","modified_gmt":"2025-08-29T08:35:21","slug":"br-450","status":"publish","type":"product","link":"https:\/\/brioultrasonics.com\/pl\/producto\/br-450\/","title":{"rendered":"BR-450"},"content":{"rendered":"<table>\n<tbody>\n<tr>\n<strong><\/p>\n<td>Wymiary zewn\u0119trzne maszyny<\/td>\n<p><\/strong><\/p>\n<td>1680 x 900 x 970 mm<\/td>\n<\/tr>\n<tr>\n<strong><\/p>\n<td>Pomiary wn\u0119trza zbiornika<\/td>\n<p><\/strong><\/p>\n<td>1110 x 645 x 650 mm<\/td>\n<\/tr>\n<tr>\n<strong><\/p>\n<td>Przydatne pomiary kosza roboczego<\/td>\n<p><\/strong><\/p>\n<td>1080 x 560 x 435 mm<\/td>\n<\/tr>\n<tr>\n<strong><\/p>\n<td>Wysoko\u015b\u0107 blatu<\/td>\n<p><\/strong><\/p>\n<td>970 mm<\/td>\n<\/tr>\n<tr>\n<strong><\/p>\n<td>Pojemno\u015b\u0107 zbiornika do czyszczenia<\/td>\n<p><\/strong><\/p>\n<td>465L<\/td>\n<\/tr>\n<tr>\n<td><strong>Zainstalowana moc ultrad\u017awi\u0119kowa<br \/>\n<\/strong><\/td>\n<td>3000 W (6000 W p-p)<\/td>\n<\/tr>\n<tr>\n<strong><\/p>\n<td>Cz\u0119stotliwo\u015b\u0107 praktycznych ultrad\u017awi\u0119k\u00f3w<\/td>\n<p><\/strong><\/p>\n<td>28\/40 kHz<\/td>\n<\/tr>\n<tr>\n<td><strong>Moc grzewcza<\/strong><\/td>\n<td> 9 kW<\/td>\n<\/tr>\n<tr>\n<td colspan=\"2\"><strong>Dotykowy lub przyciskowy panel sterowania i cyfrowy termostat<\/strong><\/td>\n<\/tr>\n<tr>\n<td colspan=\"2\"><strong>Pokrywa r\u0119czna z opcjonaln\u0105 izolacj\u0105 ciepln\u0105<\/strong><\/td>\n<\/tr>\n<tr>\n<td colspan=\"2\"><strong>Konstrukcja ze stali nierdzewnej AISI 304\/316<\/strong><\/td>\n<\/tr>\n<\/tbody>\n<\/table>\n<p><strong>Pobierz pe\u0142n\u0105 kart\u0119 techniczn\u0105:<\/strong><\/p>\n<p><a href=\"https:\/\/brioultrasonics.com\/\/wp-content\/uploads\/2024\/06\/BR-450_Ficha-Tecnica-maquinas-de-limpieza-por-ultrasonidos-manual.pdf\" target=\"_blank\" rel=\"noopener\"><img decoding=\"async\" class=\"alignnone wp-image-1322 size-full\" src=\"https:\/\/brioultrasonics.com\/\/wp-content\/uploads\/2024\/05\/imagen-de-descarga.png\" alt=\"\" width=\"115\" height=\"150\" title=\"\"><\/a><\/p>\n","protected":false},"excerpt":{"rendered":"<p>BR-450 equipo manual de limpieza por ultrasonidos de 450 L de capacidad. Tecnolog\u00eda exclusiva <a href=\"https:\/\/www.europages.es\/es\/company\/brio-ultrasonics-20049838\">BRIO<\/a> tres veces m\u00e1s eficiente que los sistemas convencionales. <\/p>\n<p>&nbsp;<\/p>\n<h3>BR-450 Sprz\u0119t do czyszczenia ultrad\u017awi\u0119kowego<\/h3>\n","protected":false},"featured_media":65746,"comment_status":"open","ping_status":"closed","template":"","meta":{"_joinchat":[]},"product_brand":[],"product_cat":[274],"product_tag":[],"class_list":{"0":"post-66151","1":"product","2":"type-product","3":"status-publish","4":"has-post-thumbnail","6":"product_cat-seria-podrecznikow","8":"first","9":"instock","10":"shipping-taxable","11":"product-type-simple"},"_links":{"self":[{"href":"https:\/\/brioultrasonics.com\/pl\/wp-json\/wp\/v2\/product\/66151","targetHints":{"allow":["GET"]}}],"collection":[{"href":"https:\/\/brioultrasonics.com\/pl\/wp-json\/wp\/v2\/product"}],"about":[{"href":"https:\/\/brioultrasonics.com\/pl\/wp-json\/wp\/v2\/types\/product"}],"replies":[{"embeddable":true,"href":"https:\/\/brioultrasonics.com\/pl\/wp-json\/wp\/v2\/comments?post=66151"}],"version-history":[{"count":2,"href":"https:\/\/brioultrasonics.com\/pl\/wp-json\/wp\/v2\/product\/66151\/revisions"}],"predecessor-version":[{"id":69108,"href":"https:\/\/brioultrasonics.com\/pl\/wp-json\/wp\/v2\/product\/66151\/revisions\/69108"}],"wp:featuredmedia":[{"embeddable":true,"href":"https:\/\/brioultrasonics.com\/pl\/wp-json\/wp\/v2\/media\/65746"}],"wp:attachment":[{"href":"https:\/\/brioultrasonics.com\/pl\/wp-json\/wp\/v2\/media?parent=66151"}],"wp:term":[{"taxonomy":"product_brand","embeddable":true,"href":"https:\/\/brioultrasonics.com\/pl\/wp-json\/wp\/v2\/product_brand?post=66151"},{"taxonomy":"product_cat","embeddable":true,"href":"https:\/\/brioultrasonics.com\/pl\/wp-json\/wp\/v2\/product_cat?post=66151"},{"taxonomy":"product_tag","embeddable":true,"href":"https:\/\/brioultrasonics.com\/pl\/wp-json\/wp\/v2\/product_tag?post=66151"}],"curies":[{"name":"wp","href":"https:\/\/api.w.org\/{rel}","templated":true}]}}