{"id":66147,"date":"2024-05-21T12:25:41","date_gmt":"2024-05-21T10:25:41","guid":{"rendered":"https:\/\/brioultrasonics.com\/producto\/br-3000\/"},"modified":"2025-08-29T10:34:07","modified_gmt":"2025-08-29T08:34:07","slug":"br-3000","status":"publish","type":"product","link":"https:\/\/brioultrasonics.com\/pl\/producto\/br-3000\/","title":{"rendered":"BR-3000"},"content":{"rendered":"<table>\n<tbody>\n<tr>\n<strong><\/p>\n<td>Wymiary zewn\u0119trzne maszyny<\/td>\n<p><\/strong><\/p>\n<td>2970 x 1750 x 1660 mm<\/td>\n<\/tr>\n<tr>\n<strong><\/p>\n<td>Pomiary wn\u0119trza zbiornika<\/td>\n<p><\/strong><\/p>\n<td>2120 x 1250 x 1425 mm<\/td>\n<\/tr>\n<tr>\n<strong><\/p>\n<td>Przydatne pomiary kosza roboczego<\/td>\n<p><\/strong><\/p>\n<td>2070 x 1190 x 1135 mm<\/td>\n<\/tr>\n<tr>\n<strong><\/p>\n<td>Wysoko\u015b\u0107 blatu<\/td>\n<p><\/strong><\/p>\n<td>1660 mm<\/td>\n<\/tr>\n<tr>\n<strong><\/p>\n<td>Pojemno\u015b\u0107 zbiornika do czyszczenia<\/td>\n<p><\/strong><\/p>\n<td>3776 litr\u00f3w<\/td>\n<\/tr>\n<tr>\n<td><strong>Zainstalowana moc ultrad\u017awi\u0119kowa<br \/>\n<\/strong><\/td>\n<td>14 000 W (28 000 W p-p)<\/td>\n<\/tr>\n<tr>\n<strong><\/p>\n<td>Cz\u0119stotliwo\u015b\u0107 praktycznych ultrad\u017awi\u0119k\u00f3w<\/td>\n<p><\/strong><\/p>\n<td>28\/40 kHz<\/td>\n<\/tr>\n<tr>\n<td><strong>Zainstalowana moc grzewcza<\/strong><\/td>\n<td> 36 kW<\/td>\n<\/tr>\n<tr>\n<td colspan=\"2\"><strong>Dotykowy lub przyciskowy panel sterowania i cyfrowy termostat<\/strong><\/td>\n<\/tr>\n<tr>\n<td colspan=\"2\"><strong>Pokrywa r\u0119czna z opcjonaln\u0105 izolacj\u0105 ciepln\u0105<\/strong><\/td>\n<\/tr>\n<tr>\n<td colspan=\"2\"><strong>Konstrukcja ze stali nierdzewnej AISI 304\/316<\/strong><\/td>\n<\/tr>\n<\/tbody>\n<\/table>\n<p>&nbsp;<\/p>\n<p><strong>Pobierz pe\u0142n\u0105 kart\u0119 techniczn\u0105:<\/strong><\/p>\n<p><a href=\"https:\/\/brioultrasonics.com\/wp-content\/uploads\/2024\/10\/BR-3000-Data-sheet-Manual-Cleaning-Equipment-Brio-Ultrasonics-1.pdf\" target=\"_blank\" rel=\"noopener\"><img decoding=\"async\" class=\"alignnone wp-image-1322 size-full\" src=\"https:\/\/brioultrasonics.com\/\/wp-content\/uploads\/2024\/05\/imagen-de-descarga.png\" alt=\"\" width=\"115\" height=\"150\" title=\"\"><\/a><\/p>\n","protected":false},"excerpt":{"rendered":"<p>BR-3000 R\u0119czne urz\u0105dzenie do czyszczenia ultrad\u017awi\u0119kowego o pojemno\u015bci 3000 L. Ekskluzywna technologia <a href=\"https:\/\/www.machinetools.com\/es\/companies\/359701-brio-ultrasonics\">BRIO<\/a> trzy razy bardziej wydajna ni\u017c konwencjonalne systemy. R\u0119czne maszyny steruj\u0105ce do czyszczenia lub usuwania izolacji z nasz\u0105 ekskluzywn\u0105 technologi\u0105 o wysokiej mocy czyszczenia i maksymalnej efektywno\u015bci energetycznej. Z dotykowym lub analogowym panelem sterowania z kontrol\u0105 czasu i temperatury czyszczenia. Opcjonalnie mo\u017cna doda\u0107 funkcje serii PRO. Modele standardowe oraz projekty niestandardowe dostosowane do potrzeb ka\u017cdego klienta.     <\/p>\n<p>&nbsp;<\/p>\n<h3>Myjka ultrad\u017awi\u0119kowa BR-3000.<\/h3>\n","protected":false},"featured_media":65742,"comment_status":"open","ping_status":"closed","template":"","meta":{"_joinchat":[]},"product_brand":[],"product_cat":[274],"product_tag":[],"class_list":{"0":"post-66147","1":"product","2":"type-product","3":"status-publish","4":"has-post-thumbnail","6":"product_cat-seria-podrecznikow","8":"first","9":"instock","10":"shipping-taxable","11":"product-type-simple"},"_links":{"self":[{"href":"https:\/\/brioultrasonics.com\/pl\/wp-json\/wp\/v2\/product\/66147","targetHints":{"allow":["GET"]}}],"collection":[{"href":"https:\/\/brioultrasonics.com\/pl\/wp-json\/wp\/v2\/product"}],"about":[{"href":"https:\/\/brioultrasonics.com\/pl\/wp-json\/wp\/v2\/types\/product"}],"replies":[{"embeddable":true,"href":"https:\/\/brioultrasonics.com\/pl\/wp-json\/wp\/v2\/comments?post=66147"}],"version-history":[{"count":3,"href":"https:\/\/brioultrasonics.com\/pl\/wp-json\/wp\/v2\/product\/66147\/revisions"}],"predecessor-version":[{"id":69065,"href":"https:\/\/brioultrasonics.com\/pl\/wp-json\/wp\/v2\/product\/66147\/revisions\/69065"}],"wp:featuredmedia":[{"embeddable":true,"href":"https:\/\/brioultrasonics.com\/pl\/wp-json\/wp\/v2\/media\/65742"}],"wp:attachment":[{"href":"https:\/\/brioultrasonics.com\/pl\/wp-json\/wp\/v2\/media?parent=66147"}],"wp:term":[{"taxonomy":"product_brand","embeddable":true,"href":"https:\/\/brioultrasonics.com\/pl\/wp-json\/wp\/v2\/product_brand?post=66147"},{"taxonomy":"product_cat","embeddable":true,"href":"https:\/\/brioultrasonics.com\/pl\/wp-json\/wp\/v2\/product_cat?post=66147"},{"taxonomy":"product_tag","embeddable":true,"href":"https:\/\/brioultrasonics.com\/pl\/wp-json\/wp\/v2\/product_tag?post=66147"}],"curies":[{"name":"wp","href":"https:\/\/api.w.org\/{rel}","templated":true}]}}