{"id":66146,"date":"2024-05-22T13:35:18","date_gmt":"2024-05-22T11:35:18","guid":{"rendered":"https:\/\/brioultrasonics.com\/producto\/br-20-wt\/"},"modified":"2024-05-22T13:35:18","modified_gmt":"2024-05-22T11:35:18","slug":"br-20-wt","status":"publish","type":"product","link":"https:\/\/brioultrasonics.com\/pl\/producto\/br-20-wt\/","title":{"rendered":"BR-20 WT"},"content":{"rendered":"<p>BR-20 WT &#8211; MASZYNA CZYSZCZ\u0104CA ULTRAD\u0179WI\u0118KOWA<\/p>\n<table>\n<tbody>\n<tr>\n<strong><\/p>\n<td>Zewn\u0119trzne pomiary maszyny<\/td>\n<p><\/strong><\/p>\n<td>690 x 480 x 445 mm<\/td>\n<\/tr>\n<tr>\n<strong><\/p>\n<td>Pomiary wn\u0119trza zbiornika<\/td>\n<p><\/strong><\/p>\n<td>400 x 300 x 150 mm<\/td>\n<\/tr>\n<tr>\n<strong><\/p>\n<td>Przydatne pomiary kosza roboczego<\/td>\n<p><\/strong><\/p>\n<td>370 x 270 x 120 mm<\/td>\n<\/tr>\n<tr>\n<strong><\/p>\n<td>Wysoko\u015b\u0107 blatu<\/td>\n<p><\/strong><\/p>\n<td>360mm<\/td>\n<\/tr>\n<tr>\n<strong><\/p>\n<td>Pojemno\u015b\u0107 zbiornika<\/td>\n<p><\/strong><\/p>\n<td>20L<\/td>\n<\/tr>\n<tr>\n<strong><\/p>\n<td>Moc generatora ultrad\u017awi\u0119kowego<\/td>\n<p><\/strong><\/p>\n<td>500 W (1000 W p-p)<\/td>\n<\/tr>\n<tr>\n<strong><\/p>\n<td>Ultrad\u017awi\u0119kowa cz\u0119stotliwo\u015b\u0107 robocza<\/td>\n<p><\/strong><\/p>\n<td>28\/40 kHz<\/td>\n<\/tr>\n<tr>\n<strong><\/p>\n<td>Odporno\u015b\u0107 na ciep\u0142o<\/td>\n<p><\/strong><\/p>\n<td>1 kW<\/td>\n<\/tr>\n<tr>\n<td colspan=\"2\"><strong>Analogowy panel sterowania z cyfrowym termostatem do regulacji temperatury<\/strong><\/td>\n<\/tr>\n<tr>\n<td colspan=\"2\"><strong>Pokrywa r\u0119czna z opcjonaln\u0105 izolacj\u0105 ciepln\u0105<\/strong><\/td>\n<\/tr>\n<tr>\n<td colspan=\"2\"><strong>Konstrukcja ze stali nierdzewnej AISI 304\/316<\/strong><\/td>\n<\/tr>\n<\/tbody>\n<\/table>\n<p>&nbsp;<\/p>\n<p><strong>Pobierz pe\u0142n\u0105 kart\u0119 techniczn\u0105:<\/strong><\/p>\n<p><a href=\"https:\/\/brioultrasonics.com\/wp-content\/uploads\/2024\/10\/BR-20-WT-Data-sheet-Manual-Cleaning-Equipment-Brio-Ultrasonics-1.pdf\" target=\"_blank\" rel=\"noopener\"><img decoding=\"async\" class=\"alignnone wp-image-1322 size-full\" src=\"https:\/\/brioultrasonics.com\/\/wp-content\/uploads\/2024\/05\/imagen-de-descarga.png\" alt=\"\" width=\"115\" height=\"150\" title=\"\"><\/a><\/p>\n","protected":false},"excerpt":{"rendered":"<p>BR-20 WT, r\u0119czne, stacjonarne urz\u0105dzenie do czyszczenia ultrad\u017awi\u0119kowego. Pojemno\u015b\u0107 20 litr\u00f3w. Ekskluzywna technologia <a href=\"https:\/\/www.metalia.es\/empresa.asp?id=1340&amp;empresa=Brio%20Ultrasonics%20-%20A&amp;J%20Tecno%20Innovacions,%20S.L.\">BRIO <\/a>trzy razy bardziej wydajna ni\u017c konwencjonalne systemy.  <\/p>\n","protected":false},"featured_media":65689,"comment_status":"open","ping_status":"closed","template":"","meta":{"_joinchat":[]},"product_brand":[],"product_cat":[275],"product_tag":[],"class_list":{"0":"post-66146","1":"product","2":"type-product","3":"status-publish","4":"has-post-thumbnail","6":"product_cat-serie-worktable-pl","8":"first","9":"instock","10":"shipping-taxable","11":"product-type-simple"},"_links":{"self":[{"href":"https:\/\/brioultrasonics.com\/pl\/wp-json\/wp\/v2\/product\/66146","targetHints":{"allow":["GET"]}}],"collection":[{"href":"https:\/\/brioultrasonics.com\/pl\/wp-json\/wp\/v2\/product"}],"about":[{"href":"https:\/\/brioultrasonics.com\/pl\/wp-json\/wp\/v2\/types\/product"}],"replies":[{"embeddable":true,"href":"https:\/\/brioultrasonics.com\/pl\/wp-json\/wp\/v2\/comments?post=66146"}],"version-history":[{"count":0,"href":"https:\/\/brioultrasonics.com\/pl\/wp-json\/wp\/v2\/product\/66146\/revisions"}],"wp:featuredmedia":[{"embeddable":true,"href":"https:\/\/brioultrasonics.com\/pl\/wp-json\/wp\/v2\/media\/65689"}],"wp:attachment":[{"href":"https:\/\/brioultrasonics.com\/pl\/wp-json\/wp\/v2\/media?parent=66146"}],"wp:term":[{"taxonomy":"product_brand","embeddable":true,"href":"https:\/\/brioultrasonics.com\/pl\/wp-json\/wp\/v2\/product_brand?post=66146"},{"taxonomy":"product_cat","embeddable":true,"href":"https:\/\/brioultrasonics.com\/pl\/wp-json\/wp\/v2\/product_cat?post=66146"},{"taxonomy":"product_tag","embeddable":true,"href":"https:\/\/brioultrasonics.com\/pl\/wp-json\/wp\/v2\/product_tag?post=66146"}],"curies":[{"name":"wp","href":"https:\/\/api.w.org\/{rel}","templated":true}]}}