{"id":66143,"date":"2024-05-22T13:32:19","date_gmt":"2024-05-22T11:32:19","guid":{"rendered":"https:\/\/brioultrasonics.com\/producto\/br-30-wt\/"},"modified":"2024-05-22T13:32:19","modified_gmt":"2024-05-22T11:32:19","slug":"br-30-wt","status":"publish","type":"product","link":"https:\/\/brioultrasonics.com\/pl\/producto\/br-30-wt\/","title":{"rendered":"BR-30 WT"},"content":{"rendered":"<p>BR-30 WT &#8211; CZYSZCZENIE MA\u0141YCH CZ\u0118\u015aCI<\/p>\n<table>\n<tbody>\n<tr>\n<strong><\/p>\n<td>Zewn\u0119trzne pomiary maszyny<\/td>\n<p><\/strong><\/p>\n<td>690 x 480 x 500 mm<\/td>\n<\/tr>\n<tr>\n<strong><\/p>\n<td>Pomiary wn\u0119trza zbiornika<\/td>\n<p><\/strong><\/p>\n<td>400 x 300 x 230 mm<\/td>\n<\/tr>\n<tr>\n<strong><\/p>\n<td>Przydatne pomiary kosza roboczego<\/td>\n<p><\/strong><\/p>\n<td>370 x 270 x 200 mm<\/td>\n<\/tr>\n<tr>\n<strong><\/p>\n<td>Wysoko\u015b\u0107 blatu<\/td>\n<p><\/strong><\/p>\n<td>410mm<\/td>\n<\/tr>\n<tr>\n<strong><\/p>\n<td>Pojemno\u015b\u0107 zbiornika<\/td>\n<p><\/strong><\/p>\n<td>30L<\/td>\n<\/tr>\n<tr>\n<strong><\/p>\n<td>Moc generatora ultrad\u017awi\u0119kowego<\/td>\n<p><\/strong><\/p>\n<td>600 W (1200 W p-p)<\/td>\n<\/tr>\n<tr>\n<strong><\/p>\n<td>Ultrad\u017awi\u0119kowa cz\u0119stotliwo\u015b\u0107 robocza<\/td>\n<p><\/strong><\/p>\n<td>28\/40 kHz<\/td>\n<\/tr>\n<tr>\n<strong><\/p>\n<td>Odporno\u015b\u0107 na ciep\u0142o<\/td>\n<p><\/strong><\/p>\n<td>1 kW<\/td>\n<\/tr>\n<tr>\n<td colspan=\"2\"><strong>Analogowy panel sterowania z cyfrowym termostatem do regulacji temperatury<\/strong><\/td>\n<\/tr>\n<tr>\n<td colspan=\"2\"><strong>Pokrywa r\u0119czna z opcjonaln\u0105 izolacj\u0105 ciepln\u0105<\/strong><\/td>\n<\/tr>\n<tr>\n<td colspan=\"2\"><strong>Konstrukcja ze stali nierdzewnej AISI 304\/316<\/strong><\/td>\n<\/tr>\n<\/tbody>\n<\/table>\n<p>&nbsp;<\/p>\n<p><strong>Pobierz pe\u0142n\u0105 kart\u0119 techniczn\u0105:<\/strong><\/p>\n<p><a href=\"https:\/\/brioultrasonics.com\/wp-content\/uploads\/2024\/10\/BR-30-WT-Data-sheet-Manual-Cleaning-Equipment-Brio-Ultrasonics-1.pdf\" target=\"_blank\" rel=\"noopener\"><img decoding=\"async\" class=\"alignnone wp-image-1322 size-full\" src=\"https:\/\/brioultrasonics.com\/\/wp-content\/uploads\/2024\/05\/imagen-de-descarga.png\" alt=\"\" width=\"115\" height=\"150\" title=\"\"><\/a><\/p>\n","protected":false},"excerpt":{"rendered":"<p>Czyszczenie ma\u0142ych cz\u0119\u015bci. BR-30 WT, r\u0119czne, stacjonarne urz\u0105dzenie do czyszczenia ultrad\u017awi\u0119kowego. Pojemno\u015b\u0107 30 litr\u00f3w. Ekskluzywna technologia <a href=\"https:\/\/aspromec.org\/Mecanizadores\/brio-ultrasonics\/\">BRIO<\/a> trzy razy bardziej wydajna ni\u017c konwencjonalne systemy. Czyszczenie ma\u0142ych i \u015brednich cz\u0119\u015bci.     Konstrukcja i moc emiter\u00f3w ultrad\u017awi\u0119kowych jest unikalna dla ka\u017cdego modelu, zapewniaj\u0105c maksymaln\u0105 wydajno\u015b\u0107. Proste i intuicyjne sterowanie. Z wy\u0142\u0105cznikiem g\u0142\u00f3wnym, przyciskiem startu ultrad\u017awi\u0119kowego, strza\u0142kami ustawiania czasu pracy, startu grzania i strza\u0142kami ustawiania temperatury roboczej.  <\/p>\n<p>&nbsp;<\/p>\n<h4>Czyszczenie ultrad\u017awi\u0119kowe ma\u0142ych cz\u0119\u015bci<\/h4>\n","protected":false},"featured_media":65691,"comment_status":"open","ping_status":"closed","template":"","meta":{"_joinchat":[]},"product_brand":[],"product_cat":[275],"product_tag":[],"class_list":{"0":"post-66143","1":"product","2":"type-product","3":"status-publish","4":"has-post-thumbnail","6":"product_cat-serie-worktable-pl","8":"first","9":"instock","10":"shipping-taxable","11":"product-type-simple"},"_links":{"self":[{"href":"https:\/\/brioultrasonics.com\/pl\/wp-json\/wp\/v2\/product\/66143","targetHints":{"allow":["GET"]}}],"collection":[{"href":"https:\/\/brioultrasonics.com\/pl\/wp-json\/wp\/v2\/product"}],"about":[{"href":"https:\/\/brioultrasonics.com\/pl\/wp-json\/wp\/v2\/types\/product"}],"replies":[{"embeddable":true,"href":"https:\/\/brioultrasonics.com\/pl\/wp-json\/wp\/v2\/comments?post=66143"}],"version-history":[{"count":0,"href":"https:\/\/brioultrasonics.com\/pl\/wp-json\/wp\/v2\/product\/66143\/revisions"}],"wp:featuredmedia":[{"embeddable":true,"href":"https:\/\/brioultrasonics.com\/pl\/wp-json\/wp\/v2\/media\/65691"}],"wp:attachment":[{"href":"https:\/\/brioultrasonics.com\/pl\/wp-json\/wp\/v2\/media?parent=66143"}],"wp:term":[{"taxonomy":"product_brand","embeddable":true,"href":"https:\/\/brioultrasonics.com\/pl\/wp-json\/wp\/v2\/product_brand?post=66143"},{"taxonomy":"product_cat","embeddable":true,"href":"https:\/\/brioultrasonics.com\/pl\/wp-json\/wp\/v2\/product_cat?post=66143"},{"taxonomy":"product_tag","embeddable":true,"href":"https:\/\/brioultrasonics.com\/pl\/wp-json\/wp\/v2\/product_tag?post=66143"}],"curies":[{"name":"wp","href":"https:\/\/api.w.org\/{rel}","templated":true}]}}