{"id":66142,"date":"2024-05-22T13:46:32","date_gmt":"2024-05-22T11:46:32","guid":{"rendered":"https:\/\/brioultrasonics.com\/producto\/br-3-lab-plus\/"},"modified":"2024-05-22T13:46:32","modified_gmt":"2024-05-22T11:46:32","slug":"br-3-lab-plus","status":"publish","type":"product","link":"https:\/\/brioultrasonics.com\/pl\/producto\/br-3-lab-plus\/","title":{"rendered":"BR-3 Lab Plus"},"content":{"rendered":"<p>BR-3 Lab Plus &#8211; Czyszczarka ultrad\u017awi\u0119kowa &#8211; Bi-cz\u0119stotliwo\u015b\u0107.<\/p>\n<table>\n<tbody>\n<tr>\n<strong><\/p>\n<td>Zewn\u0119trzne pomiary maszyny<\/td>\n<p><\/strong><\/p>\n<td>270 x 170 x 240 mm<\/td>\n<\/tr>\n<tr>\n<strong><\/p>\n<td>Pomiary wn\u0119trza zbiornika<\/td>\n<p><\/strong><\/p>\n<td>240 x 140 x 100 mm<\/td>\n<\/tr>\n<tr>\n<strong><\/p>\n<td>Przydatne pomiary kosza roboczego<\/td>\n<p><\/strong><\/p>\n<td>210 x 120 x 70 mm<\/td>\n<\/tr>\n<tr>\n<strong><\/p>\n<td>Pojemno\u015b\u0107 zbiornika<\/td>\n<p><\/strong><\/p>\n<td>3,2 l<\/td>\n<\/tr>\n<tr>\n<strong><\/p>\n<td>Moc generatora ultrad\u017awi\u0119kowego<\/td>\n<p><\/strong><\/p>\n<td>120 W (240 W p-p)<\/td>\n<\/tr>\n<tr>\n<strong><\/p>\n<td>Cz\u0119stotliwo\u015bci robocze ultrad\u017awi\u0119kowe<\/td>\n<p><\/strong><\/p>\n<td>40\/33 kHz<\/td>\n<\/tr>\n<tr>\n<strong><\/p>\n<td>Moc grzewcza<\/td>\n<p><\/strong><\/p>\n<td>100 W<\/td>\n<\/tr>\n<tr>\n<td colspan=\"2\"><strong>Analogowy panel sterowania z cyfrowym termostatem do regulacji temperatury<\/strong><\/td>\n<\/tr>\n<tr>\n<td colspan=\"2\"><strong>Ok\u0142adka wykonana ze stali AISI 304 \u201eend of day\u201d.<\/strong><\/td>\n<\/tr>\n<tr>\n<td colspan=\"2\"><strong>Zaw\u00f3r spustowy wykonany ze stali nierdzewnej.<\/strong><\/td>\n<\/tr>\n<tr>\n<td colspan=\"2\"><strong>W zestawie kosz roboczy. Wykonany ze stali nierdzewnej AISI 304. <\/strong><\/td>\n<\/tr>\n<tr>\n<td colspan=\"2\"><strong>Konstrukcja ze stali nierdzewnej AISI 304\/316<\/strong><\/td>\n<\/tr>\n<\/tbody>\n<\/table>\n<p>&nbsp;<\/p>\n<p><strong>Pobierz pe\u0142n\u0105 kart\u0119 techniczn\u0105:<\/strong><\/p>\n<p><a href=\"https:\/\/brioultrasonics.com\/wp-content\/uploads\/2024\/10\/Cleaning-Equipment-Brio-Ultrasonics-Data-sheet-BR-3-Lab-Plus-1.pdf\" target=\"_blank\" rel=\"noopener\"><img decoding=\"async\" class=\"alignnone wp-image-1322 size-full\" src=\"https:\/\/brioultrasonics.com\/\/wp-content\/uploads\/2024\/05\/imagen-de-descarga.png\" alt=\"\" width=\"115\" height=\"150\" title=\"\"><\/a><\/p>\n","protected":false},"excerpt":{"rendered":"<p>R\u0119czny sprz\u0119t do czyszczenia ultrad\u017awi\u0119kowego komputer\u00f3w stacjonarnych. Pojemno\u015b\u0107 3L. Ekskluzywna technologia <a href=\"https:\/\/www.europages.es\/es\/company\/brio-ultrasonics-20049838\">BRIO<\/a> z podw\u00f3jn\u0105 cz\u0119stotliwo\u015bci\u0105 i funkcjami poprawiaj\u0105cymi cykl czyszczenia. Maszyna przeznaczona dla sektora badawczego, medycznego, weterynaryjnego, jubilerskiego itp.   <\/p>\n<p>&nbsp;<\/p>\n<h4><strong>FUNKCJE &#8211; MASZYNA CZYSZCZ\u0104CA &#8211; DWUSTRONNA CZ\u0118STOTLIWO\u015a\u0106<\/strong><\/h4>\n<table>\n<tbody>\n<tr>\n<td><strong>Pracuj przy 40 i 33 kHz.<\/strong><\/td>\n<td> 1. 40 Khz: Najbardziej odpowiednia cz\u0119stotliwo\u015b\u0107 do lekkich zabrudze\u0144, do zastosowa\u0144 w laboratoriach, medycynie, optyce, zegarmistrzostwie itp. 2. 33 kHz: Ta cz\u0119stotliwo\u015b\u0107 zapewnia wi\u0119ksz\u0105 intensywno\u015b\u0107 czyszczenia i jest bardziej odpowiednia do usuwania brudu, kt\u00f3ry mocno przylega do cz\u0119\u015bci. <\/p>\n<\/td>\n<\/tr>\n<tr>\n<td><strong>Bicz\u0119stotliwo\u015b\u0107 Stop &amp; Go.<\/strong><\/td>\n<td>Praca przerywana przy 40\/33 kHz z przerwami po\u015brednimi. Funkcja ta poddaje cz\u0119\u015bci zmiennym impulsom wibracji ultrad\u017awi\u0119kowych, co pozwala na lepsze usuwanie brudu znajduj\u0105cego si\u0119 we wg\u0142\u0119bieniach i innych trudno dost\u0119pnych miejscach. <\/td>\n<\/tr>\n<tr>\n<td><strong>Funkcja przemiatania cz\u0119stotliwo\u015bci.<\/strong><\/td>\n<td>Progresywne zmiany z jednej cz\u0119stotliwo\u015bci na drug\u0105. Ta odmiana pozwala na stopniow\u0105 zmian\u0119 intensywno\u015bci czyszczenia, co sprzyja usuwaniu brudu. <\/td>\n<\/tr>\n<tr>\n<td><strong>Ultrad\u017awi\u0119kowy timer pracy.<\/strong><\/td>\n<td>Umo\u017cliwia ustawienie czasu pracy w zakresie od 1 do 99 minut.<\/td>\n<\/tr>\n<tr>\n<td><strong>Zintegrowany termostat cyfrowy.<\/strong><\/td>\n<td>Umo\u017cliwia ustawienie temperatury pracy urz\u0105dzenia a\u017c do 80\u00b0C. Zalecany zakres pracy dla ultrad\u017awi\u0119k\u00f3w wynosi od 65 do 85\u00b0C. <\/td>\n<\/tr>\n<\/tbody>\n<\/table>\n<p>&nbsp;<\/p>\n","protected":false},"featured_media":65686,"comment_status":"open","ping_status":"closed","template":"","meta":{"_joinchat":[]},"product_brand":[],"product_cat":[269],"product_tag":[],"class_list":{"0":"post-66142","1":"product","2":"type-product","3":"status-publish","4":"has-post-thumbnail","6":"product_cat-seria-labplus","8":"first","9":"instock","10":"shipping-taxable","11":"product-type-simple"},"_links":{"self":[{"href":"https:\/\/brioultrasonics.com\/pl\/wp-json\/wp\/v2\/product\/66142","targetHints":{"allow":["GET"]}}],"collection":[{"href":"https:\/\/brioultrasonics.com\/pl\/wp-json\/wp\/v2\/product"}],"about":[{"href":"https:\/\/brioultrasonics.com\/pl\/wp-json\/wp\/v2\/types\/product"}],"replies":[{"embeddable":true,"href":"https:\/\/brioultrasonics.com\/pl\/wp-json\/wp\/v2\/comments?post=66142"}],"version-history":[{"count":0,"href":"https:\/\/brioultrasonics.com\/pl\/wp-json\/wp\/v2\/product\/66142\/revisions"}],"wp:featuredmedia":[{"embeddable":true,"href":"https:\/\/brioultrasonics.com\/pl\/wp-json\/wp\/v2\/media\/65686"}],"wp:attachment":[{"href":"https:\/\/brioultrasonics.com\/pl\/wp-json\/wp\/v2\/media?parent=66142"}],"wp:term":[{"taxonomy":"product_brand","embeddable":true,"href":"https:\/\/brioultrasonics.com\/pl\/wp-json\/wp\/v2\/product_brand?post=66142"},{"taxonomy":"product_cat","embeddable":true,"href":"https:\/\/brioultrasonics.com\/pl\/wp-json\/wp\/v2\/product_cat?post=66142"},{"taxonomy":"product_tag","embeddable":true,"href":"https:\/\/brioultrasonics.com\/pl\/wp-json\/wp\/v2\/product_tag?post=66142"}],"curies":[{"name":"wp","href":"https:\/\/api.w.org\/{rel}","templated":true}]}}