{"id":66141,"date":"2024-05-21T12:34:22","date_gmt":"2024-05-21T10:34:22","guid":{"rendered":"https:\/\/brioultrasonics.com\/producto\/br-8000\/"},"modified":"2025-08-29T10:34:48","modified_gmt":"2025-08-29T08:34:48","slug":"br-8000","status":"publish","type":"product","link":"https:\/\/brioultrasonics.com\/pl\/producto\/br-8000\/","title":{"rendered":"BR-8000"},"content":{"rendered":"<p>R\u0119czny sprz\u0119t do czyszczenia.<\/p>\n<table>\n<tbody>\n<tr>\n<strong><\/p>\n<td>Wymiary zewn\u0119trzne maszyny<\/td>\n<p><\/strong><\/p>\n<td>3650 x 2400 x 1833 mm<\/td>\n<\/tr>\n<tr>\n<strong><\/p>\n<td>Pomiary wn\u0119trza zbiornika<\/td>\n<p><\/strong><\/p>\n<td>2800 x 1900 x 1623 mm<\/td>\n<\/tr>\n<tr>\n<strong><\/p>\n<td>Przydatne pomiary kosza roboczego<\/td>\n<p><\/strong><\/p>\n<td>2750 x 1800 x 1335 mm<\/td>\n<\/tr>\n<tr>\n<strong><\/p>\n<td>Wysoko\u015b\u0107 blatu<\/td>\n<p><\/strong><\/p>\n<td>1833 mm<\/td>\n<\/tr>\n<tr>\n<strong><\/p>\n<td>Pojemno\u015b\u0107 zbiornika do czyszczenia<\/td>\n<p><\/strong><\/p>\n<td>8634 l<\/td>\n<\/tr>\n<tr>\n<td><strong>Zainstalowana moc ultrad\u017awi\u0119kowa<br \/>\n<\/strong><\/td>\n<td>25 000 W (50 000 W p-p)<\/td>\n<\/tr>\n<tr>\n<strong><\/p>\n<td>Cz\u0119stotliwo\u015b\u0107 praktycznych ultrad\u017awi\u0119k\u00f3w<\/td>\n<p><\/strong><\/p>\n<td>28\/40 kHz<\/td>\n<\/tr>\n<tr>\n<td><strong>Zainstalowana moc grzewcza<\/strong><\/td>\n<td> 63 kW<\/td>\n<\/tr>\n<tr>\n<td colspan=\"2\"><strong>Dotykowy lub przyciskowy panel sterowania i cyfrowy termostat<\/strong><\/td>\n<\/tr>\n<tr>\n<td colspan=\"2\"><strong>Pokrywa r\u0119czna z opcjonaln\u0105 izolacj\u0105 ciepln\u0105<\/strong><\/td>\n<\/tr>\n<tr>\n<td colspan=\"2\"><strong>Konstrukcja ze stali nierdzewnej AISI 304\/316<\/strong><\/td>\n<\/tr>\n<\/tbody>\n<\/table>\n<p>&nbsp;<\/p>\n<p><strong>Pobierz pe\u0142n\u0105 kart\u0119 techniczn\u0105:<\/strong><\/p>\n<p><a href=\"https:\/\/brioultrasonics.com\/wp-content\/uploads\/2024\/10\/BR-8000-Data-sheet-Manual-Cleaning-Equipment-Brio-Ultrasonics-1.pdf\" target=\"_blank\" rel=\"noopener\"><img decoding=\"async\" class=\"alignnone wp-image-1322 size-full\" src=\"https:\/\/brioultrasonics.com\/\/wp-content\/uploads\/2024\/05\/imagen-de-descarga.png\" alt=\"\" width=\"115\" height=\"150\" title=\"\"><\/a><\/p>\n","protected":false},"excerpt":{"rendered":"<p>R\u0119czne urz\u0105dzenie do czyszczenia ultrad\u017awi\u0119kowego o pojemno\u015bci 8000 L. Ekskluzywna technologia <a href=\"https:\/\/www.machinetools.com\/es\/companies\/359701-brio-ultrasonics\">BRIO<\/a> trzy razy bardziej wydajna ni\u017c konwencjonalne systemy. Proste i intuicyjne sterowanie. Ekran dotykowy i sterownik PLC do uruchamiania cyklu, ustawiania temperatury i czasu prania. Z wy\u0142\u0105cznikiem g\u0142\u00f3wnym i przyciskiem bezpiecze\u0144stwa. Dost\u0119pny r\u00f3wnie\u017c z panelem przycisk\u00f3w.     <\/p>\n<p>&nbsp;<\/p>\n<h3>R\u0119czny sprz\u0119t do czyszczenia ultrad\u017awi\u0119kowego<\/h3>\n","protected":false},"featured_media":65739,"comment_status":"open","ping_status":"closed","template":"","meta":{"_joinchat":[]},"product_brand":[],"product_cat":[274],"product_tag":[],"class_list":{"0":"post-66141","1":"product","2":"type-product","3":"status-publish","4":"has-post-thumbnail","6":"product_cat-seria-podrecznikow","8":"first","9":"instock","10":"shipping-taxable","11":"product-type-simple"},"_links":{"self":[{"href":"https:\/\/brioultrasonics.com\/pl\/wp-json\/wp\/v2\/product\/66141","targetHints":{"allow":["GET"]}}],"collection":[{"href":"https:\/\/brioultrasonics.com\/pl\/wp-json\/wp\/v2\/product"}],"about":[{"href":"https:\/\/brioultrasonics.com\/pl\/wp-json\/wp\/v2\/types\/product"}],"replies":[{"embeddable":true,"href":"https:\/\/brioultrasonics.com\/pl\/wp-json\/wp\/v2\/comments?post=66141"}],"version-history":[{"count":2,"href":"https:\/\/brioultrasonics.com\/pl\/wp-json\/wp\/v2\/product\/66141\/revisions"}],"predecessor-version":[{"id":69088,"href":"https:\/\/brioultrasonics.com\/pl\/wp-json\/wp\/v2\/product\/66141\/revisions\/69088"}],"wp:featuredmedia":[{"embeddable":true,"href":"https:\/\/brioultrasonics.com\/pl\/wp-json\/wp\/v2\/media\/65739"}],"wp:attachment":[{"href":"https:\/\/brioultrasonics.com\/pl\/wp-json\/wp\/v2\/media?parent=66141"}],"wp:term":[{"taxonomy":"product_brand","embeddable":true,"href":"https:\/\/brioultrasonics.com\/pl\/wp-json\/wp\/v2\/product_brand?post=66141"},{"taxonomy":"product_cat","embeddable":true,"href":"https:\/\/brioultrasonics.com\/pl\/wp-json\/wp\/v2\/product_cat?post=66141"},{"taxonomy":"product_tag","embeddable":true,"href":"https:\/\/brioultrasonics.com\/pl\/wp-json\/wp\/v2\/product_tag?post=66141"}],"curies":[{"name":"wp","href":"https:\/\/api.w.org\/{rel}","templated":true}]}}