{"id":66138,"date":"2024-05-22T13:53:32","date_gmt":"2024-05-22T11:53:32","guid":{"rendered":"https:\/\/brioultrasonics.com\/producto\/br-20-lab-plus\/"},"modified":"2024-05-22T13:53:32","modified_gmt":"2024-05-22T11:53:32","slug":"br-20-lab-plus","status":"publish","type":"product","link":"https:\/\/brioultrasonics.com\/pl\/producto\/br-20-lab-plus\/","title":{"rendered":"BR-20 Lab Plus"},"content":{"rendered":"<p>BR-20 Lab Plus &#8211; Myjka ultrad\u017awi\u0119kowa. R\u0119czny pulpit. <\/p>\n<table>\n<tbody>\n<tr>\n<strong><\/p>\n<td>Zewn\u0119trzne pomiary maszyny<\/td>\n<p><\/strong><\/p>\n<td>550 x 330 x 310 mm<\/td>\n<\/tr>\n<tr>\n<strong><\/p>\n<td>Pomiary wn\u0119trza zbiornika<\/td>\n<p><\/strong><\/p>\n<td>500 x 300 x 150 mm<\/td>\n<\/tr>\n<tr>\n<strong><\/p>\n<td>Przydatne pomiary kosza roboczego<\/td>\n<p><\/strong><\/p>\n<td>460 x 260 x 100 mm<\/td>\n<\/tr>\n<tr>\n<strong><\/p>\n<td>Pojemno\u015b\u0107 zbiornika<\/td>\n<p><\/strong><\/p>\n<td>22L<\/td>\n<\/tr>\n<tr>\n<strong><\/p>\n<td>Moc generatora ultrad\u017awi\u0119kowego<\/td>\n<p><\/strong><\/p>\n<td>480 W (960 W p-p)<\/td>\n<\/tr>\n<tr>\n<strong><\/p>\n<td>Cz\u0119stotliwo\u015bci robocze ultrad\u017awi\u0119kowe<\/td>\n<p><\/strong><\/p>\n<td>40\/33 kHz<\/td>\n<\/tr>\n<tr>\n<strong><\/p>\n<td>Moc grzewcza<\/td>\n<p><\/strong><\/p>\n<td>500 W<\/td>\n<\/tr>\n<tr>\n<td colspan=\"2\"><strong>Analogowy panel sterowania z cyfrowym termostatem do regulacji temperatury<\/strong><\/td>\n<\/tr>\n<tr>\n<td colspan=\"2\"><strong>Ok\u0142adka wykonana ze stali AISI 304 \u201eend of day\u201d.<\/strong><\/td>\n<\/tr>\n<tr>\n<td colspan=\"2\"><strong>Zaw\u00f3r spustowy wykonany ze stali nierdzewnej.<\/strong><\/td>\n<\/tr>\n<tr>\n<td colspan=\"2\"><strong>W zestawie kosz roboczy. Wykonany ze stali nierdzewnej AISI 304. <\/strong><\/td>\n<\/tr>\n<tr>\n<td colspan=\"2\"><strong>Konstrukcja ze stali nierdzewnej AISI 304\/316<\/strong><\/td>\n<\/tr>\n<\/tbody>\n<\/table>\n<p>&nbsp;<\/p>\n<p><strong>Pobierz pe\u0142n\u0105 kart\u0119 techniczn\u0105:<\/strong><\/p>\n<p><a href=\"https:\/\/brioultrasonics.com\/wp-content\/uploads\/2024\/10\/Cleaning-Equipment-Brio-Ultrasonics-Data-sheet-BR-20-Lab-Plus-1.pdf\" target=\"_blank\" rel=\"noopener\"><img decoding=\"async\" class=\"alignnone wp-image-1322 size-full\" src=\"https:\/\/brioultrasonics.com\/\/wp-content\/uploads\/2024\/05\/imagen-de-descarga.png\" alt=\"\" width=\"115\" height=\"150\" title=\"\"><\/a><\/p>\n","protected":false},"excerpt":{"rendered":"<p>R\u0119czny sprz\u0119t do czyszczenia ultrad\u017awi\u0119kowego komputer\u00f3w stacjonarnych. Pojemno\u015b\u0107 20 litr\u00f3w. Ekskluzywna technologia BRIO z podw\u00f3jn\u0105 cz\u0119stotliwo\u015bci\u0105 i funkcjami poprawiaj\u0105cymi cykl czyszczenia. Maszyna przeznaczona dla sektora badawczego, medycznego, weterynaryjnego, jubilerskiego itp.   <\/p>\n<h4>FUNKCJE Pulpit r\u0119czny BR-20<\/h4>\n<table>\n<tbody>\n<tr>\n<td><strong>Pracuj przy 40 i 33 kHz.<\/strong><\/td>\n<td> 1. 40 <a href=\"\">Khz<\/a>: Najbardziej odpowiednia cz\u0119stotliwo\u015b\u0107 do lekkich zabrudze\u0144, do zastosowa\u0144 w laboratoriach, medycynie, bran\u017cy optycznej, zegarmistrzowskiej itp. 2. 33 kHz: Ta cz\u0119stotliwo\u015b\u0107 zapewnia wi\u0119ksz\u0105 intensywno\u015b\u0107 czyszczenia i jest bardziej odpowiednia do usuwania brudu, kt\u00f3ry mocno przylega do cz\u0119\u015bci. <\/p>\n<\/td>\n<\/tr>\n<tr>\n<td><strong>Bicz\u0119stotliwo\u015b\u0107 Stop &amp; Go.<\/strong><\/td>\n<td>Praca przerywana przy 40\/33 kHz z przerwami po\u015brednimi. Funkcja ta poddaje cz\u0119\u015bci zmiennym impulsom wibracji ultrad\u017awi\u0119kowych, co pozwala na lepsze usuwanie brudu znajduj\u0105cego si\u0119 we wg\u0142\u0119bieniach i innych trudno dost\u0119pnych miejscach. <\/td>\n<\/tr>\n<tr>\n<td><strong>Funkcja przemiatania cz\u0119stotliwo\u015bci.<\/strong><\/td>\n<td>Progresywne zmiany z jednej cz\u0119stotliwo\u015bci na drug\u0105. Ta odmiana pozwala na stopniow\u0105 zmian\u0119 intensywno\u015bci czyszczenia, co sprzyja usuwaniu brudu. <\/td>\n<\/tr>\n<tr>\n<td><strong>Ultrad\u017awi\u0119kowy timer pracy.<\/strong><\/td>\n<td>Umo\u017cliwia ustawienie czasu pracy w zakresie od 1 do 99 minut.<\/td>\n<\/tr>\n<tr>\n<td><strong>Zintegrowany termostat cyfrowy.<\/strong><\/td>\n<td>Umo\u017cliwia ustawienie temperatury pracy urz\u0105dzenia a\u017c do 80\u00b0C. Zalecany zakres pracy dla ultrad\u017awi\u0119k\u00f3w wynosi od 65 do 85\u00b0C. <\/td>\n<\/tr>\n<\/tbody>\n<\/table>\n<p>&nbsp;<\/p>\n<p>Panel sterowania jest prosty i intuicyjny. Mo\u017cna na nim wybra\u0107 cz\u0119stotliwo\u015b\u0107 robocz\u0105, funkcje dwucz\u0119stotliwo\u015bciowe wzmacniaj\u0105ce dzia\u0142anie k\u0105pieli, kontrol\u0119 temperatury oraz w\u0142\u0105czanie\/wy\u0142\u0105czanie ultrad\u017awi\u0119k\u00f3w. Taca ZE STALI NIERDZEWNEJ, na kt\u00f3rej umieszczane s\u0105 przedmioty przeznaczone do czyszczenia. Ma kszta\u0142t siatki, przez kt\u00f3r\u0105 przep\u0142ywa p\u0142yn.   <\/p>\n<p>&nbsp;<\/p>\n<p>Ultrad\u017awi\u0119ki BRIO w kompaktowym sprz\u0119cie laboratoryjnym. Idealny sprz\u0119t stacjonarny do odka\u017cania i piel\u0119gnacji cz\u0119\u015bci zegark\u00f3w, optyki, bi\u017cuterii, narz\u0119dzi medycznych i dentystycznych i wielu innych. Dzi\u0119ki technologii dwucz\u0119stotliwo\u015bciowej i ekskluzywnym funkcjom poprawiaj\u0105cym efekt czyszczenia i dostosowuj\u0105cym si\u0119 do wszystkich rodzaj\u00f3w zabrudze\u0144 i wymaga\u0144 ka\u017cdego sektora. BR-30 Lab Plus.  <\/p>\n<p>&nbsp;<\/p>\n<p>Brio Ultrasonics, specjali\u015bci w zakresie rozwi\u0105za\u0144 i proces\u00f3w czyszczenia ultrad\u017awi\u0119kowego. 100% hiszpa\u0144ska technologia. <\/p>\n","protected":false},"featured_media":65683,"comment_status":"open","ping_status":"closed","template":"","meta":{"_joinchat":[]},"product_brand":[],"product_cat":[269],"product_tag":[],"class_list":{"0":"post-66138","1":"product","2":"type-product","3":"status-publish","4":"has-post-thumbnail","6":"product_cat-seria-labplus","8":"first","9":"instock","10":"shipping-taxable","11":"product-type-simple"},"_links":{"self":[{"href":"https:\/\/brioultrasonics.com\/pl\/wp-json\/wp\/v2\/product\/66138","targetHints":{"allow":["GET"]}}],"collection":[{"href":"https:\/\/brioultrasonics.com\/pl\/wp-json\/wp\/v2\/product"}],"about":[{"href":"https:\/\/brioultrasonics.com\/pl\/wp-json\/wp\/v2\/types\/product"}],"replies":[{"embeddable":true,"href":"https:\/\/brioultrasonics.com\/pl\/wp-json\/wp\/v2\/comments?post=66138"}],"version-history":[{"count":0,"href":"https:\/\/brioultrasonics.com\/pl\/wp-json\/wp\/v2\/product\/66138\/revisions"}],"wp:featuredmedia":[{"embeddable":true,"href":"https:\/\/brioultrasonics.com\/pl\/wp-json\/wp\/v2\/media\/65683"}],"wp:attachment":[{"href":"https:\/\/brioultrasonics.com\/pl\/wp-json\/wp\/v2\/media?parent=66138"}],"wp:term":[{"taxonomy":"product_brand","embeddable":true,"href":"https:\/\/brioultrasonics.com\/pl\/wp-json\/wp\/v2\/product_brand?post=66138"},{"taxonomy":"product_cat","embeddable":true,"href":"https:\/\/brioultrasonics.com\/pl\/wp-json\/wp\/v2\/product_cat?post=66138"},{"taxonomy":"product_tag","embeddable":true,"href":"https:\/\/brioultrasonics.com\/pl\/wp-json\/wp\/v2\/product_tag?post=66138"}],"curies":[{"name":"wp","href":"https:\/\/api.w.org\/{rel}","templated":true}]}}