{"id":66132,"date":"2024-05-22T13:55:13","date_gmt":"2024-05-22T11:55:13","guid":{"rendered":"https:\/\/brioultrasonics.com\/producto\/br-30-lab-plus\/"},"modified":"2024-12-18T11:16:59","modified_gmt":"2024-12-18T10:16:59","slug":"br-30-lab-plus","status":"publish","type":"product","link":"https:\/\/brioultrasonics.com\/pl\/producto\/br-30-lab-plus\/","title":{"rendered":"BR-30 Lab Plus"},"content":{"rendered":"<h3>BR-30 Lab Plus &#8211; Czyszczarka ultrad\u017awi\u0119kowa.<\/h3>\n<p>Zewn\u0119trzne pomiary maszyny<br \/>\nPomiary wn\u0119trza zbiornika<br \/>\nPrzydatne pomiary kosza roboczego<br \/>\nPojemno\u015b\u0107 zbiornika<br \/>\nMoc generatora ultrad\u017awi\u0119kowego<br \/>\nCz\u0119stotliwo\u015bci robocze ultrad\u017awi\u0119kowe<br \/>\nMoc grzewcza<\/p>\n<table>\n<tbody>\n<tr>\n<td>550 x 330 x 360 mm<\/td>\n<\/tr>\n<tr>\n<td>500 x 300 x 200 mm<\/td>\n<\/tr>\n<tr>\n<td>460 x 280 x 150 mm<\/td>\n<\/tr>\n<tr>\n<td>30L<\/td>\n<\/tr>\n<tr>\n<td>600 W (1200 W p-p)<\/td>\n<\/tr>\n<tr>\n<td>40\/33 kHz<\/td>\n<\/tr>\n<tr>\n<td>500 W<\/td>\n<\/tr>\n<tr>\n<td colspan=\"2\"><strong>Analogowy panel sterowania z cyfrowym termostatem do regulacji temperatury<\/strong><\/td>\n<\/tr>\n<tr>\n<td colspan=\"2\"><strong>Ok\u0142adka wykonana ze stali AISI 304 \u201eend of day\u201d.<\/strong><\/td>\n<\/tr>\n<tr>\n<td colspan=\"2\"><strong>Zaw\u00f3r spustowy wykonany ze stali nierdzewnej.<\/strong><\/td>\n<\/tr>\n<tr>\n<td colspan=\"2\"><strong>W zestawie kosz roboczy. Wykonany ze stali nierdzewnej AISI 304. <\/strong><\/td>\n<\/tr>\n<tr>\n<td colspan=\"2\"><strong>Konstrukcja ze stali nierdzewnej AISI 304\/316<\/strong><\/td>\n<\/tr>\n<\/tbody>\n<\/table>\n<p>&nbsp;<\/p>\n<p><strong>Pobierz pe\u0142n\u0105 kart\u0119 techniczn\u0105:<\/strong><\/p>\n<p><a href=\"https:\/\/brioultrasonics.com\/wp-content\/uploads\/2024\/10\/Cleaning-Equipment-Brio-Ultrasonics-Data-sheet-BR-30-Lab-Plus-1.pdf\" target=\"_blank\" rel=\"noopener\"><img decoding=\"async\" class=\"alignnone wp-image-1322 size-full\" src=\"https:\/\/brioultrasonics.com\/\/wp-content\/uploads\/2024\/05\/imagen-de-descarga.png\" alt=\"\" width=\"115\" height=\"150\" title=\"\"><\/a><\/p>\n","protected":false},"excerpt":{"rendered":"<p>BR-30 Lab Plus &#8211; R\u0119czny stacjonarny sprz\u0119t do czyszczenia ultrad\u017awi\u0119kowego. Pojemno\u015b\u0107 30 litr\u00f3w. Ekskluzywna technologia BRIO z podw\u00f3jn\u0105 cz\u0119stotliwo\u015bci\u0105 i funkcjami poprawiaj\u0105cymi cykl czyszczenia. Maszyna przeznaczona dla sektora badawczego, medycznego, weterynaryjnego, jubilerskiego itp.<\/p>\n<p>&nbsp;<\/p>\n<h4>FUNKCJE B3-30 Lab Plus<\/h4>\n<table>\n<tbody>\n<tr>\n<td><strong>Bi-cz\u0119stotliwo\u015b\u0107: 40 i 33 kHz.<\/strong><\/td>\n<td>1. 40 Khz: Najbardziej odpowiednia cz\u0119stotliwo\u015b\u0107 do lekkich zabrudze\u0144, do zastosowa\u0144 w laboratoriach, medycynie, optyce, zegarmistrzostwie itp. 2. 33 kHz: Ta cz\u0119stotliwo\u015b\u0107 zapewnia wi\u0119ksz\u0105 intensywno\u015b\u0107 czyszczenia i jest bardziej odpowiednia do usuwania brudu, kt\u00f3ry mocno przylega do cz\u0119\u015bci.<\/td>\n<\/tr>\n<tr>\n<td><strong>Bicz\u0119stotliwo\u015b\u0107 Stop &amp; Go.<\/strong><\/td>\n<td>Praca przerywana przy 40\/33 kHz z przerwami po\u015brednimi. Funkcja ta poddaje cz\u0119\u015bci zmiennym impulsom wibracji ultrad\u017awi\u0119kowych, co pozwala na lepsze usuwanie brudu znajduj\u0105cego si\u0119 we wg\u0142\u0119bieniach i innych trudno dost\u0119pnych miejscach.<\/td>\n<\/tr>\n<tr>\n<td><strong>Funkcja przemiatania cz\u0119stotliwo\u015bci.<\/strong><\/td>\n<td>Progresywne zmiany z jednej cz\u0119stotliwo\u015bci na drug\u0105. Ta odmiana pozwala na stopniow\u0105 zmian\u0119 intensywno\u015bci czyszczenia, co sprzyja usuwaniu brudu.<\/td>\n<\/tr>\n<tr>\n<td><strong>Ultrad\u017awi\u0119kowy timer pracy.<\/strong><\/td>\n<td>Umo\u017cliwia ustawienie czasu pracy w zakresie od 1 do 99 minut.<\/td>\n<\/tr>\n<tr>\n<td><strong>Zintegrowany termostat cyfrowy.<\/strong><\/td>\n<td>Umo\u017cliwia ustawienie temperatury pracy urz\u0105dzenia a\u017c do 80\u00b0C. Zalecany zakres pracy dla ultrad\u017awi\u0119k\u00f3w wynosi od 65 do 85\u00b0C.<\/td>\n<\/tr>\n<\/tbody>\n<\/table>\n<p>&nbsp;<\/p>\n<h3><strong>STANDARDOWE WYPOSA\u017bENIE BR-30 LAB PLUS<\/strong><\/h3>\n<ul>\n<li>G\u0142\u00f3wny wy\u0142\u0105cznik.<\/li>\n<li>R\u0119czna pokrywa wykonana ze stali AISI 304\/316 \u201ekoniec dnia\u201d.<\/li>\n<li>Kosz roboczy zbudowany ze stali AISI 304\/316.<\/li>\n<li>Ok\u0142adziny zewn\u0119trzne wykonane ze stali AISI 304\/316 o grubo\u015bci 1 mm.<\/li>\n<li><a href=\"https:\/\/es.wikipedia.org\/wiki\/Tina\">Wanna<\/a> wykonana ze stali AISI 304\/316 o grubo\u015bci 2 mm.<\/li>\n<\/ul>\n<p>&nbsp;<\/p>\n<p>Panel sterowania jest prosty i intuicyjny. Mo\u017cna na nim wybra\u0107 cz\u0119stotliwo\u015b\u0107 robocz\u0105, funkcje dwucz\u0119stotliwo\u015bciowe wzmacniaj\u0105ce dzia\u0142anie k\u0105pieli, kontrol\u0119 temperatury oraz w\u0142\u0105czanie\/wy\u0142\u0105czanie ultrad\u017awi\u0119k\u00f3w. Taca ZE STALI NIERDZEWNEJ, na kt\u00f3rej umieszczane s\u0105 przedmioty przeznaczone do czyszczenia. Ma kszta\u0142t siatki, przez kt\u00f3r\u0105 przep\u0142ywa p\u0142yn.<\/p>\n<p>&nbsp;<\/p>\n<p>Ultrad\u017awi\u0119ki BRIO w kompaktowym sprz\u0119cie laboratoryjnym. Idealny sprz\u0119t stacjonarny do odka\u017cania i piel\u0119gnacji cz\u0119\u015bci zegark\u00f3w, optyki, bi\u017cuterii, narz\u0119dzi medycznych i dentystycznych i wielu innych. Dzi\u0119ki technologii dwucz\u0119stotliwo\u015bciowej i ekskluzywnym funkcjom poprawiaj\u0105cym efekt czyszczenia i dostosowuj\u0105cym si\u0119 do wszystkich rodzaj\u00f3w zabrudze\u0144 i wymaga\u0144 ka\u017cdego sektora. BR-30 Lab Plus.<\/p>\n<p>&nbsp;<\/p>\n<p>Brio Ultrasonics, specjali\u015bci w zakresie rozwi\u0105za\u0144 i proces\u00f3w czyszczenia ultrad\u017awi\u0119kowego. 100% hiszpa\u0144ska technologia.<\/p>\n","protected":false},"featured_media":65682,"comment_status":"open","ping_status":"closed","template":"","meta":{"_joinchat":[]},"product_brand":[],"product_cat":[269],"product_tag":[],"class_list":{"0":"post-66132","1":"product","2":"type-product","3":"status-publish","4":"has-post-thumbnail","6":"product_cat-seria-labplus","8":"first","9":"instock","10":"shipping-taxable","11":"product-type-simple"},"_links":{"self":[{"href":"https:\/\/brioultrasonics.com\/pl\/wp-json\/wp\/v2\/product\/66132","targetHints":{"allow":["GET"]}}],"collection":[{"href":"https:\/\/brioultrasonics.com\/pl\/wp-json\/wp\/v2\/product"}],"about":[{"href":"https:\/\/brioultrasonics.com\/pl\/wp-json\/wp\/v2\/types\/product"}],"replies":[{"embeddable":true,"href":"https:\/\/brioultrasonics.com\/pl\/wp-json\/wp\/v2\/comments?post=66132"}],"version-history":[{"count":1,"href":"https:\/\/brioultrasonics.com\/pl\/wp-json\/wp\/v2\/product\/66132\/revisions"}],"predecessor-version":[{"id":67235,"href":"https:\/\/brioultrasonics.com\/pl\/wp-json\/wp\/v2\/product\/66132\/revisions\/67235"}],"wp:featuredmedia":[{"embeddable":true,"href":"https:\/\/brioultrasonics.com\/pl\/wp-json\/wp\/v2\/media\/65682"}],"wp:attachment":[{"href":"https:\/\/brioultrasonics.com\/pl\/wp-json\/wp\/v2\/media?parent=66132"}],"wp:term":[{"taxonomy":"product_brand","embeddable":true,"href":"https:\/\/brioultrasonics.com\/pl\/wp-json\/wp\/v2\/product_brand?post=66132"},{"taxonomy":"product_cat","embeddable":true,"href":"https:\/\/brioultrasonics.com\/pl\/wp-json\/wp\/v2\/product_cat?post=66132"},{"taxonomy":"product_tag","embeddable":true,"href":"https:\/\/brioultrasonics.com\/pl\/wp-json\/wp\/v2\/product_tag?post=66132"}],"curies":[{"name":"wp","href":"https:\/\/api.w.org\/{rel}","templated":true}]}}