{"id":68119,"date":"2024-12-13T10:05:38","date_gmt":"2024-12-13T09:05:38","guid":{"rendered":"https:\/\/brioultrasonics.com\/sektory-i-zastosowania\/czyszczenie-wymiennika-ciepla-metoda-ultradzwiekowa\/"},"modified":"2025-04-09T10:22:34","modified_gmt":"2025-04-09T08:22:34","slug":"czyszczenie-wymiennika-ciepla-metoda-ultradzwiekowa","status":"publish","type":"page","link":"https:\/\/brioultrasonics.com\/pl\/sektory-i-zastosowania\/czyszczenie-wymiennika-ciepla-metoda-ultradzwiekowa\/","title":{"rendered":"Czyszczenie wymiennika ciep\u0142a metod\u0105 ultrad\u017awi\u0119kow\u0105"},"content":{"rendered":"\t\t<div data-elementor-type=\"wp-page\" data-elementor-id=\"68119\" class=\"elementor elementor-68119 elementor-66849\" data-elementor-post-type=\"page\">\n\t\t\t\t<div class=\"elementor-element elementor-element-4583968 e-flex e-con-boxed e-con e-parent\" data-id=\"4583968\" data-element_type=\"container\" data-e-type=\"container\" data-settings=\"{&quot;background_background&quot;:&quot;classic&quot;}\">\n\t\t\t\t\t<div class=\"e-con-inner\">\n\t\t\t\t<div class=\"elementor-element elementor-element-4599696 elementor-widget elementor-widget-heading\" data-id=\"4599696\" data-element_type=\"widget\" data-e-type=\"widget\" data-widget_type=\"heading.default\">\n\t\t\t\t<div class=\"elementor-widget-container\">\n\t\t\t\t\t<h1 class=\"elementor-heading-title elementor-size-default\">Czyszczenie wymiennik\u00f3w ciep\u0142a <\/h1>\t\t\t\t<\/div>\n\t\t\t\t<\/div>\n\t\t\t\t\t<\/div>\n\t\t\t\t<\/div>\n\t\t<div class=\"elementor-element elementor-element-36c2086 e-flex e-con-boxed e-con e-parent\" data-id=\"36c2086\" data-element_type=\"container\" data-e-type=\"container\">\n\t\t\t\t\t<div class=\"e-con-inner\">\n\t\t<div class=\"elementor-element elementor-element-a1b74cb e-con-full e-flex e-con e-child\" data-id=\"a1b74cb\" data-element_type=\"container\" data-e-type=\"container\">\n\t\t\t\t<div class=\"elementor-element elementor-element-bb32325 elementor-widget elementor-widget-template\" data-id=\"bb32325\" data-element_type=\"widget\" data-e-type=\"widget\" data-widget_type=\"template.default\">\n\t\t\t\t<div class=\"elementor-widget-container\">\n\t\t\t\t\t\t\t<div class=\"elementor-template\">\n\t\t\t\t\t<div data-elementor-type=\"container\" data-elementor-id=\"66007\" class=\"elementor elementor-66007 elementor-56900 elementor-56900\" data-elementor-post-type=\"elementor_library\">\n\t\t\t\t<div class=\"elementor-element elementor-element-501d555 e-flex e-con-boxed e-con e-child\" data-id=\"501d555\" data-element_type=\"container\" data-e-type=\"container\" data-settings=\"{&quot;background_background&quot;:&quot;classic&quot;}\">\n\t\t\t\t\t<div class=\"e-con-inner\">\n\t\t\t\t<div class=\"elementor-element elementor-element-ad22995 elementor-widget elementor-widget-heading\" data-id=\"ad22995\" data-element_type=\"widget\" data-e-type=\"widget\" data-widget_type=\"heading.default\">\n\t\t\t\t<div class=\"elementor-widget-container\">\n\t\t\t\t\t<p class=\"elementor-heading-title elementor-size-default\">Katalog<\/p>\t\t\t\t<\/div>\n\t\t\t\t<\/div>\n\t\t\t\t<div class=\"elementor-element elementor-element-8fbe9e3 elementor-widget elementor-widget-text-editor\" data-id=\"8fbe9e3\" data-element_type=\"widget\" data-e-type=\"widget\" data-widget_type=\"text-editor.default\">\n\t\t\t\t<div class=\"elementor-widget-container\">\n\t\t\t\t\t\t\t\t\t<p>Pobierz nasz katalog zawieraj\u0105cy wszystkie informacje na temat naszej technologii, sprz\u0119tu i zastosowa\u0144.<\/p>\t\t\t\t\t\t\t\t<\/div>\n\t\t\t\t<\/div>\n\t\t\t\t<div class=\"elementor-element elementor-element-13a1c18 elementor-align-center elementor-widget elementor-widget-button\" data-id=\"13a1c18\" data-element_type=\"widget\" data-e-type=\"widget\" data-widget_type=\"button.default\">\n\t\t\t\t<div class=\"elementor-widget-container\">\n\t\t\t\t\t\t\t\t\t<div class=\"elementor-button-wrapper\">\n\t\t\t\t\t<a class=\"elementor-button elementor-button-link elementor-size-sm\" href=\"https:\/\/brioultrasonics.com\/wp-content\/uploads\/2024\/10\/Catalogue-BRIO-Ultrasonics-EN-2.pdf\" target=\"_blank\">\n\t\t\t\t\t\t<span class=\"elementor-button-content-wrapper\">\n\t\t\t\t\t\t\t\t\t<span class=\"elementor-button-text\">Pobierz PDF<\/span>\n\t\t\t\t\t<\/span>\n\t\t\t\t\t<\/a>\n\t\t\t\t<\/div>\n\t\t\t\t\t\t\t\t<\/div>\n\t\t\t\t<\/div>\n\t\t\t\t\t<\/div>\n\t\t\t\t<\/div>\n\t\t\t\t<\/div>\n\t\t\t\t<\/div>\n\t\t\t\t\t\t<\/div>\n\t\t\t\t<\/div>\n\t\t\t\t<div class=\"elementor-element elementor-element-39f8064 elementor-widget elementor-widget-template\" data-id=\"39f8064\" data-element_type=\"widget\" data-e-type=\"widget\" data-widget_type=\"template.default\">\n\t\t\t\t<div class=\"elementor-widget-container\">\n\t\t\t\t\t\t\t<div class=\"elementor-template\">\n\t\t\t\t\t<div data-elementor-type=\"container\" data-elementor-id=\"66003\" class=\"elementor elementor-66003 elementor-56903 elementor-56903\" data-elementor-post-type=\"elementor_library\">\n\t\t\t\t<div class=\"elementor-element elementor-element-c0aebd9 e-flex e-con-boxed e-con e-child\" data-id=\"c0aebd9\" data-element_type=\"container\" data-e-type=\"container\" data-settings=\"{&quot;background_background&quot;:&quot;classic&quot;}\">\n\t\t\t\t\t<div class=\"e-con-inner\">\n\t\t\t\t<div class=\"elementor-element elementor-element-7669a04 elementor-widget elementor-widget-heading\" data-id=\"7669a04\" data-element_type=\"widget\" data-e-type=\"widget\" data-widget_type=\"heading.default\">\n\t\t\t\t<div class=\"elementor-widget-container\">\n\t\t\t\t\t<p class=\"elementor-heading-title elementor-size-default\">To<br>potrzebujesz?<\/p>\t\t\t\t<\/div>\n\t\t\t\t<\/div>\n\t\t\t\t<div class=\"elementor-element elementor-element-540f1ca elementor-widget elementor-widget-text-editor\" data-id=\"540f1ca\" data-element_type=\"widget\" data-e-type=\"widget\" data-widget_type=\"text-editor.default\">\n\t\t\t\t<div class=\"elementor-widget-container\">\n\t\t\t\t\t\t\t\t\t<p style=\"margin: 0px 0px 1em; padding: 0px; border: 0px; font-variant-numeric: inherit; font-variant-east-asian: inherit; font-variant-alternates: inherit; font-variant-position: inherit; font-stretch: inherit; line-height: inherit; font-family: Rubik; font-optical-sizing: inherit; font-kerning: inherit; font-feature-settings: inherit; font-variation-settings: inherit; vertical-align: baseline; background-color: #00b1aa;\">Zadzwo\u0144 bez zobowi\u0105za\u0144 pod numer<br \/><strong style=\"margin: 0px; padding: 0px; border: 0px; font-style: inherit; font-variant: inherit; font-weight: bold; font-stretch: inherit; font-size: inherit; line-height: inherit; font-family: inherit; font-optical-sizing: inherit; font-kerning: inherit; font-feature-settings: inherit; font-variation-settings: inherit; vertical-align: baseline;\"><span style=\"margin: 0px; padding: 0px; border: 0px; font-style: inherit; font-variant: inherit; font-weight: inherit; font-stretch: inherit; font-size: 22px; line-height: inherit; font-family: inherit; font-optical-sizing: inherit; font-kerning: inherit; font-feature-settings: inherit; font-variation-settings: inherit; vertical-align: baseline;\"><a style=\"color: #ffffff; transition: all 0.3s ease 0s; border-bottom: 1px solid transparent; font-size: inherit; font-weight: inherit;\" href=\"tel:+34961341109\">+ (34) 961-341-109<\/a><\/span><\/strong><\/p>\n<p style=\"margin: 0px 0px 1em; padding: 0px; border: 0px; font-variant-numeric: inherit; font-variant-east-asian: inherit; font-variant-alternates: inherit; font-variant-position: inherit; font-stretch: inherit; line-height: inherit; font-family: Rubik; font-optical-sizing: inherit; font-kerning: inherit; font-feature-settings: inherit; font-variation-settings: inherit; vertical-align: baseline; background-color: #00b1aa;\"><a style=\"color: #ffffff; transition: all 0.3s ease 0s; border-bottom: 1px solid transparent;\" href=\"mailto:info@brioultrasonics.com\">Napisz do nas na <strong style=\"margin: 0px; padding: 0px; border: 0px; font-style: inherit; font-variant: inherit; font-weight: bold; font-stretch: inherit; font-size: inherit; line-height: inherit; font-family: inherit; font-optical-sizing: inherit; font-kerning: inherit; font-feature-settings: inherit; font-variation-settings: inherit; vertical-align: baseline;\">info@brioultrasonics.com<\/strong><\/a><\/p>\n<p><span style=\"background-color: #00b1aa; font-family: Rubik; color: var( --e-global-color-b59310b ); font-weight: var( --e-global-typography-text-font-weight ); font-size: 1rem;\">Lub<\/span> wype\u0142nij <span style=\"background-color: var( --e-global-color-e0fbf92 ); color: var( --e-global-color-b59310b ); font-family: var( --e-global-typography-text-font-family ), Sans-serif; font-size: 1rem; font-weight: var( --e-global-typography-text-font-weight );\">formularz<\/span><\/p>\n\t\t\t\t\t\t\t\t<\/div>\n\t\t\t\t<\/div>\n\t\t\t\t<div class=\"elementor-element elementor-element-01665c7 elementor-align-center elementor-widget elementor-widget-button\" data-id=\"01665c7\" data-element_type=\"widget\" data-e-type=\"widget\" data-widget_type=\"button.default\">\n\t\t\t\t<div class=\"elementor-widget-container\">\n\t\t\t\t\t\t\t\t\t<div class=\"elementor-button-wrapper\">\n\t\t\t\t\t<a class=\"elementor-button elementor-button-link elementor-size-sm\" href=\"https:\/\/brioultrasonics.com\/pl\/kontakt\/\">\n\t\t\t\t\t\t<span class=\"elementor-button-content-wrapper\">\n\t\t\t\t\t\t\t\t\t<span class=\"elementor-button-text\">skontaktowa\u0107 si\u0119 z nami<\/span>\n\t\t\t\t\t<\/span>\n\t\t\t\t\t<\/a>\n\t\t\t\t<\/div>\n\t\t\t\t\t\t\t\t<\/div>\n\t\t\t\t<\/div>\n\t\t\t\t\t<\/div>\n\t\t\t\t<\/div>\n\t\t\t\t<\/div>\n\t\t\t\t<\/div>\n\t\t\t\t\t\t<\/div>\n\t\t\t\t<\/div>\n\t\t\t\t<\/div>\n\t\t<div class=\"elementor-element elementor-element-969aa02 e-con-full e-flex e-con e-child\" data-id=\"969aa02\" data-element_type=\"container\" data-e-type=\"container\">\n\t\t\t\t<div class=\"elementor-element elementor-element-48befbc elementor-widget elementor-widget-heading\" data-id=\"48befbc\" data-element_type=\"widget\" data-e-type=\"widget\" data-widget_type=\"heading.default\">\n\t\t\t\t<div class=\"elementor-widget-container\">\n\t\t\t\t\t<h2 class=\"elementor-heading-title elementor-size-default\">Roztwory do czyszczenia <b>wymiennik\u00f3w ciep\u0142a<\/b> metod\u0105 ultrad\u017awi\u0119kow\u0105<\/h2>\t\t\t\t<\/div>\n\t\t\t\t<\/div>\n\t\t\t\t<div class=\"elementor-element elementor-element-40918d3 elementor-widget__width-initial elementor-widget elementor-widget-text-editor\" data-id=\"40918d3\" data-element_type=\"widget\" data-e-type=\"widget\" data-widget_type=\"text-editor.default\">\n\t\t\t\t<div class=\"elementor-widget-container\">\n\t\t\t\t\t\t\t\t\t<p>Oferujemy <strong>zaawansowane rozwi\u0105zania w zakresie czyszczenia wymiennik\u00f3w ciep\u0142a<\/strong>, zapewniaj\u0105ce wydajno\u015b\u0107, trwa\u0142o\u015b\u0107 i oszcz\u0119dno\u015b\u0107 czasu. Nasz\u0105 specjalno\u015bci\u0105 jest sprzeda\u017c najnowocze\u015bniejszego sprz\u0119tu do czyszczenia ultrad\u017awi\u0119kowego, zaprojektowanego specjalnie do usuwania kamienia, brudu i zanieczyszcze\u0144 bez uszkadzania powierzchni. Wykorzystuj\u0105c najnowocze\u015bniejsz\u0105 technologi\u0119 i koncentruj\u0105c si\u0119 na zr\u00f3wnowa\u017conym rozwoju, pomagamy naszym klientom optymalizowa\u0107 wydajno\u015b\u0107 sprz\u0119tu, obni\u017ca\u0107 koszty operacyjne i minimalizowa\u0107 wp\u0142yw na \u015brodowisko.  <\/p>\n<p>W wymienniku ciep\u0142a na wydajno\u015b\u0107 ciepln\u0105 mo\u017ce znacz\u0105co wp\u0142ywa\u0107 gromadzenie si\u0119 kamienia, osad\u00f3w i zanieczyszcze\u0144 organicznych. Badania wskazuj\u0105, \u017ce warstwa kamienia o <strong>grubo\u015bci zaledwie 0,8 mm mo\u017ce zmniejszy\u0107 wydajno\u015b\u0107 systemu nawet o 25%<\/strong>, co przek\u0142ada si\u0119 na zwi\u0119kszone zu\u017cycie energii i wy\u017csze koszty eksploatacji. Czyszczenie ultrad\u017awi\u0119kowe to precyzyjne i skuteczne rozwi\u0105zanie pozwalaj\u0105ce usun\u0105\u0107 nawet najmniejsze cz\u0105steczki, przywracaj\u0105c zdolno\u015b\u0107 przenikania ciep\u0142a bez uszkadzania materia\u0142\u00f3w.  <\/p>\n<p>Nasze urz\u0105dzenia do czyszczenia ultrad\u017awi\u0119kowego wykorzystuj\u0105 fale d\u017awi\u0119kowe o wysokiej cz\u0119stotliwo\u015bci w celu tworzenia mikrop\u0119cherzyk\u00f3w, kt\u00f3re r\u00f3wnomiernie i bezpiecznie usuwaj\u0105 zanieczyszczenia. Metoda ta nie tylko wyd\u0142u\u017ca \u017cywotno\u015b\u0107 wymiennika ciep\u0142a, ale r\u00f3wnie\u017c skraca czas konserwacji i minimalizuje ryzyko zwi\u0105zane z tradycyjnymi metodami czyszczenia, takimi jak stosowanie silnych \u015brodk\u00f3w chemicznych lub \u015bciernych szczotek.  <strong>Wdro\u017cenie tej technologii to nie tylko inwestycja w czyszczenie, ale tak\u017ce w optymalizacj\u0119 operacyjn\u0105 i trwa\u0142o\u015b\u0107 systemu.<\/strong><\/p>\n\t\t\t\t\t\t\t\t<\/div>\n\t\t\t\t<\/div>\n\t\t\t\t<div class=\"elementor-element elementor-element-ff2c0de elementor-hidden-desktop elementor-hidden-tablet elementor-hidden-mobile elementor-widget elementor-widget-video\" data-id=\"ff2c0de\" data-element_type=\"widget\" data-e-type=\"widget\" data-settings=\"{&quot;youtube_url&quot;:&quot;https:\\\/\\\/youtu.be\\\/6PX4j722AGY&quot;,&quot;video_type&quot;:&quot;youtube&quot;,&quot;controls&quot;:&quot;yes&quot;}\" data-widget_type=\"video.default\">\n\t\t\t\t<div class=\"elementor-widget-container\">\n\t\t\t\t\t\t\t<div class=\"elementor-wrapper elementor-open-inline\">\n\t\t\t<div class=\"elementor-video\"><\/div>\t\t<\/div>\n\t\t\t\t\t\t<\/div>\n\t\t\t\t<\/div>\n\t\t\t\t<div class=\"elementor-element elementor-element-d1dc14d elementor-widget elementor-widget-heading\" data-id=\"d1dc14d\" data-element_type=\"widget\" data-e-type=\"widget\" data-widget_type=\"heading.default\">\n\t\t\t\t<div class=\"elementor-widget-container\">\n\t\t\t\t\t<h2 class=\"elementor-heading-title elementor-size-default\">Czyszczenie cz\u0119\u015bci rurowych i p\u0142ytowych wymiennik\u00f3w ciep\u0142a<\/h2>\t\t\t\t<\/div>\n\t\t\t\t<\/div>\n\t\t\t\t<div class=\"elementor-element elementor-element-8145bb1 elementor-widget elementor-widget-heading\" data-id=\"8145bb1\" data-element_type=\"widget\" data-e-type=\"widget\" data-widget_type=\"heading.default\">\n\t\t\t\t<div class=\"elementor-widget-container\">\n\t\t\t\t\t<h3 class=\"elementor-heading-title elementor-size-default\">Czyszczenie du\u017cymi maszynami dostosowanymi do danego elementu<\/h3>\t\t\t\t<\/div>\n\t\t\t\t<\/div>\n\t\t\t\t<div class=\"elementor-element elementor-element-f02de7b elementor-widget elementor-widget-gallery\" data-id=\"f02de7b\" data-element_type=\"widget\" data-e-type=\"widget\" data-settings=\"{&quot;columns&quot;:2,&quot;gap&quot;:{&quot;unit&quot;:&quot;px&quot;,&quot;size&quot;:16,&quot;sizes&quot;:[]},&quot;lazyload&quot;:&quot;yes&quot;,&quot;gallery_layout&quot;:&quot;grid&quot;,&quot;columns_tablet&quot;:2,&quot;columns_mobile&quot;:1,&quot;gap_tablet&quot;:{&quot;unit&quot;:&quot;px&quot;,&quot;size&quot;:10,&quot;sizes&quot;:[]},&quot;gap_mobile&quot;:{&quot;unit&quot;:&quot;px&quot;,&quot;size&quot;:10,&quot;sizes&quot;:[]},&quot;link_to&quot;:&quot;file&quot;,&quot;aspect_ratio&quot;:&quot;3:2&quot;,&quot;overlay_background&quot;:&quot;yes&quot;,&quot;content_hover_animation&quot;:&quot;fade-in&quot;}\" data-widget_type=\"gallery.default\">\n\t\t\t\t<div class=\"elementor-widget-container\">\n\t\t\t\t\t\t\t<div class=\"elementor-gallery__container\">\n\t\t\t\t\t\t\t<a class=\"e-gallery-item elementor-gallery-item elementor-animated-content\" href=\"https:\/\/brioultrasonics.com\/wp-content\/uploads\/2025\/01\/Maquina-ultrasonidos-limpieza-intercambiadores-calor-energia-gas.jpg\" data-elementor-open-lightbox=\"yes\" data-elementor-lightbox-slideshow=\"f02de7b\" data-elementor-lightbox-title=\"M\u00e1quina-ultrasonidos-limpieza-intercambiadores-calor-energia-gas\" data-e-action-hash=\"#elementor-action%3Aaction%3Dlightbox%26settings%3DeyJpZCI6Njc0NzMsInVybCI6Imh0dHBzOlwvXC9icmlvdWx0cmFzb25pY3MuY29tXC93cC1jb250ZW50XC91cGxvYWRzXC8yMDI1XC8wMVwvTWFxdWluYS11bHRyYXNvbmlkb3MtbGltcGllemEtaW50ZXJjYW1iaWFkb3Jlcy1jYWxvci1lbmVyZ2lhLWdhcy5qcGciLCJzbGlkZXNob3ciOiJmMDJkZTdiIn0%3D\">\n\t\t\t\t\t<div class=\"e-gallery-image elementor-gallery-item__image\" data-thumbnail=\"https:\/\/brioultrasonics.com\/wp-content\/uploads\/2025\/01\/Maquina-ultrasonidos-limpieza-intercambiadores-calor-energia-gas.jpg\" data-width=\"1000\" data-height=\"744\" aria-label=\"\" role=\"img\" ><\/div>\n\t\t\t\t\t\t\t\t\t\t\t<div class=\"elementor-gallery-item__overlay\"><\/div>\n\t\t\t\t\t\t\t\t\t\t\t\t\t\t<\/a>\n\t\t\t\t\t\t\t<a class=\"e-gallery-item elementor-gallery-item elementor-animated-content\" href=\"https:\/\/brioultrasonics.com\/wp-content\/uploads\/2025\/01\/maquina-limpieza-ultrasonidos-Intercambiador-calor-gas-energia.jpg\" data-elementor-open-lightbox=\"yes\" data-elementor-lightbox-slideshow=\"f02de7b\" data-elementor-lightbox-title=\"maquina-limpieza-ultrasonidos-Intercambiador-calor-gas-energia\" data-e-action-hash=\"#elementor-action%3Aaction%3Dlightbox%26settings%3DeyJpZCI6Njc0ODQsInVybCI6Imh0dHBzOlwvXC9icmlvdWx0cmFzb25pY3MuY29tXC93cC1jb250ZW50XC91cGxvYWRzXC8yMDI1XC8wMVwvbWFxdWluYS1saW1waWV6YS11bHRyYXNvbmlkb3MtSW50ZXJjYW1iaWFkb3ItY2Fsb3ItZ2FzLWVuZXJnaWEuanBnIiwic2xpZGVzaG93IjoiZjAyZGU3YiJ9\">\n\t\t\t\t\t<div class=\"e-gallery-image elementor-gallery-item__image\" data-thumbnail=\"https:\/\/brioultrasonics.com\/wp-content\/uploads\/2025\/01\/maquina-limpieza-ultrasonidos-Intercambiador-calor-gas-energia.jpg\" data-width=\"1000\" data-height=\"636\" aria-label=\"\" role=\"img\" ><\/div>\n\t\t\t\t\t\t\t\t\t\t\t<div class=\"elementor-gallery-item__overlay\"><\/div>\n\t\t\t\t\t\t\t\t\t\t\t\t\t\t<\/a>\n\t\t\t\t\t<\/div>\n\t\t\t\t\t<\/div>\n\t\t\t\t<\/div>\n\t\t\t\t<div class=\"elementor-element elementor-element-cf691d4 elementor-widget__width-initial elementor-widget elementor-widget-text-editor\" data-id=\"cf691d4\" data-element_type=\"widget\" data-e-type=\"widget\" data-widget_type=\"text-editor.default\">\n\t\t\t\t<div class=\"elementor-widget-container\">\n\t\t\t\t\t\t\t\t\t<p>Aby przeprowadzi\u0107 skuteczne czyszczenie, wa\u017cne jest, aby rozpozna\u0107 rodzaj zabrudzenia i wybra\u0107 odpowiedni\u0105 metod\u0119, kt\u00f3ra mo\u017ce obejmowa\u0107 czyszczenie mechaniczne przy u\u017cyciu szczotek lub specjalistycznych narz\u0119dzi, czyszczenie chemiczne przy u\u017cyciu \u015brodk\u00f3w odkamieniaj\u0105cych lub czyszczenie wod\u0105 pod wysokim ci\u015bnieniem.<\/p>\n\t\t\t\t\t\t\t\t<\/div>\n\t\t\t\t<\/div>\n\t\t\t\t<div class=\"elementor-element elementor-element-f914f50 elementor-widget__width-initial elementor-widget elementor-widget-text-editor\" data-id=\"f914f50\" data-element_type=\"widget\" data-e-type=\"widget\" data-widget_type=\"text-editor.default\">\n\t\t\t\t<div class=\"elementor-widget-container\">\n\t\t\t\t\t\t\t\t\t<p>Regularne przeprowadzanie<strong> konserwacji wymiennik\u00f3w ciep\u0142a<\/strong> nie tylko poprawia ich wydajno\u015b\u0107 ciepln\u0105, ale r\u00f3wnie\u017c pomaga zapobiega\u0107 przedwczesnym awariom i wysokim kosztom napraw. Nale\u017cy post\u0119powa\u0107 zgodnie z instrukcjami producenta i u\u017cywa\u0107 odpowiednich produkt\u00f3w, aby unikn\u0105\u0107 uszkodzenia materia\u0142\u00f3w, z kt\u00f3rych wykonany jest sprz\u0119t. Ponadto wdro\u017cenie programu ci\u0105g\u0142ego monitoringu pozwoli na wczesne wykrywanie konieczno\u015bci czyszczenia, optymalizacj\u0119 zu\u017cycia energii i zapewnienie bezpiecznej i wydajnej pracy systemu.  <\/p>\n\t\t\t\t\t\t\t\t<\/div>\n\t\t\t\t<\/div>\n\t\t\t\t<\/div>\n\t\t\t\t\t<\/div>\n\t\t\t\t<\/div>\n\t\t\t\t<\/div>\n\t\t","protected":false},"excerpt":{"rendered":"<p>Czyszczenie wymiennik\u00f3w ciep\u0142a Roztwory do czyszczenia wymiennik\u00f3w ciep\u0142a metod\u0105 ultrad\u017awi\u0119kow\u0105 Oferujemy zaawansowane rozwi\u0105zania w zakresie czyszczenia wymiennik\u00f3w ciep\u0142a, zapewniaj\u0105ce wydajno\u015b\u0107, trwa\u0142o\u015b\u0107 i oszcz\u0119dno\u015b\u0107 czasu. Nasz\u0105 specjalno\u015bci\u0105 jest sprzeda\u017c najnowocze\u015bniejszego sprz\u0119tu do czyszczenia ultrad\u017awi\u0119kowego, zaprojektowanego specjalnie do usuwania kamienia, brudu i zanieczyszcze\u0144 bez uszkadzania powierzchni. Wykorzystuj\u0105c najnowocze\u015bniejsz\u0105 technologi\u0119 i koncentruj\u0105c si\u0119 na zr\u00f3wnowa\u017conym rozwoju, pomagamy naszym [&hellip;]<\/p>\n","protected":false},"author":1,"featured_media":0,"parent":66090,"menu_order":0,"comment_status":"closed","ping_status":"closed","template":"elementor_header_footer","meta":{"_joinchat":[],"footnotes":""},"class_list":["post-68119","page","type-page","status-publish","hentry"],"_links":{"self":[{"href":"https:\/\/brioultrasonics.com\/pl\/wp-json\/wp\/v2\/pages\/68119","targetHints":{"allow":["GET"]}}],"collection":[{"href":"https:\/\/brioultrasonics.com\/pl\/wp-json\/wp\/v2\/pages"}],"about":[{"href":"https:\/\/brioultrasonics.com\/pl\/wp-json\/wp\/v2\/types\/page"}],"author":[{"embeddable":true,"href":"https:\/\/brioultrasonics.com\/pl\/wp-json\/wp\/v2\/users\/1"}],"replies":[{"embeddable":true,"href":"https:\/\/brioultrasonics.com\/pl\/wp-json\/wp\/v2\/comments?post=68119"}],"version-history":[{"count":2,"href":"https:\/\/brioultrasonics.com\/pl\/wp-json\/wp\/v2\/pages\/68119\/revisions"}],"predecessor-version":[{"id":68246,"href":"https:\/\/brioultrasonics.com\/pl\/wp-json\/wp\/v2\/pages\/68119\/revisions\/68246"}],"up":[{"embeddable":true,"href":"https:\/\/brioultrasonics.com\/pl\/wp-json\/wp\/v2\/pages\/66090"}],"wp:attachment":[{"href":"https:\/\/brioultrasonics.com\/pl\/wp-json\/wp\/v2\/media?parent=68119"}],"curies":[{"name":"wp","href":"https:\/\/api.w.org\/{rel}","templated":true}]}}