{"id":66110,"date":"2024-06-03T11:05:34","date_gmt":"2024-06-03T09:05:34","guid":{"rendered":"https:\/\/brioultrasonics.com\/dotacje-fundusze-ivace-i-feder\/"},"modified":"2025-04-11T11:19:17","modified_gmt":"2025-04-11T09:19:17","slug":"dotacje-fundusze-ivace-i-feder","status":"publish","type":"page","link":"https:\/\/brioultrasonics.com\/pl\/dotacje-fundusze-ivace-i-feder\/","title":{"rendered":"Dotacje, fundusze IVACE i FEDER"},"content":{"rendered":"\t\t<div data-elementor-type=\"wp-page\" data-elementor-id=\"66110\" class=\"elementor elementor-66110 elementor-2491\" data-elementor-post-type=\"page\">\n\t\t\t\t<div class=\"elementor-element elementor-element-9bc3bee e-flex e-con-boxed e-con e-parent\" data-id=\"9bc3bee\" data-element_type=\"container\" data-e-type=\"container\">\n\t\t\t\t\t<div class=\"e-con-inner\">\n\t\t<div class=\"elementor-element elementor-element-9073d7c e-flex e-con-boxed e-con e-child\" data-id=\"9073d7c\" data-element_type=\"container\" data-e-type=\"container\">\n\t\t\t\t\t<div class=\"e-con-inner\">\n\t\t\t\t<div class=\"elementor-element elementor-element-501b8e5 elementor-widget elementor-widget-heading\" data-id=\"501b8e5\" data-element_type=\"widget\" data-e-type=\"widget\" data-widget_type=\"heading.default\">\n\t\t\t\t<div class=\"elementor-widget-container\">\n\t\t\t\t\t<h2 class=\"elementor-heading-title elementor-size-default\"><b>Dotacje i pomoc. Internacjonalizacja, fundusze IVACE i FEDER <\/b><\/h2>\t\t\t\t<\/div>\n\t\t\t\t<\/div>\n\t\t\t\t<div class=\"elementor-element elementor-element-b7fb50e elementor-widget elementor-widget-text-editor\" data-id=\"b7fb50e\" data-element_type=\"widget\" data-e-type=\"widget\" data-widget_type=\"text-editor.default\">\n\t\t\t\t<div class=\"elementor-widget-container\">\n\t\t\t\t\t\t\t\t\t<p>A&amp;J Tecno Innovacions S.L. jest beneficjentem Europejskiego Funduszu Rozwoju Regionalnego, kt\u00f3rego celem jest poprawa konkurencyjno\u015bci M\u015aP i dzi\u0119ki temu uruchomi\u0142a Plan Internacjonalizacji, kt\u00f3rego celem jest poprawa swojej pozycji konkurencyjnej za granic\u0105. Projekt umi\u0119dzynarodowienia zosta\u0142 wybrany w programie operacyjnym FEDER Wsp\u00f3lnoty Walencji na lata 2014\u20132020 i 2021\u20132027 i zosta\u0142 wzmocniony poprzez kilka inicjatyw i program\u00f3w. <\/p>\n<p>Dzi\u0119ki Europejskiemu Funduszowi Rozwoju Regionalnego firma A&amp;J Tecno Innovacions SL uruchomi\u0142a r\u00f3wnie\u017c Mi\u0119dzynarodowy Plan Marketingu Cyfrowego, kt\u00f3rego celem jest poprawa swojej pozycji w Internecie na rynkach zagranicznych w latach 2019, 2020, 2021 i 2022. W tym celu posiada\u0142a wsparcie programu XPANDE DIGITAL Izby Handlowej w Walencji. <\/p>\n<p>Ponadto zosta\u0142 on zaproponowany i opracowany w ramach program\u00f3w mentoringu i wsparcia IVACE (Walenckiego Instytutu Konkurencyjno\u015bci Biznesowej) na rzecz internacjonalizacji M\u015aP w latach 2017\u20132022 w\u0142\u0105cznie. <span style=\"color: var( --e-global-color-text ); font-family: var( --e-global-typography-text-font-family ), Sans-serif; font-size: 1rem; font-weight: var( --e-global-typography-text-font-weight ); text-align: var(--text-align);\"> <\/span><\/p>\n<p>W wyniku tych tutoriali oraz przy wsp\u00f3\u0142pracy ww. pomocy i funduszy uda\u0142o nam si\u0119 rozwin\u0105\u0107 nasz\u0105 now\u0105 mark\u0119 BRIO Ultrasonics, zorientowan\u0105 na rynek zagraniczny. Nast\u0119pnie opracowali\u015bmy nasze g\u0142\u00f3wne narz\u0119dzia komunikacji: nasz\u0105 stron\u0119 internetow\u0105 i nowy katalog. Przet\u0142umaczyli\u015bmy te materia\u0142y na kilka j\u0119zyk\u00f3w europejskich, opracowali\u015bmy i wdro\u017cyli\u015bmy nasz plan eksportu. Dzi\u0119ki tym materia\u0142om rozpocz\u0119li\u015bmy poszukiwania, umie\u015bcili\u015bmy nasze produkty na portalach i platformach internetowych oraz zacz\u0119li\u015bmy uczestniczy\u0107 w targach zagranicznych. Wszystko to mia\u0142o na celu pozyskanie nowych klient\u00f3w i dystrybutor\u00f3w.    <\/p>\n<p>W 2021 roku, dzi\u0119ki programowi wsparcia monitorowania tutoriali IVACE, w dalszym ci\u0105gu wzmacniamy dzia\u0142ania plan\u00f3w marketingowych i eksportowych opracowanych dzi\u0119ki wcze\u015bniejszej pomocy i korepetycjom. W\u015br\u00f3d przeprowadzonych dzia\u0142a\u0144 znajduje si\u0119 t\u0142umaczenie strony internetowej na j\u0119zyk w\u0142oski i udzia\u0142 w przemys\u0142owych platformach cyfrowych, kt\u00f3re po do\u015bwiadczeniach zdobytych w poprzednich latach wykaza\u0142y wi\u0119ksz\u0105 skuteczno\u015b\u0107 dla naszego typu produkt\u00f3w. <\/p>\n<p>Dzi\u0119ki tym programom i funduszom FEDER otrzymali\u015bmy doradztwo w zakresie wizerunku marki, komunikacji mi\u0119dzynarodowej, rozpocz\u0119cia eksportu i dostosowania naszych strategii marketingu cyfrowego i internetowego do rynku mi\u0119dzynarodowego poprzez mentoring EXPORNET. Z drugiej strony program Xpande Digital Izby Handlowej w Walencji pom\u00f3g\u0142 nam wzmocni\u0107 nasz\u0105 obecno\u015b\u0107 na rynku francuskim, niemieckim i belgijskim dzi\u0119ki doradztwu i pomocy finansowej na prowadzenie r\u00f3\u017cnych dzia\u0142a\u0144 marketingu cyfrowego na tych rynkach. <\/p>\n<p><span style=\"color: var( --e-global-color-text ); font-family: var( --e-global-typography-text-font-family ), Sans-serif; font-weight: var( --e-global-typography-text-font-weight ); text-align: var(--text-align); font-size: 1rem;\">W 2023 roku otrzymali\u015bmy dotacje na wsparcie zagranicznej promocji Wsp\u00f3lnoty Walenckiej. Nasz wniosek INTPRM\/2023\/1124 otrzyma\u0142 14 785,78 \u20ac. <\/span><\/p>\n<p>W 2024 <span style=\"text-align: var(--text-align);\">roku przyznano nam 2 dotacje:<\/span><\/p>\n<p>-Numer akt: INTPRM\/2024\/1158. Pomoc na rzecz zwi\u0119kszenia internacjonalizacji eksportowych M\u015aP we Wsp\u00f3lnocie Walenckiej na rok bud\u017cetowy 2024. Dotacja zosta\u0142a przyznana w wysoko\u015bci <span style=\"color: var( --e-global-color-text ); font-family: var( --e-global-typography-text-font-family ), Sans-serif; font-weight: var( --e-global-typography-text-font-weight ); text-align: var(--text-align); font-size: 1rem;\">11 904,17 euro.<\/span>  <\/p>\n<p>-Finansowanie projektu <strong>SOUNDSFOOD<\/strong>, ultrad\u017awi\u0119kowe czyszczenie powierzchni du\u017cych element\u00f3w. Przez Dyrekcj\u0119 Generaln\u0105 CDTI w ramach przyznania dotacji na rok 2024 na projekty badawczo-rozwojowe wybrane w ramach mi\u0119dzynarodowych program\u00f3w <strong>mi\u0119dzyfirmowych Eurostars-3<\/strong>, stowarzysze\u0144 wsp\u00f3\u0142finansowanych i programu strategicznego Korea-Hiszpania. Sprawa zosta\u0142a nagrodzona kwot\u0105 270 326,18 euro.  <\/p>\n\t\t\t\t\t\t\t\t<\/div>\n\t\t\t\t<\/div>\n\t\t<div class=\"elementor-element elementor-element-9ca189d e-grid e-con-full e-con e-child\" data-id=\"9ca189d\" data-element_type=\"container\" data-e-type=\"container\">\n\t\t\t\t<div class=\"elementor-element elementor-element-acd94e5 elementor-widget elementor-widget-image\" data-id=\"acd94e5\" data-element_type=\"widget\" data-e-type=\"widget\" data-widget_type=\"image.default\">\n\t\t\t\t<div class=\"elementor-widget-container\">\n\t\t\t\t\t\t\t\t\t\t\t\t\t\t\t<img decoding=\"async\" width=\"300\" height=\"160\" src=\"https:\/\/brioultrasonics.com\/wp-content\/uploads\/2025\/03\/GVA-conselleria-industria-300x160.png\" class=\"attachment-medium size-medium wp-image-67978\" alt=\"\" srcset=\"https:\/\/brioultrasonics.com\/wp-content\/uploads\/2025\/03\/GVA-conselleria-industria-300x160.png 300w, https:\/\/brioultrasonics.com\/wp-content\/uploads\/2025\/03\/GVA-conselleria-industria-1024x545.png 1024w, https:\/\/brioultrasonics.com\/wp-content\/uploads\/2025\/03\/GVA-conselleria-industria-768x409.png 768w, https:\/\/brioultrasonics.com\/wp-content\/uploads\/2025\/03\/GVA-conselleria-industria-600x319.png 600w, https:\/\/brioultrasonics.com\/wp-content\/uploads\/2025\/03\/GVA-conselleria-industria.png 1052w\" sizes=\"(max-width: 300px) 100vw, 300px\" title=\"\">\t\t\t\t\t\t\t\t\t\t\t\t\t\t\t<\/div>\n\t\t\t\t<\/div>\n\t\t\t\t<div class=\"elementor-element elementor-element-611b847 elementor-widget elementor-widget-text-editor\" data-id=\"611b847\" data-element_type=\"widget\" data-e-type=\"widget\" data-widget_type=\"text-editor.default\">\n\t\t\t\t<div class=\"elementor-widget-container\">\n\t\t\t\t\t\t\t\t\t<p><strong>POMOC NA RZECZ WZMOCNIENIA INTERNACJONALIZACJI M\u015aP EKSPORTUJ\u0104CYCH WE WSP\u00d3LNOCIE WALENCJI 2024.<br \/><\/strong>Otrzymana kwota: <span style=\"color: var( --e-global-color-text ); font-family: var( --e-global-typography-text-font-family ), Sans-serif; font-weight: var( --e-global-typography-text-font-weight ); text-align: var(--text-align); font-size: 1rem;\">11 904,17 \u20ac.<\/span><\/p>\n\t\t\t\t\t\t\t\t<\/div>\n\t\t\t\t<\/div>\n\t\t\t\t<\/div>\n\t\t\t\t\t<\/div>\n\t\t\t\t<\/div>\n\t\t<div class=\"elementor-element elementor-element-b170ce6 e-grid e-con-full e-con e-child\" data-id=\"b170ce6\" data-element_type=\"container\" data-e-type=\"container\">\n\t\t\t\t<div class=\"elementor-element elementor-element-c0ae103 elementor-widget elementor-widget-image\" data-id=\"c0ae103\" data-element_type=\"widget\" data-e-type=\"widget\" data-widget_type=\"image.default\">\n\t\t\t\t<div class=\"elementor-widget-container\">\n\t\t\t\t\t\t\t\t\t\t\t\t\t\t\t<img decoding=\"async\" width=\"300\" height=\"141\" src=\"https:\/\/brioultrasonics.com\/wp-content\/uploads\/2025\/03\/CDTI-1200x565-1-300x141.png\" class=\"attachment-medium size-medium wp-image-67995\" alt=\"\" srcset=\"https:\/\/brioultrasonics.com\/wp-content\/uploads\/2025\/03\/CDTI-1200x565-1-300x141.png 300w, https:\/\/brioultrasonics.com\/wp-content\/uploads\/2025\/03\/CDTI-1200x565-1-1024x482.png 1024w, https:\/\/brioultrasonics.com\/wp-content\/uploads\/2025\/03\/CDTI-1200x565-1-768x362.png 768w, https:\/\/brioultrasonics.com\/wp-content\/uploads\/2025\/03\/CDTI-1200x565-1-600x283.png 600w, https:\/\/brioultrasonics.com\/wp-content\/uploads\/2025\/03\/CDTI-1200x565-1.png 1200w\" sizes=\"(max-width: 300px) 100vw, 300px\" title=\"\">\t\t\t\t\t\t\t\t\t\t\t\t\t\t\t<\/div>\n\t\t\t\t<\/div>\n\t\t\t\t<div class=\"elementor-element elementor-element-60239b5 elementor-widget elementor-widget-text-editor\" data-id=\"60239b5\" data-element_type=\"widget\" data-e-type=\"widget\" data-widget_type=\"text-editor.default\">\n\t\t\t\t<div class=\"elementor-widget-container\">\n\t\t\t\t\t\t\t\t\t<p><strong>WSPARCIE DLA PROJEKTU BADAWCZO-ROZWOJOWEGO SOUNDSFOOD, ULTRAD\u0179WI\u0118KOWE CZYSZCZENIE POWIERZCHNI OBR\u00d3BKI DU\u017bYCH ELEMENT\u00d3W.<br \/><\/strong>Otrzymana kwota: 270.326,18 \u20ac.<\/p>\n\t\t\t\t\t\t\t\t<\/div>\n\t\t\t\t<\/div>\n\t\t\t\t<\/div>\n\t\t\t\t\t<\/div>\n\t\t\t\t<\/div>\n\t\t<div class=\"elementor-element elementor-element-df177f2 e-flex e-con-boxed e-con e-parent\" data-id=\"df177f2\" data-element_type=\"container\" data-e-type=\"container\">\n\t\t\t\t\t<div class=\"e-con-inner\">\n\t\t\t\t<div class=\"elementor-element elementor-element-021b97b elementor-widget elementor-widget-image\" data-id=\"021b97b\" data-element_type=\"widget\" data-e-type=\"widget\" data-widget_type=\"image.default\">\n\t\t\t\t<div class=\"elementor-widget-container\">\n\t\t\t\t\t\t\t\t\t\t\t\t\t\t\t<img fetchpriority=\"high\" decoding=\"async\" width=\"1498\" height=\"680\" src=\"https:\/\/brioultrasonics.com\/wp-content\/uploads\/2024\/06\/FEDER2-declaracion-IVACE-proyectos.png\" class=\"attachment-full size-full wp-image-65640\" alt=\"Dotacje Unii Europejskiej\" srcset=\"https:\/\/brioultrasonics.com\/wp-content\/uploads\/2024\/06\/FEDER2-declaracion-IVACE-proyectos.png 1498w, https:\/\/brioultrasonics.com\/wp-content\/uploads\/2024\/06\/FEDER2-declaracion-IVACE-proyectos-300x136.png 300w, https:\/\/brioultrasonics.com\/wp-content\/uploads\/2024\/06\/FEDER2-declaracion-IVACE-proyectos-1024x465.png 1024w, https:\/\/brioultrasonics.com\/wp-content\/uploads\/2024\/06\/FEDER2-declaracion-IVACE-proyectos-768x349.png 768w, https:\/\/brioultrasonics.com\/wp-content\/uploads\/2024\/06\/FEDER2-declaracion-IVACE-proyectos-600x272.png 600w\" sizes=\"(max-width: 1498px) 100vw, 1498px\" title=\"\">\t\t\t\t\t\t\t\t\t\t\t\t\t\t\t<\/div>\n\t\t\t\t<\/div>\n\t\t\t\t\t<\/div>\n\t\t\t\t<\/div>\n\t\t<div class=\"elementor-element elementor-element-02af323 e-flex e-con-boxed e-con e-parent\" data-id=\"02af323\" data-element_type=\"container\" data-e-type=\"container\">\n\t\t\t\t\t<div class=\"e-con-inner\">\n\t\t<div class=\"elementor-element elementor-element-4ac6b0f e-con-full e-flex e-con e-child\" data-id=\"4ac6b0f\" data-element_type=\"container\" data-e-type=\"container\">\n\t\t\t\t<div class=\"elementor-element elementor-element-8ba158c elementor-widget elementor-widget-image\" data-id=\"8ba158c\" data-element_type=\"widget\" data-e-type=\"widget\" data-widget_type=\"image.default\">\n\t\t\t\t<div class=\"elementor-widget-container\">\n\t\t\t\t\t\t\t\t\t\t\t\t\t\t\t<img loading=\"lazy\" decoding=\"async\" width=\"768\" height=\"476\" src=\"https:\/\/brioultrasonics.com\/wp-content\/uploads\/2024\/06\/INTASVAL_AJ_-BRIO_IVACE_FEDER-768x476-1.png\" class=\"attachment-large size-large wp-image-65638\" alt=\"Fundusze FEDER\" srcset=\"https:\/\/brioultrasonics.com\/wp-content\/uploads\/2024\/06\/INTASVAL_AJ_-BRIO_IVACE_FEDER-768x476-1.png 768w, https:\/\/brioultrasonics.com\/wp-content\/uploads\/2024\/06\/INTASVAL_AJ_-BRIO_IVACE_FEDER-768x476-1-300x186.png 300w, https:\/\/brioultrasonics.com\/wp-content\/uploads\/2024\/06\/INTASVAL_AJ_-BRIO_IVACE_FEDER-768x476-1-600x372.png 600w\" sizes=\"(max-width: 768px) 100vw, 768px\" title=\"\">\t\t\t\t\t\t\t\t\t\t\t\t\t\t\t<\/div>\n\t\t\t\t<\/div>\n\t\t\t\t<div class=\"elementor-element elementor-element-7c81942 elementor-widget elementor-widget-text-editor\" data-id=\"7c81942\" data-element_type=\"widget\" data-e-type=\"widget\" data-widget_type=\"text-editor.default\">\n\t\t\t\t<div class=\"elementor-widget-container\">\n\t\t\t\t\t\t\t\t\t<p>INTASVAL i AJ TECNO &#8211; BRIO. Korepetycje przygotowuj\u0105ce do eksportu dofinansowane ze \u015brodk\u00f3w EFRR. <\/p>\n\t\t\t\t\t\t\t\t<\/div>\n\t\t\t\t<\/div>\n\t\t\t\t<\/div>\n\t\t<div class=\"elementor-element elementor-element-14eaccb e-con-full e-flex e-con e-child\" data-id=\"14eaccb\" data-element_type=\"container\" data-e-type=\"container\">\n\t\t\t\t<div class=\"elementor-element elementor-element-b259122 elementor-widget elementor-widget-image\" data-id=\"b259122\" data-element_type=\"widget\" data-e-type=\"widget\" data-widget_type=\"image.default\">\n\t\t\t\t<div class=\"elementor-widget-container\">\n\t\t\t\t\t\t\t\t\t\t\t\t\t\t\t<img loading=\"lazy\" decoding=\"async\" width=\"768\" height=\"475\" src=\"https:\/\/brioultrasonics.com\/wp-content\/uploads\/2024\/06\/IVACE_FEDER_oficinas_AJ-768x475-1.jpg\" class=\"attachment-large size-large wp-image-65639\" alt=\"Dotacje\" srcset=\"https:\/\/brioultrasonics.com\/wp-content\/uploads\/2024\/06\/IVACE_FEDER_oficinas_AJ-768x475-1.jpg 768w, https:\/\/brioultrasonics.com\/wp-content\/uploads\/2024\/06\/IVACE_FEDER_oficinas_AJ-768x475-1-300x186.jpg 300w, https:\/\/brioultrasonics.com\/wp-content\/uploads\/2024\/06\/IVACE_FEDER_oficinas_AJ-768x475-1-600x371.jpg 600w\" sizes=\"(max-width: 768px) 100vw, 768px\" title=\"\">\t\t\t\t\t\t\t\t\t\t\t\t\t\t\t<\/div>\n\t\t\t\t<\/div>\n\t\t\t\t<div class=\"elementor-element elementor-element-b834820 elementor-widget elementor-widget-text-editor\" data-id=\"b834820\" data-element_type=\"widget\" data-e-type=\"widget\" data-widget_type=\"text-editor.default\">\n\t\t\t\t<div class=\"elementor-widget-container\">\n\t\t\t\t\t\t\t\t\t<p>Biura AJ TECNO z reprezentatywn\u0105 tabel\u0105 pomocy z funduszy IVACE i FEDER<\/p>\n\t\t\t\t\t\t\t\t<\/div>\n\t\t\t\t<\/div>\n\t\t\t\t<\/div>\n\t\t\t\t\t<\/div>\n\t\t\t\t<\/div>\n\t\t<div class=\"elementor-element elementor-element-88e3bf5 e-flex e-con-boxed e-con e-parent\" data-id=\"88e3bf5\" data-element_type=\"container\" data-e-type=\"container\">\n\t\t\t\t\t<div class=\"e-con-inner\">\n\t\t\t\t<div class=\"elementor-element elementor-element-3cb6ec4 elementor-widget elementor-widget-image\" data-id=\"3cb6ec4\" data-element_type=\"widget\" data-e-type=\"widget\" data-widget_type=\"image.default\">\n\t\t\t\t<div class=\"elementor-widget-container\">\n\t\t\t\t\t\t\t\t\t\t\t\t\t\t\t<img loading=\"lazy\" decoding=\"async\" width=\"1536\" height=\"166\" src=\"https:\/\/brioultrasonics.com\/wp-content\/uploads\/2024\/06\/Cofinanciado-UE-IVACE-1536x166-1.jpg\" class=\"attachment-full size-full wp-image-65637\" alt=\"Dotacje IVACE\" srcset=\"https:\/\/brioultrasonics.com\/wp-content\/uploads\/2024\/06\/Cofinanciado-UE-IVACE-1536x166-1.jpg 1536w, https:\/\/brioultrasonics.com\/wp-content\/uploads\/2024\/06\/Cofinanciado-UE-IVACE-1536x166-1-300x32.jpg 300w, https:\/\/brioultrasonics.com\/wp-content\/uploads\/2024\/06\/Cofinanciado-UE-IVACE-1536x166-1-1024x111.jpg 1024w, https:\/\/brioultrasonics.com\/wp-content\/uploads\/2024\/06\/Cofinanciado-UE-IVACE-1536x166-1-768x83.jpg 768w, https:\/\/brioultrasonics.com\/wp-content\/uploads\/2024\/06\/Cofinanciado-UE-IVACE-1536x166-1-600x65.jpg 600w\" sizes=\"(max-width: 1536px) 100vw, 1536px\" title=\"\">\t\t\t\t\t\t\t\t\t\t\t\t\t\t\t<\/div>\n\t\t\t\t<\/div>\n\t\t\t\t\t<\/div>\n\t\t\t\t<\/div>\n\t\t<div class=\"elementor-element elementor-element-d94d4be e-flex e-con-boxed e-con e-parent\" data-id=\"d94d4be\" data-element_type=\"container\" data-e-type=\"container\">\n\t\t\t\t\t<div class=\"e-con-inner\">\n\t\t<div class=\"elementor-element elementor-element-eaae678 e-con-full e-flex e-con e-child\" data-id=\"eaae678\" data-element_type=\"container\" data-e-type=\"container\">\n\t\t\t\t<div class=\"elementor-element elementor-element-5e6004e elementor-widget elementor-widget-image\" data-id=\"5e6004e\" data-element_type=\"widget\" data-e-type=\"widget\" data-widget_type=\"image.default\">\n\t\t\t\t<div class=\"elementor-widget-container\">\n\t\t\t\t\t\t\t\t\t\t\t\t\t\t\t<img loading=\"lazy\" decoding=\"async\" width=\"630\" height=\"200\" src=\"https:\/\/brioultrasonics.com\/wp-content\/uploads\/2024\/06\/Camara-de-Espana_Color-630x200-1.png\" class=\"attachment-large size-large wp-image-65636\" alt=\"czerwony napis na czarnym tle\" srcset=\"https:\/\/brioultrasonics.com\/wp-content\/uploads\/2024\/06\/Camara-de-Espana_Color-630x200-1.png 630w, https:\/\/brioultrasonics.com\/wp-content\/uploads\/2024\/06\/Camara-de-Espana_Color-630x200-1-300x95.png 300w, https:\/\/brioultrasonics.com\/wp-content\/uploads\/2024\/06\/Camara-de-Espana_Color-630x200-1-600x190.png 600w\" sizes=\"(max-width: 630px) 100vw, 630px\" title=\"\">\t\t\t\t\t\t\t\t\t\t\t\t\t\t\t<\/div>\n\t\t\t\t<\/div>\n\t\t\t\t<\/div>\n\t\t<div class=\"elementor-element elementor-element-79e0189 e-con-full e-flex e-con e-child\" data-id=\"79e0189\" data-element_type=\"container\" data-e-type=\"container\">\n\t\t\t\t<div class=\"elementor-element elementor-element-509a105 elementor-widget elementor-widget-image\" data-id=\"509a105\" data-element_type=\"widget\" data-e-type=\"widget\" data-widget_type=\"image.default\">\n\t\t\t\t<div class=\"elementor-widget-container\">\n\t\t\t\t\t\t\t\t\t\t\t\t\t\t\t<img loading=\"lazy\" decoding=\"async\" width=\"420\" height=\"131\" src=\"https:\/\/brioultrasonics.com\/wp-content\/uploads\/2024\/06\/logo-camara-420x131-1.png\" class=\"attachment-large size-large wp-image-65635\" alt=\"aparat Walencja\" srcset=\"https:\/\/brioultrasonics.com\/wp-content\/uploads\/2024\/06\/logo-camara-420x131-1.png 420w, https:\/\/brioultrasonics.com\/wp-content\/uploads\/2024\/06\/logo-camara-420x131-1-300x94.png 300w\" sizes=\"(max-width: 420px) 100vw, 420px\" title=\"\">\t\t\t\t\t\t\t\t\t\t\t\t\t\t\t<\/div>\n\t\t\t\t<\/div>\n\t\t\t\t<\/div>\n\t\t<div class=\"elementor-element elementor-element-7c9839d e-con-full e-flex e-con e-child\" data-id=\"7c9839d\" data-element_type=\"container\" data-e-type=\"container\">\n\t\t\t\t<div class=\"elementor-element elementor-element-4509362 elementor-widget elementor-widget-image\" data-id=\"4509362\" data-element_type=\"widget\" data-e-type=\"widget\" data-widget_type=\"image.default\">\n\t\t\t\t<div class=\"elementor-widget-container\">\n\t\t\t\t\t\t\t\t\t\t\t\t\t\t\t<img loading=\"lazy\" decoding=\"async\" width=\"630\" height=\"201\" src=\"https:\/\/brioultrasonics.com\/wp-content\/uploads\/2024\/06\/Programa_XpandeDigital-630x201-1.png\" class=\"attachment-large size-large wp-image-65634\" alt=\"IVACE FEDER\" srcset=\"https:\/\/brioultrasonics.com\/wp-content\/uploads\/2024\/06\/Programa_XpandeDigital-630x201-1.png 630w, https:\/\/brioultrasonics.com\/wp-content\/uploads\/2024\/06\/Programa_XpandeDigital-630x201-1-300x96.png 300w, https:\/\/brioultrasonics.com\/wp-content\/uploads\/2024\/06\/Programa_XpandeDigital-630x201-1-600x191.png 600w\" sizes=\"(max-width: 630px) 100vw, 630px\" title=\"\">\t\t\t\t\t\t\t\t\t\t\t\t\t\t\t<\/div>\n\t\t\t\t<\/div>\n\t\t\t\t<\/div>\n\t\t\t\t\t<\/div>\n\t\t\t\t<\/div>\n\t\t\t\t<\/div>\n\t\t","protected":false},"excerpt":{"rendered":"<p>Dotacje i pomoc. Internacjonalizacja, fundusze IVACE i FEDER A&amp;J Tecno Innovacions S.L. jest beneficjentem Europejskiego Funduszu Rozwoju Regionalnego, kt\u00f3rego celem jest poprawa konkurencyjno\u015bci M\u015aP i dzi\u0119ki temu uruchomi\u0142a Plan Internacjonalizacji, kt\u00f3rego celem jest poprawa swojej pozycji konkurencyjnej za granic\u0105. Projekt umi\u0119dzynarodowienia zosta\u0142 wybrany w programie operacyjnym FEDER Wsp\u00f3lnoty Walencji na lata 2014\u20132020 i 2021\u20132027 i [&hellip;]<\/p>\n","protected":false},"author":1,"featured_media":0,"parent":0,"menu_order":0,"comment_status":"closed","ping_status":"closed","template":"","meta":{"_joinchat":[],"footnotes":""},"class_list":["post-66110","page","type-page","status-publish","hentry"],"_links":{"self":[{"href":"https:\/\/brioultrasonics.com\/pl\/wp-json\/wp\/v2\/pages\/66110","targetHints":{"allow":["GET"]}}],"collection":[{"href":"https:\/\/brioultrasonics.com\/pl\/wp-json\/wp\/v2\/pages"}],"about":[{"href":"https:\/\/brioultrasonics.com\/pl\/wp-json\/wp\/v2\/types\/page"}],"author":[{"embeddable":true,"href":"https:\/\/brioultrasonics.com\/pl\/wp-json\/wp\/v2\/users\/1"}],"replies":[{"embeddable":true,"href":"https:\/\/brioultrasonics.com\/pl\/wp-json\/wp\/v2\/comments?post=66110"}],"version-history":[{"count":2,"href":"https:\/\/brioultrasonics.com\/pl\/wp-json\/wp\/v2\/pages\/66110\/revisions"}],"predecessor-version":[{"id":68353,"href":"https:\/\/brioultrasonics.com\/pl\/wp-json\/wp\/v2\/pages\/66110\/revisions\/68353"}],"wp:attachment":[{"href":"https:\/\/brioultrasonics.com\/pl\/wp-json\/wp\/v2\/media?parent=66110"}],"curies":[{"name":"wp","href":"https:\/\/api.w.org\/{rel}","templated":true}]}}