{"id":66102,"date":"2024-05-21T13:31:28","date_gmt":"2024-05-21T11:31:28","guid":{"rendered":"https:\/\/brioultrasonics.com\/sektory-i-zastosowania\/formy-wtryskowe\/"},"modified":"2024-12-18T10:19:14","modified_gmt":"2024-12-18T09:19:14","slug":"formy-wtryskowe","status":"publish","type":"page","link":"https:\/\/brioultrasonics.com\/pl\/sektory-i-zastosowania\/formy-wtryskowe\/","title":{"rendered":"formy wtryskowe"},"content":{"rendered":"\t\t<div data-elementor-type=\"wp-page\" data-elementor-id=\"66102\" class=\"elementor elementor-66102 elementor-1640\" data-elementor-post-type=\"page\">\n\t\t\t\t<div class=\"elementor-element elementor-element-4f40ee8 e-flex e-con-boxed e-con e-parent\" data-id=\"4f40ee8\" data-element_type=\"container\" data-e-type=\"container\" data-settings=\"{&quot;background_background&quot;:&quot;classic&quot;}\">\n\t\t\t\t\t<div class=\"e-con-inner\">\n\t\t\t\t<div class=\"elementor-element elementor-element-a870ed5 elementor-widget elementor-widget-heading\" data-id=\"a870ed5\" data-element_type=\"widget\" data-e-type=\"widget\" data-widget_type=\"heading.default\">\n\t\t\t\t<div class=\"elementor-widget-container\">\n\t\t\t\t\t<h2 class=\"elementor-heading-title elementor-size-default\">formy wtryskowe<\/h2>\t\t\t\t<\/div>\n\t\t\t\t<\/div>\n\t\t\t\t\t<\/div>\n\t\t\t\t<\/div>\n\t\t<div class=\"elementor-element elementor-element-34e5992 e-flex e-con-boxed e-con e-parent\" data-id=\"34e5992\" data-element_type=\"container\" data-e-type=\"container\">\n\t\t\t\t\t<div class=\"e-con-inner\">\n\t\t<div class=\"elementor-element elementor-element-9b1c8f8 e-con-full e-flex e-con e-child\" data-id=\"9b1c8f8\" data-element_type=\"container\" data-e-type=\"container\">\n\t\t\t\t<div class=\"elementor-element elementor-element-ccd0f19 elementor-widget elementor-widget-template\" data-id=\"ccd0f19\" data-element_type=\"widget\" data-e-type=\"widget\" data-widget_type=\"template.default\">\n\t\t\t\t<div class=\"elementor-widget-container\">\n\t\t\t\t\t\t\t<div class=\"elementor-template\">\n\t\t\t\t\t<div data-elementor-type=\"container\" data-elementor-id=\"66007\" class=\"elementor elementor-66007 elementor-56900 elementor-56900\" data-elementor-post-type=\"elementor_library\">\n\t\t\t\t<div class=\"elementor-element elementor-element-501d555 e-flex e-con-boxed e-con e-child\" data-id=\"501d555\" data-element_type=\"container\" data-e-type=\"container\" data-settings=\"{&quot;background_background&quot;:&quot;classic&quot;}\">\n\t\t\t\t\t<div class=\"e-con-inner\">\n\t\t\t\t<div class=\"elementor-element elementor-element-ad22995 elementor-widget elementor-widget-heading\" data-id=\"ad22995\" data-element_type=\"widget\" data-e-type=\"widget\" data-widget_type=\"heading.default\">\n\t\t\t\t<div class=\"elementor-widget-container\">\n\t\t\t\t\t<p class=\"elementor-heading-title elementor-size-default\">Katalog<\/p>\t\t\t\t<\/div>\n\t\t\t\t<\/div>\n\t\t\t\t<div class=\"elementor-element elementor-element-8fbe9e3 elementor-widget elementor-widget-text-editor\" data-id=\"8fbe9e3\" data-element_type=\"widget\" data-e-type=\"widget\" data-widget_type=\"text-editor.default\">\n\t\t\t\t<div class=\"elementor-widget-container\">\n\t\t\t\t\t\t\t\t\t<p>Pobierz nasz katalog zawieraj\u0105cy wszystkie informacje na temat naszej technologii, sprz\u0119tu i zastosowa\u0144.<\/p>\t\t\t\t\t\t\t\t<\/div>\n\t\t\t\t<\/div>\n\t\t\t\t<div class=\"elementor-element elementor-element-13a1c18 elementor-align-center elementor-widget elementor-widget-button\" data-id=\"13a1c18\" data-element_type=\"widget\" data-e-type=\"widget\" data-widget_type=\"button.default\">\n\t\t\t\t<div class=\"elementor-widget-container\">\n\t\t\t\t\t\t\t\t\t<div class=\"elementor-button-wrapper\">\n\t\t\t\t\t<a class=\"elementor-button elementor-button-link elementor-size-sm\" href=\"https:\/\/brioultrasonics.com\/wp-content\/uploads\/2024\/10\/Catalogue-BRIO-Ultrasonics-EN-2.pdf\" target=\"_blank\">\n\t\t\t\t\t\t<span class=\"elementor-button-content-wrapper\">\n\t\t\t\t\t\t\t\t\t<span class=\"elementor-button-text\">Pobierz PDF<\/span>\n\t\t\t\t\t<\/span>\n\t\t\t\t\t<\/a>\n\t\t\t\t<\/div>\n\t\t\t\t\t\t\t\t<\/div>\n\t\t\t\t<\/div>\n\t\t\t\t\t<\/div>\n\t\t\t\t<\/div>\n\t\t\t\t<\/div>\n\t\t\t\t<\/div>\n\t\t\t\t\t\t<\/div>\n\t\t\t\t<\/div>\n\t\t\t\t<div class=\"elementor-element elementor-element-c2bfb97 elementor-widget elementor-widget-template\" data-id=\"c2bfb97\" data-element_type=\"widget\" data-e-type=\"widget\" data-widget_type=\"template.default\">\n\t\t\t\t<div class=\"elementor-widget-container\">\n\t\t\t\t\t\t\t<div class=\"elementor-template\">\n\t\t\t\t\t<div data-elementor-type=\"container\" data-elementor-id=\"66003\" class=\"elementor elementor-66003 elementor-56903 elementor-56903\" data-elementor-post-type=\"elementor_library\">\n\t\t\t\t<div class=\"elementor-element elementor-element-c0aebd9 e-flex e-con-boxed e-con e-child\" data-id=\"c0aebd9\" data-element_type=\"container\" data-e-type=\"container\" data-settings=\"{&quot;background_background&quot;:&quot;classic&quot;}\">\n\t\t\t\t\t<div class=\"e-con-inner\">\n\t\t\t\t<div class=\"elementor-element elementor-element-7669a04 elementor-widget elementor-widget-heading\" data-id=\"7669a04\" data-element_type=\"widget\" data-e-type=\"widget\" data-widget_type=\"heading.default\">\n\t\t\t\t<div class=\"elementor-widget-container\">\n\t\t\t\t\t<p class=\"elementor-heading-title elementor-size-default\">To<br>potrzebujesz?<\/p>\t\t\t\t<\/div>\n\t\t\t\t<\/div>\n\t\t\t\t<div class=\"elementor-element elementor-element-540f1ca elementor-widget elementor-widget-text-editor\" data-id=\"540f1ca\" data-element_type=\"widget\" data-e-type=\"widget\" data-widget_type=\"text-editor.default\">\n\t\t\t\t<div class=\"elementor-widget-container\">\n\t\t\t\t\t\t\t\t\t<p style=\"margin: 0px 0px 1em; padding: 0px; border: 0px; font-variant-numeric: inherit; font-variant-east-asian: inherit; font-variant-alternates: inherit; font-variant-position: inherit; font-stretch: inherit; line-height: inherit; font-family: Rubik; font-optical-sizing: inherit; font-kerning: inherit; font-feature-settings: inherit; font-variation-settings: inherit; vertical-align: baseline; background-color: #00b1aa;\">Zadzwo\u0144 bez zobowi\u0105za\u0144 pod numer<br \/><strong style=\"margin: 0px; padding: 0px; border: 0px; font-style: inherit; font-variant: inherit; font-weight: bold; font-stretch: inherit; font-size: inherit; line-height: inherit; font-family: inherit; font-optical-sizing: inherit; font-kerning: inherit; font-feature-settings: inherit; font-variation-settings: inherit; vertical-align: baseline;\"><span style=\"margin: 0px; padding: 0px; border: 0px; font-style: inherit; font-variant: inherit; font-weight: inherit; font-stretch: inherit; font-size: 22px; line-height: inherit; font-family: inherit; font-optical-sizing: inherit; font-kerning: inherit; font-feature-settings: inherit; font-variation-settings: inherit; vertical-align: baseline;\"><a style=\"color: #ffffff; transition: all 0.3s ease 0s; border-bottom: 1px solid transparent; font-size: inherit; font-weight: inherit;\" href=\"tel:+34961341109\">+ (34) 961-341-109<\/a><\/span><\/strong><\/p>\n<p style=\"margin: 0px 0px 1em; padding: 0px; border: 0px; font-variant-numeric: inherit; font-variant-east-asian: inherit; font-variant-alternates: inherit; font-variant-position: inherit; font-stretch: inherit; line-height: inherit; font-family: Rubik; font-optical-sizing: inherit; font-kerning: inherit; font-feature-settings: inherit; font-variation-settings: inherit; vertical-align: baseline; background-color: #00b1aa;\"><a style=\"color: #ffffff; transition: all 0.3s ease 0s; border-bottom: 1px solid transparent;\" href=\"mailto:info@brioultrasonics.com\">Napisz do nas na <strong style=\"margin: 0px; padding: 0px; border: 0px; font-style: inherit; font-variant: inherit; font-weight: bold; font-stretch: inherit; font-size: inherit; line-height: inherit; font-family: inherit; font-optical-sizing: inherit; font-kerning: inherit; font-feature-settings: inherit; font-variation-settings: inherit; vertical-align: baseline;\">info@brioultrasonics.com<\/strong><\/a><\/p>\n<p><span style=\"background-color: #00b1aa; font-family: Rubik; color: var( --e-global-color-b59310b ); font-weight: var( --e-global-typography-text-font-weight ); font-size: 1rem;\">Lub<\/span> wype\u0142nij <span style=\"background-color: var( --e-global-color-e0fbf92 ); color: var( --e-global-color-b59310b ); font-family: var( --e-global-typography-text-font-family ), Sans-serif; font-size: 1rem; font-weight: var( --e-global-typography-text-font-weight );\">formularz<\/span><\/p>\n\t\t\t\t\t\t\t\t<\/div>\n\t\t\t\t<\/div>\n\t\t\t\t<div class=\"elementor-element elementor-element-01665c7 elementor-align-center elementor-widget elementor-widget-button\" data-id=\"01665c7\" data-element_type=\"widget\" data-e-type=\"widget\" data-widget_type=\"button.default\">\n\t\t\t\t<div class=\"elementor-widget-container\">\n\t\t\t\t\t\t\t\t\t<div class=\"elementor-button-wrapper\">\n\t\t\t\t\t<a class=\"elementor-button elementor-button-link elementor-size-sm\" href=\"https:\/\/brioultrasonics.com\/pl\/kontakt\/\">\n\t\t\t\t\t\t<span class=\"elementor-button-content-wrapper\">\n\t\t\t\t\t\t\t\t\t<span class=\"elementor-button-text\">skontaktowa\u0107 si\u0119 z nami<\/span>\n\t\t\t\t\t<\/span>\n\t\t\t\t\t<\/a>\n\t\t\t\t<\/div>\n\t\t\t\t\t\t\t\t<\/div>\n\t\t\t\t<\/div>\n\t\t\t\t\t<\/div>\n\t\t\t\t<\/div>\n\t\t\t\t<\/div>\n\t\t\t\t<\/div>\n\t\t\t\t\t\t<\/div>\n\t\t\t\t<\/div>\n\t\t\t\t<\/div>\n\t\t<div class=\"elementor-element elementor-element-17cb3e8 e-con-full e-flex e-con e-child\" data-id=\"17cb3e8\" data-element_type=\"container\" data-e-type=\"container\">\n\t\t\t\t<div class=\"elementor-element elementor-element-9e5d6ad elementor-widget elementor-widget-heading\" data-id=\"9e5d6ad\" data-element_type=\"widget\" data-e-type=\"widget\" data-widget_type=\"heading.default\">\n\t\t\t\t<div class=\"elementor-widget-container\">\n\t\t\t\t\t<h2 class=\"elementor-heading-title elementor-size-default\">Maszyny do<br><b>Czyszczenie form wtryskowych<\/b><\/h2>\t\t\t\t<\/div>\n\t\t\t\t<\/div>\n\t\t\t\t<div class=\"elementor-element elementor-element-932f623 elementor-widget__width-initial elementor-widget elementor-widget-text-editor\" data-id=\"932f623\" data-element_type=\"widget\" data-e-type=\"widget\" data-widget_type=\"text-editor.default\">\n\t\t\t\t<div class=\"elementor-widget-container\">\n\t\t\t\t\t\t\t\t\t<p>Maszyny BRIO Ultrasonics wykonuj\u0105 <strong>ultrad\u017awi\u0119kowe czyszczenie dowolnych form<\/strong>, \u015bcie\u017cek ch\u0142odzenia, wn\u0119k, cz\u0119\u015bci, ekstraktor\u00f3w, figur, szczelin, matryc, sprawdzian\u00f3w i innych cz\u0119\u015bci.<\/p>\n<p>Formy wtryskowe. Nasza ekskluzywna technologia umo\u017cliwia<strong> usuwanie wszelkiego rodzaju brudu i rdzy,<\/strong> zapewniaj\u0105c pe\u0142ne i g\u0142\u0119bokie czyszczenie, <strong>kt\u00f3re dociera do wszystkich skomplikowanych punkt\u00f3w cz\u0119\u015bci, bez zmiany ich geometrii.<\/strong> Jest to proces pozbawiony<strong> zanieczyszcze\u0144<\/strong>, kt\u00f3ry r\u00f3wnie\u017c nie wymaga <strong>pracy podczas<\/strong> jego realizacji i <strong>pozwala warsztatom. Wszystko to ma wp\u0142yw <\/strong>na <strong>optymalne rezultaty w formach<\/strong> wtryskowych ze <strong>znalu, magnezu, tworzyw sztucznych, gumy itp.<\/strong>   <\/p>\n<p>Czyszczenie form wtryskowych wymaga r\u00f3\u017cnorodnych zabieg\u00f3w. Dzi\u0119ki naszemu wieloletniemu do\u015bwiadczeniu i opiniom naszych klient\u00f3w opracowali\u015bmy <u><strong><a href=\"https:\/\/brioultrasonics.com\/maquinas-de-limpieza-por-ultrasonidos\/maquinas-limpieza-moldes-br-mold\/\">lini\u0119 BR-MOLD, wielostopniowe maszyny o ekskluzywnych specyfikacjach dla bran\u017cy, zaprojektowane i wyprodukowane na zam\u00f3wienie.<\/a><\/strong><\/u> Obejmuj\u0105 one etapy takie jak: mycie ultrad\u017awi\u0119kowe BRIO, p\u0142ukanie, zabezpieczenie antykorozyjne, suszenie itp. <\/p>\n<p>Nasze maszyny BR-MOLD \u0142\u0105cz\u0105 wydajno\u015b\u0107 i<strong> niezawodno\u015b\u0107 technologii BRIO z kompleksowym projektowaniem i produkcj\u0105 instalacji dostosowanych do indywidualnych potrzeb, z projektami \u201epod klucz\u201d zaprojektowanymi tak, aby zaspokoi\u0107 potrzeby ka\u017cdego klienta.<\/strong><\/p>\n<p>Aby uzyska\u0107 wi\u0119cej informacji na temat naszej oferty BR-MOLD, <u><a href=\"https:\/\/brioultrasonics.com\/contacto\/\">skontaktuj si\u0119 z naszym dzia\u0142em sprzeda\u017cy bez zobowi\u0105za\u0144.<\/a><\/u><\/p>\n\t\t\t\t\t\t\t\t<\/div>\n\t\t\t\t<\/div>\n\t\t\t\t<div class=\"elementor-element elementor-element-4940858 elementor-widget elementor-widget-image\" data-id=\"4940858\" data-element_type=\"widget\" data-e-type=\"widget\" data-widget_type=\"image.default\">\n\t\t\t\t<div class=\"elementor-widget-container\">\n\t\t\t\t\t\t\t\t\t\t\t\t\t\t\t<img fetchpriority=\"high\" decoding=\"async\" width=\"800\" height=\"580\" src=\"https:\/\/brioultrasonics.com\/wp-content\/uploads\/2024\/04\/BR-600-MOLD-FILTRO-WEB-1024x742.jpg\" class=\"attachment-large size-large wp-image-65948\" alt=\"r\u0119czna maszyna do czyszczenia\" srcset=\"https:\/\/brioultrasonics.com\/wp-content\/uploads\/2024\/04\/BR-600-MOLD-FILTRO-WEB-1024x742.jpg 1024w, https:\/\/brioultrasonics.com\/wp-content\/uploads\/2024\/04\/BR-600-MOLD-FILTRO-WEB-600x435.jpg 600w, https:\/\/brioultrasonics.com\/wp-content\/uploads\/2024\/04\/BR-600-MOLD-FILTRO-WEB-300x217.jpg 300w, https:\/\/brioultrasonics.com\/wp-content\/uploads\/2024\/04\/BR-600-MOLD-FILTRO-WEB-768x556.jpg 768w, https:\/\/brioultrasonics.com\/wp-content\/uploads\/2024\/04\/BR-600-MOLD-FILTRO-WEB.jpg 1201w\" sizes=\"(max-width: 800px) 100vw, 800px\" title=\"\">\t\t\t\t\t\t\t\t\t\t\t\t\t\t\t<\/div>\n\t\t\t\t<\/div>\n\t\t\t\t<div class=\"elementor-element elementor-element-bc26741 elementor-widget elementor-widget-video\" data-id=\"bc26741\" data-element_type=\"widget\" data-e-type=\"widget\" data-settings=\"{&quot;youtube_url&quot;:&quot;https:\\\/\\\/youtu.be\\\/v06sBiPU9sk&quot;,&quot;video_type&quot;:&quot;youtube&quot;,&quot;controls&quot;:&quot;yes&quot;}\" data-widget_type=\"video.default\">\n\t\t\t\t<div class=\"elementor-widget-container\">\n\t\t\t\t\t\t\t<div class=\"elementor-wrapper elementor-open-inline\">\n\t\t\t<div class=\"elementor-video\"><\/div>\t\t<\/div>\n\t\t\t\t\t\t<\/div>\n\t\t\t\t<\/div>\n\t\t\t\t<div class=\"elementor-element elementor-element-357f336 elementor-widget elementor-widget-video\" data-id=\"357f336\" data-element_type=\"widget\" data-e-type=\"widget\" data-settings=\"{&quot;youtube_url&quot;:&quot;https:\\\/\\\/youtu.be\\\/gqfqNRvdqB8&quot;,&quot;video_type&quot;:&quot;youtube&quot;,&quot;controls&quot;:&quot;yes&quot;}\" data-widget_type=\"video.default\">\n\t\t\t\t<div class=\"elementor-widget-container\">\n\t\t\t\t\t\t\t<div class=\"elementor-wrapper elementor-open-inline\">\n\t\t\t<div class=\"elementor-video\"><\/div>\t\t<\/div>\n\t\t\t\t\t\t<\/div>\n\t\t\t\t<\/div>\n\t\t\t\t<div class=\"elementor-element elementor-element-0b2e430 elementor-widget elementor-widget-heading\" data-id=\"0b2e430\" data-element_type=\"widget\" data-e-type=\"widget\" data-widget_type=\"heading.default\">\n\t\t\t\t<div class=\"elementor-widget-container\">\n\t\t\t\t\t<h2 class=\"elementor-heading-title elementor-size-default\">BR 300 MOLD<\/h2>\t\t\t\t<\/div>\n\t\t\t\t<\/div>\n\t\t\t\t<div class=\"elementor-element elementor-element-9cb11a4 elementor-widget elementor-widget-video\" data-id=\"9cb11a4\" data-element_type=\"widget\" data-e-type=\"widget\" data-settings=\"{&quot;youtube_url&quot;:&quot;https:\\\/\\\/youtu.be\\\/BfRkm1Dmmyk&quot;,&quot;video_type&quot;:&quot;youtube&quot;,&quot;controls&quot;:&quot;yes&quot;}\" data-widget_type=\"video.default\">\n\t\t\t\t<div class=\"elementor-widget-container\">\n\t\t\t\t\t\t\t<div class=\"elementor-wrapper elementor-open-inline\">\n\t\t\t<div class=\"elementor-video\"><\/div>\t\t<\/div>\n\t\t\t\t\t\t<\/div>\n\t\t\t\t<\/div>\n\t\t\t\t<div class=\"elementor-element elementor-element-2117c03 elementor-widget elementor-widget-heading\" data-id=\"2117c03\" data-element_type=\"widget\" data-e-type=\"widget\" data-widget_type=\"heading.default\">\n\t\t\t\t<div class=\"elementor-widget-container\">\n\t\t\t\t\t<h2 class=\"elementor-heading-title elementor-size-default\"><a href=\"https:\/\/brioultrasonics.com\/maquinas-de-limpieza-por-ultrasonidos\/maquinas-limpieza-moldes-br-mold\/\">Sprz\u0119t wielostopniowy<br><b>Linia BR-MOLD<\/b><\/a><\/h2>\t\t\t\t<\/div>\n\t\t\t\t<\/div>\n\t\t\t\t<div class=\"elementor-element elementor-element-789e563 elementor-widget elementor-widget-image\" data-id=\"789e563\" data-element_type=\"widget\" data-e-type=\"widget\" data-widget_type=\"image.default\">\n\t\t\t\t<div class=\"elementor-widget-container\">\n\t\t\t\t\t\t\t\t\t\t\t\t\t\t\t<img decoding=\"async\" width=\"800\" height=\"411\" src=\"https:\/\/brioultrasonics.com\/wp-content\/uploads\/2024\/05\/BR-MOLD-800-limpieza-moldes-ultrasonidos.jpg\" class=\"attachment-large size-large wp-image-65862\" alt=\"czyszczenie formy\" srcset=\"https:\/\/brioultrasonics.com\/wp-content\/uploads\/2024\/05\/BR-MOLD-800-limpieza-moldes-ultrasonidos.jpg 900w, https:\/\/brioultrasonics.com\/wp-content\/uploads\/2024\/05\/BR-MOLD-800-limpieza-moldes-ultrasonidos-600x308.jpg 600w, https:\/\/brioultrasonics.com\/wp-content\/uploads\/2024\/05\/BR-MOLD-800-limpieza-moldes-ultrasonidos-300x154.jpg 300w, https:\/\/brioultrasonics.com\/wp-content\/uploads\/2024\/05\/BR-MOLD-800-limpieza-moldes-ultrasonidos-768x394.jpg 768w\" sizes=\"(max-width: 800px) 100vw, 800px\" title=\"\">\t\t\t\t\t\t\t\t\t\t\t\t\t\t\t<\/div>\n\t\t\t\t<\/div>\n\t\t\t\t<div class=\"elementor-element elementor-element-1632d64 elementor-widget elementor-widget-heading\" data-id=\"1632d64\" data-element_type=\"widget\" data-e-type=\"widget\" data-widget_type=\"heading.default\">\n\t\t\t\t<div class=\"elementor-widget-container\">\n\t\t\t\t\t<h2 class=\"elementor-heading-title elementor-size-default\">Przed i po - <b>Formy wtryskowe<\/b><\/h2>\t\t\t\t<\/div>\n\t\t\t\t<\/div>\n\t\t\t\t<div class=\"elementor-element elementor-element-a037912 elementor-widget elementor-widget-gallery\" data-id=\"a037912\" data-element_type=\"widget\" data-e-type=\"widget\" data-settings=\"{&quot;columns&quot;:2,&quot;gap&quot;:{&quot;unit&quot;:&quot;px&quot;,&quot;size&quot;:16,&quot;sizes&quot;:[]},&quot;lazyload&quot;:&quot;yes&quot;,&quot;gallery_layout&quot;:&quot;grid&quot;,&quot;columns_tablet&quot;:2,&quot;columns_mobile&quot;:1,&quot;gap_tablet&quot;:{&quot;unit&quot;:&quot;px&quot;,&quot;size&quot;:10,&quot;sizes&quot;:[]},&quot;gap_mobile&quot;:{&quot;unit&quot;:&quot;px&quot;,&quot;size&quot;:10,&quot;sizes&quot;:[]},&quot;link_to&quot;:&quot;file&quot;,&quot;aspect_ratio&quot;:&quot;3:2&quot;,&quot;overlay_background&quot;:&quot;yes&quot;,&quot;content_hover_animation&quot;:&quot;fade-in&quot;}\" data-widget_type=\"gallery.default\">\n\t\t\t\t<div class=\"elementor-widget-container\">\n\t\t\t\t\t\t\t<div class=\"elementor-gallery__container\">\n\t\t\t\t\t\t\t<a class=\"e-gallery-item elementor-gallery-item elementor-animated-content\" href=\"https:\/\/brioultrasonics.com\/wp-content\/uploads\/2024\/05\/moldes-03.jpg\" data-elementor-open-lightbox=\"yes\" data-elementor-lightbox-slideshow=\"a037912\" data-elementor-lightbox-title=\"moldes-03\" data-e-action-hash=\"#elementor-action%3Aaction%3Dlightbox%26settings%3DeyJpZCI6NjU4NTQsInVybCI6Imh0dHBzOlwvXC9icmlvdWx0cmFzb25pY3MuY29tXC93cC1jb250ZW50XC91cGxvYWRzXC8yMDI0XC8wNVwvbW9sZGVzLTAzLmpwZyIsInNsaWRlc2hvdyI6ImEwMzc5MTIifQ%3D%3D\">\n\t\t\t\t\t<div class=\"e-gallery-image elementor-gallery-item__image\" data-thumbnail=\"https:\/\/brioultrasonics.com\/wp-content\/uploads\/2024\/05\/moldes-03-300x200.jpg\" data-width=\"300\" data-height=\"200\" aria-label=\"obr\u00f3bka ple\u015bni ultrad\u017awi\u0119kowej\" role=\"img\" ><\/div>\n\t\t\t\t\t\t\t\t\t\t\t<div class=\"elementor-gallery-item__overlay\"><\/div>\n\t\t\t\t\t\t\t\t\t\t\t\t\t\t<\/a>\n\t\t\t\t\t\t\t<a class=\"e-gallery-item elementor-gallery-item elementor-animated-content\" href=\"https:\/\/brioultrasonics.com\/wp-content\/uploads\/2024\/05\/moldes-01.jpg\" data-elementor-open-lightbox=\"yes\" data-elementor-lightbox-slideshow=\"a037912\" data-elementor-lightbox-title=\"moldes-01\" data-e-action-hash=\"#elementor-action%3Aaction%3Dlightbox%26settings%3DeyJpZCI6NjU4NTMsInVybCI6Imh0dHBzOlwvXC9icmlvdWx0cmFzb25pY3MuY29tXC93cC1jb250ZW50XC91cGxvYWRzXC8yMDI0XC8wNVwvbW9sZGVzLTAxLmpwZyIsInNsaWRlc2hvdyI6ImEwMzc5MTIifQ%3D%3D\">\n\t\t\t\t\t<div class=\"e-gallery-image elementor-gallery-item__image\" data-thumbnail=\"https:\/\/brioultrasonics.com\/wp-content\/uploads\/2024\/05\/moldes-01-300x200.jpg\" data-width=\"300\" data-height=\"200\" aria-label=\"obr\u00f3bka ple\u015bni ultrad\u017awi\u0119kowej\" role=\"img\" ><\/div>\n\t\t\t\t\t\t\t\t\t\t\t<div class=\"elementor-gallery-item__overlay\"><\/div>\n\t\t\t\t\t\t\t\t\t\t\t\t\t\t<\/a>\n\t\t\t\t\t\t\t<a class=\"e-gallery-item elementor-gallery-item elementor-animated-content\" href=\"https:\/\/brioultrasonics.com\/wp-content\/uploads\/2024\/05\/Tratamiento-moldes-ultrasonidos-suelas-630x420-1.jpg\" data-elementor-open-lightbox=\"yes\" data-elementor-lightbox-slideshow=\"a037912\" data-elementor-lightbox-title=\"Tratamiento-moldes-ultrasonidos-suelas-630x420\" data-e-action-hash=\"#elementor-action%3Aaction%3Dlightbox%26settings%3DeyJpZCI6NjU4NTIsInVybCI6Imh0dHBzOlwvXC9icmlvdWx0cmFzb25pY3MuY29tXC93cC1jb250ZW50XC91cGxvYWRzXC8yMDI0XC8wNVwvVHJhdGFtaWVudG8tbW9sZGVzLXVsdHJhc29uaWRvcy1zdWVsYXMtNjMweDQyMC0xLmpwZyIsInNsaWRlc2hvdyI6ImEwMzc5MTIifQ%3D%3D\">\n\t\t\t\t\t<div class=\"e-gallery-image elementor-gallery-item__image\" data-thumbnail=\"https:\/\/brioultrasonics.com\/wp-content\/uploads\/2024\/05\/Tratamiento-moldes-ultrasonidos-suelas-630x420-1-300x200.jpg\" data-width=\"300\" data-height=\"200\" aria-label=\"obr\u00f3bka ple\u015bni ultrad\u017awi\u0119kowej\" role=\"img\" ><\/div>\n\t\t\t\t\t\t\t\t\t\t\t<div class=\"elementor-gallery-item__overlay\"><\/div>\n\t\t\t\t\t\t\t\t\t\t\t\t\t\t<\/a>\n\t\t\t\t\t\t\t<a class=\"e-gallery-item elementor-gallery-item elementor-animated-content\" href=\"https:\/\/brioultrasonics.com\/wp-content\/uploads\/2024\/05\/Tratamiento-moldes-ultrasonidos-volante-630x420-1.jpg\" data-elementor-open-lightbox=\"yes\" data-elementor-lightbox-slideshow=\"a037912\" data-elementor-lightbox-title=\"Tratamiento-moldes-ultrasonidos-volante-630x420\" data-e-action-hash=\"#elementor-action%3Aaction%3Dlightbox%26settings%3DeyJpZCI6NjU4NTEsInVybCI6Imh0dHBzOlwvXC9icmlvdWx0cmFzb25pY3MuY29tXC93cC1jb250ZW50XC91cGxvYWRzXC8yMDI0XC8wNVwvVHJhdGFtaWVudG8tbW9sZGVzLXVsdHJhc29uaWRvcy12b2xhbnRlLTYzMHg0MjAtMS5qcGciLCJzbGlkZXNob3ciOiJhMDM3OTEyIn0%3D\">\n\t\t\t\t\t<div class=\"e-gallery-image elementor-gallery-item__image\" data-thumbnail=\"https:\/\/brioultrasonics.com\/wp-content\/uploads\/2024\/05\/Tratamiento-moldes-ultrasonidos-volante-630x420-1-300x200.jpg\" data-width=\"300\" data-height=\"200\" aria-label=\"ultrad\u017awi\u0119kowa obr\u00f3bka ple\u015bni\" role=\"img\" ><\/div>\n\t\t\t\t\t\t\t\t\t\t\t<div class=\"elementor-gallery-item__overlay\"><\/div>\n\t\t\t\t\t\t\t\t\t\t\t\t\t\t<\/a>\n\t\t\t\t\t<\/div>\n\t\t\t\t\t<\/div>\n\t\t\t\t<\/div>\n\t\t\t\t<\/div>\n\t\t\t\t\t<\/div>\n\t\t\t\t<\/div>\n\t\t\t\t<\/div>\n\t\t","protected":false},"excerpt":{"rendered":"<p>formy wtryskowe Maszyny doCzyszczenie form wtryskowych Maszyny BRIO Ultrasonics wykonuj\u0105 ultrad\u017awi\u0119kowe czyszczenie dowolnych form, \u015bcie\u017cek ch\u0142odzenia, wn\u0119k, cz\u0119\u015bci, ekstraktor\u00f3w, figur, szczelin, matryc, sprawdzian\u00f3w i innych cz\u0119\u015bci. Formy wtryskowe. Nasza ekskluzywna technologia umo\u017cliwia usuwanie wszelkiego rodzaju brudu i rdzy, zapewniaj\u0105c pe\u0142ne i g\u0142\u0119bokie czyszczenie, kt\u00f3re dociera do wszystkich skomplikowanych punkt\u00f3w cz\u0119\u015bci, bez zmiany ich geometrii. Jest [&hellip;]<\/p>\n","protected":false},"author":1,"featured_media":0,"parent":66090,"menu_order":0,"comment_status":"closed","ping_status":"closed","template":"","meta":{"_joinchat":[],"footnotes":""},"class_list":["post-66102","page","type-page","status-publish","hentry"],"_links":{"self":[{"href":"https:\/\/brioultrasonics.com\/pl\/wp-json\/wp\/v2\/pages\/66102","targetHints":{"allow":["GET"]}}],"collection":[{"href":"https:\/\/brioultrasonics.com\/pl\/wp-json\/wp\/v2\/pages"}],"about":[{"href":"https:\/\/brioultrasonics.com\/pl\/wp-json\/wp\/v2\/types\/page"}],"author":[{"embeddable":true,"href":"https:\/\/brioultrasonics.com\/pl\/wp-json\/wp\/v2\/users\/1"}],"replies":[{"embeddable":true,"href":"https:\/\/brioultrasonics.com\/pl\/wp-json\/wp\/v2\/comments?post=66102"}],"version-history":[{"count":1,"href":"https:\/\/brioultrasonics.com\/pl\/wp-json\/wp\/v2\/pages\/66102\/revisions"}],"predecessor-version":[{"id":66103,"href":"https:\/\/brioultrasonics.com\/pl\/wp-json\/wp\/v2\/pages\/66102\/revisions\/66103"}],"up":[{"embeddable":true,"href":"https:\/\/brioultrasonics.com\/pl\/wp-json\/wp\/v2\/pages\/66090"}],"wp:attachment":[{"href":"https:\/\/brioultrasonics.com\/pl\/wp-json\/wp\/v2\/media?parent=66102"}],"curies":[{"name":"wp","href":"https:\/\/api.w.org\/{rel}","templated":true}]}}