{"id":66094,"date":"2024-05-22T10:05:54","date_gmt":"2024-05-22T08:05:54","guid":{"rendered":"https:\/\/brioultrasonics.com\/sektory-i-zastosowania\/przemysl-spozywczy\/"},"modified":"2024-12-18T10:22:30","modified_gmt":"2024-12-18T09:22:30","slug":"przemysl-spozywczy","status":"publish","type":"page","link":"https:\/\/brioultrasonics.com\/pl\/sektory-i-zastosowania\/przemysl-spozywczy\/","title":{"rendered":"Przemys\u0142 spo\u017cywczy"},"content":{"rendered":"\t\t<div data-elementor-type=\"wp-page\" data-elementor-id=\"66094\" class=\"elementor elementor-66094 elementor-1763\" data-elementor-post-type=\"page\">\n\t\t\t\t<div class=\"elementor-element elementor-element-5e89fc7 e-flex e-con-boxed e-con e-parent\" data-id=\"5e89fc7\" data-element_type=\"container\" data-e-type=\"container\" data-settings=\"{&quot;background_background&quot;:&quot;classic&quot;}\">\n\t\t\t\t\t<div class=\"e-con-inner\">\n\t\t\t\t<div class=\"elementor-element elementor-element-f43458f elementor-widget elementor-widget-heading\" data-id=\"f43458f\" data-element_type=\"widget\" data-e-type=\"widget\" data-widget_type=\"heading.default\">\n\t\t\t\t<div class=\"elementor-widget-container\">\n\t\t\t\t\t<h2 class=\"elementor-heading-title elementor-size-default\">Przemys\u0142 spo\u017cywczy<\/h2>\t\t\t\t<\/div>\n\t\t\t\t<\/div>\n\t\t\t\t\t<\/div>\n\t\t\t\t<\/div>\n\t\t<div class=\"elementor-element elementor-element-04cc2fa e-flex e-con-boxed e-con e-parent\" data-id=\"04cc2fa\" data-element_type=\"container\" data-e-type=\"container\">\n\t\t\t\t\t<div class=\"e-con-inner\">\n\t\t<div class=\"elementor-element elementor-element-c2e8cb3 e-con-full e-flex e-con e-child\" data-id=\"c2e8cb3\" data-element_type=\"container\" data-e-type=\"container\">\n\t\t\t\t<div class=\"elementor-element elementor-element-c59b902 elementor-widget elementor-widget-template\" data-id=\"c59b902\" data-element_type=\"widget\" data-e-type=\"widget\" data-widget_type=\"template.default\">\n\t\t\t\t<div class=\"elementor-widget-container\">\n\t\t\t\t\t\t\t<div class=\"elementor-template\">\n\t\t\t\t\t<div data-elementor-type=\"container\" data-elementor-id=\"66007\" class=\"elementor elementor-66007 elementor-56900 elementor-56900\" data-elementor-post-type=\"elementor_library\">\n\t\t\t\t<div class=\"elementor-element elementor-element-501d555 e-flex e-con-boxed e-con e-child\" data-id=\"501d555\" data-element_type=\"container\" data-e-type=\"container\" data-settings=\"{&quot;background_background&quot;:&quot;classic&quot;}\">\n\t\t\t\t\t<div class=\"e-con-inner\">\n\t\t\t\t<div class=\"elementor-element elementor-element-ad22995 elementor-widget elementor-widget-heading\" data-id=\"ad22995\" data-element_type=\"widget\" data-e-type=\"widget\" data-widget_type=\"heading.default\">\n\t\t\t\t<div class=\"elementor-widget-container\">\n\t\t\t\t\t<p class=\"elementor-heading-title elementor-size-default\">Katalog<\/p>\t\t\t\t<\/div>\n\t\t\t\t<\/div>\n\t\t\t\t<div class=\"elementor-element elementor-element-8fbe9e3 elementor-widget elementor-widget-text-editor\" data-id=\"8fbe9e3\" data-element_type=\"widget\" data-e-type=\"widget\" data-widget_type=\"text-editor.default\">\n\t\t\t\t<div class=\"elementor-widget-container\">\n\t\t\t\t\t\t\t\t\t<p>Pobierz nasz katalog zawieraj\u0105cy wszystkie informacje na temat naszej technologii, sprz\u0119tu i zastosowa\u0144.<\/p>\t\t\t\t\t\t\t\t<\/div>\n\t\t\t\t<\/div>\n\t\t\t\t<div class=\"elementor-element elementor-element-13a1c18 elementor-align-center elementor-widget elementor-widget-button\" data-id=\"13a1c18\" data-element_type=\"widget\" data-e-type=\"widget\" data-widget_type=\"button.default\">\n\t\t\t\t<div class=\"elementor-widget-container\">\n\t\t\t\t\t\t\t\t\t<div class=\"elementor-button-wrapper\">\n\t\t\t\t\t<a class=\"elementor-button elementor-button-link elementor-size-sm\" href=\"https:\/\/brioultrasonics.com\/wp-content\/uploads\/2024\/10\/Catalogue-BRIO-Ultrasonics-EN-2.pdf\" target=\"_blank\">\n\t\t\t\t\t\t<span class=\"elementor-button-content-wrapper\">\n\t\t\t\t\t\t\t\t\t<span class=\"elementor-button-text\">Pobierz PDF<\/span>\n\t\t\t\t\t<\/span>\n\t\t\t\t\t<\/a>\n\t\t\t\t<\/div>\n\t\t\t\t\t\t\t\t<\/div>\n\t\t\t\t<\/div>\n\t\t\t\t\t<\/div>\n\t\t\t\t<\/div>\n\t\t\t\t<\/div>\n\t\t\t\t<\/div>\n\t\t\t\t\t\t<\/div>\n\t\t\t\t<\/div>\n\t\t\t\t<div class=\"elementor-element elementor-element-916f2c3 elementor-widget elementor-widget-template\" data-id=\"916f2c3\" data-element_type=\"widget\" data-e-type=\"widget\" data-widget_type=\"template.default\">\n\t\t\t\t<div class=\"elementor-widget-container\">\n\t\t\t\t\t\t\t<div class=\"elementor-template\">\n\t\t\t\t\t<div data-elementor-type=\"container\" data-elementor-id=\"66003\" class=\"elementor elementor-66003 elementor-56903 elementor-56903\" data-elementor-post-type=\"elementor_library\">\n\t\t\t\t<div class=\"elementor-element elementor-element-c0aebd9 e-flex e-con-boxed e-con e-child\" data-id=\"c0aebd9\" data-element_type=\"container\" data-e-type=\"container\" data-settings=\"{&quot;background_background&quot;:&quot;classic&quot;}\">\n\t\t\t\t\t<div class=\"e-con-inner\">\n\t\t\t\t<div class=\"elementor-element elementor-element-7669a04 elementor-widget elementor-widget-heading\" data-id=\"7669a04\" data-element_type=\"widget\" data-e-type=\"widget\" data-widget_type=\"heading.default\">\n\t\t\t\t<div class=\"elementor-widget-container\">\n\t\t\t\t\t<p class=\"elementor-heading-title elementor-size-default\">To<br>potrzebujesz?<\/p>\t\t\t\t<\/div>\n\t\t\t\t<\/div>\n\t\t\t\t<div class=\"elementor-element elementor-element-540f1ca elementor-widget elementor-widget-text-editor\" data-id=\"540f1ca\" data-element_type=\"widget\" data-e-type=\"widget\" data-widget_type=\"text-editor.default\">\n\t\t\t\t<div class=\"elementor-widget-container\">\n\t\t\t\t\t\t\t\t\t<p style=\"margin: 0px 0px 1em; padding: 0px; border: 0px; font-variant-numeric: inherit; font-variant-east-asian: inherit; font-variant-alternates: inherit; font-variant-position: inherit; font-stretch: inherit; line-height: inherit; font-family: Rubik; font-optical-sizing: inherit; font-kerning: inherit; font-feature-settings: inherit; font-variation-settings: inherit; vertical-align: baseline; background-color: #00b1aa;\">Zadzwo\u0144 bez zobowi\u0105za\u0144 pod numer<br \/><strong style=\"margin: 0px; padding: 0px; border: 0px; font-style: inherit; font-variant: inherit; font-weight: bold; font-stretch: inherit; font-size: inherit; line-height: inherit; font-family: inherit; font-optical-sizing: inherit; font-kerning: inherit; font-feature-settings: inherit; font-variation-settings: inherit; vertical-align: baseline;\"><span style=\"margin: 0px; padding: 0px; border: 0px; font-style: inherit; font-variant: inherit; font-weight: inherit; font-stretch: inherit; font-size: 22px; line-height: inherit; font-family: inherit; font-optical-sizing: inherit; font-kerning: inherit; font-feature-settings: inherit; font-variation-settings: inherit; vertical-align: baseline;\"><a style=\"color: #ffffff; transition: all 0.3s ease 0s; border-bottom: 1px solid transparent; font-size: inherit; font-weight: inherit;\" href=\"tel:+34961341109\">+ (34) 961-341-109<\/a><\/span><\/strong><\/p>\n<p style=\"margin: 0px 0px 1em; padding: 0px; border: 0px; font-variant-numeric: inherit; font-variant-east-asian: inherit; font-variant-alternates: inherit; font-variant-position: inherit; font-stretch: inherit; line-height: inherit; font-family: Rubik; font-optical-sizing: inherit; font-kerning: inherit; font-feature-settings: inherit; font-variation-settings: inherit; vertical-align: baseline; background-color: #00b1aa;\"><a style=\"color: #ffffff; transition: all 0.3s ease 0s; border-bottom: 1px solid transparent;\" href=\"mailto:info@brioultrasonics.com\">Napisz do nas na <strong style=\"margin: 0px; padding: 0px; border: 0px; font-style: inherit; font-variant: inherit; font-weight: bold; font-stretch: inherit; font-size: inherit; line-height: inherit; font-family: inherit; font-optical-sizing: inherit; font-kerning: inherit; font-feature-settings: inherit; font-variation-settings: inherit; vertical-align: baseline;\">info@brioultrasonics.com<\/strong><\/a><\/p>\n<p><span style=\"background-color: #00b1aa; font-family: Rubik; color: var( --e-global-color-b59310b ); font-weight: var( --e-global-typography-text-font-weight ); font-size: 1rem;\">Lub<\/span> wype\u0142nij <span style=\"background-color: var( --e-global-color-e0fbf92 ); color: var( --e-global-color-b59310b ); font-family: var( --e-global-typography-text-font-family ), Sans-serif; font-size: 1rem; font-weight: var( --e-global-typography-text-font-weight );\">formularz<\/span><\/p>\n\t\t\t\t\t\t\t\t<\/div>\n\t\t\t\t<\/div>\n\t\t\t\t<div class=\"elementor-element elementor-element-01665c7 elementor-align-center elementor-widget elementor-widget-button\" data-id=\"01665c7\" data-element_type=\"widget\" data-e-type=\"widget\" data-widget_type=\"button.default\">\n\t\t\t\t<div class=\"elementor-widget-container\">\n\t\t\t\t\t\t\t\t\t<div class=\"elementor-button-wrapper\">\n\t\t\t\t\t<a class=\"elementor-button elementor-button-link elementor-size-sm\" href=\"https:\/\/brioultrasonics.com\/pl\/kontakt\/\">\n\t\t\t\t\t\t<span class=\"elementor-button-content-wrapper\">\n\t\t\t\t\t\t\t\t\t<span class=\"elementor-button-text\">skontaktowa\u0107 si\u0119 z nami<\/span>\n\t\t\t\t\t<\/span>\n\t\t\t\t\t<\/a>\n\t\t\t\t<\/div>\n\t\t\t\t\t\t\t\t<\/div>\n\t\t\t\t<\/div>\n\t\t\t\t\t<\/div>\n\t\t\t\t<\/div>\n\t\t\t\t<\/div>\n\t\t\t\t<\/div>\n\t\t\t\t\t\t<\/div>\n\t\t\t\t<\/div>\n\t\t\t\t<\/div>\n\t\t<div class=\"elementor-element elementor-element-03622d3 e-con-full e-flex e-con e-child\" data-id=\"03622d3\" data-element_type=\"container\" data-e-type=\"container\">\n\t\t\t\t<div class=\"elementor-element elementor-element-acf059d elementor-widget elementor-widget-heading\" data-id=\"acf059d\" data-element_type=\"widget\" data-e-type=\"widget\" data-widget_type=\"heading.default\">\n\t\t\t\t<div class=\"elementor-widget-container\">\n\t\t\t\t\t<h2 class=\"elementor-heading-title elementor-size-default\">Kompleksowe rozwi\u0105zania<br><b>dla bran\u017cy spo\u017cywczej<\/b><\/h2>\t\t\t\t<\/div>\n\t\t\t\t<\/div>\n\t\t\t\t<div class=\"elementor-element elementor-element-8b11f04 elementor-widget__width-initial elementor-widget elementor-widget-text-editor\" data-id=\"8b11f04\" data-element_type=\"widget\" data-e-type=\"widget\" data-widget_type=\"text-editor.default\">\n\t\t\t\t<div class=\"elementor-widget-container\">\n\t\t\t\t\t\t\t\t\t<p><strong>Przemys\u0142 spo\u017cywczy. Nasza linia BR FOOD zosta\u0142a opracowana wy\u0142\u0105cznie w celu spe\u0142nienia standard\u00f3w czyszczenia, higieny i dezynfekcji obowi\u0105zuj\u0105cych w sektorze spo\u017cywczym. <\/strong> Zapewniamy doskona\u0142e rezultaty <strong>higieniczne w usuwaniu t\u0142uszcz\u00f3w, olej\u00f3w, pozosta\u0142o\u015bci, przypale\u0144, kamienia i innych rodzaj\u00f3w zabrudze\u0144 typowych dla tej bran\u017cy. <\/strong>Wszystko to w dowolnym rodzaju materia\u0142u, w tym najpopularniejszym:  <strong>Stal nierdzewna i tworzywa sztuczne. Nasze maszyny spe\u0142niaj\u0105 wysokie standardy bezpiecze\u0144stwa i czysto\u015bci \u017cywno\u015bci.  <\/strong>Wsp\u00f3\u0142pracujemy r\u00f3wnie\u017c z<b> firm\u0105 Betelgeux, aby zapewni\u0107 najlepsze detergenty stosowane w sektorze spo\u017cywczym.<\/b> <\/p>\n<p>Projektujemy<strong> urz\u0105dzenia BR FOOD specjalnie do uboju, br\u0105zowienia, patroszenia, rozbioru i innych linii zwi\u0105zanych z produkcj\u0105 mi\u0119sa drobiowego.<\/strong> Produkujemy r\u00f3wnie\u017c urz\u0105dzenia zintegrowane z <strong>liniami transportu wieprzowiny i wo\u0142owiny oraz do czyszczenia form i wieszak\u00f3w spo\u017cywczych<\/strong>. W zale\u017cno\u015bci od potrzeb klienta opracowujemy modu\u0142owe systemy wielostopniowe z <strong>etapami czyszczenia, p\u0142ukania i suszenia.<\/strong>  <\/p>\n<p>Nasze maszyny mo\u017cna w spos\u00f3b ci\u0105g\u0142y integrowa\u0107 z liniami technologicznymi dowolnego zak\u0142adu, w ramach <strong>niestandardowego projektu i produkcji.<\/strong> Posiadamy r\u00f3wnie\u017c standardowe urz\u0105dzenia z naszej <strong><a href=\"https:\/\/brioultrasonics.com\/equipos-de-limpieza-ultrasonica\/serie-manual\/\">serii Manual <\/a>lub <a href=\"https:\/\/brioultrasonics.com\/maquinas-de-limpieza-por-ultrasonidos\/maquinas-automaticas\/serie-pro\/\">PRO (urz\u0105dzenia automatyczne)<\/a>, dostosowane do potrzeb sektora spo\u017cywczego.<\/strong> Wszystkie posiadaj\u0105 nasz\u0105 ekskluzywn\u0105 technologi\u0119 czyszczenia ultrad\u017awi\u0119kowego, dzi\u0119ki kt\u00f3rej <strong>osi\u0105gamy optymalne wyniki w czyszczeniu palet, tac, rekwizyt\u00f3w, hak\u00f3w, proces\u00f3w ci\u0105g\u0142ych itp.<\/strong><\/p>\n<p>R\u00f3\u017cnic\u0105 warto\u015bci naszych urz\u0105dze\u0144 jest stosunek wydajno\u015bci, <strong>jako\u015bci i niezawodno\u015bci, znacznie<\/strong> wy\u017cszy ni\u017c w przypadku system\u00f3w obecnie dost\u0119pnych na rynku. Wszystko to przek\u0142ada si\u0119 na du\u017ce <strong>oszcz\u0119dno\u015bci w zu\u017cyciu, czasie, pracy, energii i optymalizacji koszt\u00f3w. <\/strong>Korzy\u015bci te s\u0105 mo\u017cliwe dzi\u0119ki naszej unikalnej technologii, z ekskluzywnymi optymalizacjami <strong>dla sektora spo\u017cywczego, b\u0119d\u0105cej wynikiem ponad 10 lat bada\u0144, rozwoju i innowacji oraz s\u0142uchania naszych klient\u00f3w.<\/strong>  <\/p>\n<p>Aby uzyska\u0107 wi\u0119cej informacji na temat naszego sprz\u0119tu <strong>BR FOOD<\/strong> dla przemys\u0142u spo\u017cywczego oraz studium wykonalno\u015bci i oszcz\u0119dno\u015bci, <a href=\"https:\/\/brioultrasonics.com\/contacto\/\"><em>skontaktuj si\u0119 bez zobowi\u0105za\u0144 z naszym dzia\u0142em handlowym.<\/em><\/a><\/p>\n\t\t\t\t\t\t\t\t<\/div>\n\t\t\t\t<\/div>\n\t\t<div class=\"elementor-element elementor-element-716d9cb e-flex e-con-boxed e-con e-child\" data-id=\"716d9cb\" data-element_type=\"container\" data-e-type=\"container\">\n\t\t\t\t\t<div class=\"e-con-inner\">\n\t\t<div class=\"elementor-element elementor-element-cc98e9f e-flex e-con-boxed e-con e-child\" data-id=\"cc98e9f\" data-element_type=\"container\" data-e-type=\"container\">\n\t\t\t\t\t<div class=\"e-con-inner\">\n\t\t<div class=\"elementor-element elementor-element-a56f285 e-con-full e-flex e-con e-child\" data-id=\"a56f285\" data-element_type=\"container\" data-e-type=\"container\">\n\t\t\t\t<div class=\"elementor-element elementor-element-1be1a4e elementor-widget elementor-widget-heading\" data-id=\"1be1a4e\" data-element_type=\"widget\" data-e-type=\"widget\" data-widget_type=\"heading.default\">\n\t\t\t\t<div class=\"elementor-widget-container\">\n\t\t\t\t\t<h2 class=\"elementor-heading-title elementor-size-default\">Raport dezynfekcji BR-FOOD<\/h2>\t\t\t\t<\/div>\n\t\t\t\t<\/div>\n\t\t\t\t<div class=\"elementor-element elementor-element-4f3e57e elementor-widget elementor-widget-text-editor\" data-id=\"4f3e57e\" data-element_type=\"widget\" data-e-type=\"widget\" data-widget_type=\"text-editor.default\">\n\t\t\t\t<div class=\"elementor-widget-container\">\n\t\t\t\t\t\t\t\t\t<p>Odkryj nasze standardowe maszyny, wyniki czyszczenia i chemikalia.<\/p>\n\t\t\t\t\t\t\t\t<\/div>\n\t\t\t\t<\/div>\n\t\t\t\t<\/div>\n\t\t<div class=\"elementor-element elementor-element-3c6a18d e-con-full e-flex e-con e-child\" data-id=\"3c6a18d\" data-element_type=\"container\" data-e-type=\"container\">\n\t\t\t\t<div class=\"elementor-element elementor-element-8c1dd5f elementor-align-right elementor-widget elementor-widget-button\" data-id=\"8c1dd5f\" data-element_type=\"widget\" data-e-type=\"widget\" data-widget_type=\"button.default\">\n\t\t\t\t<div class=\"elementor-widget-container\">\n\t\t\t\t\t\t\t\t\t<div class=\"elementor-button-wrapper\">\n\t\t\t\t\t<a class=\"elementor-button elementor-button-link elementor-size-sm\" href=\"#\">\n\t\t\t\t\t\t<span class=\"elementor-button-content-wrapper\">\n\t\t\t\t\t\t<span class=\"elementor-button-icon\">\n\t\t\t\t<svg aria-hidden=\"true\" class=\"e-font-icon-svg e-fas-arrow-right\" viewBox=\"0 0 448 512\" xmlns=\"http:\/\/www.w3.org\/2000\/svg\"><path d=\"M190.5 66.9l22.2-22.2c9.4-9.4 24.6-9.4 33.9 0L441 239c9.4 9.4 9.4 24.6 0 33.9L246.6 467.3c-9.4 9.4-24.6 9.4-33.9 0l-22.2-22.2c-9.5-9.5-9.3-25 .4-34.3L311.4 296H24c-13.3 0-24-10.7-24-24v-32c0-13.3 10.7-24 24-24h287.4L190.9 101.2c-9.8-9.3-10-24.8-.4-34.3z\"><\/path><\/svg>\t\t\t<\/span>\n\t\t\t\t\t\t\t\t\t<span class=\"elementor-button-text\">Zobacz wi\u0119cej<\/span>\n\t\t\t\t\t<\/span>\n\t\t\t\t\t<\/a>\n\t\t\t\t<\/div>\n\t\t\t\t\t\t\t\t<\/div>\n\t\t\t\t<\/div>\n\t\t\t\t<\/div>\n\t\t\t\t\t<\/div>\n\t\t\t\t<\/div>\n\t\t\t\t\t<\/div>\n\t\t\t\t<\/div>\n\t\t\t\t<div class=\"elementor-element elementor-element-d91e750 elementor-widget elementor-widget-video\" data-id=\"d91e750\" data-element_type=\"widget\" data-e-type=\"widget\" data-settings=\"{&quot;youtube_url&quot;:&quot;https:\\\/\\\/youtu.be\\\/ezoRef3_ZbY&quot;,&quot;video_type&quot;:&quot;youtube&quot;,&quot;controls&quot;:&quot;yes&quot;}\" data-widget_type=\"video.default\">\n\t\t\t\t<div class=\"elementor-widget-container\">\n\t\t\t\t\t\t\t<div class=\"elementor-wrapper elementor-open-inline\">\n\t\t\t<div class=\"elementor-video\"><\/div>\t\t<\/div>\n\t\t\t\t\t\t<\/div>\n\t\t\t\t<\/div>\n\t\t\t\t<div class=\"elementor-element elementor-element-fe9861a elementor-widget elementor-widget-video\" data-id=\"fe9861a\" data-element_type=\"widget\" data-e-type=\"widget\" data-settings=\"{&quot;youtube_url&quot;:&quot;https:\\\/\\\/youtu.be\\\/i7QgfuLE2PI&quot;,&quot;video_type&quot;:&quot;youtube&quot;,&quot;controls&quot;:&quot;yes&quot;}\" data-widget_type=\"video.default\">\n\t\t\t\t<div class=\"elementor-widget-container\">\n\t\t\t\t\t\t\t<div class=\"elementor-wrapper elementor-open-inline\">\n\t\t\t<div class=\"elementor-video\"><\/div>\t\t<\/div>\n\t\t\t\t\t\t<\/div>\n\t\t\t\t<\/div>\n\t\t\t\t<div class=\"elementor-element elementor-element-79f796d elementor-widget elementor-widget-image\" data-id=\"79f796d\" data-element_type=\"widget\" data-e-type=\"widget\" data-widget_type=\"image.default\">\n\t\t\t\t<div class=\"elementor-widget-container\">\n\t\t\t\t\t\t\t\t\t\t\t\t\t\t\t<img decoding=\"async\" src=\"https:\/\/brioultrasonics.com\/wp-content\/uploads\/2024\/05\/BR-FOOD-PO-6K.jpg\" title=\"BR-FOOD-PO-6K\" alt=\"maszyna do czyszczenia \u017cywno\u015bci\" loading=\"lazy\" \/>\t\t\t\t\t\t\t\t\t\t\t\t\t\t\t<\/div>\n\t\t\t\t<\/div>\n\t\t\t\t<div class=\"elementor-element elementor-element-e41fc1e elementor-widget elementor-widget-image\" data-id=\"e41fc1e\" data-element_type=\"widget\" data-e-type=\"widget\" data-widget_type=\"image.default\">\n\t\t\t\t<div class=\"elementor-widget-container\">\n\t\t\t\t\t\t\t\t\t\t\t\t\t\t\t<img fetchpriority=\"high\" decoding=\"async\" width=\"1000\" height=\"646\" src=\"https:\/\/brioultrasonics.com\/wp-content\/uploads\/2024\/05\/BRIO-BR-FOOD-maquina-ganchos-pollos-oreo.jpg\" class=\"attachment-full size-full wp-image-65709\" alt=\"przemys\u0142 spo\u017cywczy\" srcset=\"https:\/\/brioultrasonics.com\/wp-content\/uploads\/2024\/05\/BRIO-BR-FOOD-maquina-ganchos-pollos-oreo.jpg 1000w, https:\/\/brioultrasonics.com\/wp-content\/uploads\/2024\/05\/BRIO-BR-FOOD-maquina-ganchos-pollos-oreo-600x388.jpg 600w, https:\/\/brioultrasonics.com\/wp-content\/uploads\/2024\/05\/BRIO-BR-FOOD-maquina-ganchos-pollos-oreo-300x194.jpg 300w, https:\/\/brioultrasonics.com\/wp-content\/uploads\/2024\/05\/BRIO-BR-FOOD-maquina-ganchos-pollos-oreo-768x496.jpg 768w\" sizes=\"(max-width: 1000px) 100vw, 1000px\" title=\"\">\t\t\t\t\t\t\t\t\t\t\t\t\t\t\t<\/div>\n\t\t\t\t<\/div>\n\t\t\t\t<\/div>\n\t\t\t\t\t<\/div>\n\t\t\t\t<\/div>\n\t\t\t\t<\/div>\n\t\t","protected":false},"excerpt":{"rendered":"<p>Przemys\u0142 spo\u017cywczy Kompleksowe rozwi\u0105zaniadla bran\u017cy spo\u017cywczej Przemys\u0142 spo\u017cywczy. Nasza linia BR FOOD zosta\u0142a opracowana wy\u0142\u0105cznie w celu spe\u0142nienia standard\u00f3w czyszczenia, higieny i dezynfekcji obowi\u0105zuj\u0105cych w sektorze spo\u017cywczym. Zapewniamy doskona\u0142e rezultaty higieniczne w usuwaniu t\u0142uszcz\u00f3w, olej\u00f3w, pozosta\u0142o\u015bci, przypale\u0144, kamienia i innych rodzaj\u00f3w zabrudze\u0144 typowych dla tej bran\u017cy. Wszystko to w dowolnym rodzaju materia\u0142u, w tym najpopularniejszym: [&hellip;]<\/p>\n","protected":false},"author":1,"featured_media":0,"parent":66090,"menu_order":0,"comment_status":"closed","ping_status":"closed","template":"","meta":{"_joinchat":[],"footnotes":""},"class_list":["post-66094","page","type-page","status-publish","hentry"],"_links":{"self":[{"href":"https:\/\/brioultrasonics.com\/pl\/wp-json\/wp\/v2\/pages\/66094","targetHints":{"allow":["GET"]}}],"collection":[{"href":"https:\/\/brioultrasonics.com\/pl\/wp-json\/wp\/v2\/pages"}],"about":[{"href":"https:\/\/brioultrasonics.com\/pl\/wp-json\/wp\/v2\/types\/page"}],"author":[{"embeddable":true,"href":"https:\/\/brioultrasonics.com\/pl\/wp-json\/wp\/v2\/users\/1"}],"replies":[{"embeddable":true,"href":"https:\/\/brioultrasonics.com\/pl\/wp-json\/wp\/v2\/comments?post=66094"}],"version-history":[{"count":1,"href":"https:\/\/brioultrasonics.com\/pl\/wp-json\/wp\/v2\/pages\/66094\/revisions"}],"predecessor-version":[{"id":66095,"href":"https:\/\/brioultrasonics.com\/pl\/wp-json\/wp\/v2\/pages\/66094\/revisions\/66095"}],"up":[{"embeddable":true,"href":"https:\/\/brioultrasonics.com\/pl\/wp-json\/wp\/v2\/pages\/66090"}],"wp:attachment":[{"href":"https:\/\/brioultrasonics.com\/pl\/wp-json\/wp\/v2\/media?parent=66094"}],"curies":[{"name":"wp","href":"https:\/\/api.w.org\/{rel}","templated":true}]}}