{"id":66086,"date":"2024-04-18T00:51:14","date_gmt":"2024-04-17T22:51:14","guid":{"rendered":"https:\/\/brioultrasonics.com\/projektowanie\/"},"modified":"2024-12-18T10:11:46","modified_gmt":"2024-12-18T09:11:46","slug":"projektowanie","status":"publish","type":"page","link":"https:\/\/brioultrasonics.com\/pl\/projektowanie\/","title":{"rendered":"Projektowanie"},"content":{"rendered":"\t\t<div data-elementor-type=\"wp-page\" data-elementor-id=\"66086\" class=\"elementor elementor-66086 elementor-29\" data-elementor-post-type=\"page\">\n\t\t\t\t<div class=\"elementor-element elementor-element-59634e76 e-flex e-con-boxed e-con e-parent\" data-id=\"59634e76\" data-element_type=\"container\" data-e-type=\"container\" data-settings=\"{&quot;background_background&quot;:&quot;classic&quot;}\">\n\t\t\t\t\t<div class=\"e-con-inner\">\n\t\t\t\t<div class=\"elementor-element elementor-element-4a18f94 elementor-widget elementor-widget-heading\" data-id=\"4a18f94\" data-element_type=\"widget\" data-e-type=\"widget\" data-widget_type=\"heading.default\">\n\t\t\t\t<div class=\"elementor-widget-container\">\n\t\t\t\t\t<h2 class=\"elementor-heading-title elementor-size-default\">Nasze projekty<\/h2>\t\t\t\t<\/div>\n\t\t\t\t<\/div>\n\t\t\t\t\t<\/div>\n\t\t\t\t<\/div>\n\t\t<div class=\"elementor-element elementor-element-540b2153 e-flex e-con-boxed e-con e-parent\" data-id=\"540b2153\" data-element_type=\"container\" data-e-type=\"container\">\n\t\t\t\t\t<div class=\"e-con-inner\">\n\t\t<div class=\"elementor-element elementor-element-3a9ccc9e e-con-full e-flex e-con e-child\" data-id=\"3a9ccc9e\" data-element_type=\"container\" data-e-type=\"container\">\n\t\t\t\t<div class=\"elementor-element elementor-element-9430c45 elementor-widget elementor-widget-template\" data-id=\"9430c45\" data-element_type=\"widget\" data-e-type=\"widget\" data-widget_type=\"template.default\">\n\t\t\t\t<div class=\"elementor-widget-container\">\n\t\t\t\t\t\t\t<div class=\"elementor-template\">\n\t\t\t\t\t<div data-elementor-type=\"container\" data-elementor-id=\"66007\" class=\"elementor elementor-66007 elementor-56900 elementor-56900\" data-elementor-post-type=\"elementor_library\">\n\t\t\t\t<div class=\"elementor-element elementor-element-501d555 e-flex e-con-boxed e-con e-child\" data-id=\"501d555\" data-element_type=\"container\" data-e-type=\"container\" data-settings=\"{&quot;background_background&quot;:&quot;classic&quot;}\">\n\t\t\t\t\t<div class=\"e-con-inner\">\n\t\t\t\t<div class=\"elementor-element elementor-element-ad22995 elementor-widget elementor-widget-heading\" data-id=\"ad22995\" data-element_type=\"widget\" data-e-type=\"widget\" data-widget_type=\"heading.default\">\n\t\t\t\t<div class=\"elementor-widget-container\">\n\t\t\t\t\t<p class=\"elementor-heading-title elementor-size-default\">Katalog<\/p>\t\t\t\t<\/div>\n\t\t\t\t<\/div>\n\t\t\t\t<div class=\"elementor-element elementor-element-8fbe9e3 elementor-widget elementor-widget-text-editor\" data-id=\"8fbe9e3\" data-element_type=\"widget\" data-e-type=\"widget\" data-widget_type=\"text-editor.default\">\n\t\t\t\t<div class=\"elementor-widget-container\">\n\t\t\t\t\t\t\t\t\t<p>Pobierz nasz katalog zawieraj\u0105cy wszystkie informacje na temat naszej technologii, sprz\u0119tu i zastosowa\u0144.<\/p>\t\t\t\t\t\t\t\t<\/div>\n\t\t\t\t<\/div>\n\t\t\t\t<div class=\"elementor-element elementor-element-13a1c18 elementor-align-center elementor-widget elementor-widget-button\" data-id=\"13a1c18\" data-element_type=\"widget\" data-e-type=\"widget\" data-widget_type=\"button.default\">\n\t\t\t\t<div class=\"elementor-widget-container\">\n\t\t\t\t\t\t\t\t\t<div class=\"elementor-button-wrapper\">\n\t\t\t\t\t<a class=\"elementor-button elementor-button-link elementor-size-sm\" href=\"https:\/\/brioultrasonics.com\/wp-content\/uploads\/2024\/10\/Catalogue-BRIO-Ultrasonics-EN-2.pdf\" target=\"_blank\">\n\t\t\t\t\t\t<span class=\"elementor-button-content-wrapper\">\n\t\t\t\t\t\t\t\t\t<span class=\"elementor-button-text\">Pobierz PDF<\/span>\n\t\t\t\t\t<\/span>\n\t\t\t\t\t<\/a>\n\t\t\t\t<\/div>\n\t\t\t\t\t\t\t\t<\/div>\n\t\t\t\t<\/div>\n\t\t\t\t\t<\/div>\n\t\t\t\t<\/div>\n\t\t\t\t<\/div>\n\t\t\t\t<\/div>\n\t\t\t\t\t\t<\/div>\n\t\t\t\t<\/div>\n\t\t\t\t<div class=\"elementor-element elementor-element-1691298 elementor-widget elementor-widget-template\" data-id=\"1691298\" data-element_type=\"widget\" data-e-type=\"widget\" data-widget_type=\"template.default\">\n\t\t\t\t<div class=\"elementor-widget-container\">\n\t\t\t\t\t\t\t<div class=\"elementor-template\">\n\t\t\t\t\t<div data-elementor-type=\"container\" data-elementor-id=\"66003\" class=\"elementor elementor-66003 elementor-56903 elementor-56903\" data-elementor-post-type=\"elementor_library\">\n\t\t\t\t<div class=\"elementor-element elementor-element-c0aebd9 e-flex e-con-boxed e-con e-child\" data-id=\"c0aebd9\" data-element_type=\"container\" data-e-type=\"container\" data-settings=\"{&quot;background_background&quot;:&quot;classic&quot;}\">\n\t\t\t\t\t<div class=\"e-con-inner\">\n\t\t\t\t<div class=\"elementor-element elementor-element-7669a04 elementor-widget elementor-widget-heading\" data-id=\"7669a04\" data-element_type=\"widget\" data-e-type=\"widget\" data-widget_type=\"heading.default\">\n\t\t\t\t<div class=\"elementor-widget-container\">\n\t\t\t\t\t<p class=\"elementor-heading-title elementor-size-default\">To<br>potrzebujesz?<\/p>\t\t\t\t<\/div>\n\t\t\t\t<\/div>\n\t\t\t\t<div class=\"elementor-element elementor-element-540f1ca elementor-widget elementor-widget-text-editor\" data-id=\"540f1ca\" data-element_type=\"widget\" data-e-type=\"widget\" data-widget_type=\"text-editor.default\">\n\t\t\t\t<div class=\"elementor-widget-container\">\n\t\t\t\t\t\t\t\t\t<p style=\"margin: 0px 0px 1em; padding: 0px; border: 0px; font-variant-numeric: inherit; font-variant-east-asian: inherit; font-variant-alternates: inherit; font-variant-position: inherit; font-stretch: inherit; line-height: inherit; font-family: Rubik; font-optical-sizing: inherit; font-kerning: inherit; font-feature-settings: inherit; font-variation-settings: inherit; vertical-align: baseline; background-color: #00b1aa;\">Zadzwo\u0144 bez zobowi\u0105za\u0144 pod numer<br \/><strong style=\"margin: 0px; padding: 0px; border: 0px; font-style: inherit; font-variant: inherit; font-weight: bold; font-stretch: inherit; font-size: inherit; line-height: inherit; font-family: inherit; font-optical-sizing: inherit; font-kerning: inherit; font-feature-settings: inherit; font-variation-settings: inherit; vertical-align: baseline;\"><span style=\"margin: 0px; padding: 0px; border: 0px; font-style: inherit; font-variant: inherit; font-weight: inherit; font-stretch: inherit; font-size: 22px; line-height: inherit; font-family: inherit; font-optical-sizing: inherit; font-kerning: inherit; font-feature-settings: inherit; font-variation-settings: inherit; vertical-align: baseline;\"><a style=\"color: #ffffff; transition: all 0.3s ease 0s; border-bottom: 1px solid transparent; font-size: inherit; font-weight: inherit;\" href=\"tel:+34961341109\">+ (34) 961-341-109<\/a><\/span><\/strong><\/p>\n<p style=\"margin: 0px 0px 1em; padding: 0px; border: 0px; font-variant-numeric: inherit; font-variant-east-asian: inherit; font-variant-alternates: inherit; font-variant-position: inherit; font-stretch: inherit; line-height: inherit; font-family: Rubik; font-optical-sizing: inherit; font-kerning: inherit; font-feature-settings: inherit; font-variation-settings: inherit; vertical-align: baseline; background-color: #00b1aa;\"><a style=\"color: #ffffff; transition: all 0.3s ease 0s; border-bottom: 1px solid transparent;\" href=\"mailto:info@brioultrasonics.com\">Napisz do nas na <strong style=\"margin: 0px; padding: 0px; border: 0px; font-style: inherit; font-variant: inherit; font-weight: bold; font-stretch: inherit; font-size: inherit; line-height: inherit; font-family: inherit; font-optical-sizing: inherit; font-kerning: inherit; font-feature-settings: inherit; font-variation-settings: inherit; vertical-align: baseline;\">info@brioultrasonics.com<\/strong><\/a><\/p>\n<p><span style=\"background-color: #00b1aa; font-family: Rubik; color: var( --e-global-color-b59310b ); font-weight: var( --e-global-typography-text-font-weight ); font-size: 1rem;\">Lub<\/span> wype\u0142nij <span style=\"background-color: var( --e-global-color-e0fbf92 ); color: var( --e-global-color-b59310b ); font-family: var( --e-global-typography-text-font-family ), Sans-serif; font-size: 1rem; font-weight: var( --e-global-typography-text-font-weight );\">formularz<\/span><\/p>\n\t\t\t\t\t\t\t\t<\/div>\n\t\t\t\t<\/div>\n\t\t\t\t<div class=\"elementor-element elementor-element-01665c7 elementor-align-center elementor-widget elementor-widget-button\" data-id=\"01665c7\" data-element_type=\"widget\" data-e-type=\"widget\" data-widget_type=\"button.default\">\n\t\t\t\t<div class=\"elementor-widget-container\">\n\t\t\t\t\t\t\t\t\t<div class=\"elementor-button-wrapper\">\n\t\t\t\t\t<a class=\"elementor-button elementor-button-link elementor-size-sm\" href=\"https:\/\/brioultrasonics.com\/pl\/kontakt\/\">\n\t\t\t\t\t\t<span class=\"elementor-button-content-wrapper\">\n\t\t\t\t\t\t\t\t\t<span class=\"elementor-button-text\">skontaktowa\u0107 si\u0119 z nami<\/span>\n\t\t\t\t\t<\/span>\n\t\t\t\t\t<\/a>\n\t\t\t\t<\/div>\n\t\t\t\t\t\t\t\t<\/div>\n\t\t\t\t<\/div>\n\t\t\t\t\t<\/div>\n\t\t\t\t<\/div>\n\t\t\t\t<\/div>\n\t\t\t\t<\/div>\n\t\t\t\t\t\t<\/div>\n\t\t\t\t<\/div>\n\t\t\t\t<\/div>\n\t\t<div class=\"elementor-element elementor-element-fc8c531 e-con-full e-flex e-con e-child\" data-id=\"fc8c531\" data-element_type=\"container\" data-e-type=\"container\">\n\t\t\t\t<div class=\"elementor-element elementor-element-6b66dcf3 elementor-widget elementor-widget-heading\" data-id=\"6b66dcf3\" data-element_type=\"widget\" data-e-type=\"widget\" data-widget_type=\"heading.default\">\n\t\t\t\t<div class=\"elementor-widget-container\">\n\t\t\t\t\t<h2 class=\"elementor-heading-title elementor-size-default\"><b>Niestandardowe projekty maszyn do czyszczenia ultrad\u017awi\u0119kowego<\/b><\/h2>\t\t\t\t<\/div>\n\t\t\t\t<\/div>\n\t\t\t\t<div class=\"elementor-element elementor-element-baad71a elementor-widget__width-initial elementor-widget elementor-widget-text-editor\" data-id=\"baad71a\" data-element_type=\"widget\" data-e-type=\"widget\" data-widget_type=\"text-editor.default\">\n\t\t\t\t<div class=\"elementor-widget-container\">\n\t\t\t\t\t\t\t\t\t<p>W <strong><a href=\"https:\/\/ghpnews.digital\/winners\/brio-ultrasonics\/\" rel=\"noopener\">BRIO<\/a> Ultrasonics <\/strong>wiemy, \u017ce ka\u017cdy klient ma unikalne potrzeby i dlatego specjalizujemy si\u0119 w opracowywaniu niestandardowych projekt\u00f3w spe\u0142niaj\u0105cych te specyficzne potrzeby.<\/p>\n<p>Dzi\u0119ki naszemu bogatemu do\u015bwiadczeniu w zakresie czyszczenia ultrad\u017awi\u0119kowego<strong> wykonali\u015bmy wiele niestandardowych projekt\u00f3w dla r\u00f3\u017cnych ga\u0142\u0119zi przemys\u0142u<\/strong>, od czyszczenia cz\u0119\u015bci mechanicznych w przemy\u015ble motoryzacyjnym po czyszczenie element\u00f3w elektronicznych w przemy\u015ble lotniczym.<\/p>\n<p>Przy ka\u017cdym projekcie <strong>nasz zesp\u00f3\u0142 ekspert\u00f3w \u015bci\u015ble wsp\u00f3\u0142pracuje z klientem, aby zrozumie\u0107 jego potrzeby i opracowa\u0107 najlepsze rozwi\u0105zanie w zakresie czyszczenia ultrad\u017awi\u0119kowego, <\/strong>aby je spe\u0142ni\u0107. Stosujemy najnowocze\u015bniejsze technologie i zaawansowane procesy, aby zapewni\u0107 maksymaln\u0105 skuteczno\u015b\u0107 i efektywno\u015b\u0107 czyszczenia. <\/p>\n<p><strong>Odkryj wszystkie nasze niestandardowe projekty maszyn czyszcz\u0105cych<\/strong> do czyszczenia ultrad\u017awi\u0119kowego i nie wahaj si\u0119 z nami skontaktowa\u0107, aby opracowa\u0107 najlepsze rozwi\u0105zanie do czyszczenia ultrad\u017awi\u0119kowego dla Twoich potrzeb.<\/p>\n\t\t\t\t\t\t\t\t<\/div>\n\t\t\t\t<\/div>\n\t\t<div class=\"elementor-element elementor-element-60d0271a e-con-full e-flex e-con e-child\" data-id=\"60d0271a\" data-element_type=\"container\" data-e-type=\"container\">\n\t\t\t\t<div class=\"elementor-element elementor-element-370e9144 elementor-widget elementor-widget-heading\" data-id=\"370e9144\" data-element_type=\"widget\" data-e-type=\"widget\" data-widget_type=\"heading.default\">\n\t\t\t\t<div class=\"elementor-widget-container\">\n\t\t\t\t\t<h2 class=\"elementor-heading-title elementor-size-default\">Nasze<b> projekty<\/b><\/h2>\t\t\t\t<\/div>\n\t\t\t\t<\/div>\n\t\t\t\t<div class=\"elementor-element elementor-element-08df33b elementor-grid-3 elementor-grid-tablet-2 elementor-grid-mobile-1 elementor-widget elementor-widget-portfolio\" data-id=\"08df33b\" data-element_type=\"widget\" data-e-type=\"widget\" data-settings=\"{&quot;item_ratio&quot;:{&quot;unit&quot;:&quot;px&quot;,&quot;size&quot;:0.75,&quot;sizes&quot;:[]},&quot;row_gap&quot;:{&quot;unit&quot;:&quot;px&quot;,&quot;size&quot;:32,&quot;sizes&quot;:[]},&quot;columns&quot;:&quot;3&quot;,&quot;columns_tablet&quot;:&quot;2&quot;,&quot;columns_mobile&quot;:&quot;1&quot;,&quot;item_gap&quot;:{&quot;unit&quot;:&quot;px&quot;,&quot;size&quot;:&quot;&quot;,&quot;sizes&quot;:[]}}\" data-widget_type=\"portfolio.default\">\n\t\t\t\t<div class=\"elementor-widget-container\">\n\t\t\t\t\t\t\t<div class=\"elementor-portfolio elementor-grid elementor-posts-container\" role=\"list\">\n\t\t\t\t<article class=\"elementor-portfolio-item elementor-post  post-66234 portfolio type-portfolio status-publish has-post-thumbnail hentry tipo-proyecto-niestandardowa-maszyna\" role=\"listitem\">\n\t\t\t<a class=\"elementor-post__thumbnail__link\" href=\"https:\/\/brioultrasonics.com\/pl\/portfolio\/br-600-srodek-do-czyszczenia-form\/\">\n\t\t\t\t<div class=\"elementor-portfolio-item__img elementor-post__thumbnail\">\n\t\t\t<img fetchpriority=\"high\" decoding=\"async\" width=\"1440\" height=\"1080\" src=\"https:\/\/brioultrasonics.com\/wp-content\/uploads\/2024\/05\/BR-600-MOLD-ultrasonic-cleaning-equipment-injection-mould-cleaning-WEB.jpg\" class=\"attachment-full size-full wp-image-65681\" alt=\"Brio ultrad\u017awi\u0119kowe\" srcset=\"https:\/\/brioultrasonics.com\/wp-content\/uploads\/2024\/05\/BR-600-MOLD-ultrasonic-cleaning-equipment-injection-mould-cleaning-WEB.jpg 1440w, https:\/\/brioultrasonics.com\/wp-content\/uploads\/2024\/05\/BR-600-MOLD-ultrasonic-cleaning-equipment-injection-mould-cleaning-WEB-300x225.jpg 300w, https:\/\/brioultrasonics.com\/wp-content\/uploads\/2024\/05\/BR-600-MOLD-ultrasonic-cleaning-equipment-injection-mould-cleaning-WEB-1024x768.jpg 1024w, https:\/\/brioultrasonics.com\/wp-content\/uploads\/2024\/05\/BR-600-MOLD-ultrasonic-cleaning-equipment-injection-mould-cleaning-WEB-768x576.jpg 768w, https:\/\/brioultrasonics.com\/wp-content\/uploads\/2024\/05\/BR-600-MOLD-ultrasonic-cleaning-equipment-injection-mould-cleaning-WEB-600x450.jpg 600w\" sizes=\"(max-width: 1440px) 100vw, 1440px\" title=\"\">\t\t<\/div>\n\t\t\t\t<div class=\"elementor-portfolio-item__overlay\">\n\t\t\t\t<h3 class=\"elementor-portfolio-item__title\">\n\t\tBR-600 \u015arodek do czyszczenia form\t\t<\/h3>\n\t\t\t\t<\/div>\n\t\t\t\t<\/a>\n\t\t<\/article>\n\t\t\t\t<article class=\"elementor-portfolio-item elementor-post  post-66236 portfolio type-portfolio status-publish has-post-thumbnail hentry tipo-proyecto-projekty-czyszczenia-ultradzwiekowego-form-wtryskowych\" role=\"listitem\">\n\t\t\t<a class=\"elementor-post__thumbnail__link\" href=\"https:\/\/brioultrasonics.com\/pl\/portfolio\/br-800-srodek-do-czyszczenia-form\/\">\n\t\t\t\t<div class=\"elementor-portfolio-item__img elementor-post__thumbnail\">\n\t\t\t<img decoding=\"async\" width=\"1200\" height=\"800\" src=\"https:\/\/brioultrasonics.com\/wp-content\/uploads\/2024\/05\/br-800-pp-02.jpg\" class=\"attachment-full size-full wp-image-65680\" alt=\"oczy\u015bci\u0107 formy stalowe\" srcset=\"https:\/\/brioultrasonics.com\/wp-content\/uploads\/2024\/05\/br-800-pp-02.jpg 1200w, https:\/\/brioultrasonics.com\/wp-content\/uploads\/2024\/05\/br-800-pp-02-300x200.jpg 300w, https:\/\/brioultrasonics.com\/wp-content\/uploads\/2024\/05\/br-800-pp-02-1024x683.jpg 1024w, https:\/\/brioultrasonics.com\/wp-content\/uploads\/2024\/05\/br-800-pp-02-768x512.jpg 768w, https:\/\/brioultrasonics.com\/wp-content\/uploads\/2024\/05\/br-800-pp-02-600x400.jpg 600w\" sizes=\"(max-width: 1200px) 100vw, 1200px\" title=\"\">\t\t<\/div>\n\t\t\t\t<div class=\"elementor-portfolio-item__overlay\">\n\t\t\t\t<h3 class=\"elementor-portfolio-item__title\">\n\t\tBR-800 \u015arodek do czyszczenia form\t\t<\/h3>\n\t\t\t\t<\/div>\n\t\t\t\t<\/a>\n\t\t<\/article>\n\t\t\t\t<article class=\"elementor-portfolio-item elementor-post  post-66240 portfolio type-portfolio status-publish has-post-thumbnail hentry tipo-proyecto-maszyny-wielostopniowe tipo-proyecto-niestandardowa-maszyna\" role=\"listitem\">\n\t\t\t<a class=\"elementor-post__thumbnail__link\" href=\"https:\/\/brioultrasonics.com\/pl\/portfolio\/br-6-ams\/\">\n\t\t\t\t<div class=\"elementor-portfolio-item__img elementor-post__thumbnail\">\n\t\t\t<img decoding=\"async\" width=\"1536\" height=\"1152\" src=\"https:\/\/brioultrasonics.com\/wp-content\/uploads\/2024\/05\/BR-6-AMS-7-1536x1152-1.jpg\" class=\"attachment-full size-full wp-image-65665\" alt=\"uk\u0142ad ultrad\u017awi\u0119kowy\" srcset=\"https:\/\/brioultrasonics.com\/wp-content\/uploads\/2024\/05\/BR-6-AMS-7-1536x1152-1.jpg 1536w, https:\/\/brioultrasonics.com\/wp-content\/uploads\/2024\/05\/BR-6-AMS-7-1536x1152-1-300x225.jpg 300w, https:\/\/brioultrasonics.com\/wp-content\/uploads\/2024\/05\/BR-6-AMS-7-1536x1152-1-1024x768.jpg 1024w, https:\/\/brioultrasonics.com\/wp-content\/uploads\/2024\/05\/BR-6-AMS-7-1536x1152-1-768x576.jpg 768w, https:\/\/brioultrasonics.com\/wp-content\/uploads\/2024\/05\/BR-6-AMS-7-1536x1152-1-600x450.jpg 600w\" sizes=\"(max-width: 1536px) 100vw, 1536px\" title=\"\">\t\t<\/div>\n\t\t\t\t<div class=\"elementor-portfolio-item__overlay\">\n\t\t\t\t<h3 class=\"elementor-portfolio-item__title\">\n\t\tBR-6 AMS\t\t<\/h3>\n\t\t\t\t<\/div>\n\t\t\t\t<\/a>\n\t\t<\/article>\n\t\t\t\t<article class=\"elementor-portfolio-item elementor-post  post-66232 portfolio type-portfolio status-publish has-post-thumbnail hentry tipo-proyecto-automobilowy tipo-proyecto-niestandardowa-maszyna\" role=\"listitem\">\n\t\t\t<a class=\"elementor-post__thumbnail__link\" href=\"https:\/\/brioultrasonics.com\/pl\/portfolio\/br-50-ams\/\">\n\t\t\t\t<div class=\"elementor-portfolio-item__img elementor-post__thumbnail\">\n\t\t\t<img loading=\"lazy\" decoding=\"async\" width=\"2048\" height=\"1536\" src=\"https:\/\/brioultrasonics.com\/wp-content\/uploads\/2024\/08\/BR-50-AMS_2-2048x1536-2.jpg\" class=\"attachment-full size-full wp-image-65556\" alt=\"maszyna ultrad\u017awi\u0119kowa\" srcset=\"https:\/\/brioultrasonics.com\/wp-content\/uploads\/2024\/08\/BR-50-AMS_2-2048x1536-2.jpg 2048w, https:\/\/brioultrasonics.com\/wp-content\/uploads\/2024\/08\/BR-50-AMS_2-2048x1536-2-300x225.jpg 300w, https:\/\/brioultrasonics.com\/wp-content\/uploads\/2024\/08\/BR-50-AMS_2-2048x1536-2-1024x768.jpg 1024w, https:\/\/brioultrasonics.com\/wp-content\/uploads\/2024\/08\/BR-50-AMS_2-2048x1536-2-768x576.jpg 768w, https:\/\/brioultrasonics.com\/wp-content\/uploads\/2024\/08\/BR-50-AMS_2-2048x1536-2-1536x1152.jpg 1536w, https:\/\/brioultrasonics.com\/wp-content\/uploads\/2024\/08\/BR-50-AMS_2-2048x1536-2-600x450.jpg 600w\" sizes=\"(max-width: 2048px) 100vw, 2048px\" title=\"\">\t\t<\/div>\n\t\t\t\t<div class=\"elementor-portfolio-item__overlay\">\n\t\t\t\t<h3 class=\"elementor-portfolio-item__title\">\n\t\tBR- 50 AMS\t\t<\/h3>\n\t\t\t\t<\/div>\n\t\t\t\t<\/a>\n\t\t<\/article>\n\t\t\t\t<article class=\"elementor-portfolio-item elementor-post  post-66017 portfolio type-portfolio status-publish has-post-thumbnail hentry\" role=\"listitem\">\n\t\t\t<a class=\"elementor-post__thumbnail__link\" href=\"https:\/\/brioultrasonics.com\/pl\/portfolio\/br-450-ms\/\">\n\t\t\t\t<div class=\"elementor-portfolio-item__img elementor-post__thumbnail\">\n\t\t\t<img loading=\"lazy\" decoding=\"async\" width=\"1219\" height=\"900\" src=\"https:\/\/brioultrasonics.com\/wp-content\/uploads\/2024\/05\/BR-450-MS.jpg\" class=\"attachment-full size-full wp-image-65671\" alt=\"Brio ultrad\u017awi\u0119kowe\" srcset=\"https:\/\/brioultrasonics.com\/wp-content\/uploads\/2024\/05\/BR-450-MS.jpg 1219w, https:\/\/brioultrasonics.com\/wp-content\/uploads\/2024\/05\/BR-450-MS-300x221.jpg 300w, https:\/\/brioultrasonics.com\/wp-content\/uploads\/2024\/05\/BR-450-MS-1024x756.jpg 1024w, https:\/\/brioultrasonics.com\/wp-content\/uploads\/2024\/05\/BR-450-MS-768x567.jpg 768w, https:\/\/brioultrasonics.com\/wp-content\/uploads\/2024\/05\/BR-450-MS-600x443.jpg 600w\" sizes=\"(max-width: 1219px) 100vw, 1219px\" title=\"\">\t\t<\/div>\n\t\t\t\t<div class=\"elementor-portfolio-item__overlay\">\n\t\t\t\t<h3 class=\"elementor-portfolio-item__title\">\n\t\tBR- 450 MS\t\t<\/h3>\n\t\t\t\t<\/div>\n\t\t\t\t<\/a>\n\t\t<\/article>\n\t\t\t\t<article class=\"elementor-portfolio-item elementor-post  post-66015 portfolio type-portfolio status-publish has-post-thumbnail hentry\" role=\"listitem\">\n\t\t\t<a class=\"elementor-post__thumbnail__link\" href=\"https:\/\/brioultrasonics.com\/pl\/portfolio\/br-200-ams\/\">\n\t\t\t\t<div class=\"elementor-portfolio-item__img elementor-post__thumbnail\">\n\t\t\t<img loading=\"lazy\" decoding=\"async\" width=\"1440\" height=\"1080\" src=\"https:\/\/brioultrasonics.com\/wp-content\/uploads\/2024\/05\/1.-BR-200-AMS-Recorte-cargando-pieza-1.jpg\" class=\"attachment-full size-full wp-image-65793\" alt=\"czyszczenie du\u017cych cz\u0119\u015bci\" srcset=\"https:\/\/brioultrasonics.com\/wp-content\/uploads\/2024\/05\/1.-BR-200-AMS-Recorte-cargando-pieza-1.jpg 1440w, https:\/\/brioultrasonics.com\/wp-content\/uploads\/2024\/05\/1.-BR-200-AMS-Recorte-cargando-pieza-1-600x450.jpg 600w, https:\/\/brioultrasonics.com\/wp-content\/uploads\/2024\/05\/1.-BR-200-AMS-Recorte-cargando-pieza-1-300x225.jpg 300w, https:\/\/brioultrasonics.com\/wp-content\/uploads\/2024\/05\/1.-BR-200-AMS-Recorte-cargando-pieza-1-1024x768.jpg 1024w, https:\/\/brioultrasonics.com\/wp-content\/uploads\/2024\/05\/1.-BR-200-AMS-Recorte-cargando-pieza-1-768x576.jpg 768w\" sizes=\"(max-width: 1440px) 100vw, 1440px\" title=\"\">\t\t<\/div>\n\t\t\t\t<div class=\"elementor-portfolio-item__overlay\">\n\t\t\t\t<h3 class=\"elementor-portfolio-item__title\">\n\t\tBR- 200 AMS\t\t<\/h3>\n\t\t\t\t<\/div>\n\t\t\t\t<\/a>\n\t\t<\/article>\n\t\t\t\t<\/div>\n\t\t\t\t\t\t<\/div>\n\t\t\t\t<\/div>\n\t\t\t\t<\/div>\n\t\t\t\t<\/div>\n\t\t\t\t\t<\/div>\n\t\t\t\t<\/div>\n\t\t\t\t<\/div>\n\t\t","protected":false},"excerpt":{"rendered":"<p>Nasze projekty Niestandardowe projekty maszyn do czyszczenia ultrad\u017awi\u0119kowego W BRIO Ultrasonics wiemy, \u017ce ka\u017cdy klient ma unikalne potrzeby i dlatego specjalizujemy si\u0119 w opracowywaniu niestandardowych projekt\u00f3w spe\u0142niaj\u0105cych te specyficzne potrzeby. Dzi\u0119ki naszemu bogatemu do\u015bwiadczeniu w zakresie czyszczenia ultrad\u017awi\u0119kowego wykonali\u015bmy wiele niestandardowych projekt\u00f3w dla r\u00f3\u017cnych ga\u0142\u0119zi przemys\u0142u, od czyszczenia cz\u0119\u015bci mechanicznych w przemy\u015ble motoryzacyjnym po czyszczenie [&hellip;]<\/p>\n","protected":false},"author":1,"featured_media":0,"parent":0,"menu_order":0,"comment_status":"closed","ping_status":"closed","template":"","meta":{"_joinchat":[],"footnotes":""},"class_list":["post-66086","page","type-page","status-publish","hentry"],"_links":{"self":[{"href":"https:\/\/brioultrasonics.com\/pl\/wp-json\/wp\/v2\/pages\/66086","targetHints":{"allow":["GET"]}}],"collection":[{"href":"https:\/\/brioultrasonics.com\/pl\/wp-json\/wp\/v2\/pages"}],"about":[{"href":"https:\/\/brioultrasonics.com\/pl\/wp-json\/wp\/v2\/types\/page"}],"author":[{"embeddable":true,"href":"https:\/\/brioultrasonics.com\/pl\/wp-json\/wp\/v2\/users\/1"}],"replies":[{"embeddable":true,"href":"https:\/\/brioultrasonics.com\/pl\/wp-json\/wp\/v2\/comments?post=66086"}],"version-history":[{"count":1,"href":"https:\/\/brioultrasonics.com\/pl\/wp-json\/wp\/v2\/pages\/66086\/revisions"}],"predecessor-version":[{"id":66087,"href":"https:\/\/brioultrasonics.com\/pl\/wp-json\/wp\/v2\/pages\/66086\/revisions\/66087"}],"wp:attachment":[{"href":"https:\/\/brioultrasonics.com\/pl\/wp-json\/wp\/v2\/media?parent=66086"}],"curies":[{"name":"wp","href":"https:\/\/api.w.org\/{rel}","templated":true}]}}