{"id":66084,"date":"2024-05-22T12:06:10","date_gmt":"2024-05-22T10:06:10","guid":{"rendered":"https:\/\/brioultrasonics.com\/projekt-badawczy-wspierany-ze-srodkow-avi-i-ue-efrr\/"},"modified":"2024-12-18T09:30:47","modified_gmt":"2024-12-18T08:30:47","slug":"projekt-badawczy-wspierany-ze-srodkow-avi-i-ue-efrr","status":"publish","type":"page","link":"https:\/\/brioultrasonics.com\/pl\/projekt-badawczy-wspierany-ze-srodkow-avi-i-ue-efrr\/","title":{"rendered":"Projekt badawczy wspierany ze \u015brodk\u00f3w AVI i UE-EFRR"},"content":{"rendered":"\t\t<div data-elementor-type=\"wp-page\" data-elementor-id=\"66084\" class=\"elementor elementor-66084 elementor-1852\" data-elementor-post-type=\"page\">\n\t\t\t\t<div class=\"elementor-element elementor-element-84ddb64 e-flex e-con-boxed e-con e-parent\" data-id=\"84ddb64\" data-element_type=\"container\" data-e-type=\"container\">\n\t\t\t\t\t<div class=\"e-con-inner\">\n\t\t\t\t<div class=\"elementor-element elementor-element-baef34c elementor-widget elementor-widget-heading\" data-id=\"baef34c\" data-element_type=\"widget\" data-e-type=\"widget\" data-widget_type=\"heading.default\">\n\t\t\t\t<div class=\"elementor-widget-container\">\n\t\t\t\t\t<h2 class=\"elementor-heading-title elementor-size-default\"><b>Projekt badawczy wspierany ze \u015brodk\u00f3w AVI i UE-EFRR<\/b><\/h2>\t\t\t\t<\/div>\n\t\t\t\t<\/div>\n\t\t\t\t<div class=\"elementor-element elementor-element-d2c3db3 elementor-widget elementor-widget-text-editor\" data-id=\"d2c3db3\" data-element_type=\"widget\" data-e-type=\"widget\" data-widget_type=\"text-editor.default\">\n\t\t\t\t<div class=\"elementor-widget-container\">\n\t\t\t\t\t\t\t\t\t<p>Projekt: <strong>BADANIA I ROZW\u00d3J INTELIGENTNYCH, ELASTYCZNYCH, WYDAJNYCH I BEZPIECZNYCH PROCES\u00d3W DLA PRZEMYS\u0141U ROLNO-SPO\u017bYWCZEGO W OPARCIU O WYKORZYSTANIE NOWYCH TECHNOLOGII INTENSYFIKACJI I KONTROLI 2022-2024<\/strong><\/p>\n<p>Celem tego projektu firmy A&amp;J Tecno Innovacions S.L. we wsp\u00f3\u0142pracy z Politechnik\u0105 w Walencji i innymi firmami ma na celu badania i rozw\u00f3j urz\u0105dze\u0144 przemys\u0142owych pozwalaj\u0105cych na redukcj\u0119 zawarto\u015bci substancji potencjalnie szkodliwych dla zdrowia konsument\u00f3w, a tak\u017ce opracowanie systemu umo\u017cliwiaj\u0105cego monitorowanie ich zawarto\u015bci. W ten spos\u00f3b staramy si\u0119 udoskonala\u0107 obecne procesy \u017cywno\u015bciowe, aby by\u0142y bezpieczne, wydajne i elastyczne oraz pozwala\u0142y na dostosowanie si\u0119 do nowych przepis\u00f3w i nowych trend\u00f3w konsumenckich. <\/p>\n<p style=\"text-align: left;\">Dzi\u0119ki realizacji projektu wygenerowano pierwsze szkice i zaplanowano prototyp. Przeprowadzono liczne testy, kt\u00f3re dostarczy\u0142y cennych informacji umo\u017cliwiaj\u0105cych przemy\u015blenie aspekt\u00f3w ostatecznego prototypu oraz okre\u015blenie ulepsze\u0144 i optymalizacji. Wprowadzono tak\u017ce dostosowania do projektu prototypu, takie jak zmiana rodzaju systemu transportu, ulepszenia pow\u0142oki i zmiany w systemie ultrad\u017awi\u0119kowym ze wzgl\u0119du na t\u0142umienie ziemniaka, a tak\u017ce zaproponowano przysz\u0142e ulepszenia, takie jak wdro\u017cenie system\u00f3w skanowania cz\u0119stotliwo\u015bci. Badano korelacj\u0119 pomi\u0119dzy poziomem akryloamidu a zawarto\u015bci\u0105 cukr\u00f3w i prekursor\u00f3w, takich jak asparagina. We wsp\u00f3\u0142pracy z AINIA przeprowadzono prace nad optymalizacj\u0105 algorytm\u00f3w dzi\u0119ki r\u00f3\u017cnym testom. Ostatecznie uzyskano funkcjonalny prototyp do ilo\u015bciowego oznaczania akryloamidu. Uzyskano w pe\u0142ni funkcjonalne prototypy, kt\u00f3re zosta\u0142y zweryfikowane w testach przedindustrialnych. Sprawdzana jest poprawno\u015b\u0107 dzia\u0142ania urz\u0105dze\u0144 PEF, systemu mycia ultrad\u017awi\u0119kowego i systemu kontroli NIR. Ostatecznie przeprowadzono badania w rzeczywistych obiektach (testy przemys\u0142owe), aby zweryfikowa\u0107 korzy\u015bci p\u0142yn\u0105ce z zastosowania technologii w rzeczywistym procesie produkcyjnym, uzyskuj\u0105c bardzo korzystne wyniki.        <\/p>\n<p>Dla rozwoju projektu niezb\u0119dne by\u0142o wsparcie finansowe Walencji <strong>Agencji Innowacji (AVI)<\/strong> i Unii <strong>Europejskiej <\/strong>za po\u015brednictwem <strong>funduszy FEDER.<\/strong><\/p>\n\t\t\t\t\t\t\t\t<\/div>\n\t\t\t\t<\/div>\n\t\t\t\t<div class=\"elementor-element elementor-element-a58ca6f elementor-widget elementor-widget-image\" data-id=\"a58ca6f\" data-element_type=\"widget\" data-e-type=\"widget\" data-widget_type=\"image.default\">\n\t\t\t\t<div class=\"elementor-widget-container\">\n\t\t\t\t\t\t\t\t\t\t\t\t\t\t\t<img fetchpriority=\"high\" decoding=\"async\" width=\"1536\" height=\"142\" src=\"https:\/\/brioultrasonics.com\/wp-content\/uploads\/2024\/05\/logo-UE_FEDER_21_27_convivencia_AVI-1536x142-1.png\" class=\"attachment-full size-full wp-image-65697\" alt=\"innowacja\" srcset=\"https:\/\/brioultrasonics.com\/wp-content\/uploads\/2024\/05\/logo-UE_FEDER_21_27_convivencia_AVI-1536x142-1.png 1536w, https:\/\/brioultrasonics.com\/wp-content\/uploads\/2024\/05\/logo-UE_FEDER_21_27_convivencia_AVI-1536x142-1-300x28.png 300w, https:\/\/brioultrasonics.com\/wp-content\/uploads\/2024\/05\/logo-UE_FEDER_21_27_convivencia_AVI-1536x142-1-1024x95.png 1024w, https:\/\/brioultrasonics.com\/wp-content\/uploads\/2024\/05\/logo-UE_FEDER_21_27_convivencia_AVI-1536x142-1-768x71.png 768w, https:\/\/brioultrasonics.com\/wp-content\/uploads\/2024\/05\/logo-UE_FEDER_21_27_convivencia_AVI-1536x142-1-600x55.png 600w\" sizes=\"(max-width: 1536px) 100vw, 1536px\" title=\"\">\t\t\t\t\t\t\t\t\t\t\t\t\t\t\t<\/div>\n\t\t\t\t<\/div>\n\t\t\t\t\t<\/div>\n\t\t\t\t<\/div>\n\t\t\t\t<\/div>\n\t\t","protected":false},"excerpt":{"rendered":"<p>Projekt badawczy wspierany ze \u015brodk\u00f3w AVI i UE-EFRR Projekt: BADANIA I ROZW\u00d3J INTELIGENTNYCH, ELASTYCZNYCH, WYDAJNYCH I BEZPIECZNYCH PROCES\u00d3W DLA PRZEMYS\u0141U ROLNO-SPO\u017bYWCZEGO W OPARCIU O WYKORZYSTANIE NOWYCH TECHNOLOGII INTENSYFIKACJI I KONTROLI 2022-2024 Celem tego projektu firmy A&amp;J Tecno Innovacions S.L. we wsp\u00f3\u0142pracy z Politechnik\u0105 w Walencji i innymi firmami ma na celu badania i rozw\u00f3j urz\u0105dze\u0144 [&hellip;]<\/p>\n","protected":false},"author":1,"featured_media":0,"parent":0,"menu_order":0,"comment_status":"closed","ping_status":"closed","template":"","meta":{"_joinchat":[],"footnotes":""},"class_list":["post-66084","page","type-page","status-publish","hentry"],"_links":{"self":[{"href":"https:\/\/brioultrasonics.com\/pl\/wp-json\/wp\/v2\/pages\/66084","targetHints":{"allow":["GET"]}}],"collection":[{"href":"https:\/\/brioultrasonics.com\/pl\/wp-json\/wp\/v2\/pages"}],"about":[{"href":"https:\/\/brioultrasonics.com\/pl\/wp-json\/wp\/v2\/types\/page"}],"author":[{"embeddable":true,"href":"https:\/\/brioultrasonics.com\/pl\/wp-json\/wp\/v2\/users\/1"}],"replies":[{"embeddable":true,"href":"https:\/\/brioultrasonics.com\/pl\/wp-json\/wp\/v2\/comments?post=66084"}],"version-history":[{"count":1,"href":"https:\/\/brioultrasonics.com\/pl\/wp-json\/wp\/v2\/pages\/66084\/revisions"}],"predecessor-version":[{"id":66085,"href":"https:\/\/brioultrasonics.com\/pl\/wp-json\/wp\/v2\/pages\/66084\/revisions\/66085"}],"wp:attachment":[{"href":"https:\/\/brioultrasonics.com\/pl\/wp-json\/wp\/v2\/media?parent=66084"}],"curies":[{"name":"wp","href":"https:\/\/api.w.org\/{rel}","templated":true}]}}