{"id":66076,"date":"2024-05-22T12:10:31","date_gmt":"2024-05-22T10:10:31","guid":{"rendered":"https:\/\/brioultrasonics.com\/polityka-jakosci\/"},"modified":"2024-12-03T13:58:22","modified_gmt":"2024-12-03T12:58:22","slug":"polityka-jakosci","status":"publish","type":"page","link":"https:\/\/brioultrasonics.com\/pl\/polityka-jakosci\/","title":{"rendered":"Polityka jako\u015bci"},"content":{"rendered":"\t\t<div data-elementor-type=\"wp-page\" data-elementor-id=\"66076\" class=\"elementor elementor-66076 elementor-1858\" data-elementor-post-type=\"page\">\n\t\t\t\t<div class=\"elementor-element elementor-element-8bd5ace e-flex e-con-boxed e-con e-parent\" data-id=\"8bd5ace\" data-element_type=\"container\" data-e-type=\"container\">\n\t\t\t\t\t<div class=\"e-con-inner\">\n\t\t\t\t<div class=\"elementor-element elementor-element-96fcac5 elementor-widget elementor-widget-heading\" data-id=\"96fcac5\" data-element_type=\"widget\" data-e-type=\"widget\" data-widget_type=\"heading.default\">\n\t\t\t\t<div class=\"elementor-widget-container\">\n\t\t\t\t\t<h1 class=\"elementor-heading-title elementor-size-default\"><b>Polityka<\/b> <b>jako\u015bci <\/b>- Czyszczenie ultrad\u017awi\u0119kowe<\/h1>\t\t\t\t<\/div>\n\t\t\t\t<\/div>\n\t\t\t\t<div class=\"elementor-element elementor-element-95fd4d9 elementor-widget elementor-widget-text-editor\" data-id=\"95fd4d9\" data-element_type=\"widget\" data-e-type=\"widget\" data-widget_type=\"text-editor.default\">\n\t\t\t\t<div class=\"elementor-widget-container\">\n\t\t\t\t\t\t\t\t\t<p><strong>DATA<\/strong>: 22.04.2024 <strong>EDYCJA<\/strong>: 2<\/p>\n\t\t\t\t\t\t\t\t<\/div>\n\t\t\t\t<\/div>\n\t\t\t\t<div class=\"elementor-element elementor-element-03e1323 elementor-widget elementor-widget-text-editor\" data-id=\"03e1323\" data-element_type=\"widget\" data-e-type=\"widget\" data-widget_type=\"text-editor.default\">\n\t\t\t\t<div class=\"elementor-widget-container\">\n\t\t\t\t\t\t\t\t\t<p>A&amp;J TECNO \u2013 BRIO ULTRASONICS ustanowi\u0142o i wdro\u017cy\u0142o system jako\u015bci w oparciu o wymagania normy UNE-EN-ISO 9001 dla dzia\u0142alno\u015bci<strong> PROJEKTOWANIE I PRODUKCJA ULTRAD\u0179WI\u0118KOWYCH MASZYN CZYSZCZ\u0104CYCH I INNYCH MASZYN PRZEMYS\u0141OWYCH ORAZ MATERIA\u0141\u00d3W EKSPLOATACYJNYCH DO TYCH MASZYN.<\/strong> Nasz system jako\u015bci jest certyfikowany i audytowany przez jednostk\u0119 certyfikuj\u0105c\u0105 SGS. Od 2021 roku nasz certyfikat jako\u015bci jest aktualizowany zgodnie z norm\u0105 UNE-EN-ISO 9001:2015. Nasz certyfikat mo\u017cesz pobra\u0107 pod <a href=\"\" target=\"\" rel=\"\">tym linkiem<\/a>.  <\/p>\n\t\t\t\t\t\t\t\t<\/div>\n\t\t\t\t<\/div>\n\t\t\t\t<div class=\"elementor-element elementor-element-a60c353 elementor-widget elementor-widget-image\" data-id=\"a60c353\" data-element_type=\"widget\" data-e-type=\"widget\" data-widget_type=\"image.default\">\n\t\t\t\t<div class=\"elementor-widget-container\">\n\t\t\t\t\t\t\t\t\t\t\t\t\t\t\t<img decoding=\"async\" src=\"https:\/\/brioultrasonics.com\/wp-content\/uploads\/elementor\/thumbs\/BRIO-Ultrasonics-SGS-ISO-9001.2015-qwdb8q25diu3nrldvgh84k3i437fzamdwjgyx9n21o.png\" title=\"BRIO-Ultrasonics-SGS-ISO-9001.2015\" alt=\"certyfikat jako\u015bci SGS\" loading=\"lazy\" \/>\t\t\t\t\t\t\t\t\t\t\t\t\t\t\t<\/div>\n\t\t\t\t<\/div>\n\t\t\t\t<div class=\"elementor-element elementor-element-b31cdc4 elementor-widget elementor-widget-text-editor\" data-id=\"b31cdc4\" data-element_type=\"widget\" data-e-type=\"widget\" data-widget_type=\"text-editor.default\">\n\t\t\t\t<div class=\"elementor-widget-container\">\n\t\t\t\t\t\t\t\t\t<p>System jako\u015bci ma na celu usatysfakcjonowanie klient\u00f3w i innych zainteresowanych stron. Wszystko to poprzez dotrzymanie wymaga\u0144 stawianych zar\u00f3wno przez klient\u00f3w, jak i wymog\u00f3w prawnych w ramach ustalonych termin\u00f3w i cen. W tym celu system jako\u015bci ma nast\u0119puj\u0105ce cele:  <\/p>\n<ul>\n<li>Gwarantujemy Jako\u015b\u0107 dostarczanych produkt\u00f3w i us\u0142ug, zgodnie z Mi\u0119dzynarodow\u0105 Norm\u0105 ISO 9001:2015, zwracaj\u0105c szczeg\u00f3ln\u0105 uwag\u0119 na dostarczanie rozwi\u0105za\u0144 naszym klientom poprzez projektowanie i produkcj\u0119 ultrad\u017awi\u0119kowych maszyn czyszcz\u0105cych spe\u0142niaj\u0105cych ich potrzeby.<\/li>\n<li>Spe\u0142nienie wymaga\u0144 stawianych naszym Klientom, ugruntowanie zaufania do naszej organizacji zar\u00f3wno co do jako\u015bci, jak i dotrzymania ustalonych termin\u00f3w.<\/li>\n<li>Kontynuuj oferowanie naszym klientom wysoce wyspecjalizowanych produkt\u00f3w i us\u0142ug.<\/li>\n<li>Ci\u0105g\u0142e doskonalenie proces\u00f3w, procedur i us\u0142ug.<\/li>\n<li>\u015awiadomo\u015b\u0107 i motywacja personelu w zakresie znaczenia wdro\u017cenia, rozwoju i utrzymania systemu jako\u015bci.<\/li>\n<li>Wyznaczanie cel\u00f3w i monitorowanie ich realizacji gwarantuje ci\u0105g\u0142e doskonalenie naszej organizacji.<\/li>\n<\/ul>\n<p>Zapewnienie, \u017ce wszystkie osoby maj\u0105ce wp\u0142yw na Jako\u015b\u0107 znaj\u0105 polityk\u0119 i wyznaczone cele, osi\u0105ga si\u0119 dzi\u0119ki ich rozpowszechnieniu przez Mened\u017cera Jako\u015bci na wszystkich poziomach organizacji, a tak\u017ce dzi\u0119ki dystrybucji dokument\u00f3w, kt\u00f3re maj\u0105 zastosowanie do ka\u017cdego poziomu w r\u00f3\u017cnych prace. Rozpowszechnianie to obejmuje tak\u017ce inne zainteresowane strony poprzez umieszczenie na korporacyjnej stronie internetowej. <\/p>\n<\/p>\n<p>Fdo. Alejandro Cubel Yuste &#8211; CEO <\/p>\n\t\t\t\t\t\t\t\t<\/div>\n\t\t\t\t<\/div>\n\t\t\t\t<div class=\"elementor-element elementor-element-f35ca96 elementor-widget elementor-widget-image\" data-id=\"f35ca96\" data-element_type=\"widget\" data-e-type=\"widget\" data-widget_type=\"image.default\">\n\t\t\t\t<div class=\"elementor-widget-container\">\n\t\t\t\t\t\t\t\t\t\t\t\t\t\t\t<img fetchpriority=\"high\" decoding=\"async\" width=\"500\" height=\"226\" src=\"https:\/\/brioultrasonics.com\/wp-content\/uploads\/2024\/05\/firma-alejandro-red.jpg\" class=\"attachment-full size-full wp-image-65702\" alt=\"alejandro\" srcset=\"https:\/\/brioultrasonics.com\/wp-content\/uploads\/2024\/05\/firma-alejandro-red.jpg 500w, https:\/\/brioultrasonics.com\/wp-content\/uploads\/2024\/05\/firma-alejandro-red-300x136.jpg 300w\" sizes=\"(max-width: 500px) 100vw, 500px\" title=\"\">\t\t\t\t\t\t\t\t\t\t\t\t\t\t\t<\/div>\n\t\t\t\t<\/div>\n\t\t\t\t\t<\/div>\n\t\t\t\t<\/div>\n\t\t\t\t<\/div>\n\t\t","protected":false},"excerpt":{"rendered":"<p>Polityka jako\u015bci &#8211; Czyszczenie ultrad\u017awi\u0119kowe DATA: 22.04.2024 EDYCJA: 2 A&amp;J TECNO \u2013 BRIO ULTRASONICS ustanowi\u0142o i wdro\u017cy\u0142o system jako\u015bci w oparciu o wymagania normy UNE-EN-ISO 9001 dla dzia\u0142alno\u015bci PROJEKTOWANIE I PRODUKCJA ULTRAD\u0179WI\u0118KOWYCH MASZYN CZYSZCZ\u0104CYCH I INNYCH MASZYN PRZEMYS\u0141OWYCH ORAZ MATERIA\u0141\u00d3W EKSPLOATACYJNYCH DO TYCH MASZYN. Nasz system jako\u015bci jest certyfikowany i audytowany przez jednostk\u0119 certyfikuj\u0105c\u0105 SGS. [&hellip;]<\/p>\n","protected":false},"author":1,"featured_media":0,"parent":0,"menu_order":0,"comment_status":"closed","ping_status":"closed","template":"","meta":{"_joinchat":[],"footnotes":""},"class_list":["post-66076","page","type-page","status-publish","hentry"],"_links":{"self":[{"href":"https:\/\/brioultrasonics.com\/pl\/wp-json\/wp\/v2\/pages\/66076","targetHints":{"allow":["GET"]}}],"collection":[{"href":"https:\/\/brioultrasonics.com\/pl\/wp-json\/wp\/v2\/pages"}],"about":[{"href":"https:\/\/brioultrasonics.com\/pl\/wp-json\/wp\/v2\/types\/page"}],"author":[{"embeddable":true,"href":"https:\/\/brioultrasonics.com\/pl\/wp-json\/wp\/v2\/users\/1"}],"replies":[{"embeddable":true,"href":"https:\/\/brioultrasonics.com\/pl\/wp-json\/wp\/v2\/comments?post=66076"}],"version-history":[{"count":1,"href":"https:\/\/brioultrasonics.com\/pl\/wp-json\/wp\/v2\/pages\/66076\/revisions"}],"predecessor-version":[{"id":66077,"href":"https:\/\/brioultrasonics.com\/pl\/wp-json\/wp\/v2\/pages\/66076\/revisions\/66077"}],"wp:attachment":[{"href":"https:\/\/brioultrasonics.com\/pl\/wp-json\/wp\/v2\/media?parent=66076"}],"curies":[{"name":"wp","href":"https:\/\/api.w.org\/{rel}","templated":true}]}}