{"id":66068,"date":"2024-06-11T10:18:34","date_gmt":"2024-06-11T08:18:34","guid":{"rendered":"https:\/\/brioultrasonics.com\/nowina\/"},"modified":"2024-12-18T09:28:48","modified_gmt":"2024-12-18T08:28:48","slug":"nowina","status":"publish","type":"page","link":"https:\/\/brioultrasonics.com\/pl\/nowina\/","title":{"rendered":"Nowina"},"content":{"rendered":"\t\t<div data-elementor-type=\"wp-page\" data-elementor-id=\"66068\" class=\"elementor elementor-66068 elementor-2647\" data-elementor-post-type=\"page\">\n\t\t\t\t<div class=\"elementor-element elementor-element-1e2590d e-flex e-con-boxed e-con e-parent\" data-id=\"1e2590d\" data-element_type=\"container\" data-e-type=\"container\">\n\t\t\t\t\t<div class=\"e-con-inner\">\n\t\t\t\t<div class=\"elementor-element elementor-element-6be19a2 elementor-widget elementor-widget-heading\" data-id=\"6be19a2\" data-element_type=\"widget\" data-e-type=\"widget\" data-widget_type=\"heading.default\">\n\t\t\t\t<div class=\"elementor-widget-container\">\n\t\t\t\t\t<h1 class=\"elementor-heading-title elementor-size-default\"><b>Aktualno\u015bci - Aparaty USG - BRIO<\/b><\/h1>\t\t\t\t<\/div>\n\t\t\t\t<\/div>\n\t\t\t\t<div class=\"elementor-element elementor-element-27661ca elementor-widget-divider--view-line elementor-widget elementor-widget-divider\" data-id=\"27661ca\" data-element_type=\"widget\" data-e-type=\"widget\" data-widget_type=\"divider.default\">\n\t\t\t\t<div class=\"elementor-widget-container\">\n\t\t\t\t\t\t\t<div class=\"elementor-divider\">\n\t\t\t<span class=\"elementor-divider-separator\">\n\t\t\t\t\t\t<\/span>\n\t\t<\/div>\n\t\t\t\t\t\t<\/div>\n\t\t\t\t<\/div>\n\t\t\t\t\t<\/div>\n\t\t\t\t<\/div>\n\t\t<div class=\"elementor-element elementor-element-2d4fb6a e-flex e-con-boxed e-con e-parent\" data-id=\"2d4fb6a\" data-element_type=\"container\" data-e-type=\"container\">\n\t\t\t\t\t<div class=\"e-con-inner\">\n\t\t\t\t<div class=\"elementor-element elementor-element-76d64c8 elementor-grid-3 elementor-grid-tablet-2 elementor-grid-mobile-1 elementor-posts--thumbnail-top elementor-posts__hover-gradient load-more-align-center elementor-widget elementor-widget-posts\" data-id=\"76d64c8\" data-element_type=\"widget\" data-e-type=\"widget\" data-settings=\"{&quot;pagination_type&quot;:&quot;load_more_on_click&quot;,&quot;cards_columns&quot;:&quot;3&quot;,&quot;cards_columns_tablet&quot;:&quot;2&quot;,&quot;cards_columns_mobile&quot;:&quot;1&quot;,&quot;cards_row_gap&quot;:{&quot;unit&quot;:&quot;px&quot;,&quot;size&quot;:35,&quot;sizes&quot;:[]},&quot;cards_row_gap_tablet&quot;:{&quot;unit&quot;:&quot;px&quot;,&quot;size&quot;:&quot;&quot;,&quot;sizes&quot;:[]},&quot;cards_row_gap_mobile&quot;:{&quot;unit&quot;:&quot;px&quot;,&quot;size&quot;:&quot;&quot;,&quot;sizes&quot;:[]},&quot;load_more_spinner&quot;:{&quot;value&quot;:&quot;fas fa-spinner&quot;,&quot;library&quot;:&quot;fa-solid&quot;}}\" data-widget_type=\"posts.cards\">\n\t\t\t\t<div class=\"elementor-widget-container\">\n\t\t\t\t\t\t\t<div class=\"elementor-posts-container elementor-posts elementor-posts--skin-cards elementor-grid\" role=\"list\">\n\t\t\t\t<article class=\"elementor-post elementor-grid-item post-68519 post type-post status-publish format-standard has-post-thumbnail hentry category-wymienniki-ciepla\" role=\"listitem\">\n\t\t\t<div class=\"elementor-post__card\">\n\t\t\t\t<a class=\"elementor-post__thumbnail__link\" href=\"https:\/\/brioultrasonics.com\/pl\/metody-czyszczenia-wymiennikow-ciepla\/\" tabindex=\"-1\" ><div class=\"elementor-post__thumbnail\"><img fetchpriority=\"high\" decoding=\"async\" width=\"1000\" height=\"636\" src=\"https:\/\/brioultrasonics.com\/wp-content\/uploads\/2025\/01\/maquina-limpieza-ultrasonidos-Intercambiador-calor-gas-energia.jpg\" class=\"attachment-full size-full wp-image-67484\" alt=\"\" srcset=\"https:\/\/brioultrasonics.com\/wp-content\/uploads\/2025\/01\/maquina-limpieza-ultrasonidos-Intercambiador-calor-gas-energia.jpg 1000w, https:\/\/brioultrasonics.com\/wp-content\/uploads\/2025\/01\/maquina-limpieza-ultrasonidos-Intercambiador-calor-gas-energia-300x191.jpg 300w, https:\/\/brioultrasonics.com\/wp-content\/uploads\/2025\/01\/maquina-limpieza-ultrasonidos-Intercambiador-calor-gas-energia-768x488.jpg 768w, https:\/\/brioultrasonics.com\/wp-content\/uploads\/2025\/01\/maquina-limpieza-ultrasonidos-Intercambiador-calor-gas-energia-600x382.jpg 600w\" sizes=\"(max-width: 1000px) 100vw, 1000px\" title=\"\"><\/div><\/a>\n\t\t\t\t<div class=\"elementor-post__badge\">Wymienniki ciep\u0142a<\/div>\n\t\t\t\t<div class=\"elementor-post__text\">\n\t\t\t\t<h3 class=\"elementor-post__title\">\n\t\t\t<a href=\"https:\/\/brioultrasonics.com\/pl\/metody-czyszczenia-wymiennikow-ciepla\/\" >\n\t\t\t\tMetody czyszczenia wymiennik\u00f3w ciep\u0142a\t\t\t<\/a>\n\t\t<\/h3>\n\t\t\t\t<div class=\"elementor-post__excerpt\">\n\t\t\t<p>W sektorze energetycznym wymiennik ciep\u0142a to urz\u0105dzenie zaprojektowane w celu przenoszenia ciep\u0142a z jednej cieczy do<\/p>\n\t\t<\/div>\n\t\t\n\t\t<a class=\"elementor-post__read-more\" href=\"https:\/\/brioultrasonics.com\/pl\/metody-czyszczenia-wymiennikow-ciepla\/\" aria-label=\"Read more about Metody czyszczenia wymiennik\u00f3w ciep\u0142a\" tabindex=\"-1\" >\n\t\t\tPrzeczytaj wi\u0119cej \"\t\t<\/a>\n\n\t\t\t\t<\/div>\n\t\t\t\t<div class=\"elementor-post__meta-data\">\n\t\t\t\t\t<span class=\"elementor-post-date\">\n\t\t\t2025-05-06\t\t<\/span>\n\t\t\t\t<\/div>\n\t\t\t\t\t<\/div>\n\t\t<\/article>\n\t\t\t\t<article class=\"elementor-post elementor-grid-item post-68533 post type-post status-publish format-standard has-post-thumbnail hentry category-decapaggio-pl\" role=\"listitem\">\n\t\t\t<div class=\"elementor-post__card\">\n\t\t\t\t<a class=\"elementor-post__thumbnail__link\" href=\"https:\/\/brioultrasonics.com\/pl\/quali-vantaggi-apportano-gli-ultrasuoni-nella-sverniciatura-dei-pezzi\/\" tabindex=\"-1\" ><div class=\"elementor-post__thumbnail\"><img decoding=\"async\" width=\"800\" height=\"800\" src=\"https:\/\/brioultrasonics.com\/wp-content\/uploads\/2024\/05\/BR-150-PRO-maquina-de-limpieza-por-ultrasonidos-800x800-1.jpg\" class=\"attachment-full size-full wp-image-65798\" alt=\"maszyna do czyszczenia ultrad\u017awi\u0119kowego\" srcset=\"https:\/\/brioultrasonics.com\/wp-content\/uploads\/2024\/05\/BR-150-PRO-maquina-de-limpieza-por-ultrasonidos-800x800-1.jpg 800w, https:\/\/brioultrasonics.com\/wp-content\/uploads\/2024\/05\/BR-150-PRO-maquina-de-limpieza-por-ultrasonidos-800x800-1-300x300.jpg 300w, https:\/\/brioultrasonics.com\/wp-content\/uploads\/2024\/05\/BR-150-PRO-maquina-de-limpieza-por-ultrasonidos-800x800-1-100x100.jpg 100w, https:\/\/brioultrasonics.com\/wp-content\/uploads\/2024\/05\/BR-150-PRO-maquina-de-limpieza-por-ultrasonidos-800x800-1-600x600.jpg 600w, https:\/\/brioultrasonics.com\/wp-content\/uploads\/2024\/05\/BR-150-PRO-maquina-de-limpieza-por-ultrasonidos-800x800-1-150x150.jpg 150w, https:\/\/brioultrasonics.com\/wp-content\/uploads\/2024\/05\/BR-150-PRO-maquina-de-limpieza-por-ultrasonidos-800x800-1-768x768.jpg 768w\" sizes=\"(max-width: 800px) 100vw, 800px\" title=\"\"><\/div><\/a>\n\t\t\t\t<div class=\"elementor-post__badge\">Decapaggio<\/div>\n\t\t\t\t<div class=\"elementor-post__text\">\n\t\t\t\t<h3 class=\"elementor-post__title\">\n\t\t\t<a href=\"https:\/\/brioultrasonics.com\/pl\/quali-vantaggi-apportano-gli-ultrasuoni-nella-sverniciatura-dei-pezzi\/\" >\n\t\t\t\tJakie s\u0105 zalety ultrad\u017awi\u0119k\u00f3w w usuwaniu farby?\t\t\t<\/a>\n\t\t<\/h3>\n\t\t\t\t<div class=\"elementor-post__excerpt\">\n\t\t\t<p>Zalety trawienia ultrad\u017awi\u0119kowego Zdejmowanie cz\u0119\u015bci to podstawowy proces w przemy\u015ble, maj\u0105cy na celu usuni\u0119cie pow\u0142ok wyko\u0144czeniowych<\/p>\n\t\t<\/div>\n\t\t\n\t\t<a class=\"elementor-post__read-more\" href=\"https:\/\/brioultrasonics.com\/pl\/quali-vantaggi-apportano-gli-ultrasuoni-nella-sverniciatura-dei-pezzi\/\" aria-label=\"Read more about Jakie s\u0105 zalety ultrad\u017awi\u0119k\u00f3w w usuwaniu farby?\" tabindex=\"-1\" >\n\t\t\tPrzeczytaj wi\u0119cej \"\t\t<\/a>\n\n\t\t\t\t<\/div>\n\t\t\t\t<div class=\"elementor-post__meta-data\">\n\t\t\t\t\t<span class=\"elementor-post-date\">\n\t\t\t2025-04-25\t\t<\/span>\n\t\t\t\t<\/div>\n\t\t\t\t\t<\/div>\n\t\t<\/article>\n\t\t\t\t<article class=\"elementor-post elementor-grid-item post-68549 post type-post status-publish format-standard has-post-thumbnail hentry category-decapaggio-pl\" role=\"listitem\">\n\t\t\t<div class=\"elementor-post__card\">\n\t\t\t\t<a class=\"elementor-post__thumbnail__link\" href=\"https:\/\/brioultrasonics.com\/pl\/czym-jest-czesciowe-trawienie-i-jak-ono-dziala\/\" tabindex=\"-1\" ><div class=\"elementor-post__thumbnail\"><img decoding=\"async\" width=\"1200\" height=\"849\" src=\"https:\/\/brioultrasonics.com\/wp-content\/uploads\/2024\/04\/trans-3-1.jpg\" class=\"attachment-full size-full wp-image-65926\" alt=\"ultrad\u017awi\u0119kowa maszyna czyszcz\u0105ca\" srcset=\"https:\/\/brioultrasonics.com\/wp-content\/uploads\/2024\/04\/trans-3-1.jpg 1200w, https:\/\/brioultrasonics.com\/wp-content\/uploads\/2024\/04\/trans-3-1-600x425.jpg 600w, https:\/\/brioultrasonics.com\/wp-content\/uploads\/2024\/04\/trans-3-1-300x212.jpg 300w, https:\/\/brioultrasonics.com\/wp-content\/uploads\/2024\/04\/trans-3-1-1024x724.jpg 1024w, https:\/\/brioultrasonics.com\/wp-content\/uploads\/2024\/04\/trans-3-1-768x543.jpg 768w\" sizes=\"(max-width: 1200px) 100vw, 1200px\" title=\"\"><\/div><\/a>\n\t\t\t\t<div class=\"elementor-post__badge\">Decapaggio<\/div>\n\t\t\t\t<div class=\"elementor-post__text\">\n\t\t\t\t<h3 class=\"elementor-post__title\">\n\t\t\t<a href=\"https:\/\/brioultrasonics.com\/pl\/czym-jest-czesciowe-trawienie-i-jak-ono-dziala\/\" >\n\t\t\t\tCzym jest cz\u0119\u015bciowe trawienie i jak ono dzia\u0142a?\t\t\t<\/a>\n\t\t<\/h3>\n\t\t\t\t<div class=\"elementor-post__excerpt\">\n\t\t\t<p>Czym jest trawienie metali? Trawienie to proces polegaj\u0105cy na usuwaniu pow\u0142ok powierzchniowych, takich jak lakiery, farby,<\/p>\n\t\t<\/div>\n\t\t\n\t\t<a class=\"elementor-post__read-more\" href=\"https:\/\/brioultrasonics.com\/pl\/czym-jest-czesciowe-trawienie-i-jak-ono-dziala\/\" aria-label=\"Read more about Czym jest cz\u0119\u015bciowe trawienie i jak ono dzia\u0142a?\" tabindex=\"-1\" >\n\t\t\tPrzeczytaj wi\u0119cej \"\t\t<\/a>\n\n\t\t\t\t<\/div>\n\t\t\t\t<div class=\"elementor-post__meta-data\">\n\t\t\t\t\t<span class=\"elementor-post-date\">\n\t\t\t2025-04-24\t\t<\/span>\n\t\t\t\t<\/div>\n\t\t\t\t\t<\/div>\n\t\t<\/article>\n\t\t\t\t<article class=\"elementor-post elementor-grid-item post-68466 post type-post status-publish format-standard has-post-thumbnail hentry category-aeronautyka\" role=\"listitem\">\n\t\t\t<div class=\"elementor-post__card\">\n\t\t\t\t<a class=\"elementor-post__thumbnail__link\" href=\"https:\/\/brioultrasonics.com\/pl\/na-co-zwrocic-uwage-przy-wyborze-urzadzenia-do-czyszczenia-ultradzwiekowego-dla-przemyslu-lotniczego\/\" tabindex=\"-1\" ><div class=\"elementor-post__thumbnail\"><img loading=\"lazy\" decoding=\"async\" width=\"640\" height=\"427\" src=\"https:\/\/brioultrasonics.com\/wp-content\/uploads\/2025\/04\/Componente-aeronautico.jpg\" class=\"attachment-full size-full wp-image-68277\" alt=\"Componente aeronautico\" srcset=\"https:\/\/brioultrasonics.com\/wp-content\/uploads\/2025\/04\/Componente-aeronautico.jpg 640w, https:\/\/brioultrasonics.com\/wp-content\/uploads\/2025\/04\/Componente-aeronautico-300x200.jpg 300w, https:\/\/brioultrasonics.com\/wp-content\/uploads\/2025\/04\/Componente-aeronautico-600x400.jpg 600w\" sizes=\"(max-width: 640px) 100vw, 640px\" title=\"\"><\/div><\/a>\n\t\t\t\t<div class=\"elementor-post__badge\">Aeronautyka<\/div>\n\t\t\t\t<div class=\"elementor-post__text\">\n\t\t\t\t<h3 class=\"elementor-post__title\">\n\t\t\t<a href=\"https:\/\/brioultrasonics.com\/pl\/na-co-zwrocic-uwage-przy-wyborze-urzadzenia-do-czyszczenia-ultradzwiekowego-dla-przemyslu-lotniczego\/\" >\n\t\t\t\tNa co zwr\u00f3ci\u0107 uwag\u0119 przy wyborze urz\u0105dzenia do czyszczenia ultrad\u017awi\u0119kowego dla przemys\u0142u lotniczego?\t\t\t<\/a>\n\t\t<\/h3>\n\t\t\t\t<div class=\"elementor-post__excerpt\">\n\t\t\t<p>Bran\u017ca lotnicza wymaga najwy\u017cszych standard\u00f3w czysto\u015bci, aby zagwarantowa\u0107 wydajno\u015b\u0107 i bezpiecze\u0144stwo swoich podzespo\u0142\u00f3w. Nagromadzenie olej\u00f3w, cz\u0105stek<\/p>\n\t\t<\/div>\n\t\t\n\t\t<a class=\"elementor-post__read-more\" href=\"https:\/\/brioultrasonics.com\/pl\/na-co-zwrocic-uwage-przy-wyborze-urzadzenia-do-czyszczenia-ultradzwiekowego-dla-przemyslu-lotniczego\/\" aria-label=\"Read more about Na co zwr\u00f3ci\u0107 uwag\u0119 przy wyborze urz\u0105dzenia do czyszczenia ultrad\u017awi\u0119kowego dla przemys\u0142u lotniczego?\" tabindex=\"-1\" >\n\t\t\tPrzeczytaj wi\u0119cej \"\t\t<\/a>\n\n\t\t\t\t<\/div>\n\t\t\t\t<div class=\"elementor-post__meta-data\">\n\t\t\t\t\t<span class=\"elementor-post-date\">\n\t\t\t2025-04-10\t\t<\/span>\n\t\t\t\t<\/div>\n\t\t\t\t\t<\/div>\n\t\t<\/article>\n\t\t\t\t<article class=\"elementor-post elementor-grid-item post-68056 post type-post status-publish format-standard has-post-thumbnail hentry category-aeronautyka\" role=\"listitem\">\n\t\t\t<div class=\"elementor-post__card\">\n\t\t\t\t<a class=\"elementor-post__thumbnail__link\" href=\"https:\/\/brioultrasonics.com\/pl\/elementy-lotnicze-ktore-korzystaja-z-czyszczenia-ultradzwiekowego\/\" tabindex=\"-1\" ><div class=\"elementor-post__thumbnail\"><img loading=\"lazy\" decoding=\"async\" width=\"640\" height=\"427\" src=\"https:\/\/brioultrasonics.com\/wp-content\/uploads\/2025\/03\/Turbina-de-avion.jpg\" class=\"attachment-full size-full wp-image-67909\" alt=\"Turbina de avio\u0301n\" srcset=\"https:\/\/brioultrasonics.com\/wp-content\/uploads\/2025\/03\/Turbina-de-avion.jpg 640w, https:\/\/brioultrasonics.com\/wp-content\/uploads\/2025\/03\/Turbina-de-avion-300x200.jpg 300w, https:\/\/brioultrasonics.com\/wp-content\/uploads\/2025\/03\/Turbina-de-avion-600x400.jpg 600w\" sizes=\"(max-width: 640px) 100vw, 640px\" title=\"\"><\/div><\/a>\n\t\t\t\t<div class=\"elementor-post__badge\">Aeronautyka<\/div>\n\t\t\t\t<div class=\"elementor-post__text\">\n\t\t\t\t<h3 class=\"elementor-post__title\">\n\t\t\t<a href=\"https:\/\/brioultrasonics.com\/pl\/elementy-lotnicze-ktore-korzystaja-z-czyszczenia-ultradzwiekowego\/\" >\n\t\t\t\tElementy lotnicze, kt\u00f3re korzystaj\u0105 z czyszczenia ultrad\u017awi\u0119kowego\t\t\t<\/a>\n\t\t<\/h3>\n\t\t\t\t<div class=\"elementor-post__excerpt\">\n\t\t\t<p>Jakiego rodzaju podzespo\u0142y s\u0105 wykorzystywane w czyszczeniu ultrad\u017awi\u0119kowym w przemy\u015ble lotniczym? Rodzaj czyszczonego komponentu mo\u017ce by\u0107<\/p>\n\t\t<\/div>\n\t\t\n\t\t<a class=\"elementor-post__read-more\" href=\"https:\/\/brioultrasonics.com\/pl\/elementy-lotnicze-ktore-korzystaja-z-czyszczenia-ultradzwiekowego\/\" aria-label=\"Read more about Elementy lotnicze, kt\u00f3re korzystaj\u0105 z czyszczenia ultrad\u017awi\u0119kowego\" tabindex=\"-1\" >\n\t\t\tPrzeczytaj wi\u0119cej \"\t\t<\/a>\n\n\t\t\t\t<\/div>\n\t\t\t\t<div class=\"elementor-post__meta-data\">\n\t\t\t\t\t<span class=\"elementor-post-date\">\n\t\t\t2025-03-07\t\t<\/span>\n\t\t\t\t<\/div>\n\t\t\t\t\t<\/div>\n\t\t<\/article>\n\t\t\t\t<article class=\"elementor-post elementor-grid-item post-68070 post type-post status-publish format-standard has-post-thumbnail hentry category-aeronautyka\" role=\"listitem\">\n\t\t\t<div class=\"elementor-post__card\">\n\t\t\t\t<a class=\"elementor-post__thumbnail__link\" href=\"https:\/\/brioultrasonics.com\/pl\/oplacalnosc-inwestycji-w-urzadzenia-do-czyszczenia-ultradzwiekowego-dla-przemyslu-lotniczego\/\" tabindex=\"-1\" ><div class=\"elementor-post__thumbnail\"><img loading=\"lazy\" decoding=\"async\" width=\"1600\" height=\"1066\" src=\"https:\/\/brioultrasonics.com\/wp-content\/uploads\/2025\/02\/aeroespacial-rentabilidad-articulo.jpeg\" class=\"attachment-full size-full wp-image-67849\" alt=\"industria aeronautica\" srcset=\"https:\/\/brioultrasonics.com\/wp-content\/uploads\/2025\/02\/aeroespacial-rentabilidad-articulo.jpeg 1600w, https:\/\/brioultrasonics.com\/wp-content\/uploads\/2025\/02\/aeroespacial-rentabilidad-articulo-300x200.jpeg 300w, https:\/\/brioultrasonics.com\/wp-content\/uploads\/2025\/02\/aeroespacial-rentabilidad-articulo-1024x682.jpeg 1024w, https:\/\/brioultrasonics.com\/wp-content\/uploads\/2025\/02\/aeroespacial-rentabilidad-articulo-768x512.jpeg 768w, https:\/\/brioultrasonics.com\/wp-content\/uploads\/2025\/02\/aeroespacial-rentabilidad-articulo-1536x1023.jpeg 1536w, https:\/\/brioultrasonics.com\/wp-content\/uploads\/2025\/02\/aeroespacial-rentabilidad-articulo-600x400.jpeg 600w\" sizes=\"(max-width: 1600px) 100vw, 1600px\" title=\"\"><\/div><\/a>\n\t\t\t\t<div class=\"elementor-post__badge\">Aeronautyka<\/div>\n\t\t\t\t<div class=\"elementor-post__text\">\n\t\t\t\t<h3 class=\"elementor-post__title\">\n\t\t\t<a href=\"https:\/\/brioultrasonics.com\/pl\/oplacalnosc-inwestycji-w-urzadzenia-do-czyszczenia-ultradzwiekowego-dla-przemyslu-lotniczego\/\" >\n\t\t\t\tOp\u0142acalno\u015b\u0107 inwestycji w urz\u0105dzenia do czyszczenia ultrad\u017awi\u0119kowego dla przemys\u0142u lotniczego\t\t\t<\/a>\n\t\t<\/h3>\n\t\t\t\t<div class=\"elementor-post__excerpt\">\n\t\t\t<p>Bran\u017ca lotnicza wymaga najwy\u017cszych standard\u00f3w czyszczenia i konserwacji, aby zagwarantowa\u0107 bezpiecze\u0144stwo, wydajno\u015b\u0107 i trwa\u0142o\u015b\u0107 swoich podzespo\u0142\u00f3w.<\/p>\n\t\t<\/div>\n\t\t\n\t\t<a class=\"elementor-post__read-more\" href=\"https:\/\/brioultrasonics.com\/pl\/oplacalnosc-inwestycji-w-urzadzenia-do-czyszczenia-ultradzwiekowego-dla-przemyslu-lotniczego\/\" aria-label=\"Read more about Op\u0142acalno\u015b\u0107 inwestycji w urz\u0105dzenia do czyszczenia ultrad\u017awi\u0119kowego dla przemys\u0142u lotniczego\" tabindex=\"-1\" >\n\t\t\tPrzeczytaj wi\u0119cej \"\t\t<\/a>\n\n\t\t\t\t<\/div>\n\t\t\t\t<div class=\"elementor-post__meta-data\">\n\t\t\t\t\t<span class=\"elementor-post-date\">\n\t\t\t2025-02-24\t\t<\/span>\n\t\t\t\t<\/div>\n\t\t\t\t\t<\/div>\n\t\t<\/article>\n\t\t\t\t<\/div>\n\t\t\t\t\t<span class=\"e-load-more-spinner\">\n\t\t\t\t<svg aria-hidden=\"true\" class=\"e-font-icon-svg e-fas-spinner\" viewBox=\"0 0 512 512\" xmlns=\"http:\/\/www.w3.org\/2000\/svg\"><path d=\"M304 48c0 26.51-21.49 48-48 48s-48-21.49-48-48 21.49-48 48-48 48 21.49 48 48zm-48 368c-26.51 0-48 21.49-48 48s21.49 48 48 48 48-21.49 48-48-21.49-48-48-48zm208-208c-26.51 0-48 21.49-48 48s21.49 48 48 48 48-21.49 48-48-21.49-48-48-48zM96 256c0-26.51-21.49-48-48-48S0 229.49 0 256s21.49 48 48 48 48-21.49 48-48zm12.922 99.078c-26.51 0-48 21.49-48 48s21.49 48 48 48 48-21.49 48-48c0-26.509-21.491-48-48-48zm294.156 0c-26.51 0-48 21.49-48 48s21.49 48 48 48 48-21.49 48-48c0-26.509-21.49-48-48-48zM108.922 60.922c-26.51 0-48 21.49-48 48s21.49 48 48 48 48-21.49 48-48-21.491-48-48-48z\"><\/path><\/svg>\t\t\t<\/span>\n\t\t\n\t\t\t\t<div class=\"e-load-more-anchor\" data-page=\"1\" data-max-page=\"6\" data-next-page=\"https:\/\/brioultrasonics.com\/pl\/wp-json\/wp\/v2\/pages\/66068\/page\/2\/\"><\/div>\n\t\t\t\t<div class=\"elementor-button-wrapper\">\n\t\t\t<a class=\"elementor-button elementor-size-sm\" role=\"button\">\n\t\t\t\t\t\t<span class=\"elementor-button-content-wrapper\">\n\t\t\t\t\t\t\t\t\t<span class=\"elementor-button-text\">Za\u0142aduj wi\u0119cej<\/span>\n\t\t\t\t\t<\/span>\n\t\t\t\t\t<\/a>\n\t\t<\/div>\n\t\t\t\t<div class=\"e-load-more-message\"><\/div>\n\t\t\t\t\t\t<\/div>\n\t\t\t\t<\/div>\n\t\t\t\t\t<\/div>\n\t\t\t\t<\/div>\n\t\t\t\t<\/div>\n\t\t","protected":false},"excerpt":{"rendered":"<p>Aktualno\u015bci &#8211; Aparaty USG &#8211; BRIO<\/p>\n","protected":false},"author":1,"featured_media":0,"parent":0,"menu_order":0,"comment_status":"closed","ping_status":"closed","template":"","meta":{"_joinchat":[],"footnotes":""},"class_list":["post-66068","page","type-page","status-publish","hentry"],"_links":{"self":[{"href":"https:\/\/brioultrasonics.com\/pl\/wp-json\/wp\/v2\/pages\/66068","targetHints":{"allow":["GET"]}}],"collection":[{"href":"https:\/\/brioultrasonics.com\/pl\/wp-json\/wp\/v2\/pages"}],"about":[{"href":"https:\/\/brioultrasonics.com\/pl\/wp-json\/wp\/v2\/types\/page"}],"author":[{"embeddable":true,"href":"https:\/\/brioultrasonics.com\/pl\/wp-json\/wp\/v2\/users\/1"}],"replies":[{"embeddable":true,"href":"https:\/\/brioultrasonics.com\/pl\/wp-json\/wp\/v2\/comments?post=66068"}],"version-history":[{"count":1,"href":"https:\/\/brioultrasonics.com\/pl\/wp-json\/wp\/v2\/pages\/66068\/revisions"}],"predecessor-version":[{"id":66069,"href":"https:\/\/brioultrasonics.com\/pl\/wp-json\/wp\/v2\/pages\/66068\/revisions\/66069"}],"wp:attachment":[{"href":"https:\/\/brioultrasonics.com\/pl\/wp-json\/wp\/v2\/media?parent=66068"}],"curies":[{"name":"wp","href":"https:\/\/api.w.org\/{rel}","templated":true}]}}