{"id":66044,"date":"2024-05-22T12:02:33","date_gmt":"2024-05-22T10:02:33","guid":{"rendered":"https:\/\/brioultrasonics.com\/promocja-zatrudnienia-mlodych-ludzi-labora-avalem-joves-2023\/"},"modified":"2024-12-18T10:12:03","modified_gmt":"2024-12-18T09:12:03","slug":"promocja-zatrudnienia-mlodych-ludzi-labora-avalem-joves-2023","status":"publish","type":"page","link":"https:\/\/brioultrasonics.com\/pl\/promocja-zatrudnienia-mlodych-ludzi-labora-avalem-joves-2023\/","title":{"rendered":"Promocja zatrudnienia m\u0142odych ludzi LABORA-AVALEM JOVES 2023"},"content":{"rendered":"\t\t<div data-elementor-type=\"wp-page\" data-elementor-id=\"66044\" class=\"elementor elementor-66044 elementor-1841\" data-elementor-post-type=\"page\">\n\t\t\t\t<div class=\"elementor-element elementor-element-78265bf e-flex e-con-boxed e-con e-parent\" data-id=\"78265bf\" data-element_type=\"container\" data-e-type=\"container\">\n\t\t\t\t\t<div class=\"e-con-inner\">\n\t\t\t\t<div class=\"elementor-element elementor-element-65be915 elementor-widget elementor-widget-image\" data-id=\"65be915\" data-element_type=\"widget\" data-e-type=\"widget\" data-widget_type=\"image.default\">\n\t\t\t\t<div class=\"elementor-widget-container\">\n\t\t\t\t\t\t\t\t\t\t\t\t\t\t\t<img fetchpriority=\"high\" decoding=\"async\" width=\"1260\" height=\"891\" src=\"https:\/\/brioultrasonics.com\/wp-content\/uploads\/2024\/05\/Cartel-publicidad-ECOGJU-2023_CAST-1260x891-1.jpg\" class=\"attachment-full size-full wp-image-65703\" alt=\"potwierdzenie pracy\" srcset=\"https:\/\/brioultrasonics.com\/wp-content\/uploads\/2024\/05\/Cartel-publicidad-ECOGJU-2023_CAST-1260x891-1.jpg 1260w, https:\/\/brioultrasonics.com\/wp-content\/uploads\/2024\/05\/Cartel-publicidad-ECOGJU-2023_CAST-1260x891-1-300x212.jpg 300w, https:\/\/brioultrasonics.com\/wp-content\/uploads\/2024\/05\/Cartel-publicidad-ECOGJU-2023_CAST-1260x891-1-1024x724.jpg 1024w, https:\/\/brioultrasonics.com\/wp-content\/uploads\/2024\/05\/Cartel-publicidad-ECOGJU-2023_CAST-1260x891-1-768x543.jpg 768w, https:\/\/brioultrasonics.com\/wp-content\/uploads\/2024\/05\/Cartel-publicidad-ECOGJU-2023_CAST-1260x891-1-600x424.jpg 600w\" sizes=\"(max-width: 1260px) 100vw, 1260px\" title=\"\">\t\t\t\t\t\t\t\t\t\t\t\t\t\t\t<\/div>\n\t\t\t\t<\/div>\n\t\t\t\t\t<\/div>\n\t\t\t\t<\/div>\n\t\t<div class=\"elementor-element elementor-element-b5fc8e4 e-flex e-con-boxed e-con e-parent\" data-id=\"b5fc8e4\" data-element_type=\"container\" data-e-type=\"container\">\n\t\t\t\t\t<div class=\"e-con-inner\">\n\t\t\t\t<div class=\"elementor-element elementor-element-b0f8a96 elementor-widget elementor-widget-text-editor\" data-id=\"b0f8a96\" data-element_type=\"widget\" data-e-type=\"widget\" data-widget_type=\"text-editor.default\">\n\t\t\t\t<div class=\"elementor-widget-container\">\n\t\t\t\t\t\t\t\t\t<h4><a href=\"https:\/\/labora.gva.es\/es\/ciutadania\" rel=\"noopener\">LABORA<\/a> &#8211; <a href=\"https:\/\/brioultrasonics.com\/pl\/\">BRIO<\/a> ULTRASONICS &#8211; MASZYNY CZYSZCZ\u0104CE ULTRAD\u0179WI\u0118KOWE<\/h4>\n\t\t\t\t\t\t\t\t<\/div>\n\t\t\t\t<\/div>\n\t\t\t\t\t<\/div>\n\t\t\t\t<\/div>\n\t\t\t\t<\/div>\n\t\t","protected":false},"excerpt":{"rendered":"<p>LABORA &#8211; BRIO ULTRASONICS &#8211; MASZYNY CZYSZCZ\u0104CE ULTRAD\u0179WI\u0118KOWE<\/p>\n","protected":false},"author":1,"featured_media":0,"parent":0,"menu_order":0,"comment_status":"closed","ping_status":"closed","template":"","meta":{"_joinchat":[],"footnotes":""},"class_list":["post-66044","page","type-page","status-publish","hentry"],"_links":{"self":[{"href":"https:\/\/brioultrasonics.com\/pl\/wp-json\/wp\/v2\/pages\/66044","targetHints":{"allow":["GET"]}}],"collection":[{"href":"https:\/\/brioultrasonics.com\/pl\/wp-json\/wp\/v2\/pages"}],"about":[{"href":"https:\/\/brioultrasonics.com\/pl\/wp-json\/wp\/v2\/types\/page"}],"author":[{"embeddable":true,"href":"https:\/\/brioultrasonics.com\/pl\/wp-json\/wp\/v2\/users\/1"}],"replies":[{"embeddable":true,"href":"https:\/\/brioultrasonics.com\/pl\/wp-json\/wp\/v2\/comments?post=66044"}],"version-history":[{"count":1,"href":"https:\/\/brioultrasonics.com\/pl\/wp-json\/wp\/v2\/pages\/66044\/revisions"}],"predecessor-version":[{"id":66046,"href":"https:\/\/brioultrasonics.com\/pl\/wp-json\/wp\/v2\/pages\/66044\/revisions\/66046"}],"wp:attachment":[{"href":"https:\/\/brioultrasonics.com\/pl\/wp-json\/wp\/v2\/media?parent=66044"}],"curies":[{"name":"wp","href":"https:\/\/api.w.org\/{rel}","templated":true}]}}