{"id":66031,"date":"2024-04-18T00:50:53","date_gmt":"2024-04-17T22:50:53","guid":{"rendered":"https:\/\/brioultrasonics.com\/spolka\/"},"modified":"2024-12-18T10:25:42","modified_gmt":"2024-12-18T09:25:42","slug":"spolka","status":"publish","type":"page","link":"https:\/\/brioultrasonics.com\/pl\/spolka\/","title":{"rendered":"Sp\u00f3\u0142ka"},"content":{"rendered":"\t\t<div data-elementor-type=\"wp-page\" data-elementor-id=\"66031\" class=\"elementor elementor-66031 elementor-27\" data-elementor-post-type=\"page\">\n\t\t\t\t<div class=\"elementor-element elementor-element-1569a192 e-flex e-con-boxed e-con e-parent\" data-id=\"1569a192\" data-element_type=\"container\" data-e-type=\"container\" data-settings=\"{&quot;background_background&quot;:&quot;classic&quot;}\">\n\t\t\t\t\t<div class=\"e-con-inner\">\n\t\t\t\t<div class=\"elementor-element elementor-element-2c4f1012 elementor-invisible elementor-widget elementor-widget-heading\" data-id=\"2c4f1012\" data-element_type=\"widget\" data-e-type=\"widget\" data-settings=\"{&quot;_animation&quot;:&quot;fadeIn&quot;}\" data-widget_type=\"heading.default\">\n\t\t\t\t<div class=\"elementor-widget-container\">\n\t\t\t\t\t<h1 class=\"elementor-heading-title elementor-size-default\">INNOWACJE A&amp;J TECNO - BRIO Ultrad\u017awi\u0119ki<\/h1>\t\t\t\t<\/div>\n\t\t\t\t<\/div>\n\t\t\t\t\t<\/div>\n\t\t\t\t<\/div>\n\t\t<div class=\"elementor-element elementor-element-9e87ed8 e-flex e-con-boxed e-con e-parent\" data-id=\"9e87ed8\" data-element_type=\"container\" data-e-type=\"container\">\n\t\t\t\t\t<div class=\"e-con-inner\">\n\t\t<div class=\"elementor-element elementor-element-5e15d72 e-con-full animated-slow e-flex elementor-invisible e-con e-child\" data-id=\"5e15d72\" data-element_type=\"container\" data-e-type=\"container\" data-settings=\"{&quot;background_background&quot;:&quot;classic&quot;,&quot;animation&quot;:&quot;fadeIn&quot;}\">\n\t\t\t\t<\/div>\n\t\t<div class=\"elementor-element elementor-element-7d303e8 e-con-full e-flex e-con e-child\" data-id=\"7d303e8\" data-element_type=\"container\" data-e-type=\"container\">\n\t\t\t\t<div class=\"elementor-element elementor-element-5d8b851 elementor-widget elementor-widget-heading\" data-id=\"5d8b851\" data-element_type=\"widget\" data-e-type=\"widget\" data-widget_type=\"heading.default\">\n\t\t\t\t<div class=\"elementor-widget-container\">\n\t\t\t\t\t<h2 class=\"elementor-heading-title elementor-size-default\">Nas<\/h2>\t\t\t\t<\/div>\n\t\t\t\t<\/div>\n\t\t\t\t<div class=\"elementor-element elementor-element-e0468f2 elementor-widget elementor-widget-text-editor\" data-id=\"e0468f2\" data-element_type=\"widget\" data-e-type=\"widget\" data-widget_type=\"text-editor.default\">\n\t\t\t\t<div class=\"elementor-widget-container\">\n\t\t\t\t\t\t\t\t\t<p>Od ponad 30 lat zesp\u00f3\u0142 A&amp;J Tecno Innovacions S.L. zajmuje si\u0119 projektowaniem, produkcj\u0105 oraz sprzeda\u017c\u0105 krajow\u0105 i mi\u0119dzynarodow\u0105 przemys\u0142owych maszyn czyszcz\u0105cych, w szczeg\u00f3lno\u015bci czyszczenia <a href=\"https:\/\/brioultrasonics.com\/maquinas-de-limpieza-por-ultrasonidos\/\">ultrad\u017awi\u0119kowego<\/a>.<\/p>\n<p>Zawsze charakteryzowa\u0142o nas silne ukierunkowanie na badania, rozw\u00f3j i innowacje oraz ci\u0105g\u0142a troska o zmniejszenie wp\u0142ywu ka\u017cdego zastosowania na \u015brodowisko i koszt\u00f3w energii, przy jednoczesnym zachowaniu najlepszych wynik\u00f3w.<\/p>\n<p>BRIO AJTECNO ULTRASONICS to marka, pod kt\u00f3r\u0105 gromadzimy ca\u0142y nasz sprz\u0119t i technologi\u0119 czyszczenia ultrad\u017awi\u0119kowego. BRIO, nazwa, kt\u00f3ra reprezentuje nasze warto\u015bci, takie jak niezawodno\u015b\u0107, efektywno\u015b\u0107 energetyczna i doskona\u0142e czyste wyko\u0144czenia. Owoc wieloletnich bada\u0144 i ci\u0105g\u0142ego doskonalenia w tej dziedzinie, w kt\u00f3rym osi\u0105gn\u0119li\u015bmy ekskluzywne innowacje, kt\u00f3rymi dysponuj\u0105 nasze zespo\u0142y.  <\/p>\n\t\t\t\t\t\t\t\t<\/div>\n\t\t\t\t<\/div>\n\t\t\t\t<\/div>\n\t\t<div class=\"elementor-element elementor-element-9acb674 e-con-full animated-slow e-flex elementor-invisible e-con e-child\" data-id=\"9acb674\" data-element_type=\"container\" data-e-type=\"container\" data-settings=\"{&quot;background_background&quot;:&quot;classic&quot;,&quot;animation&quot;:&quot;fadeIn&quot;}\">\n\t\t\t\t<\/div>\n\t\t<div class=\"elementor-element elementor-element-0b3e13c e-con-full e-flex e-con e-child\" data-id=\"0b3e13c\" data-element_type=\"container\" data-e-type=\"container\">\n\t\t\t\t<div class=\"elementor-element elementor-element-333c0b3 elementor-widget elementor-widget-heading\" data-id=\"333c0b3\" data-element_type=\"widget\" data-e-type=\"widget\" data-widget_type=\"heading.default\">\n\t\t\t\t<div class=\"elementor-widget-container\">\n\t\t\t\t\t<h2 class=\"elementor-heading-title elementor-size-default\">BRIO Ultrad\u017awi\u0119ki\nna \u015bwiecie<\/h2>\t\t\t\t<\/div>\n\t\t\t\t<\/div>\n\t\t\t\t<div class=\"elementor-element elementor-element-16663f0 elementor-widget elementor-widget-text-editor\" data-id=\"16663f0\" data-element_type=\"widget\" data-e-type=\"widget\" data-widget_type=\"text-editor.default\">\n\t\t\t\t<div class=\"elementor-widget-container\">\n\t\t\t\t\t\t\t\t\t<p>Produkujemy maszyny czyszcz\u0105ce dla firm na ca\u0142ym \u015bwiecie. Norwegia, Wielka Brytania, Czechy, Kolumbia, Ekwador, Chile, Portugalia i Maroko to tylko niekt\u00f3re z kraj\u00f3w, do kt\u00f3rych eksportowali\u015bmy nasz sprz\u0119t. <\/p>\n<p>Naszym celem jest zaistnienie na ca\u0142ym \u015bwiecie, aby nasza ekskluzywna technologia czyszczenia ultrad\u017awi\u0119kowego BRIO mog\u0142a s\u0142u\u017cy\u0107 wszystkim firmom, kt\u00f3re jej potrzebuj\u0105, niezale\u017cnie od ich pochodzenia i bran\u017cy.<\/p>\n\t\t\t\t\t\t\t\t<\/div>\n\t\t\t\t<\/div>\n\t\t\t\t<\/div>\n\t\t\t\t\t<\/div>\n\t\t\t\t<\/div>\n\t\t<div class=\"elementor-element elementor-element-24b022e e-con-full e-flex e-con e-parent\" data-id=\"24b022e\" data-element_type=\"container\" data-e-type=\"container\">\n\t\t<div class=\"elementor-element elementor-element-2d0e107 e-con-full e-flex e-con e-child\" data-id=\"2d0e107\" data-element_type=\"container\" data-e-type=\"container\">\n\t\t\t\t<div class=\"elementor-element elementor-element-4a6930d elementor-widget elementor-widget-heading\" data-id=\"4a6930d\" data-element_type=\"widget\" data-e-type=\"widget\" data-widget_type=\"heading.default\">\n\t\t\t\t<div class=\"elementor-widget-container\">\n\t\t\t\t\t<h2 class=\"elementor-heading-title elementor-size-default\">Warto\u015bci<\/h2>\t\t\t\t<\/div>\n\t\t\t\t<\/div>\n\t\t\t\t<div class=\"elementor-element elementor-element-4342024 elementor-widget elementor-widget-text-editor\" data-id=\"4342024\" data-element_type=\"widget\" data-e-type=\"widget\" data-widget_type=\"text-editor.default\">\n\t\t\t\t<div class=\"elementor-widget-container\">\n\t\t\t\t\t\t\t\t\t<p>Zobowi\u0105zanie. Gwarancja. Zdolno\u015b\u0107 adaptacji. To warto\u015bci, kt\u00f3re definiuj\u0105 kultur\u0119 BRIO, przewodnik po naszej codziennej pracy.   <\/p>\n\t\t\t\t\t\t\t\t<\/div>\n\t\t\t\t<\/div>\n\t\t\t\t<\/div>\n\t\t<div class=\"elementor-element elementor-element-85e846f e-con-full e-flex elementor-invisible e-con e-child\" data-id=\"85e846f\" data-element_type=\"container\" data-e-type=\"container\" data-settings=\"{&quot;background_background&quot;:&quot;classic&quot;,&quot;animation&quot;:&quot;fadeIn&quot;,&quot;animation_delay&quot;:50}\">\n\t\t\t\t<\/div>\n\t\t<div class=\"elementor-element elementor-element-ce1b1a2 e-con-full e-flex e-con e-child\" data-id=\"ce1b1a2\" data-element_type=\"container\" data-e-type=\"container\">\n\t\t\t\t<div class=\"elementor-element elementor-element-0cc480d elementor-widget elementor-widget-heading\" data-id=\"0cc480d\" data-element_type=\"widget\" data-e-type=\"widget\" data-widget_type=\"heading.default\">\n\t\t\t\t<div class=\"elementor-widget-container\">\n\t\t\t\t\t<h2 class=\"elementor-heading-title elementor-size-default\">Misja<\/h2>\t\t\t\t<\/div>\n\t\t\t\t<\/div>\n\t\t\t\t<div class=\"elementor-element elementor-element-90b3486 elementor-widget elementor-widget-text-editor\" data-id=\"90b3486\" data-element_type=\"widget\" data-e-type=\"widget\" data-widget_type=\"text-editor.default\">\n\t\t\t\t<div class=\"elementor-widget-container\">\n\t\t\t\t\t\t\t\t\t<p>Dostarczaj przemys\u0142owi sprz\u0119t czyszcz\u0105cy z innowacjami, kt\u00f3re poprawiaj\u0105 produktywno\u015b\u0107, efektywno\u015b\u0107 energetyczn\u0105 i <a href=\"https:\/\/european-union.europa.eu\/priorities-and-actions\/actions-topic\/environment_es\" rel=\"noopener\">poszanowanie<\/a> \u015brodowiska przez firmy.<\/p>\n\t\t\t\t\t\t\t\t<\/div>\n\t\t\t\t<\/div>\n\t\t\t\t<\/div>\n\t\t<div class=\"elementor-element elementor-element-cb75ae4 e-con-full e-flex elementor-invisible e-con e-child\" data-id=\"cb75ae4\" data-element_type=\"container\" data-e-type=\"container\" data-settings=\"{&quot;background_background&quot;:&quot;classic&quot;,&quot;animation&quot;:&quot;fadeIn&quot;,&quot;animation_delay&quot;:50}\">\n\t\t\t\t<\/div>\n\t\t\t\t<\/div>\n\t\t\t\t<\/div>\n\t\t","protected":false},"excerpt":{"rendered":"<p>INNOWACJE A&amp;J TECNO &#8211; BRIO Ultrad\u017awi\u0119ki Nas Od ponad 30 lat zesp\u00f3\u0142 A&amp;J Tecno Innovacions S.L. zajmuje si\u0119 projektowaniem, produkcj\u0105 oraz sprzeda\u017c\u0105 krajow\u0105 i mi\u0119dzynarodow\u0105 przemys\u0142owych maszyn czyszcz\u0105cych, w szczeg\u00f3lno\u015bci czyszczenia ultrad\u017awi\u0119kowego. Zawsze charakteryzowa\u0142o nas silne ukierunkowanie na badania, rozw\u00f3j i innowacje oraz ci\u0105g\u0142a troska o zmniejszenie wp\u0142ywu ka\u017cdego zastosowania na \u015brodowisko i koszt\u00f3w energii, [&hellip;]<\/p>\n","protected":false},"author":1,"featured_media":0,"parent":0,"menu_order":0,"comment_status":"closed","ping_status":"closed","template":"","meta":{"_joinchat":[],"footnotes":""},"class_list":["post-66031","page","type-page","status-publish","hentry"],"_links":{"self":[{"href":"https:\/\/brioultrasonics.com\/pl\/wp-json\/wp\/v2\/pages\/66031","targetHints":{"allow":["GET"]}}],"collection":[{"href":"https:\/\/brioultrasonics.com\/pl\/wp-json\/wp\/v2\/pages"}],"about":[{"href":"https:\/\/brioultrasonics.com\/pl\/wp-json\/wp\/v2\/types\/page"}],"author":[{"embeddable":true,"href":"https:\/\/brioultrasonics.com\/pl\/wp-json\/wp\/v2\/users\/1"}],"replies":[{"embeddable":true,"href":"https:\/\/brioultrasonics.com\/pl\/wp-json\/wp\/v2\/comments?post=66031"}],"version-history":[{"count":1,"href":"https:\/\/brioultrasonics.com\/pl\/wp-json\/wp\/v2\/pages\/66031\/revisions"}],"predecessor-version":[{"id":66033,"href":"https:\/\/brioultrasonics.com\/pl\/wp-json\/wp\/v2\/pages\/66031\/revisions\/66033"}],"wp:attachment":[{"href":"https:\/\/brioultrasonics.com\/pl\/wp-json\/wp\/v2\/media?parent=66031"}],"curies":[{"name":"wp","href":"https:\/\/api.w.org\/{rel}","templated":true}]}}