{"id":66026,"date":"2024-05-27T09:19:02","date_gmt":"2024-05-27T07:19:02","guid":{"rendered":"https:\/\/brioultrasonics.com\/efektywnosc-energetyczna\/"},"modified":"2024-12-18T09:19:14","modified_gmt":"2024-12-18T08:19:14","slug":"efektywnosc-energetyczna","status":"publish","type":"page","link":"https:\/\/brioultrasonics.com\/pl\/efektywnosc-energetyczna\/","title":{"rendered":"Efektywno\u015b\u0107 energetyczna"},"content":{"rendered":"\t\t<div data-elementor-type=\"wp-page\" data-elementor-id=\"66026\" class=\"elementor elementor-66026 elementor-2210\" data-elementor-post-type=\"page\">\n\t\t\t\t<div class=\"elementor-element elementor-element-60a7334 e-flex e-con-boxed e-con e-parent\" data-id=\"60a7334\" data-element_type=\"container\" data-e-type=\"container\" data-settings=\"{&quot;background_background&quot;:&quot;classic&quot;}\">\n\t\t\t\t\t<div class=\"e-con-inner\">\n\t\t\t\t<div class=\"elementor-element elementor-element-b21f7f4 elementor-widget elementor-widget-heading\" data-id=\"b21f7f4\" data-element_type=\"widget\" data-e-type=\"widget\" data-widget_type=\"heading.default\">\n\t\t\t\t<div class=\"elementor-widget-container\">\n\t\t\t\t\t<h1 class=\"elementor-heading-title elementor-size-default\">Efektywno\u015b\u0107 <b>energetyczna<\/b><\/h1>\t\t\t\t<\/div>\n\t\t\t\t<\/div>\n\t\t\t\t<div class=\"elementor-element elementor-element-4a7ab7e elementor-widget elementor-widget-text-editor\" data-id=\"4a7ab7e\" data-element_type=\"widget\" data-e-type=\"widget\" data-widget_type=\"text-editor.default\">\n\t\t\t\t<div class=\"elementor-widget-container\">\n\t\t\t\t\t\t\t\t\t<p>Pomagamy firmom na ca\u0142ym \u015bwiecie przyspieszy\u0107 procesy czyszczenia przemys\u0142owego i osi\u0105gn\u0105\u0107 efektywne wykorzystanie wody i energii<\/p>\n\t\t\t\t\t\t\t\t<\/div>\n\t\t\t\t<\/div>\n\t\t\t\t\t<\/div>\n\t\t\t\t<\/div>\n\t\t<div class=\"elementor-element elementor-element-c16b696 e-flex e-con-boxed e-con e-parent\" data-id=\"c16b696\" data-element_type=\"container\" data-e-type=\"container\">\n\t\t\t\t\t<div class=\"e-con-inner\">\n\t\t<div class=\"elementor-element elementor-element-ab32fbc e-con-full e-flex e-con e-child\" data-id=\"ab32fbc\" data-element_type=\"container\" data-e-type=\"container\">\n\t\t\t\t<div class=\"elementor-element elementor-element-ea9497a elementor-widget__width-initial elementor-widget elementor-widget-heading\" data-id=\"ea9497a\" data-element_type=\"widget\" data-e-type=\"widget\" data-widget_type=\"heading.default\">\n\t\t\t\t<div class=\"elementor-widget-container\">\n\t\t\t\t\t<h2 class=\"elementor-heading-title elementor-size-default\">Przemys\u0142 potrzebuje narz\u0119dzi, kt\u00f3re pozwol\u0105 ograniczy\u0107 jego wp\u0142yw na \u015brodowisko<\/h2>\t\t\t\t<\/div>\n\t\t\t\t<\/div>\n\t\t\t\t<\/div>\n\t\t<div class=\"elementor-element elementor-element-947601f e-con-full e-flex e-con e-child\" data-id=\"947601f\" data-element_type=\"container\" data-e-type=\"container\">\n\t\t<div class=\"elementor-element elementor-element-cdf2413 e-grid e-con-boxed e-con e-child\" data-id=\"cdf2413\" data-element_type=\"container\" data-e-type=\"container\">\n\t\t\t\t\t<div class=\"e-con-inner\">\n\t\t\t\t<div class=\"elementor-element elementor-element-9d9e79f elementor-widget elementor-widget-image-box\" data-id=\"9d9e79f\" data-element_type=\"widget\" data-e-type=\"widget\" data-widget_type=\"image-box.default\">\n\t\t\t\t<div class=\"elementor-widget-container\">\n\t\t\t\t\t<div class=\"elementor-image-box-wrapper\"><div class=\"elementor-image-box-content\"><h3 class=\"elementor-image-box-title\">Przyspieszenie proces\u00f3w czyszczenia<\/h3><p class=\"elementor-image-box-description\">Zwi\u0119ksz swoj\u0105 produktywno\u015b\u0107, skracaj\u0105c czas czyszczenia.<\/p><\/div><\/div>\t\t\t\t<\/div>\n\t\t\t\t<\/div>\n\t\t\t\t<div class=\"elementor-element elementor-element-5b04727 elementor-widget elementor-widget-image-box\" data-id=\"5b04727\" data-element_type=\"widget\" data-e-type=\"widget\" data-widget_type=\"image-box.default\">\n\t\t\t\t<div class=\"elementor-widget-container\">\n\t\t\t\t\t<div class=\"elementor-image-box-wrapper\"><div class=\"elementor-image-box-content\"><h3 class=\"elementor-image-box-title\">Efektywno\u015b\u0107 energetyczna<\/h3><p class=\"elementor-image-box-description\">Zaoszcz\u0119d\u017a na rachunkach za pr\u0105d i pom\u00f3\u017c swojej firmie by\u0107 bardziej przyjazn\u0105 dla \u015brodowiska.<\/p><\/div><\/div>\t\t\t\t<\/div>\n\t\t\t\t<\/div>\n\t\t\t\t<div class=\"elementor-element elementor-element-2402823 elementor-widget elementor-widget-image-box\" data-id=\"2402823\" data-element_type=\"widget\" data-e-type=\"widget\" data-widget_type=\"image-box.default\">\n\t\t\t\t<div class=\"elementor-widget-container\">\n\t\t\t\t\t<div class=\"elementor-image-box-wrapper\"><div class=\"elementor-image-box-content\"><h3 class=\"elementor-image-box-title\">Oszcz\u0119dno\u015b\u0107 wody<\/h3><p class=\"elementor-image-box-description\">Czyszczenie ultrad\u017awi\u0119kowe zu\u017cywa minimaln\u0105 ilo\u015b\u0107 wody i pozwala uzyska\u0107 lepsze wyniki ni\u017c inne, bardziej przestarza\u0142e, drogie i marnotrawne systemy.<\/p><\/div><\/div>\t\t\t\t<\/div>\n\t\t\t\t<\/div>\n\t\t\t\t\t<\/div>\n\t\t\t\t<\/div>\n\t\t\t\t<\/div>\n\t\t\t\t\t<\/div>\n\t\t\t\t<\/div>\n\t\t<div class=\"elementor-element elementor-element-cf28aca e-flex e-con-boxed e-con e-parent\" data-id=\"cf28aca\" data-element_type=\"container\" data-e-type=\"container\">\n\t\t\t\t\t<div class=\"e-con-inner\">\n\t\t<div class=\"elementor-element elementor-element-6b92283 e-con-full e-flex e-con e-child\" data-id=\"6b92283\" data-element_type=\"container\" data-e-type=\"container\">\n\t\t\t\t<div class=\"elementor-element elementor-element-9b973a7 elementor-widget elementor-widget-heading\" data-id=\"9b973a7\" data-element_type=\"widget\" data-e-type=\"widget\" data-widget_type=\"heading.default\">\n\t\t\t\t<div class=\"elementor-widget-container\">\n\t\t\t\t\t<h2 class=\"elementor-heading-title elementor-size-default\">Moc, wydajno\u015b\u0107<br><b>i oszcz\u0119dno\u015bci<\/b> <\/h2>\t\t\t\t<\/div>\n\t\t\t\t<\/div>\n\t\t\t\t<div class=\"elementor-element elementor-element-5db1d6a elementor-widget__width-initial elementor-widget elementor-widget-text-editor\" data-id=\"5db1d6a\" data-element_type=\"widget\" data-e-type=\"widget\" data-widget_type=\"text-editor.default\">\n\t\t\t\t<div class=\"elementor-widget-container\">\n\t\t\t\t\t\t\t\t\t<p>Urz\u0105dzenia Brio przyczyniaj\u0105 si\u0119 do tworzenia bardziej wydajnych i przyjaznych \u015brodowisku przedsi\u0119biorstw, dzi\u0119ki niskiemu zu\u017cyciu energii i wysokiej wydajno\u015bci.<\/p>\n<p>Oszcz\u0119dno\u015bci generowane przez nasz\u0105 technologi\u0119 ultrad\u017awi\u0119kow\u0105 drastycznie zmniejszaj\u0105 zu\u017cycie energii, wody i pracy. Zwr\u00f3cisz swoj\u0105 inwestycj\u0119 z nawi\u0105zk\u0105 w kr\u00f3tkim i \u015brednim okresie, a Twoja firma stanie si\u0119 bardziej przyjazna dla<a href=\"\"> \u015brodowiska<\/a>. <\/p>\n\t\t\t\t\t\t\t\t<\/div>\n\t\t\t\t<\/div>\n\t\t\t\t<\/div>\n\t\t<div class=\"elementor-element elementor-element-39b4df9 e-con-full e-flex e-con e-child\" data-id=\"39b4df9\" data-element_type=\"container\" data-e-type=\"container\">\n\t\t\t\t<div class=\"elementor-element elementor-element-12339bd elementor-widget elementor-widget-progress\" data-id=\"12339bd\" data-element_type=\"widget\" data-e-type=\"widget\" data-widget_type=\"progress.default\">\n\t\t\t\t<div class=\"elementor-widget-container\">\n\t\t\t\t\t\t\t\t<span class=\"elementor-title\" id=\"elementor-progress-bar-12339bd\">\n\t\t\t\t90%\t\t\t<\/span>\n\t\t\n\t\t<div aria-labelledby=\"elementor-progress-bar-12339bd\" class=\"elementor-progress-wrapper\" role=\"progressbar\" aria-valuemin=\"0\" aria-valuemax=\"100\" aria-valuenow=\"90\">\n\t\t\t<div class=\"elementor-progress-bar\" data-max=\"90\">\n\t\t\t\t<span class=\"elementor-progress-text\"><\/span>\n\t\t\t\t\t\t\t<\/div>\n\t\t<\/div>\n\t\t\t\t\t\t<\/div>\n\t\t\t\t<\/div>\n\t\t\t\t<div class=\"elementor-element elementor-element-6b48960 elementor-widget elementor-widget-text-editor\" data-id=\"6b48960\" data-element_type=\"widget\" data-e-type=\"widget\" data-widget_type=\"text-editor.default\">\n\t\t\t\t<div class=\"elementor-widget-container\">\n\t\t\t\t\t\t\t\t\t<p>Zmniejszenie zu\u017cycia wody<\/p>\n\t\t\t\t\t\t\t\t<\/div>\n\t\t\t\t<\/div>\n\t\t\t\t<div class=\"elementor-element elementor-element-e34d6da elementor-widget elementor-widget-progress\" data-id=\"e34d6da\" data-element_type=\"widget\" data-e-type=\"widget\" data-widget_type=\"progress.default\">\n\t\t\t\t<div class=\"elementor-widget-container\">\n\t\t\t\t\t\t\t\t<span class=\"elementor-title\" id=\"elementor-progress-bar-e34d6da\">\n\t\t\t\t65%\t\t\t<\/span>\n\t\t\n\t\t<div aria-labelledby=\"elementor-progress-bar-e34d6da\" class=\"elementor-progress-wrapper\" role=\"progressbar\" aria-valuemin=\"0\" aria-valuemax=\"100\" aria-valuenow=\"65\">\n\t\t\t<div class=\"elementor-progress-bar\" data-max=\"65\">\n\t\t\t\t<span class=\"elementor-progress-text\"><\/span>\n\t\t\t\t\t\t\t<\/div>\n\t\t<\/div>\n\t\t\t\t\t\t<\/div>\n\t\t\t\t<\/div>\n\t\t\t\t<div class=\"elementor-element elementor-element-8bb3744 elementor-widget elementor-widget-text-editor\" data-id=\"8bb3744\" data-element_type=\"widget\" data-e-type=\"widget\" data-widget_type=\"text-editor.default\">\n\t\t\t\t<div class=\"elementor-widget-container\">\n\t\t\t\t\t\t\t\t\t<p>Oszcz\u0119dno\u015b\u0107 energii<\/p>\n\t\t\t\t\t\t\t\t<\/div>\n\t\t\t\t<\/div>\n\t\t\t\t<div class=\"elementor-element elementor-element-4025ecc elementor-widget elementor-widget-progress\" data-id=\"4025ecc\" data-element_type=\"widget\" data-e-type=\"widget\" data-widget_type=\"progress.default\">\n\t\t\t\t<div class=\"elementor-widget-container\">\n\t\t\t\t\t\t\t\t<span class=\"elementor-title\" id=\"elementor-progress-bar-4025ecc\">\n\t\t\t\t80%\t\t\t<\/span>\n\t\t\n\t\t<div aria-labelledby=\"elementor-progress-bar-4025ecc\" class=\"elementor-progress-wrapper\" role=\"progressbar\" aria-valuemin=\"0\" aria-valuemax=\"100\" aria-valuenow=\"80\">\n\t\t\t<div class=\"elementor-progress-bar\" data-max=\"80\">\n\t\t\t\t<span class=\"elementor-progress-text\"><\/span>\n\t\t\t\t\t\t\t<\/div>\n\t\t<\/div>\n\t\t\t\t\t\t<\/div>\n\t\t\t\t<\/div>\n\t\t\t\t<div class=\"elementor-element elementor-element-efd2ccd elementor-widget elementor-widget-text-editor\" data-id=\"efd2ccd\" data-element_type=\"widget\" data-e-type=\"widget\" data-widget_type=\"text-editor.default\">\n\t\t\t\t<div class=\"elementor-widget-container\">\n\t\t\t\t\t\t\t\t\t<p>Redukcja pracy<\/p>\n\t\t\t\t\t\t\t\t<\/div>\n\t\t\t\t<\/div>\n\t\t\t\t<\/div>\n\t\t\t\t\t<\/div>\n\t\t\t\t<\/div>\n\t\t<div class=\"elementor-element elementor-element-d0ec385 e-con-full e-flex e-con e-parent\" data-id=\"d0ec385\" data-element_type=\"container\" data-e-type=\"container\">\n\t\t<div class=\"elementor-element elementor-element-5dd317a e-con-full e-flex e-con e-child\" data-id=\"5dd317a\" data-element_type=\"container\" data-e-type=\"container\" data-settings=\"{&quot;background_background&quot;:&quot;classic&quot;}\">\n\t\t\t\t<\/div>\n\t\t<div class=\"elementor-element elementor-element-3c08fd6 e-con-full e-flex e-con e-child\" data-id=\"3c08fd6\" data-element_type=\"container\" data-e-type=\"container\" data-settings=\"{&quot;background_background&quot;:&quot;classic&quot;}\">\n\t\t\t\t<div class=\"elementor-element elementor-element-9c07539 elementor-widget elementor-widget-image-box\" data-id=\"9c07539\" data-element_type=\"widget\" data-e-type=\"widget\" data-widget_type=\"image-box.default\">\n\t\t\t\t<div class=\"elementor-widget-container\">\n\t\t\t\t\t<div class=\"elementor-image-box-wrapper\"><div class=\"elementor-image-box-content\"><h3 class=\"elementor-image-box-title\"><span style=\"font-family: inherit;font-size: inherit;font-style: inherit;font-weight: inherit\">Detergenty i cz\u0119\u015bci zamienne<\/span><\/h3><p class=\"elementor-image-box-description\"><span style=\"font-family: Rubik\">Nasze maszyny s\u0105 zaprojektowane do pracy z bardzo ma\u0142\u0105 zawarto\u015bci\u0105 detergentu. Ponadto \u0142azienki mo\u017cna wielokrotnie wykorzystywa\u0107 bez utraty efektywno\u015bci. <\/span><\/p><\/div><\/div>\t\t\t\t<\/div>\n\t\t\t\t<\/div>\n\t\t\t\t<div class=\"elementor-element elementor-element-3d465b6 elementor-widget elementor-widget-button\" data-id=\"3d465b6\" data-element_type=\"widget\" data-e-type=\"widget\" data-widget_type=\"button.default\">\n\t\t\t\t<div class=\"elementor-widget-container\">\n\t\t\t\t\t\t\t\t\t<div class=\"elementor-button-wrapper\">\n\t\t\t\t\t<a class=\"elementor-button elementor-button-link elementor-size-sm\" href=\"https:\/\/brioultrasonics.com\/pl\/kontakt\/\">\n\t\t\t\t\t\t<span class=\"elementor-button-content-wrapper\">\n\t\t\t\t\t\t\t\t\t<span class=\"elementor-button-text\">Zapytaj o informacje na temat naszych detergent\u00f3w<\/span>\n\t\t\t\t\t<\/span>\n\t\t\t\t\t<\/a>\n\t\t\t\t<\/div>\n\t\t\t\t\t\t\t\t<\/div>\n\t\t\t\t<\/div>\n\t\t\t\t<\/div>\n\t\t<div class=\"elementor-element elementor-element-4ef6e05 e-con-full e-flex e-con e-child\" data-id=\"4ef6e05\" data-element_type=\"container\" data-e-type=\"container\" data-settings=\"{&quot;background_background&quot;:&quot;classic&quot;}\">\n\t\t\t\t<\/div>\n\t\t<div class=\"elementor-element elementor-element-79df421 e-con-full e-flex e-con e-child\" data-id=\"79df421\" data-element_type=\"container\" data-e-type=\"container\" data-settings=\"{&quot;background_background&quot;:&quot;classic&quot;}\">\n\t\t\t\t<div class=\"elementor-element elementor-element-9945f03 elementor-widget elementor-widget-image-box\" data-id=\"9945f03\" data-element_type=\"widget\" data-e-type=\"widget\" data-widget_type=\"image-box.default\">\n\t\t\t\t<div class=\"elementor-widget-container\">\n\t\t\t\t\t<div class=\"elementor-image-box-wrapper\"><div class=\"elementor-image-box-content\"><h3 class=\"elementor-image-box-title\"><span style=\"font-family: inherit;font-size: inherit;font-style: inherit;font-weight: inherit\">Do\u0142\u0105cz do naszej sieci dystrybucyjnej<\/span><\/h3><p class=\"elementor-image-box-description\"><span style=\"font-family: Rubik\">Zaoferuj swoim klientom gwarancj\u0119 produkcyjn\u0105 Brio. Standardowe lub wykonane na zam\u00f3wienie rozwi\u0105zania do czyszczenia ultrad\u017awi\u0119kowego w konkurencyjnych cenach i najlepszej jako\u015bci. <\/span><\/p><\/div><\/div>\t\t\t\t<\/div>\n\t\t\t\t<\/div>\n\t\t\t\t<div class=\"elementor-element elementor-element-db98cf9 elementor-widget elementor-widget-button\" data-id=\"db98cf9\" data-element_type=\"widget\" data-e-type=\"widget\" data-widget_type=\"button.default\">\n\t\t\t\t<div class=\"elementor-widget-container\">\n\t\t\t\t\t\t\t\t\t<div class=\"elementor-button-wrapper\">\n\t\t\t\t\t<a class=\"elementor-button elementor-button-link elementor-size-sm\" href=\"https:\/\/brioultrasonics.com\/pl\/kontakt\/\">\n\t\t\t\t\t\t<span class=\"elementor-button-content-wrapper\">\n\t\t\t\t\t\t\t\t\t<span class=\"elementor-button-text\">B\u0105d\u017a cz\u0119\u015bci\u0105 naszego zespo\u0142u dystrybutor\u00f3w<\/span>\n\t\t\t\t\t<\/span>\n\t\t\t\t\t<\/a>\n\t\t\t\t<\/div>\n\t\t\t\t\t\t\t\t<\/div>\n\t\t\t\t<\/div>\n\t\t\t\t<\/div>\n\t\t\t\t<\/div>\n\t\t\t\t<\/div>\n\t\t","protected":false},"excerpt":{"rendered":"<p>Efektywno\u015b\u0107 energetyczna Pomagamy firmom na ca\u0142ym \u015bwiecie przyspieszy\u0107 procesy czyszczenia przemys\u0142owego i osi\u0105gn\u0105\u0107 efektywne wykorzystanie wody i energii Przemys\u0142 potrzebuje narz\u0119dzi, kt\u00f3re pozwol\u0105 ograniczy\u0107 jego wp\u0142yw na \u015brodowisko Przyspieszenie proces\u00f3w czyszczenia Zwi\u0119ksz swoj\u0105 produktywno\u015b\u0107, skracaj\u0105c czas czyszczenia. Efektywno\u015b\u0107 energetyczna Zaoszcz\u0119d\u017a na rachunkach za pr\u0105d i pom\u00f3\u017c swojej firmie by\u0107 bardziej przyjazn\u0105 dla \u015brodowiska. Oszcz\u0119dno\u015b\u0107 wody [&hellip;]<\/p>\n","protected":false},"author":1,"featured_media":0,"parent":0,"menu_order":0,"comment_status":"closed","ping_status":"closed","template":"","meta":{"_joinchat":[],"footnotes":""},"class_list":["post-66026","page","type-page","status-publish","hentry"],"_links":{"self":[{"href":"https:\/\/brioultrasonics.com\/pl\/wp-json\/wp\/v2\/pages\/66026","targetHints":{"allow":["GET"]}}],"collection":[{"href":"https:\/\/brioultrasonics.com\/pl\/wp-json\/wp\/v2\/pages"}],"about":[{"href":"https:\/\/brioultrasonics.com\/pl\/wp-json\/wp\/v2\/types\/page"}],"author":[{"embeddable":true,"href":"https:\/\/brioultrasonics.com\/pl\/wp-json\/wp\/v2\/users\/1"}],"replies":[{"embeddable":true,"href":"https:\/\/brioultrasonics.com\/pl\/wp-json\/wp\/v2\/comments?post=66026"}],"version-history":[{"count":1,"href":"https:\/\/brioultrasonics.com\/pl\/wp-json\/wp\/v2\/pages\/66026\/revisions"}],"predecessor-version":[{"id":66027,"href":"https:\/\/brioultrasonics.com\/pl\/wp-json\/wp\/v2\/pages\/66026\/revisions\/66027"}],"wp:attachment":[{"href":"https:\/\/brioultrasonics.com\/pl\/wp-json\/wp\/v2\/media?parent=66026"}],"curies":[{"name":"wp","href":"https:\/\/api.w.org\/{rel}","templated":true}]}}