{"id":66020,"date":"2024-05-30T12:13:52","date_gmt":"2024-05-30T10:13:52","guid":{"rendered":"https:\/\/brioultrasonics.com\/nota-prawna\/"},"modified":"2024-12-02T11:56:50","modified_gmt":"2024-12-02T10:56:50","slug":"nota-prawna","status":"publish","type":"page","link":"https:\/\/brioultrasonics.com\/pl\/nota-prawna\/","title":{"rendered":"Nota prawna"},"content":{"rendered":"\t\t<div data-elementor-type=\"wp-page\" data-elementor-id=\"66020\" class=\"elementor elementor-66020 elementor-2385\" data-elementor-post-type=\"page\">\n\t\t\t\t<div class=\"elementor-element elementor-element-6ac756c e-flex e-con-boxed e-con e-parent\" data-id=\"6ac756c\" data-element_type=\"container\" data-e-type=\"container\">\n\t\t\t\t\t<div class=\"e-con-inner\">\n\t\t<div class=\"elementor-element elementor-element-370d85f e-con-full e-flex e-con e-child\" data-id=\"370d85f\" data-element_type=\"container\" data-e-type=\"container\">\n\t\t\t\t<div class=\"elementor-element elementor-element-b1a993d elementor-widget elementor-widget-heading\" data-id=\"b1a993d\" data-element_type=\"widget\" data-e-type=\"widget\" data-widget_type=\"heading.default\">\n\t\t\t\t<div class=\"elementor-widget-container\">\n\t\t\t\t\t<h1 class=\"elementor-heading-title elementor-size-default\">Nota prawna<\/h1>\t\t\t\t<\/div>\n\t\t\t\t<\/div>\n\t\t\t\t<\/div>\n\t\t\t\t\t<\/div>\n\t\t\t\t<\/div>\n\t\t<div class=\"elementor-element elementor-element-d391169 e-flex e-con-boxed e-con e-parent\" data-id=\"d391169\" data-element_type=\"container\" data-e-type=\"container\">\n\t\t\t\t\t<div class=\"e-con-inner\">\n\t\t<div class=\"elementor-element elementor-element-a5ae1cc e-con-full e-flex e-con e-child\" data-id=\"a5ae1cc\" data-element_type=\"container\" data-e-type=\"container\">\n\t\t\t\t<div class=\"elementor-element elementor-element-682d763 elementor-widget elementor-widget-heading\" data-id=\"682d763\" data-element_type=\"widget\" data-e-type=\"widget\" data-widget_type=\"heading.default\">\n\t\t\t\t<div class=\"elementor-widget-container\">\n\t\t\t\t\t<h2 class=\"elementor-heading-title elementor-size-default\">Wprowadzenie \u2013 Nota prawna <\/h2>\t\t\t\t<\/div>\n\t\t\t\t<\/div>\n\t\t\t\t<\/div>\n\t\t<div class=\"elementor-element elementor-element-fb89be6 e-con-full e-flex e-con e-child\" data-id=\"fb89be6\" data-element_type=\"container\" data-e-type=\"container\">\n\t\t\t\t<div class=\"elementor-element elementor-element-b6b8ec4 elementor-widget elementor-widget-text-editor\" data-id=\"b6b8ec4\" data-element_type=\"widget\" data-e-type=\"widget\" data-widget_type=\"text-editor.default\">\n\t\t\t\t<div class=\"elementor-widget-container\">\n\t\t\t\t\t\t\t\t\t<div class=\"fl-col fl-node-59ebdc8d08fb8 fl-col-small fl-col-small-custom-width\" data-node=\"59ebdc8d08fb8\">\n<div class=\"fl-col-content fl-node-content vamtam-show-bg-image\">\n<div class=\"fl-module fl-module-rich-text fl-node-59ebdc8d08ff5\" data-node=\"59ebdc8d08ff5\">\n<div class=\"fl-module-content fl-node-content\">\n<div class=\"fl-rich-text\">\n<p>Dost\u0119p do tej witryny oznacza znajomo\u015b\u0107 i akceptacj\u0119 poni\u017cszych warunk\u00f3w i atrybut\u00f3w statusu u\u017cytkownika witryny, a dost\u0119p do niej oznacza jego akceptacj\u0119 bez zastrze\u017ce\u0144.<\/p>\n<div class=\"fl-col fl-node-59ebdc8d08fb8 fl-col-small fl-col-small-custom-width\" data-node=\"59ebdc8d08fb8\">\n<div class=\"fl-col-content fl-node-content vamtam-show-bg-image\">\n<div class=\"fl-module fl-module-rich-text fl-node-59ebdc8d08ff5\" data-node=\"59ebdc8d08ff5\">\n<div class=\"fl-module-content fl-node-content\">\n<div class=\"fl-rich-text\">\n<p>Je\u015bli nie akceptujesz klauzul okre\u015blonych w niniejszej Informacji prawnej, u\u017cytkownik musi powstrzyma\u0107 si\u0119 od dost\u0119pu i\/lub korzystania z us\u0142ug i\/lub tre\u015bci udost\u0119pnionych na stronie, a nast\u0119pnie j\u0105 opu\u015bci\u0107.<\/p>\n<\/div>\n<\/div>\n<\/div>\n<\/div>\n<\/div>\n<div class=\"fl-col fl-node-5b2a587c72a24 fl-col-small\" data-node=\"5b2a587c72a24\">\n<div class=\"fl-col-content fl-node-content vamtam-show-bg-image\">\n<div class=\"fl-module fl-module-rich-text fl-node-5b2a67df15f43\" data-node=\"5b2a67df15f43\">\n<div class=\"fl-module-content fl-node-content\">\n<div class=\"fl-rich-text\">\n<p><strong>W\u0142asno\u015b\u0107 strony internetowej &#8211; Nota prawna<\/strong><\/p>\n<p>AJ TECNO INNOVACIONS, S.L., zgodnie z postanowieniami art. 10 ustawy nr 34\/2002 z dnia 11 lipca o us\u0142ugach spo\u0142ecze\u0144stwa informacyjnego i handlu elektronicznym (LSSI-CE), informuje Pa\u0144stwa o identyfikatorach danych zwi\u0105zanych ze stron\u0105 WWW. BRIOULTRASONICS.COM<\/p>\n<p><u><strong>NAZWA FIRMY:<\/strong><\/u> AJ TECNO INNOVACIONS, S.L.<\/p>\n<p><u><strong>ADRES ZAREJESTROWANY:<\/strong><\/u> C\/CIUDAD DE BARCELONA 1 &#8211; POL. IND JAR \u0179R\u00d3D\u0141O &#8211; &#8211; 46980 PATERNA <\/p>\n<p><u><strong>TELEFON: <\/strong><\/u>+(34) 961341109<\/p>\n<p><u><strong>CIF: <\/strong><\/u>B98166754<\/p>\n<p><u><strong>OG\u00d3LNY E-MAIL: <\/strong><\/u>INFO@AJTECNO.COM<\/p>\n<p><u><strong>DATOS DE INSCRIPCI\u00d3N EN EL REGISTRO MERCANTIL:<\/strong><\/u> REGISTRO MERCANTIL DE VALENCIA, TOMO 9075, FOLIO 25, SECCI\u00d3N 8, HOJA V-135248<\/p>\n<\/div>\n<\/div>\n<\/div>\n<\/div>\n<\/div>\n<\/div>\n<\/div>\n<\/div>\n<\/div>\n<\/div>\n\t\t\t\t\t\t\t\t<\/div>\n\t\t\t\t<\/div>\n\t\t\t\t<\/div>\n\t\t\t\t\t<\/div>\n\t\t\t\t<\/div>\n\t\t<div class=\"elementor-element elementor-element-23f49fd e-flex e-con-boxed e-con e-parent\" data-id=\"23f49fd\" data-element_type=\"container\" data-e-type=\"container\">\n\t\t\t\t\t<div class=\"e-con-inner\">\n\t\t<div class=\"elementor-element elementor-element-6555c47 e-con-full e-flex e-con e-child\" data-id=\"6555c47\" data-element_type=\"container\" data-e-type=\"container\">\n\t\t\t\t<div class=\"elementor-element elementor-element-f5e1996 elementor-widget elementor-widget-heading\" data-id=\"f5e1996\" data-element_type=\"widget\" data-e-type=\"widget\" data-widget_type=\"heading.default\">\n\t\t\t\t<div class=\"elementor-widget-container\">\n\t\t\t\t\t<h2 class=\"elementor-heading-title elementor-size-default\"><h3 class=\"vamtam-heading \" style=\"border: 0px;font-family: Rubik;vertical-align: baseline;align-items: center;justify-content: flex-start;margin: 0px !important;padding: 0px !important\"><span class=\"vamtam-heading-text\" style=\"margin: 0px;padding: 0px;border: 0px;font: inherit;vertical-align: baseline\">Warunki<br>u\u017cytecznego<\/span><\/h3><\/h2>\t\t\t\t<\/div>\n\t\t\t\t<\/div>\n\t\t\t\t<\/div>\n\t\t<div class=\"elementor-element elementor-element-f56dfcc e-con-full e-flex e-con e-child\" data-id=\"f56dfcc\" data-element_type=\"container\" data-e-type=\"container\">\n\t\t\t\t<div class=\"elementor-element elementor-element-f58aa7e elementor-widget elementor-widget-text-editor\" data-id=\"f58aa7e\" data-element_type=\"widget\" data-e-type=\"widget\" data-widget_type=\"text-editor.default\">\n\t\t\t\t<div class=\"elementor-widget-container\">\n\t\t\t\t\t\t\t\t\t<p><strong><u>U\u017bYTKOWNICY &#8211; Nota prawna<\/u><\/strong><\/p>\n<p>Dost\u0119p i\/lub korzystanie z tego portalu firmy AJ TECNO INNOVACIONS, S.L. przypisuje stan U\u017bYTKOWNIKA, kt\u00f3ry akceptuje, w ramach wspomnianego dost\u0119pu i\/lub u\u017cytkowania, Og\u00f3lne Warunki Korzystania przedstawione tutaj. Powy\u017csze Warunki b\u0119d\u0105 mia\u0142y zastosowanie niezale\u017cnie od Og\u00f3lnych Warunk\u00f3w Umowy, kt\u00f3re, je\u015bli maj\u0105 zastosowanie, s\u0105 obowi\u0105zkowe. <\/p>\n<\/p>\n<p><strong><u>KORZYSTANIE ZE STRONY INTERNETOWEJ \u2013 Nota prawna<\/u><\/strong><\/p>\n<p>WWW.BRIOULTRASONICS.COM zapewnia dost\u0119p do szeregu informacji, us\u0142ug lub danych (zwanych dalej \u201etre\u015bci\u0105\u201d) w Internecie nale\u017c\u0105cym do AJ TECNO INNOVACIONS, S.L. do kt\u00f3rych U\u017bYTKOWNIK mo\u017ce mie\u0107 dost\u0119p. U\u017bYTKOWNIK przejmuje odpowiedzialno\u015b\u0107 za korzystanie z portalu. Odpowiedzialno\u015b\u0107 ta rozci\u0105ga si\u0119 na rejestracj\u0119 niezb\u0119dn\u0105 do uzyskania dost\u0119pu do niekt\u00f3rych us\u0142ug lub tre\u015bci.  <\/p>\n<p>Podczas tej rejestracji U\u017bYTKOWNIK b\u0119dzie odpowiedzialny za podanie prawdziwych i zgodnych z prawem informacji. W wyniku tej rejestracji U\u017bYTKOWNIK mo\u017ce otrzyma\u0107 has\u0142o, za kt\u00f3re b\u0119dzie odpowiedzialny, zobowi\u0105zuj\u0105c si\u0119 do starannego i poufnego korzystania z niego. U\u017bYTKOWNIK zobowi\u0105zuje si\u0119 do odpowiedniego korzystania z tre\u015bci i us\u0142ug (takich jak us\u0142ugi czatu, fora dyskusyjne lub grupy dyskusyjne), kt\u00f3re AJ TECNO INNOVACIONS, S.L. oferuje za po\u015brednictwem swojego portalu i tytu\u0142em przyk\u0142adu, ale nie wy\u0142\u0105cznie, niewykorzystywanie ich do (I) anga\u017cowania si\u0119 w nielegalne, nielegalne lub sprzeczne z dobr\u0105 wiar\u0105 i porz\u0105dkiem publicznym dzia\u0142ania; (II) rozpowszechniania tre\u015bci lub propagandy o charakterze rasistowskim, ksenofobicznym, pornograficzno-nielegalnym, propaguj\u0105cych terroryzm lub naruszaj\u0105cych prawa cz\u0142owieka; (III) powodowa\u0107 uszkodzenia system\u00f3w fizycznych i logicznych firmy AJ TECNO INNOVACIONS, S.L., jej dostawc\u00f3w lub os\u00f3b trzecich, wprowadza\u0107 lub rozprzestrzenia\u0107 wirusy komputerowe w sieci lub innych systemach fizycznych lub logicznych, kt\u00f3re mog\u0105 spowodowa\u0107 wy\u017cej wymienione szkody; (IV) pr\u00f3bowa\u0107 uzyska\u0107 dost\u0119p i, w stosownych przypadkach, korzysta\u0107 z kont e-mail innych u\u017cytkownik\u00f3w oraz modyfikowa\u0107 je lub manipulowa\u0107 ich wiadomo\u015bciami.       <\/p>\n<p>AJ TECNO INNOVATIONS, S.L. zastrzega sobie prawo do wycofania wszelkich komentarzy i wpis\u00f3w naruszaj\u0105cych poszanowanie godno\u015bci osoby, dyskryminuj\u0105cych, ksenofobicznych, rasistowskich, pornograficznych, godz\u0105cych w m\u0142odo\u015b\u0107 lub dzieci\u0144stwo, porz\u0105dek lub bezpiecze\u0144stwo publiczne lub kt\u00f3re w ich mniemaniu nie by\u0142yby nadaje si\u0119 do publikacji. W ka\u017cdym razie AJ TECNO INNOVACIONS, S.L. nie b\u0119dzie odpowiada\u0107 za opinie wyra\u017cane przez u\u017cytkownik\u00f3w za po\u015brednictwem for\u00f3w, czat\u00f3w lub innych narz\u0119dzi uczestnictwa. <\/p>\n<\/p>\n<p><strong><u>W\u0141ASNO\u015a\u0106 INTELEKTUALNA I PRZEMYS\u0141OWA &#8211; Nota prawna<\/u><\/strong><\/p>\n<p>AJ TECNO INNOVATIONS, S.L. samodzielnie lub jako cesjonariusz jest w\u0142a\u015bcicielem wszelkich praw w\u0142asno\u015bci intelektualnej i przemys\u0142owej do swojej witryny internetowej oraz element\u00f3w w niej zawartych (na przyk\u0142ad obraz\u00f3w, d\u017awi\u0119ku, d\u017awi\u0119ku, wideo, oprogramowania lub tekst\u00f3w; marek lub logo) , zestawienia kolorystyczne, konstrukcja i design, dob\u00f3r u\u017cytych materia\u0142\u00f3w, programy komputerowe niezb\u0119dne do jego dzia\u0142ania, dost\u0119p i u\u017cytkowanie itp.), <a href=\"https:\/\/cultura.gva.es\/es\/web\/deposito-legal-propiedad-intelectual\/oficina-de-reg.-de-la-propiedad\" rel=\"noopener\">w\u0142asno\u015b\u0107<\/a> AJ TECNO INNOVACIONS, S.L. lub jego licencjodawc\u00f3w.<\/p>\n<p><strong>Wszelkie prawa zastrze\u017cone:<\/strong> Na mocy postanowie\u0144 artyku\u0142\u00f3w 8 i 32.1 akapit drugi Ustawy o w\u0142asno\u015bci intelektualnej, powielanie, rozpowszechnianie i publiczne udost\u0119pnianie, w tym spos\u00f3b udost\u0119pniania, ca\u0142o\u015bci lub cz\u0119\u015bci tre\u015bci niniejszej internetowej, w celach komercyjnych, na jakimkolwiek no\u015bniku i przy u\u017cyciu jakichkolwiek \u015brodk\u00f3w technicznych, bez zgody AJ TECNO INNOVACIONS, S.L.. <\/p>\n<p>U\u017bYTKOWNIK zobowi\u0105zuje si\u0119 do przestrzegania praw w\u0142asno\u015bci intelektualnej i przemys\u0142owej przys\u0142uguj\u0105cych firmie AJ TECNO INNOVACIONS, S.L.. Elementy portalu mo\u017cna przegl\u0105da\u0107, a nawet drukowa\u0107, kopiowa\u0107 i przechowywa\u0107 na dysku twardym swojego komputera lub na innym no\u015bniku fizycznym tak d\u0142ugo, jak d\u0142ugo tak jak jest, wy\u0142\u0105cznie i wy\u0142\u0105cznie do u\u017cytku osobistego i prywatnego. U\u017bYTKOWNIK musi powstrzyma\u0107 si\u0119 od usuwania, modyfikowania, omijania lub manipulowania jakimkolwiek urz\u0105dzeniem ochronnym lub systemem bezpiecze\u0144stwa zainstalowanym na stronach AJ TECNO INNOVACIONS, S.L.  <\/p>\n<\/p>\n<p><strong><u>WY\u0141\u0104CZENIE GWARANCJI I ODPOWIEDZIALNO\u015aCI &#8211; Nota prawna<\/u><\/strong><\/p>\n<p>AJ TECNO INNOVATIONS, S.L. nie ponosi w \u017cadnym przypadku odpowiedzialno\u015bci za szkody jakiegokolwiek rodzaju, kt\u00f3re mog\u0105 powsta\u0107, na przyk\u0142ad: b\u0142\u0119dy lub pomini\u0119cia w tre\u015bci, brak dost\u0119pno\u015bci portalu lub przeniesienie w tre\u015bci wirus\u00f3w lub z\u0142o\u015bliwych lub szkodliwych program\u00f3w. , pomimo przyj\u0119cia wszystkich niezb\u0119dnych \u015brodk\u00f3w technologicznych, aby tego unikn\u0105\u0107.<\/p>\n<\/p>\n<p><strong><u>MODYFIKACJE &#8211; Nota prawna<\/u><\/strong><\/p>\n<p>AJ TECNO INNOVATIONS, S.L. zastrzega sobie prawo do wprowadzania bez wcze\u015bniejszego powiadomienia zmian, jakie uzna za stosowne w swoim portalu, a tak\u017ce mo\u017ce zmienia\u0107, usuwa\u0107 lub dodawa\u0107 zar\u00f3wno tre\u015bci i us\u0142ugi udost\u0119pniane za jego po\u015brednictwem, jak i spos\u00f3b ich prezentacji lub lokalizacji w swoim portalu internetowym.<\/p>\n<\/p>\n<p><strong><u>LINKI &#8211; Nota prawna<\/u><\/strong><\/p>\n<p>W przypadku, gdy WWW.BRIOULTRASONICS.COM zawiera \u0142\u0105cza lub hiper\u0142\u0105cza do innych stron internetowych, AJ TECNO INNOVACIONS, S.L. nie b\u0119dzie sprawowa\u0107 \u017cadnej kontroli nad wspomnianymi witrynami i tre\u015bciami. W \u017cadnym wypadku firma AJ TECNO INNOVACIONS, S.L. nie ponosi \u017cadnej odpowiedzialno\u015bci za zawarto\u015b\u0107 link\u00f3w nale\u017c\u0105cych do stron internetowych os\u00f3b trzecich ani nie gwarantuje dost\u0119pno\u015bci technicznej, jako\u015bci, niezawodno\u015bci, dok\u0142adno\u015bci, zakresu, prawdziwo\u015bci, wa\u017cno\u015bci i zgodno\u015bci z konstytucj\u0105 jakichkolwiek materia\u0142\u00f3w lub informacji zawartych w kt\u00f3rymkolwiek z wymienionych hiper\u0142\u0105czy lub inne strony internetowe. <\/p>\n<\/p>\n<p>Podobnie w\u0142\u0105czenie tych powi\u0105za\u0144 zewn\u0119trznych nie b\u0119dzie oznacza\u0107 \u017cadnego rodzaju stowarzyszenia, fuzji lub uczestnictwa w powi\u0105zanych podmiotach.<\/p>\n<\/p>\n<p><strong><u>PRAWO WYKLUCZENIA<\/u><\/strong><\/p>\n<p>AJ TECNO INNOVATIONS, S.L. zastrzega sobie prawo do odmowy lub wycofania dost\u0119pu do portalu i\/lub oferowanych us\u0142ug bez uprzedzenia, na w\u0142asn\u0105 pro\u015bb\u0119 lub na pro\u015bb\u0119 osoby trzeciej, tym u\u017cytkownikom, kt\u00f3rzy nie przestrzegaj\u0105 niniejszych Og\u00f3lnych Warunk\u00f3w Korzystania.<\/p>\n<\/p>\n<p><strong><u>POSTANOWIENIA OG\u00d3LNE &#8211; Nota prawna<\/u><\/strong><\/p>\n<p>AJ TECNO INNOVATIONS, S.L. b\u0119dzie \u015bciga\u0107 nieprzestrzeganie niniejszych warunk\u00f3w, a tak\u017ce niew\u0142a\u015bciwe korzystanie ze swojego portalu, podejmuj\u0105c wszelkie dzia\u0142ania cywilne i karne, kt\u00f3re mog\u0105 mu odpowiada\u0107 na mocy prawa.<\/p>\n<\/p>\n<p><strong><u>MODYFIKACJA NINIEJSZYCH WARUNK\u00d3W I CZAS TRWANIA &#8211; Nota prawna<\/u><\/strong><\/p>\n<p><a href=\"https:\/\/brioultrasonics.com\/empresa\/\">AJ TECNO INNOVATIONS, S.L.<\/a> mo\u017ce w dowolnym momencie zmieni\u0107 warunki okre\u015blone w niniejszym dokumencie, po czym zostan\u0105 one odpowiednio opublikowane w formie, w jakiej si\u0119 tutaj pojawiaj\u0105.<\/p>\n<p>Wa\u017cno\u015b\u0107 powy\u017cszych warunk\u00f3w b\u0119dzie uzale\u017cniona od ich ekspozycji i b\u0119dzie obowi\u0105zywa\u0107 do czasu ich modyfikacji przez inne, nale\u017cycie opublikowane.<\/p>\n<\/p>\n<p><strong><u>OBOWI\u0104ZUJ\u0104CE PRAWO I JURYSDYKCJA &#8211; BRIO Ultrasonics<\/u><\/strong><\/p>\n<p>Zasady i warunki reguluj\u0105ce t\u0119 stron\u0119 internetow\u0105, a tak\u017ce relacje, kt\u00f3re mog\u0105 z tego wynikn\u0105\u0107, s\u0105 chronione i podlegaj\u0105 ustawodawstwu hiszpa\u0144skiemu. W celu rozstrzygni\u0119cia wszelkiego rodzaju kontrowersji, spor\u00f3w s\u0105dowych lub rozbie\u017cno\u015bci, kt\u00f3re mog\u0105 powsta\u0107 pomi\u0119dzy U\u017bYTKOWNIKIEM a firm\u0105 AJ TECNO INNOVACIONS, S.L. Korzystaj\u0105c z tej witryny, wyra\u017casz zgod\u0119 na przed\u0142o\u017cenie ich S\u0105dom i Trybuna\u0142om w Walencji w Hiszpanii. <\/p>\n\t\t\t\t\t\t\t\t<\/div>\n\t\t\t\t<\/div>\n\t\t\t\t<\/div>\n\t\t\t\t\t<\/div>\n\t\t\t\t<\/div>\n\t\t\t\t<\/div>\n\t\t","protected":false},"excerpt":{"rendered":"<p>Nota prawna Wprowadzenie \u2013 Nota prawna Dost\u0119p do tej witryny oznacza znajomo\u015b\u0107 i akceptacj\u0119 poni\u017cszych warunk\u00f3w i atrybut\u00f3w statusu u\u017cytkownika witryny, a dost\u0119p do niej oznacza jego akceptacj\u0119 bez zastrze\u017ce\u0144. Je\u015bli nie akceptujesz klauzul okre\u015blonych w niniejszej Informacji prawnej, u\u017cytkownik musi powstrzyma\u0107 si\u0119 od dost\u0119pu i\/lub korzystania z us\u0142ug i\/lub tre\u015bci udost\u0119pnionych na stronie, a [&hellip;]<\/p>\n","protected":false},"author":1,"featured_media":0,"parent":0,"menu_order":0,"comment_status":"closed","ping_status":"closed","template":"","meta":{"_joinchat":[],"footnotes":""},"class_list":["post-66020","page","type-page","status-publish","hentry"],"_links":{"self":[{"href":"https:\/\/brioultrasonics.com\/pl\/wp-json\/wp\/v2\/pages\/66020","targetHints":{"allow":["GET"]}}],"collection":[{"href":"https:\/\/brioultrasonics.com\/pl\/wp-json\/wp\/v2\/pages"}],"about":[{"href":"https:\/\/brioultrasonics.com\/pl\/wp-json\/wp\/v2\/types\/page"}],"author":[{"embeddable":true,"href":"https:\/\/brioultrasonics.com\/pl\/wp-json\/wp\/v2\/users\/1"}],"replies":[{"embeddable":true,"href":"https:\/\/brioultrasonics.com\/pl\/wp-json\/wp\/v2\/comments?post=66020"}],"version-history":[{"count":1,"href":"https:\/\/brioultrasonics.com\/pl\/wp-json\/wp\/v2\/pages\/66020\/revisions"}],"predecessor-version":[{"id":66021,"href":"https:\/\/brioultrasonics.com\/pl\/wp-json\/wp\/v2\/pages\/66020\/revisions\/66021"}],"wp:attachment":[{"href":"https:\/\/brioultrasonics.com\/pl\/wp-json\/wp\/v2\/media?parent=66020"}],"curies":[{"name":"wp","href":"https:\/\/api.w.org\/{rel}","templated":true}]}}