{"id":66936,"date":"2024-04-18T00:50:53","date_gmt":"2024-04-17T22:50:53","guid":{"rendered":"https:\/\/brioultrasonics.com\/bedrijf\/"},"modified":"2025-01-22T14:04:57","modified_gmt":"2025-01-22T13:04:57","slug":"bedrijf","status":"publish","type":"page","link":"https:\/\/brioultrasonics.com\/nl\/bedrijf\/","title":{"rendered":"Bedrijf"},"content":{"rendered":"\t\t<div data-elementor-type=\"wp-page\" data-elementor-id=\"66936\" class=\"elementor elementor-66936 elementor-27\" data-elementor-post-type=\"page\">\n\t\t\t\t<div class=\"elementor-element elementor-element-1569a192 e-flex e-con-boxed e-con e-parent\" data-id=\"1569a192\" data-element_type=\"container\" data-e-type=\"container\" data-settings=\"{&quot;background_background&quot;:&quot;classic&quot;}\">\n\t\t\t\t\t<div class=\"e-con-inner\">\n\t\t\t\t<div class=\"elementor-element elementor-element-2c4f1012 elementor-invisible elementor-widget elementor-widget-heading\" data-id=\"2c4f1012\" data-element_type=\"widget\" data-e-type=\"widget\" data-settings=\"{&quot;_animation&quot;:&quot;fadeIn&quot;}\" data-widget_type=\"heading.default\">\n\t\t\t\t<div class=\"elementor-widget-container\">\n\t\t\t\t\t<h1 class=\"elementor-heading-title elementor-size-default\">A&amp;J TECNO INNOVACIONS - BRIO Ultrasonics<\/h1>\t\t\t\t<\/div>\n\t\t\t\t<\/div>\n\t\t\t\t\t<\/div>\n\t\t\t\t<\/div>\n\t\t<div class=\"elementor-element elementor-element-9e87ed8 e-flex e-con-boxed e-con e-parent\" data-id=\"9e87ed8\" data-element_type=\"container\" data-e-type=\"container\">\n\t\t\t\t\t<div class=\"e-con-inner\">\n\t\t<div class=\"elementor-element elementor-element-5e15d72 e-con-full animated-slow e-flex elementor-invisible e-con e-child\" data-id=\"5e15d72\" data-element_type=\"container\" data-e-type=\"container\" data-settings=\"{&quot;background_background&quot;:&quot;classic&quot;,&quot;animation&quot;:&quot;fadeIn&quot;}\">\n\t\t\t\t<\/div>\n\t\t<div class=\"elementor-element elementor-element-7d303e8 e-con-full e-flex e-con e-child\" data-id=\"7d303e8\" data-element_type=\"container\" data-e-type=\"container\">\n\t\t\t\t<div class=\"elementor-element elementor-element-5d8b851 elementor-widget elementor-widget-heading\" data-id=\"5d8b851\" data-element_type=\"widget\" data-e-type=\"widget\" data-widget_type=\"heading.default\">\n\t\t\t\t<div class=\"elementor-widget-container\">\n\t\t\t\t\t<h2 class=\"elementor-heading-title elementor-size-default\">Ons<\/h2>\t\t\t\t<\/div>\n\t\t\t\t<\/div>\n\t\t\t\t<div class=\"elementor-element elementor-element-e0468f2 elementor-widget elementor-widget-text-editor\" data-id=\"e0468f2\" data-element_type=\"widget\" data-e-type=\"widget\" data-widget_type=\"text-editor.default\">\n\t\t\t\t<div class=\"elementor-widget-container\">\n\t\t\t\t\t\t\t\t\t<p>Al meer dan 30 jaar werkt het team van A&amp;J Tecno Innovacions S.L. is gewijd aan het ontwerp, de productie en de nationale en internationale verkoop van industri\u00eble reinigingsmachines, met name <a href=\"https:\/\/brioultrasonics.com\/nl\/machines-en-oplossingen\/\">ultrasoon reinigen<\/a>.<\/p>\n<p>We worden altijd gekenmerkt door onze sterke R&amp;D&amp;I-focus en een constante zorg om de impact op het milieu en de energiekosten van elke toepassing te verminderen, terwijl we de beste resultaten behouden.<\/p>\n<p>BRIO AJTECNO ULTRASONICS is het merk waaronder wij al onze ultrasone reinigingsapparatuur en -technologie verzamelen. BRIO, een naam die onze waarden van betrouwbaarheid, energie-effici\u00ebntie en superieure, schone afwerkingen vertegenwoordigt. De vrucht van jarenlang onderzoek en constante verbetering op dit gebied, waarin we exclusieve innovaties hebben gerealiseerd die onze teams ook hebben.  <\/p>\n\t\t\t\t\t\t\t\t<\/div>\n\t\t\t\t<\/div>\n\t\t\t\t<\/div>\n\t\t<div class=\"elementor-element elementor-element-9acb674 e-con-full animated-slow e-flex elementor-invisible e-con e-child\" data-id=\"9acb674\" data-element_type=\"container\" data-e-type=\"container\" data-settings=\"{&quot;background_background&quot;:&quot;classic&quot;,&quot;animation&quot;:&quot;fadeIn&quot;}\">\n\t\t\t\t<\/div>\n\t\t<div class=\"elementor-element elementor-element-0b3e13c e-con-full e-flex e-con e-child\" data-id=\"0b3e13c\" data-element_type=\"container\" data-e-type=\"container\">\n\t\t\t\t<div class=\"elementor-element elementor-element-333c0b3 elementor-widget elementor-widget-heading\" data-id=\"333c0b3\" data-element_type=\"widget\" data-e-type=\"widget\" data-widget_type=\"heading.default\">\n\t\t\t\t<div class=\"elementor-widget-container\">\n\t\t\t\t\t<h2 class=\"elementor-heading-title elementor-size-default\">BRIO Ultrasoon\nin de wereld<\/h2>\t\t\t\t<\/div>\n\t\t\t\t<\/div>\n\t\t\t\t<div class=\"elementor-element elementor-element-16663f0 elementor-widget elementor-widget-text-editor\" data-id=\"16663f0\" data-element_type=\"widget\" data-e-type=\"widget\" data-widget_type=\"text-editor.default\">\n\t\t\t\t<div class=\"elementor-widget-container\">\n\t\t\t\t\t\t\t\t\t<p>Wij vervaardigen reinigingsmachines voor bedrijven over de hele wereld. Noorwegen, Groot-Brittanni\u00eb, Tsjechi\u00eb, Colombia, Ecuador, Chili, Portugal en Marokko zijn slechts enkele van de landen waarnaar wij onze apparatuur hebben ge\u00ebxporteerd. <\/p>\n<p>Ons doel is om ons over de hele wereld bekend te maken zodat onze exclusieve BRIO ultrasone reinigingstechnologie alle bedrijven kan bedienen die deze nodig hebben, ongeacht hun herkomst of sector.<\/p>\n\t\t\t\t\t\t\t\t<\/div>\n\t\t\t\t<\/div>\n\t\t\t\t<\/div>\n\t\t\t\t\t<\/div>\n\t\t\t\t<\/div>\n\t\t<div class=\"elementor-element elementor-element-24b022e e-con-full e-flex e-con e-parent\" data-id=\"24b022e\" data-element_type=\"container\" data-e-type=\"container\">\n\t\t<div class=\"elementor-element elementor-element-2d0e107 e-con-full e-flex e-con e-child\" data-id=\"2d0e107\" data-element_type=\"container\" data-e-type=\"container\">\n\t\t\t\t<div class=\"elementor-element elementor-element-4a6930d elementor-widget elementor-widget-heading\" data-id=\"4a6930d\" data-element_type=\"widget\" data-e-type=\"widget\" data-widget_type=\"heading.default\">\n\t\t\t\t<div class=\"elementor-widget-container\">\n\t\t\t\t\t<h2 class=\"elementor-heading-title elementor-size-default\">Waarden<\/h2>\t\t\t\t<\/div>\n\t\t\t\t<\/div>\n\t\t\t\t<div class=\"elementor-element elementor-element-4342024 elementor-widget elementor-widget-text-editor\" data-id=\"4342024\" data-element_type=\"widget\" data-e-type=\"widget\" data-widget_type=\"text-editor.default\">\n\t\t\t\t<div class=\"elementor-widget-container\">\n\t\t\t\t\t\t\t\t\t<p>Inzet. Garantie. Aanpassingsvermogen. Dit zijn de waarden die de cultuur van BRIO defini\u00ebren, een leidraad voor ons dagelijks werk.   <\/p>\n\t\t\t\t\t\t\t\t<\/div>\n\t\t\t\t<\/div>\n\t\t\t\t<\/div>\n\t\t<div class=\"elementor-element elementor-element-85e846f e-con-full e-flex elementor-invisible e-con e-child\" data-id=\"85e846f\" data-element_type=\"container\" data-e-type=\"container\" data-settings=\"{&quot;background_background&quot;:&quot;classic&quot;,&quot;animation&quot;:&quot;fadeIn&quot;,&quot;animation_delay&quot;:50}\">\n\t\t\t\t<\/div>\n\t\t<div class=\"elementor-element elementor-element-ce1b1a2 e-con-full e-flex e-con e-child\" data-id=\"ce1b1a2\" data-element_type=\"container\" data-e-type=\"container\">\n\t\t\t\t<div class=\"elementor-element elementor-element-0cc480d elementor-widget elementor-widget-heading\" data-id=\"0cc480d\" data-element_type=\"widget\" data-e-type=\"widget\" data-widget_type=\"heading.default\">\n\t\t\t\t<div class=\"elementor-widget-container\">\n\t\t\t\t\t<h2 class=\"elementor-heading-title elementor-size-default\">Missie<\/h2>\t\t\t\t<\/div>\n\t\t\t\t<\/div>\n\t\t\t\t<div class=\"elementor-element elementor-element-90b3486 elementor-widget elementor-widget-text-editor\" data-id=\"90b3486\" data-element_type=\"widget\" data-e-type=\"widget\" data-widget_type=\"text-editor.default\">\n\t\t\t\t<div class=\"elementor-widget-container\">\n\t\t\t\t\t\t\t\t\t<p>Bied schoonmaakapparatuur aan de industrie, met innovaties die de productiviteit, de energie-effici\u00ebntie en het <a href=\"https:\/\/european-union.europa.eu\/priorities-and-actions\/actions-topic\/environment_es\" rel=\"noopener\">milieurespect <\/a>van bedrijven verbeteren.<\/p>\n\t\t\t\t\t\t\t\t<\/div>\n\t\t\t\t<\/div>\n\t\t\t\t<\/div>\n\t\t<div class=\"elementor-element elementor-element-cb75ae4 e-con-full e-flex elementor-invisible e-con e-child\" data-id=\"cb75ae4\" data-element_type=\"container\" data-e-type=\"container\" data-settings=\"{&quot;background_background&quot;:&quot;classic&quot;,&quot;animation&quot;:&quot;fadeIn&quot;,&quot;animation_delay&quot;:50}\">\n\t\t\t\t<\/div>\n\t\t\t\t<\/div>\n\t\t\t\t<\/div>\n\t\t","protected":false},"excerpt":{"rendered":"<p>A&amp;J TECNO INNOVACIONS &#8211; BRIO Ultrasonics Ons Al meer dan 30 jaar werkt het team van A&amp;J Tecno Innovacions S.L. is gewijd aan het ontwerp, de productie en de nationale en internationale verkoop van industri\u00eble reinigingsmachines, met name ultrasoon reinigen. We worden altijd gekenmerkt door onze sterke R&amp;D&amp;I-focus en een constante zorg om de impact [&hellip;]<\/p>\n","protected":false},"author":1,"featured_media":0,"parent":0,"menu_order":0,"comment_status":"closed","ping_status":"closed","template":"","meta":{"_joinchat":[],"footnotes":""},"class_list":["post-66936","page","type-page","status-publish","hentry"],"_links":{"self":[{"href":"https:\/\/brioultrasonics.com\/nl\/wp-json\/wp\/v2\/pages\/66936","targetHints":{"allow":["GET"]}}],"collection":[{"href":"https:\/\/brioultrasonics.com\/nl\/wp-json\/wp\/v2\/pages"}],"about":[{"href":"https:\/\/brioultrasonics.com\/nl\/wp-json\/wp\/v2\/types\/page"}],"author":[{"embeddable":true,"href":"https:\/\/brioultrasonics.com\/nl\/wp-json\/wp\/v2\/users\/1"}],"replies":[{"embeddable":true,"href":"https:\/\/brioultrasonics.com\/nl\/wp-json\/wp\/v2\/comments?post=66936"}],"version-history":[{"count":4,"href":"https:\/\/brioultrasonics.com\/nl\/wp-json\/wp\/v2\/pages\/66936\/revisions"}],"predecessor-version":[{"id":67594,"href":"https:\/\/brioultrasonics.com\/nl\/wp-json\/wp\/v2\/pages\/66936\/revisions\/67594"}],"wp:attachment":[{"href":"https:\/\/brioultrasonics.com\/nl\/wp-json\/wp\/v2\/media?parent=66936"}],"curies":[{"name":"wp","href":"https:\/\/api.w.org\/{rel}","templated":true}]}}