{"id":60426,"date":"2024-05-20T10:48:19","date_gmt":"2024-05-20T08:48:19","guid":{"rendered":"https:\/\/quizzical-gagarin.31-170-100-185.plesk.page\/producto\/br-150-pro\/"},"modified":"2025-04-07T10:08:40","modified_gmt":"2025-04-07T08:08:40","slug":"br-150-pro","status":"publish","type":"product","link":"https:\/\/brioultrasonics.com\/it\/prodotto\/br-150-pro\/","title":{"rendered":"BR-150 PRO"},"content":{"rendered":"<p>BR-150 PRO. Macchina per la pulizia ad ultrasuoni.<\/p>\n<table>\n<tbody>\n<tr>\n<strong><\/p>\n<td>Misure esterne della macchina<\/td>\n<p><\/strong><\/p>\n<td> 1.500x980x1.510 mm<\/td>\n<\/tr>\n<tr>\n<strong><\/p>\n<td>Misure interne del serbatoio<\/td>\n<p><\/strong><\/p>\n<td> 710x500x540 mm<\/td>\n<\/tr>\n<tr>\n<strong><\/p>\n<td>Dimensioni utili del portapacchi<\/td>\n<p><\/strong><\/p>\n<td> 680x435x335 mm<\/td>\n<\/tr>\n<tr>\n<strong><\/p>\n<td>Altezza del piano di lavoro<\/td>\n<p><\/strong><\/p>\n<td> 970 mm<\/td>\n<\/tr>\n<tr>\n<strong><\/p>\n<td>Capacit\u00e0 del serbatoio<\/td>\n<p><\/strong><\/p>\n<td> 183 L<\/td>\n<\/tr>\n<tr>\n<td><strong>Potenza del generatore di ultrasuoni<br \/>\n<\/strong><\/td>\n<td>1.000 W (2.000 W pp)<\/td>\n<\/tr>\n<tr>\n<strong><\/p>\n<td>Frequenza di lavoro degli ultrasuoni<\/td>\n<p><\/strong><\/p>\n<td> 28\/40 kHz<\/td>\n<\/tr>\n<tr>\n<strong><\/p>\n<td>Resistenza al calore<\/td>\n<p><\/strong><\/p>\n<td> 3,75 kW<\/td>\n<\/tr>\n<tr>\n<strong><\/p>\n<td>Carico massimo di sollevamento<\/td>\n<p><\/strong><\/p>\n<td> 80 kg<\/td>\n<\/tr>\n<tr>\n<strong><\/p>\n<td>Capacit\u00e0 serbatoio ausiliario<\/td>\n<p><\/strong><\/p>\n<td> 28 L<\/td>\n<\/tr>\n<tr>\n<td colspan=\"2\"><strong>Pannello touch intuitivo a colori da 4,3 pollici. <\/strong>Controllo e programmazione del ciclo di lavaggio e delle fasce orarie. Sistema con automatismo e modulo temperatura.  <\/td>\n<\/tr>\n<tr>\n<td colspan=\"2\"><strong>\u00d6ldrucksystem. <\/strong>Exklusives \u00d6ldekantierungssystem durch Laminar-Sweep. Verl\u00e4ngert die Nutzungsdauer der Fl\u00fcssigkeit gegen S\u00e4ttigung.  <\/td>\n<\/tr>\n<tr>\n<td colspan=\"2\"><strong>Battere in ascensore.<\/strong> Hin- und Herbewegung, um den freigesetzten Schmutz von der Oberfl\u00e4che des Werkst\u00fccks zu trennen.<\/td>\n<\/tr>\n<tr>\n<td colspan=\"2\"><strong>Coperchio manuale<\/strong> con isolamento termico opzionale.<\/td>\n<\/tr>\n<tr>\n<td colspan=\"2\">Costruzione in acciaio INOX AISI 304\/316<\/td>\n<\/tr>\n<\/tbody>\n<\/table>\n<p>&nbsp;<\/p>\n<p><strong>Scarica la scheda tecnica completa:<\/strong><\/p>\n<p><a href=\"https:\/\/brioultrasonics.com\/\/wp-content\/uploads\/2024\/06\/Maquina-limpieza-ultrasonidos-BRIO-Ultrasonics-Ficha-tecnica-BR-150-PRO.pdf\" target=\"_blank\" rel=\"noopener\"><img decoding=\"async\" class=\"alignnone wp-image-1322 size-full\" src=\"https:\/\/brioultrasonics.com\/\/wp-content\/uploads\/2024\/05\/imagen-de-descarga.png\" alt=\"\" width=\"115\" height=\"150\" title=\"\"><\/a><\/p>\n","protected":false},"excerpt":{"rendered":"<p>Attrezzatura automatica per la pulizia ad ultrasuoni BR-150 PRO con capacit\u00e0 di 150 litri. Esclusiva tecnologia <a href=\"https:\/\/aspromec.org\/Mecanizadores\/brio-ultrasonics\/\">BRIO<\/a> tre volte pi\u00f9 efficiente dei sistemi convenzionali. <\/p>\n","protected":false},"featured_media":58952,"comment_status":"open","ping_status":"closed","template":"","meta":{"_joinchat":[]},"product_brand":[],"product_cat":[116],"product_tag":[],"class_list":{"0":"post-60426","1":"product","2":"type-product","3":"status-publish","4":"has-post-thumbnail","6":"product_cat-serie-pro-it","8":"first","9":"instock","10":"downloadable","11":"virtual","12":"product-type-simple"},"_links":{"self":[{"href":"https:\/\/brioultrasonics.com\/it\/wp-json\/wp\/v2\/product\/60426","targetHints":{"allow":["GET"]}}],"collection":[{"href":"https:\/\/brioultrasonics.com\/it\/wp-json\/wp\/v2\/product"}],"about":[{"href":"https:\/\/brioultrasonics.com\/it\/wp-json\/wp\/v2\/types\/product"}],"replies":[{"embeddable":true,"href":"https:\/\/brioultrasonics.com\/it\/wp-json\/wp\/v2\/comments?post=60426"}],"version-history":[{"count":1,"href":"https:\/\/brioultrasonics.com\/it\/wp-json\/wp\/v2\/product\/60426\/revisions"}],"predecessor-version":[{"id":68137,"href":"https:\/\/brioultrasonics.com\/it\/wp-json\/wp\/v2\/product\/60426\/revisions\/68137"}],"wp:featuredmedia":[{"embeddable":true,"href":"https:\/\/brioultrasonics.com\/it\/wp-json\/wp\/v2\/media\/58952"}],"wp:attachment":[{"href":"https:\/\/brioultrasonics.com\/it\/wp-json\/wp\/v2\/media?parent=60426"}],"wp:term":[{"taxonomy":"product_brand","embeddable":true,"href":"https:\/\/brioultrasonics.com\/it\/wp-json\/wp\/v2\/product_brand?post=60426"},{"taxonomy":"product_cat","embeddable":true,"href":"https:\/\/brioultrasonics.com\/it\/wp-json\/wp\/v2\/product_cat?post=60426"},{"taxonomy":"product_tag","embeddable":true,"href":"https:\/\/brioultrasonics.com\/it\/wp-json\/wp\/v2\/product_tag?post=60426"}],"curies":[{"name":"wp","href":"https:\/\/api.w.org\/{rel}","templated":true}]}}