{"id":60411,"date":"2024-05-21T10:16:44","date_gmt":"2024-05-21T08:16:44","guid":{"rendered":"https:\/\/quizzical-gagarin.31-170-100-185.plesk.page\/producto\/br-650-pro\/"},"modified":"2025-04-07T11:18:09","modified_gmt":"2025-04-07T09:18:09","slug":"br-650-pro","status":"publish","type":"product","link":"https:\/\/brioultrasonics.com\/it\/prodotto\/br-650-pro\/","title":{"rendered":"BR-650 PRO"},"content":{"rendered":"<table>\n<tbody>\n<tr>\n<strong><\/p>\n<td>Misure esterne della macchina<\/td>\n<p><\/strong><\/p>\n<td> 2.260\u00d71.560\u00d71.700 mm<\/td>\n<\/tr>\n<tr>\n<strong><\/p>\n<td>Misure interne del serbatoio<\/td>\n<p><\/strong><\/p>\n<td> 1.300x780x680 mm<\/td>\n<\/tr>\n<tr>\n<strong><\/p>\n<td>Dimensioni utili del portapacchi<\/td>\n<p><\/strong><\/p>\n<td> 1.250x675x485 mm<\/td>\n<\/tr>\n<tr>\n<strong><\/p>\n<td>Altezza del piano di lavoro<\/td>\n<p><\/strong><\/p>\n<td> 970 mm<\/td>\n<\/tr>\n<tr>\n<strong><\/p>\n<td>Capacit\u00e0 del serbatoio<\/td>\n<p><\/strong><\/p>\n<td> 680 L<\/td>\n<\/tr>\n<tr>\n<td><strong>Potenza del generatore di ultrasuoni<br \/>\n<\/strong><\/td>\n<td>4.000 W (8.000 W pp)<\/td>\n<\/tr>\n<tr>\n<strong><\/p>\n<td>Frequenza di lavoro degli ultrasuoni<\/td>\n<p><\/strong><\/p>\n<td> 28\/40 kHz<\/td>\n<\/tr>\n<tr>\n<strong><\/p>\n<td>Resistenza al calore<\/td>\n<p><\/strong><\/p>\n<td> 15 kW<\/td>\n<\/tr>\n<tr>\n<strong><\/p>\n<td>Carico massimo di sollevamento<\/td>\n<p><\/strong><\/p>\n<td> 400 kg<\/td>\n<\/tr>\n<tr>\n<strong><\/p>\n<td>Capacit\u00e0 serbatoio ausiliario<\/td>\n<p><\/strong><\/p>\n<td> 64 L<\/td>\n<\/tr>\n<tr>\n<td colspan=\"2\"><strong>Pannello touch intuitivo a colori da 4,3 pollici. <\/strong>Controllo e programmazione del ciclo di lavaggio e delle fasce orarie. Sistema con automatismo e modulo temperatura.  <\/td>\n<\/tr>\n<tr>\n<td colspan=\"2\"><strong>\u00d6ldrucksystem. <\/strong>Exklusives \u00d6ldekantierungssystem durch Laminar-Sweep. Verl\u00e4ngert die Nutzungsdauer der Fl\u00fcssigkeit gegen S\u00e4ttigung.  <\/td>\n<\/tr>\n<tr>\n<td colspan=\"2\"><strong>Battere in ascensore.<\/strong> Hin- und Herbewegung, um den freigesetzten Schmutz von der Oberfl\u00e4che des Werkst\u00fccks zu trennen.<\/td>\n<\/tr>\n<tr>\n<td colspan=\"2\"><strong>Coperchio manuale<\/strong> con isolamento termico opzionale.<\/td>\n<\/tr>\n<tr>\n<td colspan=\"2\">Costruzione in acciaio INOX AISI 304\/316<\/td>\n<\/tr>\n<\/tbody>\n<\/table>\n<p>&nbsp;<\/p>\n<p><strong>Scarica la scheda tecnica completa:<\/strong><\/p>\n<p><a href=\"https:\/\/brioultrasonics.com\/\/wp-content\/uploads\/2024\/06\/Maquina-limpieza-ultrasonidos-BRIO-Ultrasonics-Ficha-tecnica-BR-650-PRO.pdf\" target=\"_blank\" rel=\"noopener\"><img decoding=\"async\" class=\"alignnone wp-image-1322 size-full\" src=\"https:\/\/brioultrasonics.com\/\/wp-content\/uploads\/2024\/05\/imagen-de-descarga.png\" alt=\"\" width=\"115\" height=\"150\" title=\"\"><\/a><\/p>\n","protected":false},"excerpt":{"rendered":"<p>Attrezzatura automatica per la pulizia ad ultrasuoni con capacit\u00e0 di 650 litri. Esclusiva tecnologia BRIO tre volte pi\u00f9 efficiente dei sistemi convenzionali. <\/p>\n","protected":false},"featured_media":58096,"comment_status":"open","ping_status":"closed","template":"","meta":{"_joinchat":[]},"product_brand":[],"product_cat":[116],"product_tag":[],"class_list":{"0":"post-60411","1":"product","2":"type-product","3":"status-publish","4":"has-post-thumbnail","6":"product_cat-serie-pro-it","8":"first","9":"instock","10":"shipping-taxable","11":"product-type-simple"},"_links":{"self":[{"href":"https:\/\/brioultrasonics.com\/it\/wp-json\/wp\/v2\/product\/60411","targetHints":{"allow":["GET"]}}],"collection":[{"href":"https:\/\/brioultrasonics.com\/it\/wp-json\/wp\/v2\/product"}],"about":[{"href":"https:\/\/brioultrasonics.com\/it\/wp-json\/wp\/v2\/types\/product"}],"replies":[{"embeddable":true,"href":"https:\/\/brioultrasonics.com\/it\/wp-json\/wp\/v2\/comments?post=60411"}],"version-history":[{"count":1,"href":"https:\/\/brioultrasonics.com\/it\/wp-json\/wp\/v2\/product\/60411\/revisions"}],"predecessor-version":[{"id":68165,"href":"https:\/\/brioultrasonics.com\/it\/wp-json\/wp\/v2\/product\/60411\/revisions\/68165"}],"wp:featuredmedia":[{"embeddable":true,"href":"https:\/\/brioultrasonics.com\/it\/wp-json\/wp\/v2\/media\/58096"}],"wp:attachment":[{"href":"https:\/\/brioultrasonics.com\/it\/wp-json\/wp\/v2\/media?parent=60411"}],"wp:term":[{"taxonomy":"product_brand","embeddable":true,"href":"https:\/\/brioultrasonics.com\/it\/wp-json\/wp\/v2\/product_brand?post=60411"},{"taxonomy":"product_cat","embeddable":true,"href":"https:\/\/brioultrasonics.com\/it\/wp-json\/wp\/v2\/product_cat?post=60411"},{"taxonomy":"product_tag","embeddable":true,"href":"https:\/\/brioultrasonics.com\/it\/wp-json\/wp\/v2\/product_tag?post=60411"}],"curies":[{"name":"wp","href":"https:\/\/api.w.org\/{rel}","templated":true}]}}