{"id":60401,"date":"2024-05-21T10:29:56","date_gmt":"2024-05-21T08:29:56","guid":{"rendered":"https:\/\/quizzical-gagarin.31-170-100-185.plesk.page\/producto\/br-2000-pro\/"},"modified":"2024-10-25T08:29:56","modified_gmt":"2024-10-25T06:29:56","slug":"br-2000-pro","status":"publish","type":"product","link":"https:\/\/brioultrasonics.com\/it\/prodotto\/br-2000-pro\/","title":{"rendered":"BR-2000 PRO"},"content":{"rendered":"<table>\n<tbody>\n<tr>\n<strong><\/p>\n<td>Misure esterne della macchina<\/td>\n<p><\/strong><\/p>\n<td>2.950 x 1.900 x 2.520 mm<\/td>\n<\/tr>\n<tr>\n<strong><\/p>\n<td>Misure interne del serbatoio<\/td>\n<p><\/strong><\/p>\n<td> 1.760 x 1.195 x 1.170 mm<\/td>\n<\/tr>\n<tr>\n<strong><\/p>\n<td>Dimensioni utili del portapacchi<\/td>\n<p><\/strong><\/p>\n<td> 1.700 x 1.050 x 885 mm<\/td>\n<\/tr>\n<tr>\n<strong><\/p>\n<td>Altezza del piano di lavoro<\/td>\n<p><\/strong><\/p>\n<td> 1.455 mm<\/td>\n<\/tr>\n<tr>\n<strong><\/p>\n<td>Capacit\u00e0 del serbatoio<\/td>\n<p><\/strong><\/p>\n<td> 2.228 L<\/td>\n<\/tr>\n<tr>\n<strong><\/p>\n<td>Potenza del generatore di ultrasuoni<\/td>\n<p><\/strong><\/p>\n<td> 10.000 W (20.000 W p-p)<\/td>\n<\/tr>\n<tr>\n<strong><\/p>\n<td>Frequenza di lavoro degli ultrasuoni<\/td>\n<p><\/strong><\/p>\n<td> 28\/40 kHz<\/td>\n<\/tr>\n<tr>\n<strong><\/p>\n<td>Resistenza al calore<\/td>\n<p><\/strong><\/p>\n<td> 27 kW<\/td>\n<\/tr>\n<tr>\n<strong><\/p>\n<td>Carico massimo di sollevamento<\/td>\n<p><\/strong><\/p>\n<td> 1.100 kg<\/td>\n<\/tr>\n<tr>\n<strong><\/p>\n<td>Capacit\u00e0 serbatoio ausiliario<\/td>\n<p><\/strong><\/p>\n<td> 204 L<\/td>\n<\/tr>\n<tr>\n<td colspan=\"2\"><strong>Intuitives 7-Zoll-Farb-Touchpanel. <\/strong>Steuerung und Programmierung des Waschzyklus und der Zeitfenster. System mit Automat und Temperaturmodul.  <\/td>\n<\/tr>\n<tr>\n<td colspan=\"2\"><strong>\u00d6ldrucksystem. <\/strong>Exklusives \u00d6ldekantierungssystem durch Laminar-Sweep. Verl\u00e4ngert die Nutzungsdauer der Fl\u00fcssigkeit gegen S\u00e4ttigung.  <\/td>\n<\/tr>\n<tr>\n<td colspan=\"2\"><strong>Battere in ascensore.<\/strong> Hin- und Herbewegung, um den freigesetzten Schmutz von der Oberfl\u00e4che des Werkst\u00fccks zu trennen.<\/td>\n<\/tr>\n<tr>\n<td colspan=\"2\"><strong>Automatischer <\/strong>Deckel mit optionaler W\u00e4rmeisolierung.<\/td>\n<\/tr>\n<tr>\n<td colspan=\"2\">Costruzione in acciaio INOX AISI 304\/316<\/td>\n<\/tr>\n<\/tbody>\n<\/table>\n<p>&nbsp;<\/p>\n<p><strong>Scarica la scheda tecnica completa:<\/strong><\/p>\n<p><a href=\"https:\/\/brioultrasonics.com\/\/wp-content\/uploads\/2024\/10\/Vasche-a-Ultrasuoni-Brio-Ultrasonics-Scheda-tecnica-BR-2000-PRO.pdf\" target=\"_blank\" rel=\"noopener\"><img decoding=\"async\" class=\"alignnone wp-image-1322 size-full\" src=\"https:\/\/brioultrasonics.com\/\/wp-content\/uploads\/2024\/05\/imagen-de-descarga.png\" alt=\"\" width=\"115\" height=\"150\" title=\"\"><\/a><\/p>\n","protected":false},"excerpt":{"rendered":"<p>Attrezzatura automatica per la pulizia ad ultrasuoni con capacit\u00e0 di 2000 litri. Esclusiva tecnologia BRIO tre volte pi\u00f9 efficiente dei sistemi convenzionali. <\/p>\n","protected":false},"featured_media":58104,"comment_status":"open","ping_status":"closed","template":"","meta":{"_joinchat":[]},"product_brand":[],"product_cat":[116],"product_tag":[],"class_list":{"0":"post-60401","1":"product","2":"type-product","3":"status-publish","4":"has-post-thumbnail","6":"product_cat-serie-pro-it","8":"first","9":"instock","10":"shipping-taxable","11":"product-type-simple"},"_links":{"self":[{"href":"https:\/\/brioultrasonics.com\/it\/wp-json\/wp\/v2\/product\/60401","targetHints":{"allow":["GET"]}}],"collection":[{"href":"https:\/\/brioultrasonics.com\/it\/wp-json\/wp\/v2\/product"}],"about":[{"href":"https:\/\/brioultrasonics.com\/it\/wp-json\/wp\/v2\/types\/product"}],"replies":[{"embeddable":true,"href":"https:\/\/brioultrasonics.com\/it\/wp-json\/wp\/v2\/comments?post=60401"}],"version-history":[{"count":0,"href":"https:\/\/brioultrasonics.com\/it\/wp-json\/wp\/v2\/product\/60401\/revisions"}],"wp:featuredmedia":[{"embeddable":true,"href":"https:\/\/brioultrasonics.com\/it\/wp-json\/wp\/v2\/media\/58104"}],"wp:attachment":[{"href":"https:\/\/brioultrasonics.com\/it\/wp-json\/wp\/v2\/media?parent=60401"}],"wp:term":[{"taxonomy":"product_brand","embeddable":true,"href":"https:\/\/brioultrasonics.com\/it\/wp-json\/wp\/v2\/product_brand?post=60401"},{"taxonomy":"product_cat","embeddable":true,"href":"https:\/\/brioultrasonics.com\/it\/wp-json\/wp\/v2\/product_cat?post=60401"},{"taxonomy":"product_tag","embeddable":true,"href":"https:\/\/brioultrasonics.com\/it\/wp-json\/wp\/v2\/product_tag?post=60401"}],"curies":[{"name":"wp","href":"https:\/\/api.w.org\/{rel}","templated":true}]}}