{"id":60306,"date":"2024-05-21T10:47:24","date_gmt":"2024-05-21T08:47:24","guid":{"rendered":"https:\/\/quizzical-gagarin.31-170-100-185.plesk.page\/producto\/br-8000-pro\/"},"modified":"2024-11-14T11:46:40","modified_gmt":"2024-11-14T10:46:40","slug":"br-8000-pro","status":"publish","type":"product","link":"https:\/\/brioultrasonics.com\/it\/prodotto\/br-8000-pro\/","title":{"rendered":"BR-8000 PRO"},"content":{"rendered":"<table>\n<tbody>\n<tr>\n<strong><\/p>\n<td>Misure esterne della macchina<\/td>\n<p><\/strong><\/p>\n<td> 4.120 x 3.400 x 3.640 mm<\/td>\n<\/tr>\n<tr>\n<strong><\/p>\n<td>Misure interne del serbatoio<\/td>\n<p><\/strong><\/p>\n<td> 2.800 x 1.900 x 1.623 mm<\/td>\n<\/tr>\n<tr>\n<strong><\/p>\n<td>Dimensioni utili del portapacchi<\/td>\n<p><\/strong><\/p>\n<td> 2.750 x 1.800 x 1.335 mm<\/td>\n<\/tr>\n<tr>\n<strong><\/p>\n<td>Altezza del piano di lavoro<\/td>\n<p><\/strong><\/p>\n<td> 1.950 mm<\/td>\n<\/tr>\n<tr>\n<strong><\/p>\n<td>Capacit\u00e0 del serbatoio<\/td>\n<p><\/strong><\/p>\n<td> 8.634 L<\/td>\n<\/tr>\n<tr>\n<strong><\/p>\n<td>Potenza del generatore di ultrasuoni<\/td>\n<p><\/strong><\/p>\n<td> 25.000 W (50.000 W p-p)<\/td>\n<\/tr>\n<tr>\n<strong><\/p>\n<td>Frequenza di lavoro degli ultrasuoni<\/td>\n<p><\/strong><\/p>\n<td> 28\/40 kHz<\/td>\n<\/tr>\n<tr>\n<strong><\/p>\n<td>Resistenza al calore<\/td>\n<p><\/strong><\/p>\n<td> 63 kW<\/td>\n<\/tr>\n<tr>\n<strong><\/p>\n<td>Carico massimo di sollevamento<\/td>\n<p><\/strong><\/p>\n<td> 2000 \u2013 7500 kg<\/td>\n<\/tr>\n<tr>\n<strong><\/p>\n<td>Fassungsverm\u00f6gen des Hilfstanks<\/td>\n<p><\/strong><\/p>\n<td> 425 L<\/td>\n<\/tr>\n<tr>\n<td colspan=\"2\"><strong>Intuitives 7-Zoll-Farb-Touchpanel. <\/strong>Steuerung und Programmierung des Waschzyklus und der Zeitfenster. System mit Automat und Temperaturmodul.  <\/td>\n<\/tr>\n<tr>\n<td colspan=\"2\"><strong>\u00d6ldrucksystem. <\/strong>Exklusives \u00d6ldekantierungssystem durch Laminar-Sweep. Verl\u00e4ngert die Nutzungsdauer der Fl\u00fcssigkeit gegen S\u00e4ttigung.  <\/td>\n<\/tr>\n<tr>\n<td colspan=\"2\"><strong>Battere in ascensore.<\/strong> Hin- und Herbewegung, um den freigesetzten Schmutz von der Oberfl\u00e4che des Werkst\u00fccks zu trennen.<\/td>\n<\/tr>\n<tr>\n<td colspan=\"2\"><strong>Automatischer <\/strong>Deckel mit optionaler W\u00e4rmeisolierung.<\/td>\n<\/tr>\n<tr>\n<td colspan=\"2\">Costruzione in acciaio INOX AISI 304\/316<\/td>\n<\/tr>\n<\/tbody>\n<\/table>\n<p>&nbsp;<\/p>\n<p><strong>Scarica la scheda tecnica completa:<\/strong><\/p>\n<p><a href=\"https:\/\/brioultrasonics.com\/\/wp-content\/uploads\/2024\/06\/Maquinas-de-limpieza-Brio-Ultrasonics-Ficha-Tecnica-BR-8000-PRO-1.pdf\" target=\"_blank\" rel=\"noopener\"><img decoding=\"async\" class=\"alignnone wp-image-1322 size-full\" src=\"https:\/\/brioultrasonics.com\/\/wp-content\/uploads\/2024\/05\/imagen-de-descarga.png\" alt=\"\" width=\"115\" height=\"150\" title=\"\"><\/a><\/p>\n","protected":false},"excerpt":{"rendered":"<p>Attrezzatura automatica per la pulizia ad ultrasuoni BR-8000 pro con capacit\u00e0 di 8000 litri. Esclusiva tecnologia BRIO tre volte pi\u00f9 efficiente dei sistemi convenzionali. <\/p>\n<p>&nbsp;<\/p>\n<h3>Macchina per la pulizia ad ultrasuoni BR-8000 pro.<\/h3>\n","protected":false},"featured_media":58136,"comment_status":"open","ping_status":"closed","template":"","meta":{"_joinchat":[]},"product_brand":[],"product_cat":[116],"product_tag":[],"class_list":{"0":"post-60306","1":"product","2":"type-product","3":"status-publish","4":"has-post-thumbnail","6":"product_cat-serie-pro-it","8":"first","9":"instock","10":"shipping-taxable","11":"product-type-simple"},"_links":{"self":[{"href":"https:\/\/brioultrasonics.com\/it\/wp-json\/wp\/v2\/product\/60306","targetHints":{"allow":["GET"]}}],"collection":[{"href":"https:\/\/brioultrasonics.com\/it\/wp-json\/wp\/v2\/product"}],"about":[{"href":"https:\/\/brioultrasonics.com\/it\/wp-json\/wp\/v2\/types\/product"}],"replies":[{"embeddable":true,"href":"https:\/\/brioultrasonics.com\/it\/wp-json\/wp\/v2\/comments?post=60306"}],"version-history":[{"count":1,"href":"https:\/\/brioultrasonics.com\/it\/wp-json\/wp\/v2\/product\/60306\/revisions"}],"predecessor-version":[{"id":64317,"href":"https:\/\/brioultrasonics.com\/it\/wp-json\/wp\/v2\/product\/60306\/revisions\/64317"}],"wp:featuredmedia":[{"embeddable":true,"href":"https:\/\/brioultrasonics.com\/it\/wp-json\/wp\/v2\/media\/58136"}],"wp:attachment":[{"href":"https:\/\/brioultrasonics.com\/it\/wp-json\/wp\/v2\/media?parent=60306"}],"wp:term":[{"taxonomy":"product_brand","embeddable":true,"href":"https:\/\/brioultrasonics.com\/it\/wp-json\/wp\/v2\/product_brand?post=60306"},{"taxonomy":"product_cat","embeddable":true,"href":"https:\/\/brioultrasonics.com\/it\/wp-json\/wp\/v2\/product_cat?post=60306"},{"taxonomy":"product_tag","embeddable":true,"href":"https:\/\/brioultrasonics.com\/it\/wp-json\/wp\/v2\/product_tag?post=60306"}],"curies":[{"name":"wp","href":"https:\/\/api.w.org\/{rel}","templated":true}]}}