{"id":59945,"date":"2024-05-22T13:46:32","date_gmt":"2024-05-22T11:46:32","guid":{"rendered":"https:\/\/quizzical-gagarin.31-170-100-185.plesk.page\/producto\/br-3-lab-plus\/"},"modified":"2024-11-11T11:41:26","modified_gmt":"2024-11-11T10:41:26","slug":"br-3-lab-plus","status":"publish","type":"product","link":"https:\/\/brioultrasonics.com\/it\/prodotto\/br-3-lab-plus\/","title":{"rendered":"BR-3 Lab Plus"},"content":{"rendered":"<p>BR-3 Lab Plus &#8211; Macchina per la pulizia ad ultrasuoni &#8211; Bi-frequenza.<\/p>\n<p>Misure esterne della macchina<br \/>\nMisure interne del serbatoio<br \/>\nMisure utili del cestino da lavoro<br \/>\nCapacit\u00e0 del serbatoio<br \/>\nPotenza del generatore di ultrasuoni<br \/>\nFrequenze di lavoro degli ultrasuoni<br \/>\nPotenza di riscaldamento<\/p>\n<table>\n<tbody>\n<tr>\n<td>270 x 170 x 240 mm<\/td>\n<\/tr>\n<tr>\n<td>240 x 140 x 100 mm<\/td>\n<\/tr>\n<tr>\n<td>210 x 120 x 70 mm<\/td>\n<\/tr>\n<tr>\n<td>3,2 L<\/td>\n<\/tr>\n<tr>\n<td>120 W (240 W p-p)<\/td>\n<\/tr>\n<tr>\n<td>40\/33 kHz<\/td>\n<\/tr>\n<tr>\n<td>100 W<\/td>\n<\/tr>\n<tr>\n<td colspan=\"2\"><strong>Pannello di controllo analogico con termostato digitale per il controllo della temperatura<\/strong><\/td>\n<\/tr>\n<tr>\n<td colspan=\"2\"><strong>Copertura in AISI 304 \u201cfine giornata\u201d.<\/strong><\/td>\n<\/tr>\n<tr>\n<td colspan=\"2\"><strong>Valvola di scarico in acciaio inossidabile.<\/strong><\/td>\n<\/tr>\n<tr>\n<td colspan=\"2\"><strong>Cestino da lavoro incluso. Costruito in acciaio inox AISI 304. <\/strong><\/td>\n<\/tr>\n<tr>\n<td colspan=\"2\"><strong>Costruzione in acciaio INOX AISI 304\/316<\/strong><\/td>\n<\/tr>\n<\/tbody>\n<\/table>\n<p>&nbsp;<\/p>\n<p><strong>Scarica la scheda tecnica completa:<\/strong><\/p>\n<p><a href=\"https:\/\/brioultrasonics.com\/\/wp-content\/uploads\/2024\/10\/Scheda-tecnica-BR-3-Lab-Plus.pdf\" target=\"_blank\" rel=\"noopener\"><img decoding=\"async\" class=\"alignnone wp-image-1322 size-full\" src=\"https:\/\/brioultrasonics.com\/\/wp-content\/uploads\/2024\/05\/imagen-de-descarga.png\" alt=\"\" width=\"115\" height=\"150\" title=\"\"><\/a><\/p>\n","protected":false},"excerpt":{"rendered":"<p>Attrezzatura manuale per la pulizia ad ultrasuoni da tavolo. Capacit\u00e0 3 litri. Esclusiva tecnologia <a href=\"https:\/\/www.europages.es\/es\/company\/brio-ultrasonics-20049838\">BRIO<\/a> con bifrequenza e funzioni che potenziano il ciclo di pulizia. Macchina progettata per il settore della ricerca, della medicina, della veterinaria, della gioielleria, ecc.<\/p>\n<p>&nbsp;<\/p>\n<h4><strong>FUNZIONI &#8211; MACCHINA PULIZIA &#8211; BI-FREQUENZA<\/strong><\/h4>\n<table>\n<tbody>\n<tr>\n<td><strong>Lavora a 40 e 33 kHz.<\/strong><\/td>\n<td>1. 40 Khz: La frequenza pi\u00f9 adatta per sporchi leggeri, con applicazioni nel settore di laboratorio, medico, ottico, orologeria, ecc. 2. 33 kHz: Questa frequenza fornisce una maggiore intensit\u00e0 di pulizia ed \u00e8 pi\u00f9 adatta per rimuovere lo sporco fortemente aderito alle parti.<\/td>\n<\/tr>\n<tr>\n<td><strong>Bifrequenza Stop &amp; Go.<\/strong><\/td>\n<td>Funzionamento intermittente a 40\/33 kHz con pause intermedie. Questa funzione sottopone le parti ad impulsi variabili di vibrazione ultrasonica, consentendo una migliore rimozione dello sporco presente nelle cavit\u00e0 e in altri punti difficili da raggiungere.<\/td>\n<\/tr>\n<tr>\n<td><strong>Funzione di scansione della frequenza.<\/strong><\/td>\n<td>Variazione progressiva da una frequenza all&#8217;altra. Questa variazione permette un cambiamento progressivo dell&#8217;intensit\u00e0 della pulizia che favorisce la rimozione dello sporco.<\/td>\n<\/tr>\n<tr>\n<td><strong>Temporizzatore di lavoro ad ultrasuoni.<\/strong><\/td>\n<td>Permette di impostare un tempo di lavoro compreso tra 1 e 99 minuti.<\/td>\n<\/tr>\n<tr>\n<td><strong>Termostato digitale integrato.<\/strong><\/td>\n<td>Permette di impostare la temperatura di lavoro dell&#8217;apparecchiatura fino a 80 \u00baC. L&#8217;intervallo di lavoro consigliato per gli ultrasuoni \u00e8 compreso tra 65 e 85 \u00baC.<\/td>\n<\/tr>\n<\/tbody>\n<\/table>\n<p>&nbsp;<\/p>\n","protected":false},"featured_media":58400,"comment_status":"open","ping_status":"closed","template":"","meta":{"_joinchat":[]},"product_brand":[],"product_cat":[94],"product_tag":[],"class_list":{"0":"post-59945","1":"product","2":"type-product","3":"status-publish","4":"has-post-thumbnail","6":"product_cat-serie-labplus-it","8":"first","9":"instock","10":"shipping-taxable","11":"product-type-simple"},"_links":{"self":[{"href":"https:\/\/brioultrasonics.com\/it\/wp-json\/wp\/v2\/product\/59945","targetHints":{"allow":["GET"]}}],"collection":[{"href":"https:\/\/brioultrasonics.com\/it\/wp-json\/wp\/v2\/product"}],"about":[{"href":"https:\/\/brioultrasonics.com\/it\/wp-json\/wp\/v2\/types\/product"}],"replies":[{"embeddable":true,"href":"https:\/\/brioultrasonics.com\/it\/wp-json\/wp\/v2\/comments?post=59945"}],"version-history":[{"count":1,"href":"https:\/\/brioultrasonics.com\/it\/wp-json\/wp\/v2\/product\/59945\/revisions"}],"predecessor-version":[{"id":63537,"href":"https:\/\/brioultrasonics.com\/it\/wp-json\/wp\/v2\/product\/59945\/revisions\/63537"}],"wp:featuredmedia":[{"embeddable":true,"href":"https:\/\/brioultrasonics.com\/it\/wp-json\/wp\/v2\/media\/58400"}],"wp:attachment":[{"href":"https:\/\/brioultrasonics.com\/it\/wp-json\/wp\/v2\/media?parent=59945"}],"wp:term":[{"taxonomy":"product_brand","embeddable":true,"href":"https:\/\/brioultrasonics.com\/it\/wp-json\/wp\/v2\/product_brand?post=59945"},{"taxonomy":"product_cat","embeddable":true,"href":"https:\/\/brioultrasonics.com\/it\/wp-json\/wp\/v2\/product_cat?post=59945"},{"taxonomy":"product_tag","embeddable":true,"href":"https:\/\/brioultrasonics.com\/it\/wp-json\/wp\/v2\/product_tag?post=59945"}],"curies":[{"name":"wp","href":"https:\/\/api.w.org\/{rel}","templated":true}]}}