{"id":59876,"date":"2024-05-22T13:49:51","date_gmt":"2024-05-22T11:49:51","guid":{"rendered":"https:\/\/quizzical-gagarin.31-170-100-185.plesk.page\/producto\/br-6-lab-plus\/"},"modified":"2024-11-14T08:35:46","modified_gmt":"2024-11-14T07:35:46","slug":"br-6-lab-plus","status":"publish","type":"product","link":"https:\/\/brioultrasonics.com\/it\/prodotto\/br-6-lab-plus\/","title":{"rendered":"BR-6 Lab Plus"},"content":{"rendered":"<p>BR-6 Lab Plus &#8211; Macchina per la pulizia da laboratorio.<\/p>\n<table>\n<tbody>\n<tr>\n<strong><\/p>\n<td>Misure esterne della macchina<\/td>\n<p><\/strong><\/p>\n<td> 330 x 180 x 310 mm<\/td>\n<\/tr>\n<tr>\n<strong><\/p>\n<td>Misure interne del serbatoio<\/td>\n<p><\/strong><\/p>\n<td> 300 x 155 x 150 mm<\/td>\n<\/tr>\n<tr>\n<strong><\/p>\n<td>Misure utili del cestino da lavoro<\/td>\n<p><\/strong><\/p>\n<td> 270 x 125 x 100 mm<\/td>\n<\/tr>\n<tr>\n<strong><\/p>\n<td>Capacit\u00e0 del serbatoio<\/td>\n<p><\/strong><\/p>\n<td> 6,5 L<\/td>\n<\/tr>\n<tr>\n<strong><\/p>\n<td>Potenza del generatore di ultrasuoni<\/td>\n<p><\/strong><\/p>\n<td> 180 W (360 W p-p)<\/td>\n<\/tr>\n<tr>\n<strong><\/p>\n<td>Frequenze di lavoro degli ultrasuoni<\/td>\n<p><\/strong><\/p>\n<td> 40\/33 kHz<\/td>\n<\/tr>\n<tr>\n<strong><\/p>\n<td>Potenza di riscaldamento<\/td>\n<p><\/strong><\/p>\n<td> 300 W<\/td>\n<\/tr>\n<tr>\n<td colspan=\"2\"><strong>Pannello di controllo analogico con termostato digitale per il controllo della temperatura<\/strong><\/td>\n<\/tr>\n<tr>\n<td colspan=\"2\"><strong>Copertura in AISI 304 \u201cfine giornata\u201d.<\/strong><\/td>\n<\/tr>\n<tr>\n<td colspan=\"2\"><strong>Valvola di scarico in acciaio inossidabile.<\/strong><\/td>\n<\/tr>\n<tr>\n<td colspan=\"2\"><strong>Cestino da lavoro incluso. Costruito in acciaio inox AISI 304. <\/strong><\/td>\n<\/tr>\n<tr>\n<td colspan=\"2\"><strong>Costruzione in acciaio INOX AISI 304\/316<\/strong><\/td>\n<\/tr>\n<\/tbody>\n<\/table>\n<p>&nbsp;<\/p>\n<p><strong>Scarica la scheda tecnica completa:<\/strong><\/p>\n<p><a href=\"https:\/\/brioultrasonics.com\/\/wp-content\/uploads\/2024\/06\/FICHA-TECNICA-BR-6-LAB-PLUS.pdf\" target=\"_blank\" rel=\"noopener\"><img decoding=\"async\" class=\"alignnone wp-image-1322 size-full\" src=\"https:\/\/brioultrasonics.com\/\/wp-content\/uploads\/2024\/05\/imagen-de-descarga.png\" alt=\"\" width=\"115\" height=\"150\" title=\"\"><\/a><\/p>\n","protected":false},"excerpt":{"rendered":"<p>Attrezzatura manuale per la pulizia ad ultrasuoni da tavolo. Capacit\u00e0 6 litri. Esclusiva tecnologia BRIO con bifrequenza e funzioni che potenziano il ciclo di pulizia. Macchina progettata per il settore della ricerca, della medicina, della veterinaria, della gioielleria, ecc. Macchina per la pulizia del laboratorio.    <\/p>\n<h4>FUNZIONI &#8211; Macchina per la pulizia del laboratorio<\/h4>\n<table>\n<tbody>\n<tr>\n<td><strong>Lavora a 40 e 33 kHz.<\/strong><\/td>\n<td> 1. 40 Khz: La frequenza pi\u00f9 adatta per sporchi leggeri, con applicazioni nel settore di laboratorio, medico, ottico, orologeria, ecc. 2. 33 kHz: Questa frequenza fornisce una maggiore intensit\u00e0 di pulizia ed \u00e8 pi\u00f9 adatta per rimuovere lo sporco fortemente aderito alle parti. <\/p>\n<\/td>\n<\/tr>\n<tr>\n<td><strong>Bifrequenza Stop &amp; Go.<\/strong><\/td>\n<td>Funzionamento intermittente a 40\/33 kHz con pause intermedie. Questa funzione sottopone le parti ad impulsi variabili di vibrazione ultrasonica, consentendo una migliore rimozione dello sporco presente nelle cavit\u00e0 e in altri punti difficili da raggiungere. <\/td>\n<\/tr>\n<tr>\n<td><strong>Funzione di scansione della frequenza.<\/strong><\/td>\n<td>Variazione progressiva da una frequenza all&#8217;altra. Questa variazione permette un cambiamento progressivo dell&#8217;intensit\u00e0 della pulizia che favorisce la rimozione dello sporco. <\/td>\n<\/tr>\n<tr>\n<td><strong>Temporizzatore di lavoro ad ultrasuoni.<\/strong><\/td>\n<td>Permette di impostare un tempo di lavoro compreso tra 1 e 99 minuti.<\/td>\n<\/tr>\n<tr>\n<td><strong>Termostato digitale integrato.<\/strong><\/td>\n<td>Permette di impostare la temperatura di lavoro dell&#8217;apparecchiatura fino a 80 \u00ba<a href=\"https:\/\/es.wikipedia.org\/wiki\/Grado_Celsius\">C<\/a>. L&#8217;intervallo di lavoro consigliato per gli ultrasuoni \u00e8 compreso tra 65 e 85 \u00baC. <\/td>\n<\/tr>\n<\/tbody>\n<\/table>\n<p>&nbsp;<\/p>\n<p>Il pannello di controllo \u00e8 semplice ed intuitivo. Da esso \u00e8 possibile selezionare la frequenza di lavoro, le funzioni bifrequenza per potenziare l&#8217;effetto del bagno, il controllo della temperatura e l&#8217;avvio\/arresto degli ultrasuoni. Pulizia del laboratorio. Attrezzatura progettata per una facile manovrabilit\u00e0 e trasporto. Si adattano a qualsiasi spazio di lavoro come laboratori o officine. Pulizia da laboratorio con maniglie integrate: Le maniglie laterali integrate consentono di spostarli senza pericolo di ribaltamento. Hanno piedini in gomma antiscivolo.      <\/p>\n","protected":false},"featured_media":58404,"comment_status":"open","ping_status":"closed","template":"","meta":{"_joinchat":[]},"product_brand":[],"product_cat":[94],"product_tag":[],"class_list":{"0":"post-59876","1":"product","2":"type-product","3":"status-publish","4":"has-post-thumbnail","6":"product_cat-serie-labplus-it","8":"first","9":"instock","10":"shipping-taxable","11":"product-type-simple"},"_links":{"self":[{"href":"https:\/\/brioultrasonics.com\/it\/wp-json\/wp\/v2\/product\/59876","targetHints":{"allow":["GET"]}}],"collection":[{"href":"https:\/\/brioultrasonics.com\/it\/wp-json\/wp\/v2\/product"}],"about":[{"href":"https:\/\/brioultrasonics.com\/it\/wp-json\/wp\/v2\/types\/product"}],"replies":[{"embeddable":true,"href":"https:\/\/brioultrasonics.com\/it\/wp-json\/wp\/v2\/comments?post=59876"}],"version-history":[{"count":2,"href":"https:\/\/brioultrasonics.com\/it\/wp-json\/wp\/v2\/product\/59876\/revisions"}],"predecessor-version":[{"id":64244,"href":"https:\/\/brioultrasonics.com\/it\/wp-json\/wp\/v2\/product\/59876\/revisions\/64244"}],"wp:featuredmedia":[{"embeddable":true,"href":"https:\/\/brioultrasonics.com\/it\/wp-json\/wp\/v2\/media\/58404"}],"wp:attachment":[{"href":"https:\/\/brioultrasonics.com\/it\/wp-json\/wp\/v2\/media?parent=59876"}],"wp:term":[{"taxonomy":"product_brand","embeddable":true,"href":"https:\/\/brioultrasonics.com\/it\/wp-json\/wp\/v2\/product_brand?post=59876"},{"taxonomy":"product_cat","embeddable":true,"href":"https:\/\/brioultrasonics.com\/it\/wp-json\/wp\/v2\/product_cat?post=59876"},{"taxonomy":"product_tag","embeddable":true,"href":"https:\/\/brioultrasonics.com\/it\/wp-json\/wp\/v2\/product_tag?post=59876"}],"curies":[{"name":"wp","href":"https:\/\/api.w.org\/{rel}","templated":true}]}}